
{"id":9993,"date":"2018-06-13T16:16:46","date_gmt":"2018-06-13T08:16:46","guid":{"rendered":"http:\/\/rebehair.com\/?post_type=product&#038;p=9993"},"modified":"2020-12-21T00:38:23","modified_gmt":"2020-12-20T16:38:23","slug":"raw-brazilian-virgin-silky-straight-hair-8a","status":"publish","type":"product","link":"https:\/\/www.rebehair.com\/fr\/produit\/raw-brazilian-virgin-silky-straight-hair-8a\/","title":{"rendered":"Cheveux raides soyeux vierges br\u00e9siliens crus 8A"},"content":{"rendered":"<p><span style=\"font-size: 140%; color: #282828; background-color: #999999;\"><strong><img decoding=\"async\" loading=\"lazy\" class=\"size-full wp-image-9737 alignleft\" src=\"http:\/\/rebehair.com\/wp-content\/uploads\/2018\/06\/\u8054\u7cfb\u65b9\u5f0f-wholesale-black-.jpg\" alt=\"\" width=\"750\" height=\"451\" srcset=\"https:\/\/www.rebehair.com\/wp-content\/uploads\/2018\/06\/\u8054\u7cfb\u65b9\u5f0f-wholesale-black-.jpg 750w, https:\/\/www.rebehair.com\/wp-content\/uploads\/2018\/06\/\u8054\u7cfb\u65b9\u5f0f-wholesale-black--665x400.jpg 665w, https:\/\/www.rebehair.com\/wp-content\/uploads\/2018\/06\/\u8054\u7cfb\u65b9\u5f0f-wholesale-black--125x75.jpg 125w, https:\/\/www.rebehair.com\/wp-content\/uploads\/2018\/06\/\u8054\u7cfb\u65b9\u5f0f-wholesale-black--75x45.jpg 75w, https:\/\/www.rebehair.com\/wp-content\/uploads\/2018\/06\/\u8054\u7cfb\u65b9\u5f0f-wholesale-black--600x361.jpg 600w\" sizes=\"(max-width: 750px) 100vw, 750px\" \/><\/strong><\/span><\/p>\n<p>&nbsp;<\/p>\n<p>&nbsp;<\/p>\n<p>&nbsp;<\/p>\n<p>&nbsp;<\/p>\n<p>&nbsp;<\/p>\n<p>&nbsp;<\/p>\n<p>&nbsp;<\/p>\n<p>&nbsp;<\/p>\n<p>&nbsp;<\/p>\n<p>&nbsp;<\/p>\n<p><span style=\"font-size: 140%; color: #282828; background-color: #999999;\"><strong>Description de la production\u00a0\u00a0\u00a0\u00a0\u00a0\u00a0\u00a0\u00a0\u00a0\u00a0\u00a0\u00a0\u00a0\u00a0\u00a0\u00a0\u00a0\u00a0\u00a0\u00a0\u00a0\u00a0\u00a0\u00a0\u00a0\u00a0\u00a0\u00a0\u00a0\u00a0\u00a0\u00a0\u00a0\u00a0\u00a0\u00a0\u00a0\u00a0\u00a0\u00a0\u00a0\u00a0\u00a0\u00a0\u00a0\u00a0\u00a0\u00a0\u00a0 <\/strong><\/span><\/p>\n<p><em><span style=\"font-size: 105%;\"><strong>Poids:<\/strong>\u00a095-100g\/paquet (environ 3,2-3,5oz)\u00a0<\/span><\/em><\/p>\n<p><em><span style=\"font-size: 105%;\"><strong>Longueur:<\/strong> 10&#8243;-30&#8243;<\/span><\/em><\/p>\n<p><em><span style=\"font-size: 105%;\"><strong>Couleur:<\/strong> Noir naturel<\/span><\/em><\/p>\n<p><em><span style=\"font-size: 105%;\"><strong>Trame:<\/strong> Machine Double Trame<\/span><\/em><\/p>\n<p><em><span style=\"font-size: 105%;\"><strong>Dur\u00e9e de vie:<\/strong> Plus d&#039;1 an<\/span><\/em><\/p>\n<p><em><span style=\"font-size: 105%;\"><strong>Couleurs de teinture appropri\u00e9es\u00a0:<\/strong> Toutes les couleurs<\/span><\/em><\/p>\n<p><em><span style=\"font-size: 105%;\"><strong>Traitement chimique\u00a0:<\/strong> Non<\/span><\/em><\/p>\n<p><em><span style=\"font-size: 105%;\"><strong>Avantage:<\/strong>Doux, sans enchev\u00eatrement et sans perte. Nos cheveux sont des cheveux vierges 100% sans traitement ni teinture.\u00a0<\/span><\/em><\/p>\n<p><em><span style=\"font-size: 105%;\">\u00a0\u00a0\u00a0\u00a0\u00a0\u00a0\u00a0\u00a0\u00a0\u00a0\u00a0\u00a0\u00a0\u00a0\u00a0\u00a0\u00a0 C&#039;est de couleur naturelle (noir naturel avec un peu de marron).<\/span><\/em><\/p>\n<p><em><span style=\"font-size: 105%;\">\u00a0\u00a0\u00a0\u00a0\u00a0\u00a0\u00a0\u00a0\u00a0\u00a0\u00a0\u00a0\u00a0\u00a0\u00a0\u00a0\u00a0 Vous pouvez \u00e9galement teindre, blanchir et repasser. Apr\u00e8s lavage, il retrouve la m\u00eame texture.\u00a0<\/span><\/em><\/p>\n<p><em><span style=\"font-size: 105%;\"><strong>D\u00e9tails de l&#039;&#039; emballage<\/strong>:Sac en PVC transparent, \u00e9tiquette gratuite disponible.<\/span><\/em><\/p>\n<p><img decoding=\"async\" loading=\"lazy\" class=\"size-full wp-image-9517 alignleft\" src=\"http:\/\/rebehair.com\/wp-content\/uploads\/2018\/06\/1.jpg\" alt=\"\" width=\"960\" height=\"620\" srcset=\"https:\/\/www.rebehair.com\/wp-content\/uploads\/2018\/06\/1.jpg 960w, https:\/\/www.rebehair.com\/wp-content\/uploads\/2018\/06\/1-619x400.jpg 619w, https:\/\/www.rebehair.com\/wp-content\/uploads\/2018\/06\/1-768x496.jpg 768w, https:\/\/www.rebehair.com\/wp-content\/uploads\/2018\/06\/1-125x81.jpg 125w, https:\/\/www.rebehair.com\/wp-content\/uploads\/2018\/06\/1-75x48.jpg 75w, https:\/\/www.rebehair.com\/wp-content\/uploads\/2018\/06\/1-600x388.jpg 600w\" sizes=\"(max-width: 960px) 100vw, 960px\" \/><\/p>\n<p>&nbsp;<\/p>\n<p>&nbsp;<\/p>\n<p>&nbsp;<\/p>\n<p>&nbsp;<\/p>\n<p>&nbsp;<\/p>\n<p>&nbsp;<\/p>\n<p>&nbsp;<\/p>\n<p>&nbsp;<\/p>\n<p>&nbsp;<\/p>\n<p>&nbsp;<\/p>\n<p>&nbsp;<\/p>\n<p>&nbsp;<\/p>\n<p>&nbsp;<\/p>\n<p>&nbsp;<\/p>\n<p><span style=\"font-size: 160%;\"><strong>Q2 : Comment les cheveux sont-ils mesur\u00e9s ?<\/strong><\/span><\/p>\n<p><span style=\"font-size: 105%;\"><em><strong>\u00a0A2\u00a0:<\/strong> Les textures droites sont mesur\u00e9es fid\u00e8lement \u00e0 la longueur<\/em><\/span><\/p>\n<p><span style=\"font-size: 105%;\"><em>\u00a0\u00a0\u00a0\u00a0\u00a0\u00a0 Les cheveux boucl\u00e9s, ondul\u00e9s, l\u00e2ches et profonds sont mesur\u00e9s lorsque les cheveux sont tir\u00e9s droits.<\/em><\/span><\/p>\n<p><img decoding=\"async\" loading=\"lazy\" class=\"size-full wp-image-9854 alignleft\" src=\"http:\/\/rebehair.com\/wp-content\/uploads\/2018\/06\/How-measure.jpg\" alt=\"\" width=\"990\" height=\"228\" srcset=\"https:\/\/www.rebehair.com\/wp-content\/uploads\/2018\/06\/How-measure.jpg 990w, https:\/\/www.rebehair.com\/wp-content\/uploads\/2018\/06\/How-measure-800x184.jpg 800w, https:\/\/www.rebehair.com\/wp-content\/uploads\/2018\/06\/How-measure-768x177.jpg 768w, https:\/\/www.rebehair.com\/wp-content\/uploads\/2018\/06\/How-measure-125x29.jpg 125w, https:\/\/www.rebehair.com\/wp-content\/uploads\/2018\/06\/How-measure-75x17.jpg 75w, https:\/\/www.rebehair.com\/wp-content\/uploads\/2018\/06\/How-measure-600x138.jpg 600w\" sizes=\"(max-width: 990px) 100vw, 990px\" \/><\/p>\n<p><strong><span style=\"font-size: 150%;\">Q3\u00a0:\u00a0Politique d&#039;exp\u00e9dition<\/span><\/strong><\/p>\n<p><span style=\"font-size: 105%;\"><strong>A3\u00a0:<\/strong> La commande sera post\u00e9e par DHL dans les 24 heures.<\/span><\/p>\n<p><span style=\"font-size: 105%;\">\u00a0\u00a0\u00a0\u00a0\u00a0\u00a0 Normalement, les articles arriveront apr\u00e8s 3 \u00e0 5 jours ouvrables<\/span><span style=\"font-size: 105%;\"> apr\u00e8s post\u00e9.<\/span><\/p>\n<p><img decoding=\"async\" loading=\"lazy\" class=\"size-full wp-image-9509 alignleft\" src=\"http:\/\/rebehair.com\/wp-content\/uploads\/2018\/06\/Shipping-time.jpg\" alt=\"\" width=\"941\" height=\"740\" srcset=\"https:\/\/www.rebehair.com\/wp-content\/uploads\/2018\/06\/Shipping-time.jpg 941w, https:\/\/www.rebehair.com\/wp-content\/uploads\/2018\/06\/Shipping-time-509x400.jpg 509w, https:\/\/www.rebehair.com\/wp-content\/uploads\/2018\/06\/Shipping-time-768x604.jpg 768w, https:\/\/www.rebehair.com\/wp-content\/uploads\/2018\/06\/Shipping-time-125x98.jpg 125w, https:\/\/www.rebehair.com\/wp-content\/uploads\/2018\/06\/Shipping-time-75x59.jpg 75w, https:\/\/www.rebehair.com\/wp-content\/uploads\/2018\/06\/Shipping-time-600x472.jpg 600w\" sizes=\"(max-width: 941px) 100vw, 941px\" \/><\/p>\n<p>&nbsp;<\/p>\n<p>&nbsp;<\/p>\n<p>&nbsp;<\/p>\n<p>&nbsp;<\/p>\n<p>&nbsp;<\/p>\n<p>&nbsp;<\/p>\n<p>&nbsp;<\/p>\n<p>&nbsp;<\/p>\n<p>&nbsp;<\/p>\n<p><span style=\"font-size: 150%; background-color: #999999;\"><strong>Notre usine\u00a0\u00a0\u00a0\u00a0\u00a0\u00a0\u00a0\u00a0\u00a0\u00a0\u00a0\u00a0\u00a0\u00a0\u00a0\u00a0\u00a0\u00a0\u00a0\u00a0\u00a0\u00a0\u00a0\u00a0\u00a0\u00a0\u00a0\u00a0\u00a0\u00a0\u00a0\u00a0\u00a0\u00a0\u00a0\u00a0\u00a0\u00a0\u00a0\u00a0\u00a0\u00a0\u00a0\u00a0\u00a0 <\/strong><\/span><\/p>\n<p><img decoding=\"async\" loading=\"lazy\" class=\"size-full wp-image-9317\" src=\"http:\/\/rebehair.com\/wp-content\/uploads\/2018\/06\/rebe_hair_factory-4.jpg\" alt=\"Rebe Hair Factory Workshop 3\" width=\"1000\" height=\"666\" srcset=\"https:\/\/www.rebehair.com\/wp-content\/uploads\/2018\/06\/rebe_hair_factory-4.jpg 1000w, https:\/\/www.rebehair.com\/wp-content\/uploads\/2018\/06\/rebe_hair_factory-4-601x400.jpg 601w, https:\/\/www.rebehair.com\/wp-content\/uploads\/2018\/06\/rebe_hair_factory-4-768x511.jpg 768w, https:\/\/www.rebehair.com\/wp-content\/uploads\/2018\/06\/rebe_hair_factory-4-125x83.jpg 125w, https:\/\/www.rebehair.com\/wp-content\/uploads\/2018\/06\/rebe_hair_factory-4-75x50.jpg 75w, https:\/\/www.rebehair.com\/wp-content\/uploads\/2018\/06\/rebe_hair_factory-4-600x400.jpg 600w\" sizes=\"(max-width: 1000px) 100vw, 1000px\" \/><\/p>\n<p><img decoding=\"async\" loading=\"lazy\" class=\"size-full wp-image-9314\" src=\"http:\/\/rebehair.com\/wp-content\/uploads\/2018\/06\/rebe_hair_factory-1.jpg\" alt=\"Rebe Hair Factory Workshop 1\" width=\"1000\" height=\"666\" srcset=\"https:\/\/www.rebehair.com\/wp-content\/uploads\/2018\/06\/rebe_hair_factory-1.jpg 1000w, https:\/\/www.rebehair.com\/wp-content\/uploads\/2018\/06\/rebe_hair_factory-1-601x400.jpg 601w, https:\/\/www.rebehair.com\/wp-content\/uploads\/2018\/06\/rebe_hair_factory-1-768x511.jpg 768w, https:\/\/www.rebehair.com\/wp-content\/uploads\/2018\/06\/rebe_hair_factory-1-125x83.jpg 125w, https:\/\/www.rebehair.com\/wp-content\/uploads\/2018\/06\/rebe_hair_factory-1-75x50.jpg 75w, https:\/\/www.rebehair.com\/wp-content\/uploads\/2018\/06\/rebe_hair_factory-1-600x400.jpg 600w\" sizes=\"(max-width: 1000px) 100vw, 1000px\" \/><\/p>","protected":false},"excerpt":{"rendered":"<ul>\n<li><strong>Longueurs :<\/strong> \u00a010\u2033 \u2013 30\u2033<\/li>\n<li><strong>Trames\u00a0:<\/strong> \u00a0Machine \u00e0 double point<\/li>\n<li><strong>Grade:<\/strong> 8A<\/li>\n<li><strong>Style: <\/strong>Droit soyeux<\/li>\n<li><strong>Couleur:<\/strong>\u00a0 Noir naturel<\/li>\n<li><strong>Poids:<\/strong> \u00a0Par paquet \u2013 100 grammes \/ 3,5 oz \u2013 300 grammes \/ 10,5 oz au total<\/li>\n<\/ul>","protected":false},"featured_media":10006,"comment_status":"open","ping_status":"closed","template":"","meta":[],"product_cat":[128,180],"product_tag":[240,241,237,280,238,239,231],"yoast_head":"<!-- This site is optimized with the Yoast SEO plugin v20.11 - https:\/\/yoast.com\/wordpress\/plugins\/seo\/ -->\n<title>Wholesale Raw Brazilian Virgin Silky Straight Hair 8A - RebeHair Extension Factory<\/title>\n<meta name=\"description\" content=\"Raw Brazilian Virgin Silky Straight Hair 8A - RebeHair Extension Factory\" \/>\n<meta name=\"robots\" content=\"index, follow, max-snippet:-1, max-image-preview:large, max-video-preview:-1\" \/>\n<link rel=\"canonical\" href=\"https:\/\/www.rebehair.com\/fr\/produit\/raw-brazilian-virgin-silky-straight-hair-8a\/\" \/>\n<meta property=\"og:locale\" content=\"fr_FR\" \/>\n<meta property=\"og:type\" content=\"article\" \/>\n<meta property=\"og:title\" content=\"Wholesale Raw Brazilian Virgin Silky Straight Hair 8A - RebeHair Extension Factory\" \/>\n<meta property=\"og:description\" content=\"Raw Brazilian Virgin Silky Straight Hair 8A - RebeHair Extension Factory\" \/>\n<meta property=\"og:url\" content=\"https:\/\/www.rebehair.com\/fr\/produit\/raw-brazilian-virgin-silky-straight-hair-8a\/\" \/>\n<meta property=\"og:site_name\" content=\"RebeHair Extension Factory\" \/>\n<meta property=\"article:modified_time\" content=\"2020-12-20T16:38:23+00:00\" \/>\n<meta property=\"og:image\" content=\"https:\/\/www.rebehair.com\/wp-content\/uploads\/2018\/06\/ds-ss-4-1.jpg\" \/>\n\t<meta property=\"og:image:width\" content=\"1001\" \/>\n\t<meta property=\"og:image:height\" content=\"1001\" \/>\n\t<meta property=\"og:image:type\" content=\"image\/jpeg\" \/>\n<meta name=\"twitter:card\" content=\"summary_large_image\" \/>\n<meta name=\"twitter:label1\" content=\"Dur\u00e9e de lecture estim\u00e9e\" \/>\n\t<meta name=\"twitter:data1\" content=\"1 minute\" \/>\n<script type=\"application\/ld+json\" class=\"yoast-schema-graph\">{\"@context\":\"https:\/\/schema.org\",\"@graph\":[{\"@type\":\"WebPage\",\"@id\":\"https:\/\/www.rebehair.com\/product\/raw-brazilian-virgin-silky-straight-hair-8a\/\",\"url\":\"https:\/\/www.rebehair.com\/product\/raw-brazilian-virgin-silky-straight-hair-8a\/\",\"name\":\"Wholesale Raw Brazilian Virgin Silky Straight Hair 8A - RebeHair Extension Factory\",\"isPartOf\":{\"@id\":\"https:\/\/www.rebehair.com\/#website\"},\"datePublished\":\"2018-06-13T08:16:46+00:00\",\"dateModified\":\"2020-12-20T16:38:23+00:00\",\"description\":\"Raw Brazilian Virgin Silky Straight Hair 8A - RebeHair Extension Factory\",\"breadcrumb\":{\"@id\":\"https:\/\/www.rebehair.com\/product\/raw-brazilian-virgin-silky-straight-hair-8a\/#breadcrumb\"},\"inLanguage\":\"fr-FR\",\"potentialAction\":[{\"@type\":\"ReadAction\",\"target\":[\"https:\/\/www.rebehair.com\/product\/raw-brazilian-virgin-silky-straight-hair-8a\/\"]}]},{\"@type\":\"BreadcrumbList\",\"@id\":\"https:\/\/www.rebehair.com\/product\/raw-brazilian-virgin-silky-straight-hair-8a\/#breadcrumb\",\"itemListElement\":[{\"@type\":\"ListItem\",\"position\":1,\"name\":\"Home\",\"item\":\"https:\/\/www.rebehair.com\/\"},{\"@type\":\"ListItem\",\"position\":2,\"name\":\"Shop\",\"item\":\"https:\/\/www.rebehair.com\/shop\/\"},{\"@type\":\"ListItem\",\"position\":3,\"name\":\"Raw Brazilian Virgin Silky Straight Hair 8A\"}]},{\"@type\":\"WebSite\",\"@id\":\"https:\/\/www.rebehair.com\/#website\",\"url\":\"https:\/\/www.rebehair.com\/\",\"name\":\"RebeHair Extension Factory\",\"description\":\"\",\"potentialAction\":[{\"@type\":\"SearchAction\",\"target\":{\"@type\":\"EntryPoint\",\"urlTemplate\":\"https:\/\/www.rebehair.com\/?s={search_term_string}\"},\"query-input\":\"required name=search_term_string\"}],\"inLanguage\":\"fr-FR\"}]}<\/script>\n<!-- \/ Yoast SEO plugin. -->","yoast_head_json":{"title":"Wholesale Raw Brazilian Virgin Silky Straight Hair 8A - RebeHair Extension Factory","description":"Raw Brazilian Virgin Silky Straight Hair 8A - RebeHair Extension Factory","robots":{"index":"index","follow":"follow","max-snippet":"max-snippet:-1","max-image-preview":"max-image-preview:large","max-video-preview":"max-video-preview:-1"},"canonical":"https:\/\/www.rebehair.com\/fr\/produit\/raw-brazilian-virgin-silky-straight-hair-8a\/","og_locale":"fr_FR","og_type":"article","og_title":"Wholesale Raw Brazilian Virgin Silky Straight Hair 8A - RebeHair Extension Factory","og_description":"Raw Brazilian Virgin Silky Straight Hair 8A - RebeHair Extension Factory","og_url":"https:\/\/www.rebehair.com\/fr\/produit\/raw-brazilian-virgin-silky-straight-hair-8a\/","og_site_name":"RebeHair Extension Factory","article_modified_time":"2020-12-20T16:38:23+00:00","og_image":[{"width":1001,"height":1001,"url":"https:\/\/www.rebehair.com\/wp-content\/uploads\/2018\/06\/ds-ss-4-1.jpg","type":"image\/jpeg"}],"twitter_card":"summary_large_image","twitter_misc":{"Dur\u00e9e de lecture estim\u00e9e":"1 minute"},"schema":{"@context":"https:\/\/schema.org","@graph":[{"@type":"WebPage","@id":"https:\/\/www.rebehair.com\/product\/raw-brazilian-virgin-silky-straight-hair-8a\/","url":"https:\/\/www.rebehair.com\/product\/raw-brazilian-virgin-silky-straight-hair-8a\/","name":"Wholesale Raw Brazilian Virgin Silky Straight Hair 8A - RebeHair Extension Factory","isPartOf":{"@id":"https:\/\/www.rebehair.com\/#website"},"datePublished":"2018-06-13T08:16:46+00:00","dateModified":"2020-12-20T16:38:23+00:00","description":"Raw Brazilian Virgin Silky Straight Hair 8A - RebeHair Extension Factory","breadcrumb":{"@id":"https:\/\/www.rebehair.com\/product\/raw-brazilian-virgin-silky-straight-hair-8a\/#breadcrumb"},"inLanguage":"fr-FR","potentialAction":[{"@type":"ReadAction","target":["https:\/\/www.rebehair.com\/product\/raw-brazilian-virgin-silky-straight-hair-8a\/"]}]},{"@type":"BreadcrumbList","@id":"https:\/\/www.rebehair.com\/product\/raw-brazilian-virgin-silky-straight-hair-8a\/#breadcrumb","itemListElement":[{"@type":"ListItem","position":1,"name":"Home","item":"https:\/\/www.rebehair.com\/"},{"@type":"ListItem","position":2,"name":"Shop","item":"https:\/\/www.rebehair.com\/shop\/"},{"@type":"ListItem","position":3,"name":"Raw Brazilian Virgin Silky Straight Hair 8A"}]},{"@type":"WebSite","@id":"https:\/\/www.rebehair.com\/#website","url":"https:\/\/www.rebehair.com\/","name":"RebeHair Extension Factory","description":"","potentialAction":[{"@type":"SearchAction","target":{"@type":"EntryPoint","urlTemplate":"https:\/\/www.rebehair.com\/?s={search_term_string}"},"query-input":"required name=search_term_string"}],"inLanguage":"fr-FR"}]}},"_links":{"self":[{"href":"https:\/\/www.rebehair.com\/fr\/wp-json\/wp\/v2\/product\/9993"}],"collection":[{"href":"https:\/\/www.rebehair.com\/fr\/wp-json\/wp\/v2\/product"}],"about":[{"href":"https:\/\/www.rebehair.com\/fr\/wp-json\/wp\/v2\/types\/product"}],"replies":[{"embeddable":true,"href":"https:\/\/www.rebehair.com\/fr\/wp-json\/wp\/v2\/comments?post=9993"}],"wp:featuredmedia":[{"embeddable":true,"href":"https:\/\/www.rebehair.com\/fr\/wp-json\/wp\/v2\/media\/10006"}],"wp:attachment":[{"href":"https:\/\/www.rebehair.com\/fr\/wp-json\/wp\/v2\/media?parent=9993"}],"wp:term":[{"taxonomy":"product_cat","embeddable":true,"href":"https:\/\/www.rebehair.com\/fr\/wp-json\/wp\/v2\/product_cat?post=9993"},{"taxonomy":"product_tag","embeddable":true,"href":"https:\/\/www.rebehair.com\/fr\/wp-json\/wp\/v2\/product_tag?post=9993"}],"curies":[{"name":"wp","href":"https:\/\/api.w.org\/{rel}","templated":true}]}}