
{"id":9868,"date":"2018-06-13T15:09:28","date_gmt":"2018-06-13T07:09:28","guid":{"rendered":"http:\/\/rebehair.com\/?post_type=product&#038;p=9868"},"modified":"2018-06-13T15:13:04","modified_gmt":"2018-06-13T07:13:04","slug":"8a-brazilian-remy-hair-body-wave-bundles-2","status":"publish","type":"product","link":"https:\/\/www.rebehair.com\/fr\/produit\/8a-brazilian-remy-hair-body-wave-bundles-2\/","title":{"rendered":"Faisceaux de vague de corps de cheveux br\u00e9siliens Remy 8A"},"content":{"rendered":"<p><img decoding=\"async\" loading=\"lazy\" class=\"size-full wp-image-9456 alignleft\" src=\"http:\/\/rebehair.com\/wp-content\/uploads\/2018\/06\/TIM\u56fe\u724720180612152538.jpg\" alt=\"\" width=\"990\" height=\"400\" srcset=\"https:\/\/www.rebehair.com\/wp-content\/uploads\/2018\/06\/TIM\u56fe\u724720180612152538.jpg 990w, https:\/\/www.rebehair.com\/wp-content\/uploads\/2018\/06\/TIM\u56fe\u724720180612152538-800x323.jpg 800w, https:\/\/www.rebehair.com\/wp-content\/uploads\/2018\/06\/TIM\u56fe\u724720180612152538-768x310.jpg 768w, https:\/\/www.rebehair.com\/wp-content\/uploads\/2018\/06\/TIM\u56fe\u724720180612152538-125x51.jpg 125w, https:\/\/www.rebehair.com\/wp-content\/uploads\/2018\/06\/TIM\u56fe\u724720180612152538-75x30.jpg 75w, https:\/\/www.rebehair.com\/wp-content\/uploads\/2018\/06\/TIM\u56fe\u724720180612152538-600x242.jpg 600w\" sizes=\"(max-width: 990px) 100vw, 990px\" \/><\/p>\n<p>&nbsp;<\/p>\n<p>&nbsp;<\/p>\n<p>&nbsp;<\/p>\n<p>&nbsp;<\/p>\n<p>&nbsp;<\/p>\n<p>&nbsp;<\/p>\n<p>&nbsp;<\/p>\n<p>&nbsp;<\/p>\n<p>&nbsp;<\/p>\n<p>Nos cheveux br\u00e9siliens remy 100% sont enti\u00e8rement naturels et sans produits chimiques. Ils r\u00e9pondent \u00e0 nos normes rigoureuses de non-trait\u00e9s et de puret\u00e9. Il peut \u00eatre lav\u00e9, coup\u00e9, liss\u00e9, boucl\u00e9, teint comme vous le souhaitez pour cr\u00e9er un style naturel et confortable et change votre look en un instant. Les cheveux sont doux avec une brillance naturelle, sans perte ni enchev\u00eatrement.<\/p>\n<h3 style=\"color: #111111;\"><span style=\"color: #000000;\">Caract\u00e9ristiques des m\u00e8ches de cheveux\u00a0:<\/span><\/h3>\n<p><strong>Type de cheveux:<\/strong> 100% cheveux br\u00e9siliens remy<\/p>\n<p><strong>Longueur des cheveux:<\/strong> 10\u2033-30\u2033 sont disponibles<\/p>\n<p><strong>Couleur de cheveux:<\/strong> Noir naturel 1B#<\/p>\n<p><strong>Coiffure\u00a0:<\/strong>\u00a0Vague de corps<\/p>\n<p><strong>Qualit\u00e9 des cheveux : 8<\/strong>Une note<\/p>\n<p><strong>Poids des cheveux :<\/strong> 100 grammes\/3,5 oz par paquet<\/p>\n<p><strong>Temps de traitement:<\/strong> Exp\u00e9diera par DHL dans les 24 heures apr\u00e8s r\u00e9ception du paiement int\u00e9gral<\/p>\n<p><strong>D\u00e9lai de livraison:<\/strong> 2-3 jours vers les \u00c9tats-Unis\/Canada, 3-4 jours vers les pays europ\u00e9ens, 5-6 jours vers l&#039;Afrique<\/p>\n<p>&nbsp;<\/p>\n<p><span style=\"font-size: 115%; color: #ff00ff;\"><strong>FAQ<\/strong><\/span><\/p>\n<p><strong>Q\u00a0: De quelle qualit\u00e9 est le tissage br\u00e9silien droit\u00a0?<\/strong><\/p>\n<p>R\u00a0: Nous le consid\u00e9rons comme un 7A. Les cheveux sont humains 100% et peuvent devenir blond miel #27. Imbattable pour le prix !<\/p>\n<p><strong>Q\u00a0: Vos cheveux peuvent-ils \u00eatre teints, repass\u00e9s \u00e0 plat, d\u00e9color\u00e9s, etc\u00a0? \u00a0<\/strong><\/p>\n<p>R\u00a0:\u00a0Oui, c\u2019est possible. N&#039;oubliez pas qu&#039;il s&#039;agit de vrais cheveux humains. Utilisez un protecteur thermique avec tous les outils chauffants et soyez prudent lors du blanchiment. La d\u00e9coloration des cheveux peut provoquer un l\u00e9ger rel\u00e2chement thermique du motif des boucles. Consultez toujours un professionnel pour tout traitement de couleur.<\/p>\n<p><strong>Q\u00a0: De combien de lots ai-je besoin\u00a0?<\/strong><\/p>\n<p>Nous sugg\u00e9rons : Longueur 14-16\u2033 pouces \u2013 Vous avez besoin de 2 paquets ou plus\u2026.Longueurs 18-24\u2033 pouces, vous avez besoin de 3 paquets ou plus\u2026. Longueurs 26-30\u2033 Vous avez besoin de 4 paquets ou plus\u2026.Longueurs 30\u2033-Up \u00bb-5 paquets ou plus.<\/p>\n<p><strong>Q\u00a0: Je pense stocker le tissage br\u00e9silien droit pour mon salon. Puis-je le boucler ?<\/strong><\/p>\n<p>R : Absolument. Les cheveux tiennent une boucle et, comme il s\u2019agit de cheveux humains 100%, ils supportent tr\u00e8s bien la chaleur.<\/p>\n<p><strong>Q : Comment vos cheveux sont-ils mesur\u00e9s ? \u00a0<\/strong><\/p>\n<p>R : Nos cheveux sont mesur\u00e9s dans leur \u00e9tat \u00e9tir\u00e9, de la trame jusqu&#039;au bas de la tige capillaire. Les cheveux ne sont PAS mesur\u00e9s dans leur \u00e9tat boucl\u00e9\/ondul\u00e9. .<\/p>\n<p><strong>Q : Combien de temps \u00e7a dure ?<\/strong><\/p>\n<p>R : Ces cheveux peuvent durer tr\u00e8s longtemps selon la fa\u00e7on dont vous les entretenez. Traitez-les comme vos propres cheveux et prenez-en bien soin pour qu&#039;ils durent plus longtemps. De nombreux extensions de cheveux pr\u00e9f\u00e8rent les cheveux br\u00e9siliens ou indiens car ils sont beaux et non trait\u00e9s, ce qui les fait durer plus longtemps que tout autre type de cheveux. Merci pour votre temps et votre soutien !<\/p>\n<p><strong>Q\u00a0:\u00a0Pourquoi y a-t-il un enchev\u00eatrement\u00a0?<\/strong><\/p>\n<p>R : Les extensions de cheveux peuvent s&#039;emm\u00ealer en raison de la s\u00e9cheresse, de l&#039;accumulation d&#039;huile ou de salet\u00e9, de l&#039;eau sal\u00e9e, du chlore et du fait de ne pas peigner vos cheveux quotidiennement (peigne \u00e0 dents larges). Assurez-vous de laver et de conditionner vos cheveux au moins une fois par semaine, deux fois par semaine c&#039;est mieux. Il aime nos propres cheveux, veuillez en prendre soin en douceur.<\/p>\n<p><strong>Q\u00a0:\u00a0Pourquoi y a-t-il des pertes\u00a0?<\/strong><\/p>\n<p>R : Il reste des cheveux sur la trame qui tombent lors du premier lavage ou peigne, s&#039;il n&#039;y en a pas beaucoup, ce n&#039;est pas une v\u00e9ritable perte, ne vous inqui\u00e9tez pas ! Ce ne sont que les cheveux hors de la trame, merci de votre compr\u00e9hension.<\/p>\n<p><strong>Q\u00a0: Si je lis mes cheveux, est-ce qu&#039;ils reviendront \u00e0 leur \u00e9tat naturel apr\u00e8s les avoir lav\u00e9s\u00a0?<\/strong><\/p>\n<p>La texture de la vague corporelle n&#039;a qu&#039;un l\u00e9ger motif de vagues, donc apr\u00e8s que la chaleur y ait \u00e9t\u00e9 appliqu\u00e9e plusieurs fois, les extensions seront entra\u00een\u00e9es \u00e0 rester droites et le motif ne reviendra PAS. La vague profonde et la texture boucl\u00e9e serr\u00e9e reviennent boucl\u00e9es\/ondul\u00e9es apr\u00e8s le lissage\/bouclage, mais le motif ne sera pas aussi serr\u00e9. Si vous achetez ces textures, je vous sugg\u00e8re de les porter d&#039;abord dans leur \u00e9tat naturel, puis apr\u00e8s en avoir assez de les porter naturellement boucl\u00e9es\/ondul\u00e9es, puis d&#039;appliquer de la chaleur pour un look diff\u00e9rent.<\/p>\n<p>&nbsp;<\/p>","protected":false},"excerpt":{"rendered":"<p>Nos cheveux sont des cheveux humains 100% sans aucun poil synth\u00e9tique ou animal.<\/p>","protected":false},"featured_media":9511,"comment_status":"open","ping_status":"closed","template":"","meta":[],"product_cat":[193,204],"product_tag":[241,227,221,223,219,263,270],"yoast_head":"<!-- This site is optimized with the Yoast SEO plugin v20.11 - https:\/\/yoast.com\/wordpress\/plugins\/seo\/ -->\n<title>Wholesale 8A Brazilian Remy Hair Body Wave Bundles - RebeHair Extension Factory<\/title>\n<meta name=\"description\" content=\"8A Brazilian Remy Hair Body Wave Bundles - RebeHair Extension Factory\" \/>\n<meta name=\"robots\" content=\"index, follow, max-snippet:-1, max-image-preview:large, max-video-preview:-1\" \/>\n<link rel=\"canonical\" href=\"https:\/\/www.rebehair.com\/fr\/produit\/8a-brazilian-remy-hair-body-wave-bundles-2\/\" \/>\n<meta property=\"og:locale\" content=\"fr_FR\" \/>\n<meta property=\"og:type\" content=\"article\" \/>\n<meta property=\"og:title\" content=\"Wholesale 8A Brazilian Remy Hair Body Wave Bundles - RebeHair Extension Factory\" \/>\n<meta property=\"og:description\" content=\"8A Brazilian Remy Hair Body Wave Bundles - RebeHair Extension Factory\" \/>\n<meta property=\"og:url\" content=\"https:\/\/www.rebehair.com\/fr\/produit\/8a-brazilian-remy-hair-body-wave-bundles-2\/\" \/>\n<meta property=\"og:site_name\" content=\"RebeHair Extension Factory\" \/>\n<meta property=\"article:modified_time\" content=\"2018-06-13T07:13:04+00:00\" \/>\n<meta property=\"og:image\" content=\"https:\/\/www.rebehair.com\/wp-content\/uploads\/2018\/06\/ds-bw-2-1.jpg\" \/>\n\t<meta property=\"og:image:width\" content=\"750\" \/>\n\t<meta property=\"og:image:height\" content=\"750\" \/>\n\t<meta property=\"og:image:type\" content=\"image\/jpeg\" \/>\n<meta name=\"twitter:card\" content=\"summary_large_image\" \/>\n<meta name=\"twitter:label1\" content=\"Dur\u00e9e de lecture estim\u00e9e\" \/>\n\t<meta name=\"twitter:data1\" content=\"3 minutes\" \/>\n<script type=\"application\/ld+json\" class=\"yoast-schema-graph\">{\"@context\":\"https:\/\/schema.org\",\"@graph\":[{\"@type\":\"WebPage\",\"@id\":\"https:\/\/www.rebehair.com\/product\/8a-brazilian-remy-hair-body-wave-bundles-2\/\",\"url\":\"https:\/\/www.rebehair.com\/product\/8a-brazilian-remy-hair-body-wave-bundles-2\/\",\"name\":\"Wholesale 8A Brazilian Remy Hair Body Wave Bundles - RebeHair Extension Factory\",\"isPartOf\":{\"@id\":\"https:\/\/www.rebehair.com\/#website\"},\"datePublished\":\"2018-06-13T07:09:28+00:00\",\"dateModified\":\"2018-06-13T07:13:04+00:00\",\"description\":\"8A Brazilian Remy Hair Body Wave Bundles - RebeHair Extension Factory\",\"breadcrumb\":{\"@id\":\"https:\/\/www.rebehair.com\/product\/8a-brazilian-remy-hair-body-wave-bundles-2\/#breadcrumb\"},\"inLanguage\":\"fr-FR\",\"potentialAction\":[{\"@type\":\"ReadAction\",\"target\":[\"https:\/\/www.rebehair.com\/product\/8a-brazilian-remy-hair-body-wave-bundles-2\/\"]}]},{\"@type\":\"BreadcrumbList\",\"@id\":\"https:\/\/www.rebehair.com\/product\/8a-brazilian-remy-hair-body-wave-bundles-2\/#breadcrumb\",\"itemListElement\":[{\"@type\":\"ListItem\",\"position\":1,\"name\":\"Home\",\"item\":\"https:\/\/www.rebehair.com\/\"},{\"@type\":\"ListItem\",\"position\":2,\"name\":\"Shop\",\"item\":\"https:\/\/www.rebehair.com\/shop\/\"},{\"@type\":\"ListItem\",\"position\":3,\"name\":\"8A Brazilian Remy Hair Body Wave Bundles\"}]},{\"@type\":\"WebSite\",\"@id\":\"https:\/\/www.rebehair.com\/#website\",\"url\":\"https:\/\/www.rebehair.com\/\",\"name\":\"RebeHair Extension Factory\",\"description\":\"\",\"potentialAction\":[{\"@type\":\"SearchAction\",\"target\":{\"@type\":\"EntryPoint\",\"urlTemplate\":\"https:\/\/www.rebehair.com\/?s={search_term_string}\"},\"query-input\":\"required name=search_term_string\"}],\"inLanguage\":\"fr-FR\"}]}<\/script>\n<!-- \/ Yoast SEO plugin. -->","yoast_head_json":{"title":"Wholesale 8A Brazilian Remy Hair Body Wave Bundles - RebeHair Extension Factory","description":"8A Brazilian Remy Hair Body Wave Bundles - RebeHair Extension Factory","robots":{"index":"index","follow":"follow","max-snippet":"max-snippet:-1","max-image-preview":"max-image-preview:large","max-video-preview":"max-video-preview:-1"},"canonical":"https:\/\/www.rebehair.com\/fr\/produit\/8a-brazilian-remy-hair-body-wave-bundles-2\/","og_locale":"fr_FR","og_type":"article","og_title":"Wholesale 8A Brazilian Remy Hair Body Wave Bundles - RebeHair Extension Factory","og_description":"8A Brazilian Remy Hair Body Wave Bundles - RebeHair Extension Factory","og_url":"https:\/\/www.rebehair.com\/fr\/produit\/8a-brazilian-remy-hair-body-wave-bundles-2\/","og_site_name":"RebeHair Extension Factory","article_modified_time":"2018-06-13T07:13:04+00:00","og_image":[{"width":750,"height":750,"url":"https:\/\/www.rebehair.com\/wp-content\/uploads\/2018\/06\/ds-bw-2-1.jpg","type":"image\/jpeg"}],"twitter_card":"summary_large_image","twitter_misc":{"Dur\u00e9e de lecture estim\u00e9e":"3 minutes"},"schema":{"@context":"https:\/\/schema.org","@graph":[{"@type":"WebPage","@id":"https:\/\/www.rebehair.com\/product\/8a-brazilian-remy-hair-body-wave-bundles-2\/","url":"https:\/\/www.rebehair.com\/product\/8a-brazilian-remy-hair-body-wave-bundles-2\/","name":"Wholesale 8A Brazilian Remy Hair Body Wave Bundles - RebeHair Extension Factory","isPartOf":{"@id":"https:\/\/www.rebehair.com\/#website"},"datePublished":"2018-06-13T07:09:28+00:00","dateModified":"2018-06-13T07:13:04+00:00","description":"8A Brazilian Remy Hair Body Wave Bundles - RebeHair Extension Factory","breadcrumb":{"@id":"https:\/\/www.rebehair.com\/product\/8a-brazilian-remy-hair-body-wave-bundles-2\/#breadcrumb"},"inLanguage":"fr-FR","potentialAction":[{"@type":"ReadAction","target":["https:\/\/www.rebehair.com\/product\/8a-brazilian-remy-hair-body-wave-bundles-2\/"]}]},{"@type":"BreadcrumbList","@id":"https:\/\/www.rebehair.com\/product\/8a-brazilian-remy-hair-body-wave-bundles-2\/#breadcrumb","itemListElement":[{"@type":"ListItem","position":1,"name":"Home","item":"https:\/\/www.rebehair.com\/"},{"@type":"ListItem","position":2,"name":"Shop","item":"https:\/\/www.rebehair.com\/shop\/"},{"@type":"ListItem","position":3,"name":"8A Brazilian Remy Hair Body Wave Bundles"}]},{"@type":"WebSite","@id":"https:\/\/www.rebehair.com\/#website","url":"https:\/\/www.rebehair.com\/","name":"RebeHair Extension Factory","description":"","potentialAction":[{"@type":"SearchAction","target":{"@type":"EntryPoint","urlTemplate":"https:\/\/www.rebehair.com\/?s={search_term_string}"},"query-input":"required name=search_term_string"}],"inLanguage":"fr-FR"}]}},"_links":{"self":[{"href":"https:\/\/www.rebehair.com\/fr\/wp-json\/wp\/v2\/product\/9868"}],"collection":[{"href":"https:\/\/www.rebehair.com\/fr\/wp-json\/wp\/v2\/product"}],"about":[{"href":"https:\/\/www.rebehair.com\/fr\/wp-json\/wp\/v2\/types\/product"}],"replies":[{"embeddable":true,"href":"https:\/\/www.rebehair.com\/fr\/wp-json\/wp\/v2\/comments?post=9868"}],"wp:featuredmedia":[{"embeddable":true,"href":"https:\/\/www.rebehair.com\/fr\/wp-json\/wp\/v2\/media\/9511"}],"wp:attachment":[{"href":"https:\/\/www.rebehair.com\/fr\/wp-json\/wp\/v2\/media?parent=9868"}],"wp:term":[{"taxonomy":"product_cat","embeddable":true,"href":"https:\/\/www.rebehair.com\/fr\/wp-json\/wp\/v2\/product_cat?post=9868"},{"taxonomy":"product_tag","embeddable":true,"href":"https:\/\/www.rebehair.com\/fr\/wp-json\/wp\/v2\/product_tag?post=9868"}],"curies":[{"name":"wp","href":"https:\/\/api.w.org\/{rel}","templated":true}]}}