
{"id":9818,"date":"2018-06-13T14:33:28","date_gmt":"2018-06-13T06:33:28","guid":{"rendered":"http:\/\/rebehair.com\/?post_type=product&#038;p=9818"},"modified":"2018-06-13T16:46:19","modified_gmt":"2018-06-13T08:46:19","slug":"clip-in-hair-extension-jet-black","status":"publish","type":"product","link":"https:\/\/www.rebehair.com\/fr\/produit\/clip-in-hair-extension-jet-black\/","title":{"rendered":"Extension de cheveux \u00e0 clips noir de jais"},"content":{"rendered":"<p><span style=\"font-size: 120%;\"><strong>Description du produit:<\/strong><\/span><\/p>\n<p>\u2666 Mat\u00e9riau des cheveux : cheveux humains vierges 100%.<\/p>\n<p><span style=\"font-size: 14.4px;\">\u2666 Poids des cheveux : <\/span>120 g de cheveux avec 20 g de pinces<\/p>\n<p>\u2666 Mod\u00e8le de cheveux : soyeux et raides.<\/p>\n<p>\u2666 Longueur des cheveux : 18\u2033<\/p>\n<p>\u2666 Couleur des cheveux : 1# Noir de jais<\/p>\n<p>\u2666 Courrier\u00a0: DHL<\/p>\n<p>\u2666 D\u00e9lai de livraison : 3-4 jours ouvrables<\/p>\n<p><span style=\"font-size: 14.4px;\">\u2666 Modes de paiement : <\/span>Pay Pal<span style=\"font-size: 14.4px;\">, western union, money gram, virement bancaire<\/span><\/p>\n<p>\u2666 Dur\u00e9e de vie\u00a0: 1\u00a0ans environ<\/p>\n<p><strong>\u2666 Sp\u00e9cifications :<\/strong><\/p>\n<p>Un morceau de trame de 8&quot; avec 4 clips<br \/>\nDeux morceaux de trames de 6&quot; avec 3 clips<br \/>\nTrois morceaux de trames de 4&quot; avec 2 clips<br \/>\nUn morceau de trame de 2&quot; avec 1clips<\/p>\n<p><span style=\"color: #ed1c24;\"><strong>Commande personnalis\u00e9e acceptable. Veuillez consulter le vendeur pour conna\u00eetre le d\u00e9lai de traitement et le prix exacts.<\/strong><\/span><\/p>\n<p><!--more--><\/p>\n<p><!--more--><\/p>\n<p><span style=\"font-size: 120%;\"><strong>Instruction de soins:<\/strong><\/span><\/p>\n<p>\u2666 Co-lavage :<br \/>\nRincer les cheveux \u00e0 l&#039;eau ti\u00e8de dans un mouvement descendant.<br \/>\nCo-laver les cheveux avec un revitalisant riche en humidit\u00e9.<br \/>\nEn r\u00e9partissant le revitalisant dans les cheveux, utilisez votre doigt pour d\u00e9m\u00ealer doucement les cheveux.<br \/>\nRincer les cheveux pour enlever le revitalisant.<br \/>\nS\u00e9cher \u00e0 l&#039;air libre. Si cela n&#039;est pas possible, utilisez un diffuseur avec un s\u00e8che-cheveux \u00e0 temp\u00e9rature ambiante. N&#039;oubliez pas que trop de chaleur d\u00e9tendra la belle vague.<img decoding=\"async\" loading=\"lazy\" class=\"aligncenter size-full wp-image-9989\" src=\"http:\/\/rebehair.com\/wp-content\/uploads\/2018\/06\/ss-18-1-02.jpg\" alt=\"\" width=\"800\" height=\"800\" srcset=\"https:\/\/www.rebehair.com\/wp-content\/uploads\/2018\/06\/ss-18-1-02.jpg 800w, https:\/\/www.rebehair.com\/wp-content\/uploads\/2018\/06\/ss-18-1-02-280x280.jpg 280w, https:\/\/www.rebehair.com\/wp-content\/uploads\/2018\/06\/ss-18-1-02-400x400.jpg 400w, https:\/\/www.rebehair.com\/wp-content\/uploads\/2018\/06\/ss-18-1-02-768x768.jpg 768w, https:\/\/www.rebehair.com\/wp-content\/uploads\/2018\/06\/ss-18-1-02-125x125.jpg 125w, https:\/\/www.rebehair.com\/wp-content\/uploads\/2018\/06\/ss-18-1-02-75x75.jpg 75w, https:\/\/www.rebehair.com\/wp-content\/uploads\/2018\/06\/ss-18-1-02-300x300.jpg 300w, https:\/\/www.rebehair.com\/wp-content\/uploads\/2018\/06\/ss-18-1-02-600x600.jpg 600w, https:\/\/www.rebehair.com\/wp-content\/uploads\/2018\/06\/ss-18-1-02-100x100.jpg 100w\" sizes=\"(max-width: 800px) 100vw, 800px\" \/> <img decoding=\"async\" loading=\"lazy\" class=\"aligncenter size-full wp-image-9990\" src=\"http:\/\/rebehair.com\/wp-content\/uploads\/2018\/06\/ss-18-1-03.jpg\" alt=\"\" width=\"800\" height=\"800\" srcset=\"https:\/\/www.rebehair.com\/wp-content\/uploads\/2018\/06\/ss-18-1-03.jpg 800w, https:\/\/www.rebehair.com\/wp-content\/uploads\/2018\/06\/ss-18-1-03-280x280.jpg 280w, https:\/\/www.rebehair.com\/wp-content\/uploads\/2018\/06\/ss-18-1-03-400x400.jpg 400w, https:\/\/www.rebehair.com\/wp-content\/uploads\/2018\/06\/ss-18-1-03-768x768.jpg 768w, https:\/\/www.rebehair.com\/wp-content\/uploads\/2018\/06\/ss-18-1-03-125x125.jpg 125w, https:\/\/www.rebehair.com\/wp-content\/uploads\/2018\/06\/ss-18-1-03-75x75.jpg 75w, https:\/\/www.rebehair.com\/wp-content\/uploads\/2018\/06\/ss-18-1-03-300x300.jpg 300w, https:\/\/www.rebehair.com\/wp-content\/uploads\/2018\/06\/ss-18-1-03-600x600.jpg 600w, https:\/\/www.rebehair.com\/wp-content\/uploads\/2018\/06\/ss-18-1-03-100x100.jpg 100w\" sizes=\"(max-width: 800px) 100vw, 800px\" \/> <img decoding=\"async\" loading=\"lazy\" class=\"aligncenter size-full wp-image-9991\" src=\"http:\/\/rebehair.com\/wp-content\/uploads\/2018\/06\/ss-18-1-04.jpg\" alt=\"\" width=\"800\" height=\"800\" srcset=\"https:\/\/www.rebehair.com\/wp-content\/uploads\/2018\/06\/ss-18-1-04.jpg 800w, https:\/\/www.rebehair.com\/wp-content\/uploads\/2018\/06\/ss-18-1-04-280x280.jpg 280w, https:\/\/www.rebehair.com\/wp-content\/uploads\/2018\/06\/ss-18-1-04-400x400.jpg 400w, https:\/\/www.rebehair.com\/wp-content\/uploads\/2018\/06\/ss-18-1-04-768x768.jpg 768w, https:\/\/www.rebehair.com\/wp-content\/uploads\/2018\/06\/ss-18-1-04-125x125.jpg 125w, https:\/\/www.rebehair.com\/wp-content\/uploads\/2018\/06\/ss-18-1-04-75x75.jpg 75w, https:\/\/www.rebehair.com\/wp-content\/uploads\/2018\/06\/ss-18-1-04-300x300.jpg 300w, https:\/\/www.rebehair.com\/wp-content\/uploads\/2018\/06\/ss-18-1-04-600x600.jpg 600w, https:\/\/www.rebehair.com\/wp-content\/uploads\/2018\/06\/ss-18-1-04-100x100.jpg 100w\" sizes=\"(max-width: 800px) 100vw, 800px\" \/> <img decoding=\"async\" loading=\"lazy\" class=\"aligncenter size-full wp-image-9992\" src=\"http:\/\/rebehair.com\/wp-content\/uploads\/2018\/06\/ss-18-1-05.jpg\" alt=\"\" width=\"800\" height=\"800\" srcset=\"https:\/\/www.rebehair.com\/wp-content\/uploads\/2018\/06\/ss-18-1-05.jpg 800w, https:\/\/www.rebehair.com\/wp-content\/uploads\/2018\/06\/ss-18-1-05-280x280.jpg 280w, https:\/\/www.rebehair.com\/wp-content\/uploads\/2018\/06\/ss-18-1-05-400x400.jpg 400w, https:\/\/www.rebehair.com\/wp-content\/uploads\/2018\/06\/ss-18-1-05-768x768.jpg 768w, https:\/\/www.rebehair.com\/wp-content\/uploads\/2018\/06\/ss-18-1-05-125x125.jpg 125w, https:\/\/www.rebehair.com\/wp-content\/uploads\/2018\/06\/ss-18-1-05-75x75.jpg 75w, https:\/\/www.rebehair.com\/wp-content\/uploads\/2018\/06\/ss-18-1-05-300x300.jpg 300w, https:\/\/www.rebehair.com\/wp-content\/uploads\/2018\/06\/ss-18-1-05-600x600.jpg 600w, https:\/\/www.rebehair.com\/wp-content\/uploads\/2018\/06\/ss-18-1-05-100x100.jpg 100w\" sizes=\"(max-width: 800px) 100vw, 800px\" \/><\/p>\n<p><img decoding=\"async\" loading=\"lazy\" class=\"aligncenter size-full wp-image-10035\" src=\"http:\/\/rebehair.com\/wp-content\/uploads\/2018\/06\/How-to-apply-clip-in.jpg\" alt=\"\" width=\"1000\" height=\"1000\" srcset=\"https:\/\/www.rebehair.com\/wp-content\/uploads\/2018\/06\/How-to-apply-clip-in.jpg 1000w, https:\/\/www.rebehair.com\/wp-content\/uploads\/2018\/06\/How-to-apply-clip-in-280x280.jpg 280w, https:\/\/www.rebehair.com\/wp-content\/uploads\/2018\/06\/How-to-apply-clip-in-400x400.jpg 400w, https:\/\/www.rebehair.com\/wp-content\/uploads\/2018\/06\/How-to-apply-clip-in-768x768.jpg 768w, https:\/\/www.rebehair.com\/wp-content\/uploads\/2018\/06\/How-to-apply-clip-in-800x800.jpg 800w, https:\/\/www.rebehair.com\/wp-content\/uploads\/2018\/06\/How-to-apply-clip-in-125x125.jpg 125w, https:\/\/www.rebehair.com\/wp-content\/uploads\/2018\/06\/How-to-apply-clip-in-75x75.jpg 75w, https:\/\/www.rebehair.com\/wp-content\/uploads\/2018\/06\/How-to-apply-clip-in-300x300.jpg 300w, https:\/\/www.rebehair.com\/wp-content\/uploads\/2018\/06\/How-to-apply-clip-in-600x600.jpg 600w, https:\/\/www.rebehair.com\/wp-content\/uploads\/2018\/06\/How-to-apply-clip-in-100x100.jpg 100w\" sizes=\"(max-width: 1000px) 100vw, 1000px\" \/><img decoding=\"async\" loading=\"lazy\" class=\"aligncenter size-full wp-image-9480\" src=\"http:\/\/rebehair.com\/wp-content\/uploads\/2018\/06\/Name-card.jpg\" alt=\"\" width=\"1001\" height=\"616\" srcset=\"https:\/\/www.rebehair.com\/wp-content\/uploads\/2018\/06\/Name-card.jpg 1001w, https:\/\/www.rebehair.com\/wp-content\/uploads\/2018\/06\/Name-card-650x400.jpg 650w, https:\/\/www.rebehair.com\/wp-content\/uploads\/2018\/06\/Name-card-768x473.jpg 768w, https:\/\/www.rebehair.com\/wp-content\/uploads\/2018\/06\/Name-card-125x77.jpg 125w, https:\/\/www.rebehair.com\/wp-content\/uploads\/2018\/06\/Name-card-75x46.jpg 75w, https:\/\/www.rebehair.com\/wp-content\/uploads\/2018\/06\/Name-card-600x369.jpg 600w\" sizes=\"(max-width: 1001px) 100vw, 1001px\" \/><\/p>\n<p><img decoding=\"async\" loading=\"lazy\" class=\"size-full wp-image-9314 aligncenter\" src=\"http:\/\/rebehair.com\/wp-content\/uploads\/2018\/06\/rebe_hair_factory-1.jpg\" alt=\"Rebe Hair Factory Workshop 1\" width=\"1000\" height=\"666\" srcset=\"https:\/\/www.rebehair.com\/wp-content\/uploads\/2018\/06\/rebe_hair_factory-1.jpg 1000w, https:\/\/www.rebehair.com\/wp-content\/uploads\/2018\/06\/rebe_hair_factory-1-601x400.jpg 601w, https:\/\/www.rebehair.com\/wp-content\/uploads\/2018\/06\/rebe_hair_factory-1-768x511.jpg 768w, https:\/\/www.rebehair.com\/wp-content\/uploads\/2018\/06\/rebe_hair_factory-1-125x83.jpg 125w, https:\/\/www.rebehair.com\/wp-content\/uploads\/2018\/06\/rebe_hair_factory-1-75x50.jpg 75w, https:\/\/www.rebehair.com\/wp-content\/uploads\/2018\/06\/rebe_hair_factory-1-600x400.jpg 600w\" sizes=\"(max-width: 1000px) 100vw, 1000px\" \/><\/p>\n<p><img decoding=\"async\" loading=\"lazy\" class=\"size-full wp-image-9315\" src=\"http:\/\/rebehair.com\/wp-content\/uploads\/2018\/06\/rebe_hair_factory-2.jpg\" alt=\"Rebe Hair Factory Workshop 2\" width=\"1000\" height=\"666\" srcset=\"https:\/\/www.rebehair.com\/wp-content\/uploads\/2018\/06\/rebe_hair_factory-2.jpg 1000w, https:\/\/www.rebehair.com\/wp-content\/uploads\/2018\/06\/rebe_hair_factory-2-601x400.jpg 601w, https:\/\/www.rebehair.com\/wp-content\/uploads\/2018\/06\/rebe_hair_factory-2-768x511.jpg 768w, https:\/\/www.rebehair.com\/wp-content\/uploads\/2018\/06\/rebe_hair_factory-2-125x83.jpg 125w, https:\/\/www.rebehair.com\/wp-content\/uploads\/2018\/06\/rebe_hair_factory-2-75x50.jpg 75w, https:\/\/www.rebehair.com\/wp-content\/uploads\/2018\/06\/rebe_hair_factory-2-600x400.jpg 600w\" sizes=\"(max-width: 1000px) 100vw, 1000px\" \/><\/p>","protected":false},"excerpt":{"rendered":"<p>\u2660 Cheveux humains 100% sans fibres ni poils d&#039;animaux<\/p>\n<p>\u2660 Cuticules compl\u00e8tes align\u00e9es dans la m\u00eame direction<\/p>\n<p>\u2660 Grand stock disponible pour exp\u00e9dition imm\u00e9diate<\/p>\n<p>\u2660 Plusieurs longueurs pour choisir 10\u2033-30\u2033<\/p>","protected":false},"featured_media":9989,"comment_status":"open","ping_status":"closed","template":"","meta":[],"product_cat":[194,196],"product_tag":[284,286,285,222],"yoast_head":"<!-- This site is optimized with the Yoast SEO plugin v20.11 - https:\/\/yoast.com\/wordpress\/plugins\/seo\/ -->\n<title>Wholesale Clip In Hair Extension Jet Black - RebeHair Extension Factory<\/title>\n<meta name=\"description\" content=\"Clip In Hair Extension Jet Black - RebeHair Extension Factory\" \/>\n<meta name=\"robots\" content=\"index, follow, max-snippet:-1, max-image-preview:large, max-video-preview:-1\" \/>\n<link rel=\"canonical\" href=\"https:\/\/www.rebehair.com\/fr\/produit\/clip-in-hair-extension-jet-black\/\" \/>\n<meta property=\"og:locale\" content=\"fr_FR\" \/>\n<meta property=\"og:type\" content=\"article\" \/>\n<meta property=\"og:title\" content=\"Wholesale Clip In Hair Extension Jet Black - RebeHair Extension Factory\" \/>\n<meta property=\"og:description\" content=\"Clip In Hair Extension Jet Black - RebeHair Extension Factory\" \/>\n<meta property=\"og:url\" content=\"https:\/\/www.rebehair.com\/fr\/produit\/clip-in-hair-extension-jet-black\/\" \/>\n<meta property=\"og:site_name\" content=\"RebeHair Extension Factory\" \/>\n<meta property=\"article:modified_time\" content=\"2018-06-13T08:46:19+00:00\" \/>\n<meta property=\"og:image\" content=\"https:\/\/www.rebehair.com\/wp-content\/uploads\/2018\/06\/ss-18-1-02.jpg\" \/>\n\t<meta property=\"og:image:width\" content=\"800\" \/>\n\t<meta property=\"og:image:height\" content=\"800\" \/>\n\t<meta property=\"og:image:type\" content=\"image\/jpeg\" \/>\n<meta name=\"twitter:card\" content=\"summary_large_image\" \/>\n<meta name=\"twitter:label1\" content=\"Dur\u00e9e de lecture estim\u00e9e\" \/>\n\t<meta name=\"twitter:data1\" content=\"1 minute\" \/>\n<script type=\"application\/ld+json\" class=\"yoast-schema-graph\">{\"@context\":\"https:\/\/schema.org\",\"@graph\":[{\"@type\":\"WebPage\",\"@id\":\"https:\/\/www.rebehair.com\/product\/clip-in-hair-extension-jet-black\/\",\"url\":\"https:\/\/www.rebehair.com\/product\/clip-in-hair-extension-jet-black\/\",\"name\":\"Wholesale Clip In Hair Extension Jet Black - RebeHair Extension Factory\",\"isPartOf\":{\"@id\":\"https:\/\/www.rebehair.com\/#website\"},\"datePublished\":\"2018-06-13T06:33:28+00:00\",\"dateModified\":\"2018-06-13T08:46:19+00:00\",\"description\":\"Clip In Hair Extension Jet Black - RebeHair Extension Factory\",\"breadcrumb\":{\"@id\":\"https:\/\/www.rebehair.com\/product\/clip-in-hair-extension-jet-black\/#breadcrumb\"},\"inLanguage\":\"fr-FR\",\"potentialAction\":[{\"@type\":\"ReadAction\",\"target\":[\"https:\/\/www.rebehair.com\/product\/clip-in-hair-extension-jet-black\/\"]}]},{\"@type\":\"BreadcrumbList\",\"@id\":\"https:\/\/www.rebehair.com\/product\/clip-in-hair-extension-jet-black\/#breadcrumb\",\"itemListElement\":[{\"@type\":\"ListItem\",\"position\":1,\"name\":\"Home\",\"item\":\"https:\/\/www.rebehair.com\/\"},{\"@type\":\"ListItem\",\"position\":2,\"name\":\"Shop\",\"item\":\"https:\/\/www.rebehair.com\/shop\/\"},{\"@type\":\"ListItem\",\"position\":3,\"name\":\"Clip In Hair Extension Jet Black\"}]},{\"@type\":\"WebSite\",\"@id\":\"https:\/\/www.rebehair.com\/#website\",\"url\":\"https:\/\/www.rebehair.com\/\",\"name\":\"RebeHair Extension Factory\",\"description\":\"\",\"potentialAction\":[{\"@type\":\"SearchAction\",\"target\":{\"@type\":\"EntryPoint\",\"urlTemplate\":\"https:\/\/www.rebehair.com\/?s={search_term_string}\"},\"query-input\":\"required name=search_term_string\"}],\"inLanguage\":\"fr-FR\"}]}<\/script>\n<!-- \/ Yoast SEO plugin. -->","yoast_head_json":{"title":"Wholesale Clip In Hair Extension Jet Black - RebeHair Extension Factory","description":"Clip In Hair Extension Jet Black - RebeHair Extension Factory","robots":{"index":"index","follow":"follow","max-snippet":"max-snippet:-1","max-image-preview":"max-image-preview:large","max-video-preview":"max-video-preview:-1"},"canonical":"https:\/\/www.rebehair.com\/fr\/produit\/clip-in-hair-extension-jet-black\/","og_locale":"fr_FR","og_type":"article","og_title":"Wholesale Clip In Hair Extension Jet Black - RebeHair Extension Factory","og_description":"Clip In Hair Extension Jet Black - RebeHair Extension Factory","og_url":"https:\/\/www.rebehair.com\/fr\/produit\/clip-in-hair-extension-jet-black\/","og_site_name":"RebeHair Extension Factory","article_modified_time":"2018-06-13T08:46:19+00:00","og_image":[{"width":800,"height":800,"url":"https:\/\/www.rebehair.com\/wp-content\/uploads\/2018\/06\/ss-18-1-02.jpg","type":"image\/jpeg"}],"twitter_card":"summary_large_image","twitter_misc":{"Dur\u00e9e de lecture estim\u00e9e":"1 minute"},"schema":{"@context":"https:\/\/schema.org","@graph":[{"@type":"WebPage","@id":"https:\/\/www.rebehair.com\/product\/clip-in-hair-extension-jet-black\/","url":"https:\/\/www.rebehair.com\/product\/clip-in-hair-extension-jet-black\/","name":"Wholesale Clip In Hair Extension Jet Black - RebeHair Extension Factory","isPartOf":{"@id":"https:\/\/www.rebehair.com\/#website"},"datePublished":"2018-06-13T06:33:28+00:00","dateModified":"2018-06-13T08:46:19+00:00","description":"Clip In Hair Extension Jet Black - RebeHair Extension Factory","breadcrumb":{"@id":"https:\/\/www.rebehair.com\/product\/clip-in-hair-extension-jet-black\/#breadcrumb"},"inLanguage":"fr-FR","potentialAction":[{"@type":"ReadAction","target":["https:\/\/www.rebehair.com\/product\/clip-in-hair-extension-jet-black\/"]}]},{"@type":"BreadcrumbList","@id":"https:\/\/www.rebehair.com\/product\/clip-in-hair-extension-jet-black\/#breadcrumb","itemListElement":[{"@type":"ListItem","position":1,"name":"Home","item":"https:\/\/www.rebehair.com\/"},{"@type":"ListItem","position":2,"name":"Shop","item":"https:\/\/www.rebehair.com\/shop\/"},{"@type":"ListItem","position":3,"name":"Clip In Hair Extension Jet Black"}]},{"@type":"WebSite","@id":"https:\/\/www.rebehair.com\/#website","url":"https:\/\/www.rebehair.com\/","name":"RebeHair Extension Factory","description":"","potentialAction":[{"@type":"SearchAction","target":{"@type":"EntryPoint","urlTemplate":"https:\/\/www.rebehair.com\/?s={search_term_string}"},"query-input":"required name=search_term_string"}],"inLanguage":"fr-FR"}]}},"_links":{"self":[{"href":"https:\/\/www.rebehair.com\/fr\/wp-json\/wp\/v2\/product\/9818"}],"collection":[{"href":"https:\/\/www.rebehair.com\/fr\/wp-json\/wp\/v2\/product"}],"about":[{"href":"https:\/\/www.rebehair.com\/fr\/wp-json\/wp\/v2\/types\/product"}],"replies":[{"embeddable":true,"href":"https:\/\/www.rebehair.com\/fr\/wp-json\/wp\/v2\/comments?post=9818"}],"wp:featuredmedia":[{"embeddable":true,"href":"https:\/\/www.rebehair.com\/fr\/wp-json\/wp\/v2\/media\/9989"}],"wp:attachment":[{"href":"https:\/\/www.rebehair.com\/fr\/wp-json\/wp\/v2\/media?parent=9818"}],"wp:term":[{"taxonomy":"product_cat","embeddable":true,"href":"https:\/\/www.rebehair.com\/fr\/wp-json\/wp\/v2\/product_cat?post=9818"},{"taxonomy":"product_tag","embeddable":true,"href":"https:\/\/www.rebehair.com\/fr\/wp-json\/wp\/v2\/product_tag?post=9818"}],"curies":[{"name":"wp","href":"https:\/\/api.w.org\/{rel}","templated":true}]}}