
{"id":9562,"date":"2018-06-12T16:40:17","date_gmt":"2018-06-12T08:40:17","guid":{"rendered":"http:\/\/rebehair.com\/?post_type=product&#038;p=9562"},"modified":"2021-04-14T13:39:58","modified_gmt":"2021-04-14T05:39:58","slug":"virgin-indian-human-hair-loose-wave-grade-7a","status":"publish","type":"product","link":"https:\/\/www.rebehair.com\/fr\/produit\/virgin-indian-human-hair-loose-wave-grade-7a\/","title":{"rendered":"Grade 7A de vague l\u00e2che de cheveux humains indiens vierges"},"content":{"rendered":"<p><img decoding=\"async\" loading=\"lazy\" class=\"size-full wp-image-9908 alignleft\" src=\"http:\/\/rebehair.com\/wp-content\/uploads\/2018\/06\/DIANA1.jpg\" alt=\"\" width=\"960\" height=\"440\" srcset=\"https:\/\/www.rebehair.com\/wp-content\/uploads\/2018\/06\/DIANA1.jpg 960w, https:\/\/www.rebehair.com\/wp-content\/uploads\/2018\/06\/DIANA1-800x367.jpg 800w, https:\/\/www.rebehair.com\/wp-content\/uploads\/2018\/06\/DIANA1-768x352.jpg 768w, https:\/\/www.rebehair.com\/wp-content\/uploads\/2018\/06\/DIANA1-125x57.jpg 125w, https:\/\/www.rebehair.com\/wp-content\/uploads\/2018\/06\/DIANA1-75x34.jpg 75w, https:\/\/www.rebehair.com\/wp-content\/uploads\/2018\/06\/DIANA1-600x275.jpg 600w\" sizes=\"(max-width: 960px) 100vw, 960px\" \/><\/p>\n<p>&nbsp;<\/p>\n<p>&nbsp;<\/p>\n<p>&nbsp;<\/p>\n<p>&nbsp;<\/p>\n<p>&nbsp;<\/p>\n<p>&nbsp;<\/p>\n<p>&nbsp;<\/p>\n<p>&nbsp;<\/p>\n<p>&nbsp;<\/p>\n<p>&nbsp;<\/p>\n<p><span style=\"font-size: 130%;\"><strong>Descriptions des cheveux indiens l\u00e2ches<\/strong><\/span><\/p>\n<p><strong>Type de cheveux:<\/strong> Tissage de cheveux<\/p>\n<p><strong>Mat\u00e9riau des cheveux\u00a0:<\/strong> Cheveux humains indiens vierges non transform\u00e9s 100%<\/p>\n<p><strong>Qualit\u00e9 des cheveux\u00a0:<\/strong> Cheveux de qualit\u00e9 7A<\/p>\n<p><strong>Texture des cheveux:<\/strong>\u00a0Vague l\u00e2che<\/p>\n<p><strong>Couleur de cheveux:<\/strong> Noir naturel<\/p>\n<p><strong>Longueur des cheveux:<\/strong>\u00a010 pouces \u00e0 30 pouces<\/p>\n<p><strong>Poids des cheveux\u00a0:<\/strong> 100 grammes<\/p>\n<p><strong>Temps de levage\u00a0:<\/strong> Plus de 6 mois avec des soins appropri\u00e9s<\/p>\n<p><strong>Quantit\u00e9 minimum d&#039;achat:<\/strong> 1 paquet<\/p>\n<p><strong>D\u00e9tails du forfait\u00a0:<\/strong> Sacs en PVC transparent<\/p>\n<p><strong>M\u00e9thodes de payement:<\/strong> Nous acceptons PayPal, Western Union, Money Gram et virement bancaire comme mode de paiement. PayPal est la m\u00e9thode rapide et s\u00fbre.<\/p>\n<p><strong>Informations sur la livraison:\u00a0<\/strong>Nous utilisons habituellement DHL pour exp\u00e9dier les commandes, nous exp\u00e9dierons la commande dans les 2 jours apr\u00e8s le paiement effectu\u00e9.<\/p>\n<p>Veuillez vous r\u00e9f\u00e9rer au tableau pour le d\u00e9lai de livraison\u00a0:<\/p>\n<p><span style=\"font-size: 120%;\"><strong style=\"font-size: 14.4px;\"><img decoding=\"async\" loading=\"lazy\" class=\"wp-image-9472 alignleft\" src=\"http:\/\/rebehair.com\/wp-content\/uploads\/2018\/06\/Delivery-Time-.png\" alt=\"\" width=\"487\" height=\"235\" srcset=\"https:\/\/www.rebehair.com\/wp-content\/uploads\/2018\/06\/Delivery-Time-.png 1266w, https:\/\/www.rebehair.com\/wp-content\/uploads\/2018\/06\/Delivery-Time--800x385.png 800w, https:\/\/www.rebehair.com\/wp-content\/uploads\/2018\/06\/Delivery-Time--768x370.png 768w, https:\/\/www.rebehair.com\/wp-content\/uploads\/2018\/06\/Delivery-Time--125x60.png 125w, https:\/\/www.rebehair.com\/wp-content\/uploads\/2018\/06\/Delivery-Time--75x36.png 75w, https:\/\/www.rebehair.com\/wp-content\/uploads\/2018\/06\/Delivery-Time--600x289.png 600w\" sizes=\"(max-width: 487px) 100vw, 487px\" \/><br \/>\n<\/strong><\/span><\/p>\n<p>&nbsp;<\/p>\n<p>&nbsp;<\/p>\n<p>&nbsp;<\/p>\n<p>&nbsp;<\/p>\n<p>&nbsp;<\/p>\n<p><span style=\"font-size: 130%;\"><strong><strong>FAQ sur les cheveux indiens l\u00e2ches<\/strong><\/strong><\/span><\/p>\n<p><span style=\"font-size: 105%;\"><strong>Q1\u00a0: De combien de m\u00e8ches de cheveux ai-je besoin pour coudre toute la t\u00eate\u00a0?<\/strong><\/span><\/p>\n<p style=\"text-align: left;\"><strong>A1\u00a0:\u00a0<\/strong>Habituellement, 2 \u00e0 4 m\u00e8ches suffisent pour une t\u00eate enti\u00e8re, la quantit\u00e9 est bas\u00e9e sur la longueur de cheveux que vous souhaitez.<\/p>\n<p style=\"text-align: left;\">\u00a0<img decoding=\"async\" loading=\"lazy\" class=\"size-full wp-image-9391\" src=\"http:\/\/rebehair.com\/wp-content\/uploads\/2018\/06\/bundles-quantity-_1.jpg\" alt=\"\" width=\"731\" height=\"113\" srcset=\"https:\/\/www.rebehair.com\/wp-content\/uploads\/2018\/06\/bundles-quantity-_1.jpg 731w, https:\/\/www.rebehair.com\/wp-content\/uploads\/2018\/06\/bundles-quantity-_1-125x19.jpg 125w, https:\/\/www.rebehair.com\/wp-content\/uploads\/2018\/06\/bundles-quantity-_1-75x12.jpg 75w, https:\/\/www.rebehair.com\/wp-content\/uploads\/2018\/06\/bundles-quantity-_1-600x93.jpg 600w\" sizes=\"(max-width: 731px) 100vw, 731px\" \/><\/p>\n<p style=\"text-align: left;\">\u00a0Vous pouvez \u00e9galement utiliser des m\u00e8ches de cheveux avec fermeture ou frontale assorties. Normalement, 3 m\u00e8ches de cheveux avec fermeture en dentelle d&#039;une seule pi\u00e8ce ou frontale en dentelle conviendront.<\/p>\n<p><span style=\"font-size: 105%;\"><strong>Q2 : Comment mesurer la bonne longueur pour les cheveux ondul\u00e9s et boucl\u00e9s ?<\/strong><\/span><\/p>\n<p><strong>A2\u00a0:<\/strong>\u00a0La bonne fa\u00e7on est d\u2019abord d\u2019\u00e9tirer les cheveux pour les lisser, puis de les mesurer de haut en bas.<\/p>\n<p><img decoding=\"async\" loading=\"lazy\" class=\"size-full wp-image-9906 alignleft\" src=\"http:\/\/rebehair.com\/wp-content\/uploads\/2018\/06\/\u672a\u6807\u9898-1.jpg\" alt=\"\" width=\"990\" height=\"228\" srcset=\"https:\/\/www.rebehair.com\/wp-content\/uploads\/2018\/06\/\u672a\u6807\u9898-1.jpg 990w, https:\/\/www.rebehair.com\/wp-content\/uploads\/2018\/06\/\u672a\u6807\u9898-1-800x184.jpg 800w, https:\/\/www.rebehair.com\/wp-content\/uploads\/2018\/06\/\u672a\u6807\u9898-1-768x177.jpg 768w, https:\/\/www.rebehair.com\/wp-content\/uploads\/2018\/06\/\u672a\u6807\u9898-1-125x29.jpg 125w, https:\/\/www.rebehair.com\/wp-content\/uploads\/2018\/06\/\u672a\u6807\u9898-1-75x17.jpg 75w, https:\/\/www.rebehair.com\/wp-content\/uploads\/2018\/06\/\u672a\u6807\u9898-1-600x138.jpg 600w\" sizes=\"(max-width: 990px) 100vw, 990px\" \/><\/p>\n<p>&nbsp;<\/p>\n<p>&nbsp;<\/p>\n<p>&nbsp;<\/p>\n<p>&nbsp;<\/p>\n<p>&nbsp;<\/p>\n<p>&nbsp;<\/p>\n<p><span style=\"font-size: 105%;\"><strong>Q3 : Comment identifier les cheveux humains des cheveux synth\u00e9tiques ?<\/strong><\/span><\/p>\n<p><strong>A3\u00a0:<\/strong>\u00a0Il est facile de voir la diff\u00e9rence. Vous pouvez en choisir un seul morceau et les identifier par combustion et odeur. Pour les cheveux humains, comme ils sont pleins de prot\u00e9ines naturelles, ils seront cendr\u00e9s et montreront de la fum\u00e9e blanche.<br \/>\nAlors que pour les cheveux synth\u00e9tiques, ce sera une boule collante et montrera de la fum\u00e9e noire.<\/p>\n<p><span style=\"font-size: 105%;\"><strong>Q4\u00a0:\u00a0Pourquoi mes cheveux s&#039;emm\u00ealent-ils ou se d\u00e9font-ils\u00a0?<\/strong><\/span><\/p>\n<p><strong>A4\u00a0:<\/strong> Les cheveux s&#039;emm\u00ealent \u00e0 cause de la s\u00e9cheresse, de l&#039;huile et de la salet\u00e9, veuillez ne pas les peigner (m\u00eame avec un peigne \u00e0 dents larges) dans ces conditions. Assurez-vous de laver vos cheveux deux fois par semaine. Si cela est d\u00fb au s\u00e9chage, veuillez utiliser un bon revitalisant pour le laver, n&#039;utilisez pas le shampooing, faites un traitement en profondeur avec.<\/p>\n<p>Franchement, seuls les cheveux vierges auront les pointes fourchues, les cheveux peuvent \u00eatre un peu secs apr\u00e8s avoir quitt\u00e9 les cheveux d&#039;un donneur car ils ont perdu la nutrition humaine. Vous pouvez mettre un peu d&#039;huile d&#039;olive pour les rendre bons.<\/p>\n<p>&nbsp;<\/p>","protected":false},"excerpt":{"rendered":"<p>Rebe Hair Grade 7A Loose Wave Hair Bundles, 100% Cheveux humains indiens vierges<\/p>","protected":false},"featured_media":9574,"comment_status":"open","ping_status":"closed","template":"","meta":[],"product_cat":[128,192],"product_tag":[245,243,244,228,246],"yoast_head":"<!-- This site is optimized with the Yoast SEO plugin v20.11 - https:\/\/yoast.com\/wordpress\/plugins\/seo\/ -->\n<title>Wholesale Virgin Indian Human Hair Loose Wave Grade 7A - RebeHair Extension Factory<\/title>\n<meta name=\"description\" content=\"Virgin Indian Human Hair Loose Wave Grade 7A - RebeHair Extension Factory\" \/>\n<meta name=\"robots\" content=\"index, follow, max-snippet:-1, max-image-preview:large, max-video-preview:-1\" \/>\n<link rel=\"canonical\" href=\"https:\/\/www.rebehair.com\/fr\/produit\/virgin-indian-human-hair-loose-wave-grade-7a\/\" \/>\n<meta property=\"og:locale\" content=\"fr_FR\" \/>\n<meta property=\"og:type\" content=\"article\" \/>\n<meta property=\"og:title\" content=\"Wholesale Virgin Indian Human Hair Loose Wave Grade 7A - RebeHair Extension Factory\" \/>\n<meta property=\"og:description\" content=\"Virgin Indian Human Hair Loose Wave Grade 7A - RebeHair Extension Factory\" \/>\n<meta property=\"og:url\" content=\"https:\/\/www.rebehair.com\/fr\/produit\/virgin-indian-human-hair-loose-wave-grade-7a\/\" \/>\n<meta property=\"og:site_name\" content=\"RebeHair Extension Factory\" \/>\n<meta property=\"article:modified_time\" content=\"2021-04-14T05:39:58+00:00\" \/>\n<meta property=\"og:image\" content=\"https:\/\/www.rebehair.com\/wp-content\/uploads\/2018\/06\/ds-lw-5-1.jpg\" \/>\n\t<meta property=\"og:image:width\" content=\"1001\" \/>\n\t<meta property=\"og:image:height\" content=\"1001\" \/>\n\t<meta property=\"og:image:type\" content=\"image\/jpeg\" \/>\n<meta name=\"twitter:card\" content=\"summary_large_image\" \/>\n<meta name=\"twitter:label1\" content=\"Dur\u00e9e de lecture estim\u00e9e\" \/>\n\t<meta name=\"twitter:data1\" content=\"2 minutes\" \/>\n<script type=\"application\/ld+json\" class=\"yoast-schema-graph\">{\"@context\":\"https:\/\/schema.org\",\"@graph\":[{\"@type\":\"WebPage\",\"@id\":\"https:\/\/www.rebehair.com\/product\/virgin-indian-human-hair-loose-wave-grade-7a\/\",\"url\":\"https:\/\/www.rebehair.com\/product\/virgin-indian-human-hair-loose-wave-grade-7a\/\",\"name\":\"Wholesale Virgin Indian Human Hair Loose Wave Grade 7A - RebeHair Extension Factory\",\"isPartOf\":{\"@id\":\"https:\/\/www.rebehair.com\/#website\"},\"datePublished\":\"2018-06-12T08:40:17+00:00\",\"dateModified\":\"2021-04-14T05:39:58+00:00\",\"description\":\"Virgin Indian Human Hair Loose Wave Grade 7A - RebeHair Extension Factory\",\"breadcrumb\":{\"@id\":\"https:\/\/www.rebehair.com\/product\/virgin-indian-human-hair-loose-wave-grade-7a\/#breadcrumb\"},\"inLanguage\":\"fr-FR\",\"potentialAction\":[{\"@type\":\"ReadAction\",\"target\":[\"https:\/\/www.rebehair.com\/product\/virgin-indian-human-hair-loose-wave-grade-7a\/\"]}]},{\"@type\":\"BreadcrumbList\",\"@id\":\"https:\/\/www.rebehair.com\/product\/virgin-indian-human-hair-loose-wave-grade-7a\/#breadcrumb\",\"itemListElement\":[{\"@type\":\"ListItem\",\"position\":1,\"name\":\"Home\",\"item\":\"https:\/\/www.rebehair.com\/\"},{\"@type\":\"ListItem\",\"position\":2,\"name\":\"Shop\",\"item\":\"https:\/\/www.rebehair.com\/shop\/\"},{\"@type\":\"ListItem\",\"position\":3,\"name\":\"Virgin Indian Human Hair Loose Wave Grade 7A\"}]},{\"@type\":\"WebSite\",\"@id\":\"https:\/\/www.rebehair.com\/#website\",\"url\":\"https:\/\/www.rebehair.com\/\",\"name\":\"RebeHair Extension Factory\",\"description\":\"\",\"potentialAction\":[{\"@type\":\"SearchAction\",\"target\":{\"@type\":\"EntryPoint\",\"urlTemplate\":\"https:\/\/www.rebehair.com\/?s={search_term_string}\"},\"query-input\":\"required name=search_term_string\"}],\"inLanguage\":\"fr-FR\"}]}<\/script>\n<!-- \/ Yoast SEO plugin. -->","yoast_head_json":{"title":"Wholesale Virgin Indian Human Hair Loose Wave Grade 7A - RebeHair Extension Factory","description":"Virgin Indian Human Hair Loose Wave Grade 7A - RebeHair Extension Factory","robots":{"index":"index","follow":"follow","max-snippet":"max-snippet:-1","max-image-preview":"max-image-preview:large","max-video-preview":"max-video-preview:-1"},"canonical":"https:\/\/www.rebehair.com\/fr\/produit\/virgin-indian-human-hair-loose-wave-grade-7a\/","og_locale":"fr_FR","og_type":"article","og_title":"Wholesale Virgin Indian Human Hair Loose Wave Grade 7A - RebeHair Extension Factory","og_description":"Virgin Indian Human Hair Loose Wave Grade 7A - RebeHair Extension Factory","og_url":"https:\/\/www.rebehair.com\/fr\/produit\/virgin-indian-human-hair-loose-wave-grade-7a\/","og_site_name":"RebeHair Extension Factory","article_modified_time":"2021-04-14T05:39:58+00:00","og_image":[{"width":1001,"height":1001,"url":"https:\/\/www.rebehair.com\/wp-content\/uploads\/2018\/06\/ds-lw-5-1.jpg","type":"image\/jpeg"}],"twitter_card":"summary_large_image","twitter_misc":{"Dur\u00e9e de lecture estim\u00e9e":"2 minutes"},"schema":{"@context":"https:\/\/schema.org","@graph":[{"@type":"WebPage","@id":"https:\/\/www.rebehair.com\/product\/virgin-indian-human-hair-loose-wave-grade-7a\/","url":"https:\/\/www.rebehair.com\/product\/virgin-indian-human-hair-loose-wave-grade-7a\/","name":"Wholesale Virgin Indian Human Hair Loose Wave Grade 7A - RebeHair Extension Factory","isPartOf":{"@id":"https:\/\/www.rebehair.com\/#website"},"datePublished":"2018-06-12T08:40:17+00:00","dateModified":"2021-04-14T05:39:58+00:00","description":"Virgin Indian Human Hair Loose Wave Grade 7A - RebeHair Extension Factory","breadcrumb":{"@id":"https:\/\/www.rebehair.com\/product\/virgin-indian-human-hair-loose-wave-grade-7a\/#breadcrumb"},"inLanguage":"fr-FR","potentialAction":[{"@type":"ReadAction","target":["https:\/\/www.rebehair.com\/product\/virgin-indian-human-hair-loose-wave-grade-7a\/"]}]},{"@type":"BreadcrumbList","@id":"https:\/\/www.rebehair.com\/product\/virgin-indian-human-hair-loose-wave-grade-7a\/#breadcrumb","itemListElement":[{"@type":"ListItem","position":1,"name":"Home","item":"https:\/\/www.rebehair.com\/"},{"@type":"ListItem","position":2,"name":"Shop","item":"https:\/\/www.rebehair.com\/shop\/"},{"@type":"ListItem","position":3,"name":"Virgin Indian Human Hair Loose Wave Grade 7A"}]},{"@type":"WebSite","@id":"https:\/\/www.rebehair.com\/#website","url":"https:\/\/www.rebehair.com\/","name":"RebeHair Extension Factory","description":"","potentialAction":[{"@type":"SearchAction","target":{"@type":"EntryPoint","urlTemplate":"https:\/\/www.rebehair.com\/?s={search_term_string}"},"query-input":"required name=search_term_string"}],"inLanguage":"fr-FR"}]}},"_links":{"self":[{"href":"https:\/\/www.rebehair.com\/fr\/wp-json\/wp\/v2\/product\/9562"}],"collection":[{"href":"https:\/\/www.rebehair.com\/fr\/wp-json\/wp\/v2\/product"}],"about":[{"href":"https:\/\/www.rebehair.com\/fr\/wp-json\/wp\/v2\/types\/product"}],"replies":[{"embeddable":true,"href":"https:\/\/www.rebehair.com\/fr\/wp-json\/wp\/v2\/comments?post=9562"}],"wp:featuredmedia":[{"embeddable":true,"href":"https:\/\/www.rebehair.com\/fr\/wp-json\/wp\/v2\/media\/9574"}],"wp:attachment":[{"href":"https:\/\/www.rebehair.com\/fr\/wp-json\/wp\/v2\/media?parent=9562"}],"wp:term":[{"taxonomy":"product_cat","embeddable":true,"href":"https:\/\/www.rebehair.com\/fr\/wp-json\/wp\/v2\/product_cat?post=9562"},{"taxonomy":"product_tag","embeddable":true,"href":"https:\/\/www.rebehair.com\/fr\/wp-json\/wp\/v2\/product_tag?post=9562"}],"curies":[{"name":"wp","href":"https:\/\/api.w.org\/{rel}","templated":true}]}}