
{"id":9438,"date":"2018-06-12T15:23:51","date_gmt":"2018-06-12T07:23:51","guid":{"rendered":"http:\/\/rebehair.com\/?post_type=product&#038;p=9438"},"modified":"2021-04-14T13:53:59","modified_gmt":"2021-04-14T05:53:59","slug":"malaysian-virgin-hair-loose-wave","status":"publish","type":"product","link":"https:\/\/www.rebehair.com\/fr\/produit\/malaysian-virgin-hair-loose-wave\/","title":{"rendered":"Vague l\u00e2che de cheveux vierges malaisiens de qualit\u00e9 7A"},"content":{"rendered":"<p><span style=\"font-size: 120%;\"><strong>Description du produit:<\/strong><\/span><\/p>\n<p>\u2666 Type de cheveux : cheveux vierges malaisiens.<\/p>\n<p><span style=\"font-size: 14.4px;\">\u2666 Poids des cheveux : <\/span>100g<\/p>\n<p>\u2666 Mod\u00e8le de cheveux\u00a0: vague l\u00e2che<\/p>\n<p>\u2666 Longueur des cheveux : 10\u2033-30\u2033<\/p>\n<p><span style=\"font-size: 14.4px;\">\u2666 Qualit\u00e9 des cheveux\u00a0: <\/span>7A<span style=\"font-size: 14.4px;\"> grade<\/span><\/p>\n<p>\u2666 Couleur des cheveux : Noir naturel<\/p>\n<p>\u2666 Courrier\u00a0: DHL<\/p>\n<p>\u2666 D\u00e9lai de livraison : 3-4 jours ouvrables<\/p>\n<p><span style=\"font-size: 14.4px;\">\u2666 Modes de paiement : <\/span>Pay Pal<span style=\"font-size: 14.4px;\">, western union, money gram, virement bancaire<\/span><\/p>\n<p>\u2666 Dur\u00e9e de vie : 6-12 mois<\/p>\n<p><!--more--><\/p>\n<p><!--more--><\/p>\n<p><span style=\"font-size: 120%;\"><strong>Instruction de soins:<\/strong><\/span><\/p>\n<p>\u2666 Co-lavage :<br \/>\nRincer les cheveux \u00e0 l&#039;eau ti\u00e8de dans un mouvement descendant.<br \/>\nCo-laver les cheveux avec un revitalisant riche en humidit\u00e9.<br \/>\nEn r\u00e9partissant le revitalisant dans les cheveux, utilisez votre doigt pour d\u00e9m\u00ealer doucement les cheveux.<br \/>\nRincer les cheveux pour enlever le revitalisant.<br \/>\nS\u00e9cher \u00e0 l&#039;air libre. Si ce n&#039;est pas possible, utilisez un diffuseur avec un s\u00e8che-cheveux \u00e0 feu chaud, n&#039;oubliez pas que trop de chaleur d\u00e9tendra la belle vague.<\/p>\n<p>\u2666 Soins quotidiens\u00a0:<br \/>\nVeuillez hydrater souvent vos m\u00e8ches avec un revitalisant de base biologique pour \u00e9viter les enchev\u00eatrements et la s\u00e9cheresse excessive.<\/p>\n<p><img decoding=\"async\" loading=\"lazy\" class=\"aligncenter size-full wp-image-9450\" src=\"http:\/\/rebehair.com\/wp-content\/uploads\/2018\/06\/ds-lw-1.jpg\" alt=\"\" width=\"1001\" height=\"1001\" srcset=\"https:\/\/www.rebehair.com\/wp-content\/uploads\/2018\/06\/ds-lw-1.jpg 1001w, https:\/\/www.rebehair.com\/wp-content\/uploads\/2018\/06\/ds-lw-1-280x280.jpg 280w, https:\/\/www.rebehair.com\/wp-content\/uploads\/2018\/06\/ds-lw-1-400x400.jpg 400w, https:\/\/www.rebehair.com\/wp-content\/uploads\/2018\/06\/ds-lw-1-768x768.jpg 768w, https:\/\/www.rebehair.com\/wp-content\/uploads\/2018\/06\/ds-lw-1-800x800.jpg 800w, https:\/\/www.rebehair.com\/wp-content\/uploads\/2018\/06\/ds-lw-1-125x125.jpg 125w, https:\/\/www.rebehair.com\/wp-content\/uploads\/2018\/06\/ds-lw-1-75x75.jpg 75w, https:\/\/www.rebehair.com\/wp-content\/uploads\/2018\/06\/ds-lw-1-300x300.jpg 300w, https:\/\/www.rebehair.com\/wp-content\/uploads\/2018\/06\/ds-lw-1-600x600.jpg 600w, https:\/\/www.rebehair.com\/wp-content\/uploads\/2018\/06\/ds-lw-1-100x100.jpg 100w\" sizes=\"(max-width: 1001px) 100vw, 1001px\" \/> <img decoding=\"async\" loading=\"lazy\" class=\"aligncenter size-full wp-image-9452\" src=\"http:\/\/rebehair.com\/wp-content\/uploads\/2018\/06\/ds-lw-3.jpg\" alt=\"\" width=\"1001\" height=\"1001\" srcset=\"https:\/\/www.rebehair.com\/wp-content\/uploads\/2018\/06\/ds-lw-3.jpg 1001w, https:\/\/www.rebehair.com\/wp-content\/uploads\/2018\/06\/ds-lw-3-280x280.jpg 280w, https:\/\/www.rebehair.com\/wp-content\/uploads\/2018\/06\/ds-lw-3-400x400.jpg 400w, https:\/\/www.rebehair.com\/wp-content\/uploads\/2018\/06\/ds-lw-3-768x768.jpg 768w, https:\/\/www.rebehair.com\/wp-content\/uploads\/2018\/06\/ds-lw-3-800x800.jpg 800w, https:\/\/www.rebehair.com\/wp-content\/uploads\/2018\/06\/ds-lw-3-125x125.jpg 125w, https:\/\/www.rebehair.com\/wp-content\/uploads\/2018\/06\/ds-lw-3-75x75.jpg 75w, https:\/\/www.rebehair.com\/wp-content\/uploads\/2018\/06\/ds-lw-3-300x300.jpg 300w, https:\/\/www.rebehair.com\/wp-content\/uploads\/2018\/06\/ds-lw-3-600x600.jpg 600w, https:\/\/www.rebehair.com\/wp-content\/uploads\/2018\/06\/ds-lw-3-100x100.jpg 100w\" sizes=\"(max-width: 1001px) 100vw, 1001px\" \/> <img decoding=\"async\" loading=\"lazy\" class=\"aligncenter size-full wp-image-9453\" src=\"http:\/\/rebehair.com\/wp-content\/uploads\/2018\/06\/ds-lw-4.jpg\" alt=\"\" width=\"1001\" height=\"1001\" srcset=\"https:\/\/www.rebehair.com\/wp-content\/uploads\/2018\/06\/ds-lw-4.jpg 1001w, https:\/\/www.rebehair.com\/wp-content\/uploads\/2018\/06\/ds-lw-4-280x280.jpg 280w, https:\/\/www.rebehair.com\/wp-content\/uploads\/2018\/06\/ds-lw-4-400x400.jpg 400w, https:\/\/www.rebehair.com\/wp-content\/uploads\/2018\/06\/ds-lw-4-768x768.jpg 768w, https:\/\/www.rebehair.com\/wp-content\/uploads\/2018\/06\/ds-lw-4-800x800.jpg 800w, https:\/\/www.rebehair.com\/wp-content\/uploads\/2018\/06\/ds-lw-4-125x125.jpg 125w, https:\/\/www.rebehair.com\/wp-content\/uploads\/2018\/06\/ds-lw-4-75x75.jpg 75w, https:\/\/www.rebehair.com\/wp-content\/uploads\/2018\/06\/ds-lw-4-300x300.jpg 300w, https:\/\/www.rebehair.com\/wp-content\/uploads\/2018\/06\/ds-lw-4-600x600.jpg 600w, https:\/\/www.rebehair.com\/wp-content\/uploads\/2018\/06\/ds-lw-4-100x100.jpg 100w\" sizes=\"(max-width: 1001px) 100vw, 1001px\" \/> <img decoding=\"async\" loading=\"lazy\" class=\"aligncenter size-full wp-image-9454\" src=\"http:\/\/rebehair.com\/wp-content\/uploads\/2018\/06\/ds-lw-5.jpg\" alt=\"\" width=\"1001\" height=\"1001\" srcset=\"https:\/\/www.rebehair.com\/wp-content\/uploads\/2018\/06\/ds-lw-5.jpg 1001w, https:\/\/www.rebehair.com\/wp-content\/uploads\/2018\/06\/ds-lw-5-280x280.jpg 280w, https:\/\/www.rebehair.com\/wp-content\/uploads\/2018\/06\/ds-lw-5-400x400.jpg 400w, https:\/\/www.rebehair.com\/wp-content\/uploads\/2018\/06\/ds-lw-5-768x768.jpg 768w, https:\/\/www.rebehair.com\/wp-content\/uploads\/2018\/06\/ds-lw-5-800x800.jpg 800w, https:\/\/www.rebehair.com\/wp-content\/uploads\/2018\/06\/ds-lw-5-125x125.jpg 125w, https:\/\/www.rebehair.com\/wp-content\/uploads\/2018\/06\/ds-lw-5-75x75.jpg 75w, https:\/\/www.rebehair.com\/wp-content\/uploads\/2018\/06\/ds-lw-5-300x300.jpg 300w, https:\/\/www.rebehair.com\/wp-content\/uploads\/2018\/06\/ds-lw-5-600x600.jpg 600w, https:\/\/www.rebehair.com\/wp-content\/uploads\/2018\/06\/ds-lw-5-100x100.jpg 100w\" sizes=\"(max-width: 1001px) 100vw, 1001px\" \/> <img decoding=\"async\" loading=\"lazy\" class=\"aligncenter size-full wp-image-9455\" src=\"http:\/\/rebehair.com\/wp-content\/uploads\/2018\/06\/ds-lw-6.jpg\" alt=\"\" width=\"1001\" height=\"1001\" srcset=\"https:\/\/www.rebehair.com\/wp-content\/uploads\/2018\/06\/ds-lw-6.jpg 1001w, https:\/\/www.rebehair.com\/wp-content\/uploads\/2018\/06\/ds-lw-6-280x280.jpg 280w, https:\/\/www.rebehair.com\/wp-content\/uploads\/2018\/06\/ds-lw-6-400x400.jpg 400w, https:\/\/www.rebehair.com\/wp-content\/uploads\/2018\/06\/ds-lw-6-768x768.jpg 768w, https:\/\/www.rebehair.com\/wp-content\/uploads\/2018\/06\/ds-lw-6-800x800.jpg 800w, https:\/\/www.rebehair.com\/wp-content\/uploads\/2018\/06\/ds-lw-6-125x125.jpg 125w, https:\/\/www.rebehair.com\/wp-content\/uploads\/2018\/06\/ds-lw-6-75x75.jpg 75w, https:\/\/www.rebehair.com\/wp-content\/uploads\/2018\/06\/ds-lw-6-300x300.jpg 300w, https:\/\/www.rebehair.com\/wp-content\/uploads\/2018\/06\/ds-lw-6-600x600.jpg 600w, https:\/\/www.rebehair.com\/wp-content\/uploads\/2018\/06\/ds-lw-6-100x100.jpg 100w\" sizes=\"(max-width: 1001px) 100vw, 1001px\" \/> <img decoding=\"async\" loading=\"lazy\" class=\"aligncenter size-full wp-image-9480\" src=\"http:\/\/rebehair.com\/wp-content\/uploads\/2018\/06\/Name-card.jpg\" alt=\"\" width=\"1001\" height=\"616\" srcset=\"https:\/\/www.rebehair.com\/wp-content\/uploads\/2018\/06\/Name-card.jpg 1001w, https:\/\/www.rebehair.com\/wp-content\/uploads\/2018\/06\/Name-card-650x400.jpg 650w, https:\/\/www.rebehair.com\/wp-content\/uploads\/2018\/06\/Name-card-768x473.jpg 768w, https:\/\/www.rebehair.com\/wp-content\/uploads\/2018\/06\/Name-card-125x77.jpg 125w, https:\/\/www.rebehair.com\/wp-content\/uploads\/2018\/06\/Name-card-75x46.jpg 75w, https:\/\/www.rebehair.com\/wp-content\/uploads\/2018\/06\/Name-card-600x369.jpg 600w\" sizes=\"(max-width: 1001px) 100vw, 1001px\" \/><img decoding=\"async\" loading=\"lazy\" class=\"aligncenter size-full wp-image-9757\" src=\"http:\/\/rebehair.com\/wp-content\/uploads\/2018\/06\/How-to-measure-hair-length-1.jpg\" alt=\"\" width=\"1001\" height=\"710\" srcset=\"https:\/\/www.rebehair.com\/wp-content\/uploads\/2018\/06\/How-to-measure-hair-length-1.jpg 1001w, https:\/\/www.rebehair.com\/wp-content\/uploads\/2018\/06\/How-to-measure-hair-length-1-564x400.jpg 564w, https:\/\/www.rebehair.com\/wp-content\/uploads\/2018\/06\/How-to-measure-hair-length-1-768x545.jpg 768w, https:\/\/www.rebehair.com\/wp-content\/uploads\/2018\/06\/How-to-measure-hair-length-1-125x89.jpg 125w, https:\/\/www.rebehair.com\/wp-content\/uploads\/2018\/06\/How-to-measure-hair-length-1-75x53.jpg 75w, https:\/\/www.rebehair.com\/wp-content\/uploads\/2018\/06\/How-to-measure-hair-length-1-600x426.jpg 600w\" sizes=\"(max-width: 1001px) 100vw, 1001px\" \/><\/p>\n<p><img decoding=\"async\" loading=\"lazy\" class=\"size-full wp-image-9316 aligncenter\" src=\"http:\/\/rebehair.com\/wp-content\/uploads\/2018\/06\/rebe_hair_factory-3.jpg\" alt=\"Rebe Hair Factory Workshop 4\" width=\"1000\" height=\"666\" srcset=\"https:\/\/www.rebehair.com\/wp-content\/uploads\/2018\/06\/rebe_hair_factory-3.jpg 1000w, https:\/\/www.rebehair.com\/wp-content\/uploads\/2018\/06\/rebe_hair_factory-3-601x400.jpg 601w, https:\/\/www.rebehair.com\/wp-content\/uploads\/2018\/06\/rebe_hair_factory-3-768x511.jpg 768w, https:\/\/www.rebehair.com\/wp-content\/uploads\/2018\/06\/rebe_hair_factory-3-125x83.jpg 125w, https:\/\/www.rebehair.com\/wp-content\/uploads\/2018\/06\/rebe_hair_factory-3-75x50.jpg 75w, https:\/\/www.rebehair.com\/wp-content\/uploads\/2018\/06\/rebe_hair_factory-3-600x400.jpg 600w\" sizes=\"(max-width: 1000px) 100vw, 1000px\" \/><\/p>\n<p><img decoding=\"async\" loading=\"lazy\" class=\"size-full wp-image-9315 aligncenter\" src=\"http:\/\/rebehair.com\/wp-content\/uploads\/2018\/06\/rebe_hair_factory-2.jpg\" alt=\"Rebe Hair Factory Workshop 2\" width=\"1000\" height=\"666\" srcset=\"https:\/\/www.rebehair.com\/wp-content\/uploads\/2018\/06\/rebe_hair_factory-2.jpg 1000w, https:\/\/www.rebehair.com\/wp-content\/uploads\/2018\/06\/rebe_hair_factory-2-601x400.jpg 601w, https:\/\/www.rebehair.com\/wp-content\/uploads\/2018\/06\/rebe_hair_factory-2-768x511.jpg 768w, https:\/\/www.rebehair.com\/wp-content\/uploads\/2018\/06\/rebe_hair_factory-2-125x83.jpg 125w, https:\/\/www.rebehair.com\/wp-content\/uploads\/2018\/06\/rebe_hair_factory-2-75x50.jpg 75w, https:\/\/www.rebehair.com\/wp-content\/uploads\/2018\/06\/rebe_hair_factory-2-600x400.jpg 600w\" sizes=\"(max-width: 1000px) 100vw, 1000px\" \/><\/p>\n<p>&nbsp;<\/p>","protected":false},"excerpt":{"rendered":"<p>\u2660 Cheveux humains 100% sans fibres ni poils d&#039;animaux<\/p>\n<p>\u2660 Cuticules compl\u00e8tes align\u00e9es dans la m\u00eame direction<\/p>\n<p>\u2660 Grand stock disponible pour exp\u00e9dition imm\u00e9diate<\/p>\n<p>\u2660 Plusieurs longueurs pour choisir 10\u2033-30\u2033<\/p>","protected":false},"featured_media":9450,"comment_status":"open","ping_status":"closed","template":"","meta":[],"product_cat":[128,191],"product_tag":[223,226,222,225,224],"yoast_head":"<!-- This site is optimized with the Yoast SEO plugin v20.11 - https:\/\/yoast.com\/wordpress\/plugins\/seo\/ -->\n<title>Wholesale 7A Grade Malaysian Virgin Hair Loose Wave - RebeHair Extension Factory<\/title>\n<meta name=\"description\" content=\"7A Grade Malaysian Virgin Hair Loose Wave - RebeHair Extension Factory\" \/>\n<meta name=\"robots\" content=\"index, follow, max-snippet:-1, max-image-preview:large, max-video-preview:-1\" \/>\n<link rel=\"canonical\" href=\"https:\/\/www.rebehair.com\/fr\/produit\/malaysian-virgin-hair-loose-wave\/\" \/>\n<meta property=\"og:locale\" content=\"fr_FR\" \/>\n<meta property=\"og:type\" content=\"article\" \/>\n<meta property=\"og:title\" content=\"Wholesale 7A Grade Malaysian Virgin Hair Loose Wave - RebeHair Extension Factory\" \/>\n<meta property=\"og:description\" content=\"7A Grade Malaysian Virgin Hair Loose Wave - RebeHair Extension Factory\" \/>\n<meta property=\"og:url\" content=\"https:\/\/www.rebehair.com\/fr\/produit\/malaysian-virgin-hair-loose-wave\/\" \/>\n<meta property=\"og:site_name\" content=\"RebeHair Extension Factory\" \/>\n<meta property=\"article:modified_time\" content=\"2021-04-14T05:53:59+00:00\" \/>\n<meta property=\"og:image\" content=\"https:\/\/www.rebehair.com\/wp-content\/uploads\/2018\/06\/ds-lw-1.jpg\" \/>\n\t<meta property=\"og:image:width\" content=\"1001\" \/>\n\t<meta property=\"og:image:height\" content=\"1001\" \/>\n\t<meta property=\"og:image:type\" content=\"image\/jpeg\" \/>\n<meta name=\"twitter:card\" content=\"summary_large_image\" \/>\n<meta name=\"twitter:label1\" content=\"Dur\u00e9e de lecture estim\u00e9e\" \/>\n\t<meta name=\"twitter:data1\" content=\"1 minute\" \/>\n<script type=\"application\/ld+json\" class=\"yoast-schema-graph\">{\"@context\":\"https:\/\/schema.org\",\"@graph\":[{\"@type\":\"WebPage\",\"@id\":\"https:\/\/www.rebehair.com\/product\/malaysian-virgin-hair-loose-wave\/\",\"url\":\"https:\/\/www.rebehair.com\/product\/malaysian-virgin-hair-loose-wave\/\",\"name\":\"Wholesale 7A Grade Malaysian Virgin Hair Loose Wave - RebeHair Extension Factory\",\"isPartOf\":{\"@id\":\"https:\/\/www.rebehair.com\/#website\"},\"datePublished\":\"2018-06-12T07:23:51+00:00\",\"dateModified\":\"2021-04-14T05:53:59+00:00\",\"description\":\"7A Grade Malaysian Virgin Hair Loose Wave - RebeHair Extension Factory\",\"breadcrumb\":{\"@id\":\"https:\/\/www.rebehair.com\/product\/malaysian-virgin-hair-loose-wave\/#breadcrumb\"},\"inLanguage\":\"fr-FR\",\"potentialAction\":[{\"@type\":\"ReadAction\",\"target\":[\"https:\/\/www.rebehair.com\/product\/malaysian-virgin-hair-loose-wave\/\"]}]},{\"@type\":\"BreadcrumbList\",\"@id\":\"https:\/\/www.rebehair.com\/product\/malaysian-virgin-hair-loose-wave\/#breadcrumb\",\"itemListElement\":[{\"@type\":\"ListItem\",\"position\":1,\"name\":\"Home\",\"item\":\"https:\/\/www.rebehair.com\/\"},{\"@type\":\"ListItem\",\"position\":2,\"name\":\"Shop\",\"item\":\"https:\/\/www.rebehair.com\/shop\/\"},{\"@type\":\"ListItem\",\"position\":3,\"name\":\"7A Grade Malaysian Virgin Hair Loose Wave\"}]},{\"@type\":\"WebSite\",\"@id\":\"https:\/\/www.rebehair.com\/#website\",\"url\":\"https:\/\/www.rebehair.com\/\",\"name\":\"RebeHair Extension Factory\",\"description\":\"\",\"potentialAction\":[{\"@type\":\"SearchAction\",\"target\":{\"@type\":\"EntryPoint\",\"urlTemplate\":\"https:\/\/www.rebehair.com\/?s={search_term_string}\"},\"query-input\":\"required name=search_term_string\"}],\"inLanguage\":\"fr-FR\"}]}<\/script>\n<!-- \/ Yoast SEO plugin. -->","yoast_head_json":{"title":"Wholesale 7A Grade Malaysian Virgin Hair Loose Wave - RebeHair Extension Factory","description":"7A Grade Malaysian Virgin Hair Loose Wave - RebeHair Extension Factory","robots":{"index":"index","follow":"follow","max-snippet":"max-snippet:-1","max-image-preview":"max-image-preview:large","max-video-preview":"max-video-preview:-1"},"canonical":"https:\/\/www.rebehair.com\/fr\/produit\/malaysian-virgin-hair-loose-wave\/","og_locale":"fr_FR","og_type":"article","og_title":"Wholesale 7A Grade Malaysian Virgin Hair Loose Wave - RebeHair Extension Factory","og_description":"7A Grade Malaysian Virgin Hair Loose Wave - RebeHair Extension Factory","og_url":"https:\/\/www.rebehair.com\/fr\/produit\/malaysian-virgin-hair-loose-wave\/","og_site_name":"RebeHair Extension Factory","article_modified_time":"2021-04-14T05:53:59+00:00","og_image":[{"width":1001,"height":1001,"url":"https:\/\/www.rebehair.com\/wp-content\/uploads\/2018\/06\/ds-lw-1.jpg","type":"image\/jpeg"}],"twitter_card":"summary_large_image","twitter_misc":{"Dur\u00e9e de lecture estim\u00e9e":"1 minute"},"schema":{"@context":"https:\/\/schema.org","@graph":[{"@type":"WebPage","@id":"https:\/\/www.rebehair.com\/product\/malaysian-virgin-hair-loose-wave\/","url":"https:\/\/www.rebehair.com\/product\/malaysian-virgin-hair-loose-wave\/","name":"Wholesale 7A Grade Malaysian Virgin Hair Loose Wave - RebeHair Extension Factory","isPartOf":{"@id":"https:\/\/www.rebehair.com\/#website"},"datePublished":"2018-06-12T07:23:51+00:00","dateModified":"2021-04-14T05:53:59+00:00","description":"7A Grade Malaysian Virgin Hair Loose Wave - RebeHair Extension Factory","breadcrumb":{"@id":"https:\/\/www.rebehair.com\/product\/malaysian-virgin-hair-loose-wave\/#breadcrumb"},"inLanguage":"fr-FR","potentialAction":[{"@type":"ReadAction","target":["https:\/\/www.rebehair.com\/product\/malaysian-virgin-hair-loose-wave\/"]}]},{"@type":"BreadcrumbList","@id":"https:\/\/www.rebehair.com\/product\/malaysian-virgin-hair-loose-wave\/#breadcrumb","itemListElement":[{"@type":"ListItem","position":1,"name":"Home","item":"https:\/\/www.rebehair.com\/"},{"@type":"ListItem","position":2,"name":"Shop","item":"https:\/\/www.rebehair.com\/shop\/"},{"@type":"ListItem","position":3,"name":"7A Grade Malaysian Virgin Hair Loose Wave"}]},{"@type":"WebSite","@id":"https:\/\/www.rebehair.com\/#website","url":"https:\/\/www.rebehair.com\/","name":"RebeHair Extension Factory","description":"","potentialAction":[{"@type":"SearchAction","target":{"@type":"EntryPoint","urlTemplate":"https:\/\/www.rebehair.com\/?s={search_term_string}"},"query-input":"required name=search_term_string"}],"inLanguage":"fr-FR"}]}},"_links":{"self":[{"href":"https:\/\/www.rebehair.com\/fr\/wp-json\/wp\/v2\/product\/9438"}],"collection":[{"href":"https:\/\/www.rebehair.com\/fr\/wp-json\/wp\/v2\/product"}],"about":[{"href":"https:\/\/www.rebehair.com\/fr\/wp-json\/wp\/v2\/types\/product"}],"replies":[{"embeddable":true,"href":"https:\/\/www.rebehair.com\/fr\/wp-json\/wp\/v2\/comments?post=9438"}],"wp:featuredmedia":[{"embeddable":true,"href":"https:\/\/www.rebehair.com\/fr\/wp-json\/wp\/v2\/media\/9450"}],"wp:attachment":[{"href":"https:\/\/www.rebehair.com\/fr\/wp-json\/wp\/v2\/media?parent=9438"}],"wp:term":[{"taxonomy":"product_cat","embeddable":true,"href":"https:\/\/www.rebehair.com\/fr\/wp-json\/wp\/v2\/product_cat?post=9438"},{"taxonomy":"product_tag","embeddable":true,"href":"https:\/\/www.rebehair.com\/fr\/wp-json\/wp\/v2\/product_tag?post=9438"}],"curies":[{"name":"wp","href":"https:\/\/api.w.org\/{rel}","templated":true}]}}