
{"id":14956,"date":"2024-06-18T15:35:54","date_gmt":"2024-06-18T07:35:54","guid":{"rendered":"https:\/\/www.rebehair.com\/?post_type=product&#038;p=14956"},"modified":"2024-06-19T15:07:38","modified_gmt":"2024-06-19T07:07:38","slug":"genius-wefts-jet-black-1-60g","status":"publish","type":"product","link":"https:\/\/www.rebehair.com\/fr\/produit\/genius-wefts-jet-black-1-60g\/","title":{"rendered":"Trames Genius Noir de jais 1# 60 g"},"content":{"rendered":"<h2><strong>Trames de g\u00e9nie<\/strong><\/h2>\n<p>Les trames Genius sont les plus r\u00e9centes et les plus fines du march\u00e9. Elles se distinguent des autres trames par l&#039;absence de poils de retour, aussi appel\u00e9s barbe\/moustache. Elles peuvent \u00eatre coup\u00e9es n&#039;importe o\u00f9. Excellentes trames hybrides, elles combinent tous les avantages d&#039;une trame machine dans une trame fine et nou\u00e9e \u00e0 la main. Adapt\u00e9es \u00e0 tous les types de cheveux, qu&#039;ils soient boucl\u00e9s et volumineux ou raides et lisses, elles s&#039;int\u00e8grent parfaitement \u00e0 votre chevelure, vous permettant d&#039;afficher confiance et charme.<\/p>\n<h3><strong>Sp\u00e9cifications du produit<\/strong><\/h3>\n<p><span style=\"font-size: 100%;\"><b>Mat\u00e9riel: <\/b>Cheveux humains vierges 100%<\/span><\/p>\n<p><strong>Texture: <\/strong>Cheveux raides<\/p>\n<p><span style=\"font-size: 100%;\"><strong>Couleur: <\/strong>1# Noir de jais<\/span><\/p>\n<p><span style=\"font-size: 100%;\"><strong>Longueur:\u00a0<\/strong>18 pouces et 22 pouces<\/span><\/p>\n<p><span style=\"font-size: 100%;\"><strong>Poids: <\/strong>60 grammes<\/span><\/p>\n<p><strong>\u00c9paisseur: <\/strong>0,7 mm<\/p>\n<p><a href=\"https:\/\/www.rebehair.com\/wp-content\/uploads\/2024\/06\/QQ\u6d4f\u89c8\u5668\u622a\u56fe20240619145604-1.png\"><img decoding=\"async\" loading=\"lazy\" class=\"alignnone wp-image-15002\" src=\"https:\/\/www.rebehair.com\/wp-content\/uploads\/2024\/06\/QQ\u6d4f\u89c8\u5668\u622a\u56fe20240619145604-1.png\" alt=\"\" width=\"853\" height=\"317\" srcset=\"https:\/\/www.rebehair.com\/wp-content\/uploads\/2024\/06\/QQ\u6d4f\u89c8\u5668\u622a\u56fe20240619145604-1.png 1338w, https:\/\/www.rebehair.com\/wp-content\/uploads\/2024\/06\/QQ\u6d4f\u89c8\u5668\u622a\u56fe20240619145604-1-800x297.png 800w, https:\/\/www.rebehair.com\/wp-content\/uploads\/2024\/06\/QQ\u6d4f\u89c8\u5668\u622a\u56fe20240619145604-1-768x285.png 768w, https:\/\/www.rebehair.com\/wp-content\/uploads\/2024\/06\/QQ\u6d4f\u89c8\u5668\u622a\u56fe20240619145604-1-125x46.png 125w, https:\/\/www.rebehair.com\/wp-content\/uploads\/2024\/06\/QQ\u6d4f\u89c8\u5668\u622a\u56fe20240619145604-1-75x28.png 75w, https:\/\/www.rebehair.com\/wp-content\/uploads\/2024\/06\/QQ\u6d4f\u89c8\u5668\u622a\u56fe20240619145604-1-18x7.png 18w, https:\/\/www.rebehair.com\/wp-content\/uploads\/2024\/06\/QQ\u6d4f\u89c8\u5668\u622a\u56fe20240619145604-1-600x223.png 600w\" sizes=\"(max-width: 853px) 100vw, 853px\" \/><\/a><\/p>\n<p><a href=\"https:\/\/www.rebehair.com\/wp-content\/uploads\/2024\/06\/987a3024-dc32-473d-ac7f-1b4e669f616b.__CR04146882900_PT0_SX970_V1___.jpg\"><img decoding=\"async\" loading=\"lazy\" class=\"alignnone wp-image-14976\" src=\"https:\/\/www.rebehair.com\/wp-content\/uploads\/2024\/06\/987a3024-dc32-473d-ac7f-1b4e669f616b.__CR04146882900_PT0_SX970_V1___.jpg\" alt=\"\" width=\"853\" height=\"528\" srcset=\"https:\/\/www.rebehair.com\/wp-content\/uploads\/2024\/06\/987a3024-dc32-473d-ac7f-1b4e669f616b.__CR04146882900_PT0_SX970_V1___.jpg 970w, https:\/\/www.rebehair.com\/wp-content\/uploads\/2024\/06\/987a3024-dc32-473d-ac7f-1b4e669f616b.__CR04146882900_PT0_SX970_V1___-647x400.jpg 647w, https:\/\/www.rebehair.com\/wp-content\/uploads\/2024\/06\/987a3024-dc32-473d-ac7f-1b4e669f616b.__CR04146882900_PT0_SX970_V1___-768x475.jpg 768w, https:\/\/www.rebehair.com\/wp-content\/uploads\/2024\/06\/987a3024-dc32-473d-ac7f-1b4e669f616b.__CR04146882900_PT0_SX970_V1___-125x77.jpg 125w, https:\/\/www.rebehair.com\/wp-content\/uploads\/2024\/06\/987a3024-dc32-473d-ac7f-1b4e669f616b.__CR04146882900_PT0_SX970_V1___-75x46.jpg 75w, https:\/\/www.rebehair.com\/wp-content\/uploads\/2024\/06\/987a3024-dc32-473d-ac7f-1b4e669f616b.__CR04146882900_PT0_SX970_V1___-18x12.jpg 18w, https:\/\/www.rebehair.com\/wp-content\/uploads\/2024\/06\/987a3024-dc32-473d-ac7f-1b4e669f616b.__CR04146882900_PT0_SX970_V1___-600x371.jpg 600w\" sizes=\"(max-width: 853px) 100vw, 853px\" \/><\/a><\/p>\n<p><a href=\"https:\/\/www.rebehair.com\/wp-content\/uploads\/2024\/06\/d27c3997-7484-4bac-8a4d-430f81d0db3f.__CR00800600_PT0_SX800_V1___.jpg\"><img decoding=\"async\" loading=\"lazy\" class=\"alignnone wp-image-14972\" src=\"https:\/\/www.rebehair.com\/wp-content\/uploads\/2024\/06\/d27c3997-7484-4bac-8a4d-430f81d0db3f.__CR00800600_PT0_SX800_V1___.jpg\" alt=\"\" width=\"847\" height=\"635\" srcset=\"https:\/\/www.rebehair.com\/wp-content\/uploads\/2024\/06\/d27c3997-7484-4bac-8a4d-430f81d0db3f.__CR00800600_PT0_SX800_V1___.jpg 800w, https:\/\/www.rebehair.com\/wp-content\/uploads\/2024\/06\/d27c3997-7484-4bac-8a4d-430f81d0db3f.__CR00800600_PT0_SX800_V1___-533x400.jpg 533w, https:\/\/www.rebehair.com\/wp-content\/uploads\/2024\/06\/d27c3997-7484-4bac-8a4d-430f81d0db3f.__CR00800600_PT0_SX800_V1___-768x576.jpg 768w, https:\/\/www.rebehair.com\/wp-content\/uploads\/2024\/06\/d27c3997-7484-4bac-8a4d-430f81d0db3f.__CR00800600_PT0_SX800_V1___-125x94.jpg 125w, https:\/\/www.rebehair.com\/wp-content\/uploads\/2024\/06\/d27c3997-7484-4bac-8a4d-430f81d0db3f.__CR00800600_PT0_SX800_V1___-75x56.jpg 75w, https:\/\/www.rebehair.com\/wp-content\/uploads\/2024\/06\/d27c3997-7484-4bac-8a4d-430f81d0db3f.__CR00800600_PT0_SX800_V1___-16x12.jpg 16w, https:\/\/www.rebehair.com\/wp-content\/uploads\/2024\/06\/d27c3997-7484-4bac-8a4d-430f81d0db3f.__CR00800600_PT0_SX800_V1___-600x450.jpg 600w\" sizes=\"(max-width: 847px) 100vw, 847px\" \/><\/a><\/p>\n<h3><strong><span style=\"font-size: 90%;\">Comment choisir les extensions de cheveux en trame pour un look naturel ?<\/span><\/strong><\/h3>\n<ul class=\"a-unordered-list a-vertical\">\n<li><span class=\"a-list-item\">Longueur et volume\u00a0: Tenez compte de la longueur et du volume souhait\u00e9s. Choisissez les extensions en fonction de vos pr\u00e9f\u00e9rences et du look souhait\u00e9.<\/span><\/li>\n<li><span class=\"a-list-item\">Couleur : Faites correspondre les extensions \u00e0 la couleur naturelle des cheveux et envisagez une teinte l\u00e9g\u00e8rement diff\u00e9rente si vous pr\u00e9voyez de teindre les cheveux.<\/span><\/li>\n<li><span class=\"a-list-item\">M\u00e9thode utilis\u00e9e\u00a0: La trame peut \u00eatre fix\u00e9e par couture, collage ou microbilles. \u00c9tudiez les avantages et les inconv\u00e9nients pour trouver la m\u00e9thode la plus adapt\u00e9e.<\/span><\/li>\n<li><span class=\"a-list-item\">Consultez un professionnel\u00a0: En cas de doute ou de besoin d&#039;aide, consultez un coiffeur sp\u00e9cialis\u00e9 dans les extensions. Il pourra vous guider et assurer une pose parfaite.<\/span><\/li>\n<\/ul>\n<h3><strong>Comment entretenir les trames Genius ?<\/strong><\/h3>\n<ul>\n<li class=\"aplus-p2\">Brossez vos cheveux doucement avec un <span class=\"a-text-bold\">peigne \u00e0 dents larges<\/span>.<\/li>\n<li class=\"aplus-p2\">Utiliser <span class=\"a-text-bold\">shampoing doux et apr\u00e8s-shampoing sans sulfate<\/span>. assurez-vous que la trame est\u00a0<span class=\"a-text-bold\">compl\u00e8tement tremp\u00e9<\/span>\u00a0avant d&#039;utiliser le shampoing pour \u00e9viter les n\u0153uds. Laissez agir l&#039;apr\u00e8s-shampoing pendant environ\u00a0<span class=\"a-text-bold\">15 minutes<\/span>.<\/li>\n<li class=\"aplus-p2\">Utilisez votre huile ou votre masque capillaire ou autre<span class=\"a-text-bold\">\u00a0produits de soins capillaires<\/span>\u00a0pour nourrir vos extensions.<\/li>\n<li class=\"aplus-p2\">Utilisez des outils de coiffage chauffants sur un <span class=\"a-text-bold\">r\u00e9glage faible \u00e0 moyen<\/span>\u00a0pour \u00e9viter d&#039;endommager les extensions.<\/li>\n<\/ul>\n<p>&nbsp;<\/p>","protected":false},"excerpt":{"rendered":"<p>Trames professionnelles Genius de Rebe Hair, 60 g par lot<\/p>\n<ul>\n<li><strong>Personnalisable :<\/strong>\u00a0Coupez \u00e0 n&#039;importe quelle taille pour un ajustement parfait et sur mesure.<\/li>\n<li><strong>Sans silicone :<\/strong>\u00a0Pr\u00e9serve l\u2019int\u00e9grit\u00e9 naturelle des vrais cheveux humains.<\/li>\n<li><strong>Ultra-mince :<\/strong>\u00a0Se pose \u00e0 plat et confortablement sur la t\u00eate pour un look sans couture.<\/li>\n<li><strong>Facile \u00e0 coiffer :<\/strong>\u00a0Peut \u00eatre boucl\u00e9, liss\u00e9, coup\u00e9, lav\u00e9 et s\u00e9ch\u00e9 comme des cheveux naturels.<\/li>\n<\/ul>","protected":false},"featured_media":14967,"comment_status":"open","ping_status":"closed","template":"","meta":[],"product_cat":[206],"product_tag":[614,620,618,615,616,619,617],"yoast_head":"<!-- This site is optimized with the Yoast SEO plugin v20.11 - https:\/\/yoast.com\/wordpress\/plugins\/seo\/ -->\n<title>Wholesale Genius Wefts Jet Black 1# 60g - RebeHair Extension Factory<\/title>\n<meta name=\"description\" content=\"Genius Wefts Jet Black 1# 60g - RebeHair Extension Factory\" \/>\n<meta name=\"robots\" content=\"index, follow, max-snippet:-1, max-image-preview:large, max-video-preview:-1\" \/>\n<link rel=\"canonical\" href=\"https:\/\/www.rebehair.com\/fr\/produit\/genius-wefts-jet-black-1-60g\/\" \/>\n<meta property=\"og:locale\" content=\"fr_FR\" \/>\n<meta property=\"og:type\" content=\"article\" \/>\n<meta property=\"og:title\" content=\"Wholesale Genius Wefts Jet Black 1# 60g - RebeHair Extension Factory\" \/>\n<meta property=\"og:description\" content=\"Genius Wefts Jet Black 1# 60g - RebeHair Extension Factory\" \/>\n<meta property=\"og:url\" content=\"https:\/\/www.rebehair.com\/fr\/produit\/genius-wefts-jet-black-1-60g\/\" \/>\n<meta property=\"og:site_name\" content=\"RebeHair Extension Factory\" \/>\n<meta property=\"article:modified_time\" content=\"2024-06-19T07:07:38+00:00\" \/>\n<meta property=\"og:image\" content=\"https:\/\/www.rebehair.com\/wp-content\/uploads\/2024\/06\/genius-wefts-1-2.jpg\" \/>\n\t<meta property=\"og:image:width\" content=\"1601\" \/>\n\t<meta property=\"og:image:height\" content=\"1601\" \/>\n\t<meta property=\"og:image:type\" content=\"image\/jpeg\" \/>\n<meta name=\"twitter:card\" content=\"summary_large_image\" \/>\n<meta name=\"twitter:label1\" content=\"Dur\u00e9e de lecture estim\u00e9e\" \/>\n\t<meta name=\"twitter:data1\" content=\"2 minutes\" \/>\n<script type=\"application\/ld+json\" class=\"yoast-schema-graph\">{\"@context\":\"https:\/\/schema.org\",\"@graph\":[{\"@type\":\"WebPage\",\"@id\":\"https:\/\/www.rebehair.com\/product\/genius-wefts-jet-black-1-60g\/\",\"url\":\"https:\/\/www.rebehair.com\/product\/genius-wefts-jet-black-1-60g\/\",\"name\":\"Wholesale Genius Wefts Jet Black 1# 60g - RebeHair Extension Factory\",\"isPartOf\":{\"@id\":\"https:\/\/www.rebehair.com\/#website\"},\"datePublished\":\"2024-06-18T07:35:54+00:00\",\"dateModified\":\"2024-06-19T07:07:38+00:00\",\"description\":\"Genius Wefts Jet Black 1# 60g - RebeHair Extension Factory\",\"breadcrumb\":{\"@id\":\"https:\/\/www.rebehair.com\/product\/genius-wefts-jet-black-1-60g\/#breadcrumb\"},\"inLanguage\":\"fr-FR\",\"potentialAction\":[{\"@type\":\"ReadAction\",\"target\":[\"https:\/\/www.rebehair.com\/product\/genius-wefts-jet-black-1-60g\/\"]}]},{\"@type\":\"BreadcrumbList\",\"@id\":\"https:\/\/www.rebehair.com\/product\/genius-wefts-jet-black-1-60g\/#breadcrumb\",\"itemListElement\":[{\"@type\":\"ListItem\",\"position\":1,\"name\":\"Home\",\"item\":\"https:\/\/www.rebehair.com\/\"},{\"@type\":\"ListItem\",\"position\":2,\"name\":\"Shop\",\"item\":\"https:\/\/www.rebehair.com\/shop\/\"},{\"@type\":\"ListItem\",\"position\":3,\"name\":\"Genius Wefts Jet Black 1# 60g\"}]},{\"@type\":\"WebSite\",\"@id\":\"https:\/\/www.rebehair.com\/#website\",\"url\":\"https:\/\/www.rebehair.com\/\",\"name\":\"RebeHair Extension Factory\",\"description\":\"\",\"potentialAction\":[{\"@type\":\"SearchAction\",\"target\":{\"@type\":\"EntryPoint\",\"urlTemplate\":\"https:\/\/www.rebehair.com\/?s={search_term_string}\"},\"query-input\":\"required name=search_term_string\"}],\"inLanguage\":\"fr-FR\"}]}<\/script>\n<!-- \/ Yoast SEO plugin. -->","yoast_head_json":{"title":"Wholesale Genius Wefts Jet Black 1# 60g - RebeHair Extension Factory","description":"Genius Wefts Jet Black 1# 60g - RebeHair Extension Factory","robots":{"index":"index","follow":"follow","max-snippet":"max-snippet:-1","max-image-preview":"max-image-preview:large","max-video-preview":"max-video-preview:-1"},"canonical":"https:\/\/www.rebehair.com\/fr\/produit\/genius-wefts-jet-black-1-60g\/","og_locale":"fr_FR","og_type":"article","og_title":"Wholesale Genius Wefts Jet Black 1# 60g - RebeHair Extension Factory","og_description":"Genius Wefts Jet Black 1# 60g - RebeHair Extension Factory","og_url":"https:\/\/www.rebehair.com\/fr\/produit\/genius-wefts-jet-black-1-60g\/","og_site_name":"RebeHair Extension Factory","article_modified_time":"2024-06-19T07:07:38+00:00","og_image":[{"width":1601,"height":1601,"url":"https:\/\/www.rebehair.com\/wp-content\/uploads\/2024\/06\/genius-wefts-1-2.jpg","type":"image\/jpeg"}],"twitter_card":"summary_large_image","twitter_misc":{"Dur\u00e9e de lecture estim\u00e9e":"2 minutes"},"schema":{"@context":"https:\/\/schema.org","@graph":[{"@type":"WebPage","@id":"https:\/\/www.rebehair.com\/product\/genius-wefts-jet-black-1-60g\/","url":"https:\/\/www.rebehair.com\/product\/genius-wefts-jet-black-1-60g\/","name":"Wholesale Genius Wefts Jet Black 1# 60g - RebeHair Extension Factory","isPartOf":{"@id":"https:\/\/www.rebehair.com\/#website"},"datePublished":"2024-06-18T07:35:54+00:00","dateModified":"2024-06-19T07:07:38+00:00","description":"Genius Wefts Jet Black 1# 60g - RebeHair Extension Factory","breadcrumb":{"@id":"https:\/\/www.rebehair.com\/product\/genius-wefts-jet-black-1-60g\/#breadcrumb"},"inLanguage":"fr-FR","potentialAction":[{"@type":"ReadAction","target":["https:\/\/www.rebehair.com\/product\/genius-wefts-jet-black-1-60g\/"]}]},{"@type":"BreadcrumbList","@id":"https:\/\/www.rebehair.com\/product\/genius-wefts-jet-black-1-60g\/#breadcrumb","itemListElement":[{"@type":"ListItem","position":1,"name":"Home","item":"https:\/\/www.rebehair.com\/"},{"@type":"ListItem","position":2,"name":"Shop","item":"https:\/\/www.rebehair.com\/shop\/"},{"@type":"ListItem","position":3,"name":"Genius Wefts Jet Black 1# 60g"}]},{"@type":"WebSite","@id":"https:\/\/www.rebehair.com\/#website","url":"https:\/\/www.rebehair.com\/","name":"RebeHair Extension Factory","description":"","potentialAction":[{"@type":"SearchAction","target":{"@type":"EntryPoint","urlTemplate":"https:\/\/www.rebehair.com\/?s={search_term_string}"},"query-input":"required name=search_term_string"}],"inLanguage":"fr-FR"}]}},"_links":{"self":[{"href":"https:\/\/www.rebehair.com\/fr\/wp-json\/wp\/v2\/product\/14956"}],"collection":[{"href":"https:\/\/www.rebehair.com\/fr\/wp-json\/wp\/v2\/product"}],"about":[{"href":"https:\/\/www.rebehair.com\/fr\/wp-json\/wp\/v2\/types\/product"}],"replies":[{"embeddable":true,"href":"https:\/\/www.rebehair.com\/fr\/wp-json\/wp\/v2\/comments?post=14956"}],"wp:featuredmedia":[{"embeddable":true,"href":"https:\/\/www.rebehair.com\/fr\/wp-json\/wp\/v2\/media\/14967"}],"wp:attachment":[{"href":"https:\/\/www.rebehair.com\/fr\/wp-json\/wp\/v2\/media?parent=14956"}],"wp:term":[{"taxonomy":"product_cat","embeddable":true,"href":"https:\/\/www.rebehair.com\/fr\/wp-json\/wp\/v2\/product_cat?post=14956"},{"taxonomy":"product_tag","embeddable":true,"href":"https:\/\/www.rebehair.com\/fr\/wp-json\/wp\/v2\/product_tag?post=14956"}],"curies":[{"name":"wp","href":"https:\/\/api.w.org\/{rel}","templated":true}]}}