
{"id":14789,"date":"2023-10-24T09:56:10","date_gmt":"2023-10-24T01:56:10","guid":{"rendered":"https:\/\/www.rebehair.com\/?post_type=product&#038;p=14789"},"modified":"2023-10-24T10:07:53","modified_gmt":"2023-10-24T02:07:53","slug":"hand-tied-hair-extensions-highlights-color-p18-613","status":"publish","type":"product","link":"https:\/\/www.rebehair.com\/fr\/produit\/hand-tied-hair-extensions-highlights-color-p18-613\/","title":{"rendered":"Extensions de cheveux attach\u00e9es \u00e0 la main, couleur P18\/613#"},"content":{"rendered":"<h2>d\u00e9tails du produit<\/h2>\n<ul>\n<li><strong>Mat\u00e9riau des cheveux\u00a0:<\/strong> Cheveux humains Remy 100%<\/li>\n<li><strong>Trame:<\/strong>\u00a0Nou\u00e9 Main, ultra-discret<\/li>\n<li><strong>Poids total:<\/strong> 50 grammes<\/li>\n<li><strong>Nombre total de pi\u00e8ces:<\/strong> 3 trames individuelles<\/li>\n<li><strong>Longueurs disponibles\u00a0:<\/strong> 14-22&quot;, toutes les longueurs de cheveux peuvent \u00eatre personnalis\u00e9es<\/li>\n<li><strong>Texture: <\/strong>Droit, peut \u00eatre boucl\u00e9, coiff\u00e9 comme vos propres cheveux<\/li>\n<li><strong>Application:<\/strong>\u00a0~ 2 heures<\/li>\n<li><strong>R\u00e9application\u00a0:<\/strong> toutes les 8 \u00e0 10 semaines (r\u00e9utiliser les cheveux jusqu&#039;\u00e0 3 fois)<\/li>\n<li><strong>Dur\u00e9e de vie:<\/strong> 6-12 mois<\/li>\n<li><strong>Note: <\/strong>Les trames nou\u00e9es \u00e0 la main ne peuvent pas \u00eatre coup\u00e9es, sinon les cheveux tomberont.<\/li>\n<li><b>Combien d&#039;ensembles vous conviennent\u00a0: <\/b><b>\u00a0<\/b>2 \u00e0 4 s\u00e9ries (100 g-200 g). La demande doit \u00eatre effectu\u00e9e uniquement par un coiffeur professionnellement form\u00e9.<\/li>\n<\/ul>\n<h2>Pourquoi les extensions de cheveux nou\u00e9es \u00e0 la main Rebe Hair ?<\/h2>\n<ul>\n<li><b>Cheveux humains 100%\u00a0:<\/b><span style=\"font-weight: 400;\"> Toutes les extensions Rebe Hair sont fabriqu\u00e9es avec des cheveux humains 100% (Remy\/Virgin) et des traitements de couleur doux pour un look naturel.<\/span><\/li>\n<li><strong>Confortable \u00e0 porter\u00a0:<\/strong> Les extensions de cheveux nou\u00e9es \u00e0 la main sont connues pour leur l\u00e9g\u00e8ret\u00e9 et leur confort. Les trames cousues \u00e0 la main reposent \u00e0 plat contre le cuir chevelu, r\u00e9duisant ainsi le risque d&#039;inconfort ou de tension sur vos cheveux naturels.<\/li>\n<li><strong>Options de style polyvalentes\u00a0:<\/strong> Les extensions de cheveux nou\u00e9es \u00e0 la main permettent une plus grande flexibilit\u00e9 dans le coiffage. Les fines trames peuvent \u00eatre facilement dissimul\u00e9es, vous permettant de porter vos cheveux dans divers chignons, queues de cheval et autres styles sans que les extensions soient visibles.<\/li>\n<li><strong>M\u00e9langez-vous parfaitement avec vos cheveux naturels\u00a0:<\/strong> Les extensions de cheveux nou\u00e9es \u00e0 la main sont disponibles dans une large gamme de couleurs, de textures et de longueurs, vous permettant de trouver la combinaison parfaite pour vos cheveux naturels. Lorsqu&#039;ils sont install\u00e9s correctement, ils se fondent parfaitement avec vos propres cheveux, cr\u00e9ant un look naturel et coh\u00e9rent.<\/li>\n<li><strong>Moins de dommages aux cheveux naturels\u00a0:<\/strong> Les extensions de cheveux attach\u00e9es \u00e0 la main r\u00e9partissent le poids des extensions plus uniform\u00e9ment sur votre cuir chevelu, r\u00e9duisant ainsi la pression sur vos cheveux naturels. Cela peut aider \u00e0 minimiser le risque de dommages, de casse ou d\u2019alop\u00e9cie de traction pouvant survenir avec d\u2019autres types d\u2019extensions.<\/li>\n<\/ul>","protected":false},"excerpt":{"rendered":"<p>Trame de cheveux professionnelle nou\u00e9e \u00e0 la main Rebe Hair, 50 g par lot \u2013 Pour le confort, pour la beaut\u00e9, pour le populaire.<\/p>\n<ul>\n<li>Nos trames nou\u00e9es \u00e0 la main sont des extensions cousues sur une piste de perles de silicone pour fournir la quantit\u00e9 parfaite de longueur et de volume instantan\u00e9s.<\/li>\n<li>La trame nou\u00e9e \u00e0 la main est une trame super plate qui peut \u00eatre utilis\u00e9e pour perler, coudre ou coller pour une transformation instantan\u00e9e.<\/li>\n<li>Cette m\u00e9thode est 100% non dommageable et la trame est solide et durable pour \u00eatre r\u00e9utilis\u00e9e plusieurs fois.<\/li>\n<\/ul>","protected":false},"featured_media":14792,"comment_status":"open","ping_status":"closed","template":"","meta":[],"product_cat":[505],"product_tag":[],"yoast_head":"<!-- This site is optimized with the Yoast SEO plugin v20.11 - https:\/\/yoast.com\/wordpress\/plugins\/seo\/ -->\n<title>Wholesale Hand Tied Hair Extensions Highlights Color P18\/613# - RebeHair Extension Factory<\/title>\n<meta name=\"description\" content=\"Hand Tied Hair Extensions Highlights Color P18\/613# - RebeHair Extension Factory\" \/>\n<meta name=\"robots\" content=\"index, follow, max-snippet:-1, max-image-preview:large, max-video-preview:-1\" \/>\n<link rel=\"canonical\" href=\"https:\/\/www.rebehair.com\/fr\/produit\/hand-tied-hair-extensions-highlights-color-p18-613\/\" \/>\n<meta property=\"og:locale\" content=\"fr_FR\" \/>\n<meta property=\"og:type\" content=\"article\" \/>\n<meta property=\"og:title\" content=\"Wholesale Hand Tied Hair Extensions Highlights Color P18\/613# - RebeHair Extension Factory\" \/>\n<meta property=\"og:description\" content=\"Hand Tied Hair Extensions Highlights Color P18\/613# - RebeHair Extension Factory\" \/>\n<meta property=\"og:url\" content=\"https:\/\/www.rebehair.com\/fr\/produit\/hand-tied-hair-extensions-highlights-color-p18-613\/\" \/>\n<meta property=\"og:site_name\" content=\"RebeHair Extension Factory\" \/>\n<meta property=\"article:modified_time\" content=\"2023-10-24T02:07:53+00:00\" \/>\n<meta property=\"og:image\" content=\"https:\/\/www.rebehair.com\/wp-content\/uploads\/2023\/10\/Hand-Tied-Hair-Extensions-Highlights-Color-P18613-1.jpg\" \/>\n\t<meta property=\"og:image:width\" content=\"1001\" \/>\n\t<meta property=\"og:image:height\" content=\"1001\" \/>\n\t<meta property=\"og:image:type\" content=\"image\/jpeg\" \/>\n<meta name=\"twitter:card\" content=\"summary_large_image\" \/>\n<meta name=\"twitter:label1\" content=\"Dur\u00e9e de lecture estim\u00e9e\" \/>\n\t<meta name=\"twitter:data1\" content=\"2 minutes\" \/>\n<script type=\"application\/ld+json\" class=\"yoast-schema-graph\">{\"@context\":\"https:\/\/schema.org\",\"@graph\":[{\"@type\":\"WebPage\",\"@id\":\"https:\/\/www.rebehair.com\/product\/hand-tied-hair-extensions-highlights-color-p18-613\/\",\"url\":\"https:\/\/www.rebehair.com\/product\/hand-tied-hair-extensions-highlights-color-p18-613\/\",\"name\":\"Wholesale Hand Tied Hair Extensions Highlights Color P18\/613# - RebeHair Extension Factory\",\"isPartOf\":{\"@id\":\"https:\/\/www.rebehair.com\/#website\"},\"datePublished\":\"2023-10-24T01:56:10+00:00\",\"dateModified\":\"2023-10-24T02:07:53+00:00\",\"description\":\"Hand Tied Hair Extensions Highlights Color P18\/613# - RebeHair Extension Factory\",\"breadcrumb\":{\"@id\":\"https:\/\/www.rebehair.com\/product\/hand-tied-hair-extensions-highlights-color-p18-613\/#breadcrumb\"},\"inLanguage\":\"fr-FR\",\"potentialAction\":[{\"@type\":\"ReadAction\",\"target\":[\"https:\/\/www.rebehair.com\/product\/hand-tied-hair-extensions-highlights-color-p18-613\/\"]}]},{\"@type\":\"BreadcrumbList\",\"@id\":\"https:\/\/www.rebehair.com\/product\/hand-tied-hair-extensions-highlights-color-p18-613\/#breadcrumb\",\"itemListElement\":[{\"@type\":\"ListItem\",\"position\":1,\"name\":\"Home\",\"item\":\"https:\/\/www.rebehair.com\/\"},{\"@type\":\"ListItem\",\"position\":2,\"name\":\"Shop\",\"item\":\"https:\/\/www.rebehair.com\/shop\/\"},{\"@type\":\"ListItem\",\"position\":3,\"name\":\"Hand Tied Hair Extensions Highlights Color P18\/613#\"}]},{\"@type\":\"WebSite\",\"@id\":\"https:\/\/www.rebehair.com\/#website\",\"url\":\"https:\/\/www.rebehair.com\/\",\"name\":\"RebeHair Extension Factory\",\"description\":\"\",\"potentialAction\":[{\"@type\":\"SearchAction\",\"target\":{\"@type\":\"EntryPoint\",\"urlTemplate\":\"https:\/\/www.rebehair.com\/?s={search_term_string}\"},\"query-input\":\"required name=search_term_string\"}],\"inLanguage\":\"fr-FR\"}]}<\/script>\n<!-- \/ Yoast SEO plugin. -->","yoast_head_json":{"title":"Wholesale Hand Tied Hair Extensions Highlights Color P18\/613# - RebeHair Extension Factory","description":"Hand Tied Hair Extensions Highlights Color P18\/613# - RebeHair Extension Factory","robots":{"index":"index","follow":"follow","max-snippet":"max-snippet:-1","max-image-preview":"max-image-preview:large","max-video-preview":"max-video-preview:-1"},"canonical":"https:\/\/www.rebehair.com\/fr\/produit\/hand-tied-hair-extensions-highlights-color-p18-613\/","og_locale":"fr_FR","og_type":"article","og_title":"Wholesale Hand Tied Hair Extensions Highlights Color P18\/613# - RebeHair Extension Factory","og_description":"Hand Tied Hair Extensions Highlights Color P18\/613# - RebeHair Extension Factory","og_url":"https:\/\/www.rebehair.com\/fr\/produit\/hand-tied-hair-extensions-highlights-color-p18-613\/","og_site_name":"RebeHair Extension Factory","article_modified_time":"2023-10-24T02:07:53+00:00","og_image":[{"width":1001,"height":1001,"url":"https:\/\/www.rebehair.com\/wp-content\/uploads\/2023\/10\/Hand-Tied-Hair-Extensions-Highlights-Color-P18613-1.jpg","type":"image\/jpeg"}],"twitter_card":"summary_large_image","twitter_misc":{"Dur\u00e9e de lecture estim\u00e9e":"2 minutes"},"schema":{"@context":"https:\/\/schema.org","@graph":[{"@type":"WebPage","@id":"https:\/\/www.rebehair.com\/product\/hand-tied-hair-extensions-highlights-color-p18-613\/","url":"https:\/\/www.rebehair.com\/product\/hand-tied-hair-extensions-highlights-color-p18-613\/","name":"Wholesale Hand Tied Hair Extensions Highlights Color P18\/613# - RebeHair Extension Factory","isPartOf":{"@id":"https:\/\/www.rebehair.com\/#website"},"datePublished":"2023-10-24T01:56:10+00:00","dateModified":"2023-10-24T02:07:53+00:00","description":"Hand Tied Hair Extensions Highlights Color P18\/613# - RebeHair Extension Factory","breadcrumb":{"@id":"https:\/\/www.rebehair.com\/product\/hand-tied-hair-extensions-highlights-color-p18-613\/#breadcrumb"},"inLanguage":"fr-FR","potentialAction":[{"@type":"ReadAction","target":["https:\/\/www.rebehair.com\/product\/hand-tied-hair-extensions-highlights-color-p18-613\/"]}]},{"@type":"BreadcrumbList","@id":"https:\/\/www.rebehair.com\/product\/hand-tied-hair-extensions-highlights-color-p18-613\/#breadcrumb","itemListElement":[{"@type":"ListItem","position":1,"name":"Home","item":"https:\/\/www.rebehair.com\/"},{"@type":"ListItem","position":2,"name":"Shop","item":"https:\/\/www.rebehair.com\/shop\/"},{"@type":"ListItem","position":3,"name":"Hand Tied Hair Extensions Highlights Color P18\/613#"}]},{"@type":"WebSite","@id":"https:\/\/www.rebehair.com\/#website","url":"https:\/\/www.rebehair.com\/","name":"RebeHair Extension Factory","description":"","potentialAction":[{"@type":"SearchAction","target":{"@type":"EntryPoint","urlTemplate":"https:\/\/www.rebehair.com\/?s={search_term_string}"},"query-input":"required name=search_term_string"}],"inLanguage":"fr-FR"}]}},"_links":{"self":[{"href":"https:\/\/www.rebehair.com\/fr\/wp-json\/wp\/v2\/product\/14789"}],"collection":[{"href":"https:\/\/www.rebehair.com\/fr\/wp-json\/wp\/v2\/product"}],"about":[{"href":"https:\/\/www.rebehair.com\/fr\/wp-json\/wp\/v2\/types\/product"}],"replies":[{"embeddable":true,"href":"https:\/\/www.rebehair.com\/fr\/wp-json\/wp\/v2\/comments?post=14789"}],"wp:featuredmedia":[{"embeddable":true,"href":"https:\/\/www.rebehair.com\/fr\/wp-json\/wp\/v2\/media\/14792"}],"wp:attachment":[{"href":"https:\/\/www.rebehair.com\/fr\/wp-json\/wp\/v2\/media?parent=14789"}],"wp:term":[{"taxonomy":"product_cat","embeddable":true,"href":"https:\/\/www.rebehair.com\/fr\/wp-json\/wp\/v2\/product_cat?post=14789"},{"taxonomy":"product_tag","embeddable":true,"href":"https:\/\/www.rebehair.com\/fr\/wp-json\/wp\/v2\/product_tag?post=14789"}],"curies":[{"name":"wp","href":"https:\/\/api.w.org\/{rel}","templated":true}]}}