
{"id":14708,"date":"2023-10-20T11:45:05","date_gmt":"2023-10-20T03:45:05","guid":{"rendered":"https:\/\/www.rebehair.com\/?post_type=product&#038;p=14708"},"modified":"2023-10-20T11:46:37","modified_gmt":"2023-10-20T03:46:37","slug":"virgin-hair-pieces-3-5-silk-base-easi-topper-ombre-color-6-613","status":"publish","type":"product","link":"https:\/\/www.rebehair.com\/fr\/produit\/virgin-hair-pieces-3-5-silk-base-easi-topper-ombre-color-6-613\/","title":{"rendered":"Pi\u00e8ces de cheveux vierges 3*5\u2033 Base en soie Easi Topper Couleur Ombre 6\/613# | RebeHair"},"content":{"rendered":"<h2>Caract\u00e9ristiques<\/h2>\n<ul>\n<li><strong>Mat\u00e9riel:<\/strong>\u00a0Cheveux humains vierges 100% fabriqu\u00e9s \u00e0 la main<\/li>\n<li><strong>Longueur des cheveux:<\/strong> 12 pouces \u00e0 20 pouces peuvent \u00eatre personnalis\u00e9s<\/li>\n<li><strong>Type de socle\u00a0:<\/strong> Base en soie<\/li>\n<li><strong>Taille du socle\u00a0:<\/strong> 3\u2033\u00d75\u2033<\/li>\n<li><strong>Densit\u00e9:<\/strong> Densit\u00e9 150%<\/li>\n<li><strong>Agrafe:<\/strong> Avec 3 clips, clips antid\u00e9rapants 3BB<\/li>\n<li><strong>Texture:<\/strong>\u00a0Droit mais peut maintenir une boucle ou une ondulation (en utilisant des outils de coiffage thermiques)<\/li>\n<li><strong><a href=\"https:\/\/www.rebehair.com\/fr\/human-hair-topper\/\"><em>Autre socle<\/em><\/a>: <\/strong>La base mono, la base en dentelle, etc. peuvent \u00eatre personnalis\u00e9es<\/li>\n<\/ul>\n<h2>Qu&#039;est-ce que le surmatelas \u00e0 base de soie ?<\/h2>\n<p>La base en soie est construite avec une couche de dentelle et de tissu en soie pure sur le dessus du bonnet. Il fait r\u00e9f\u00e9rence \u00e0 une technique de construction utilis\u00e9e dans certains types de perruques, de toppers ou de postiches. La base du surmatelas est en soie, qui ressemble beaucoup \u00e0 l&#039;apparence du cuir chevelu. Les m\u00e8ches de cheveux individuelles sont ensuite attach\u00e9es \u00e0 la main ou a\u00e9r\u00e9es dans la base en soie, cr\u00e9ant l&#039;illusion de cheveux poussant directement du cuir chevelu. Cette technique garantit un aspect naturel et r\u00e9aliste.<\/p>\n<p>Les surmatelas \u00e0 base de soie sont populaires parmi les personnes souffrant de perte de cheveux ou de cheveux clairsem\u00e9s, car ils offrent une solution naturelle et homog\u00e8ne.<\/p>\n<p>Un surmatelas \u00e0 base de soie, \u00e9galement connu sous le nom de surmatelas en soie, est un type de postiche con\u00e7u pour couvrir les zones de perte ou d&#039;amincissement des cheveux sur le dessus de la t\u00eate. C&#039;est une solution populaire pour les femmes souffrant de perte de cheveux pour diverses raisons, telles que l&#039;alop\u00e9cie, des changements hormonaux ou des facteurs g\u00e9n\u00e9tiques.<\/p>\n<h2>Les caract\u00e9ristiques<\/h2>\n<ul>\n<li><strong>Aspect r\u00e9aliste :<\/strong> Le mat\u00e9riau en soie ressemble beaucoup au cuir chevelu naturel, ce qui rend le postiche plus r\u00e9aliste et ind\u00e9tectable. Cela donne l\u2019illusion de cheveux poussant \u00e0 partir du cuir chevelu, car les n\u0153uds ou les racines des cheveux sont cach\u00e9s dans la base en soie.<\/li>\n<li><strong>Confort:<\/strong> La soie est un mat\u00e9riau doux et respirant, offrant une option confortable et l\u00e9g\u00e8re pour ceux qui portent des surmatelas.<\/li>\n<li><strong>Polyvalence:<\/strong> La base en soie permet des options de style polyvalentes. Ils peuvent \u00eatre s\u00e9par\u00e9s dans n&#039;importe quelle direction et les cheveux peuvent \u00eatre coiff\u00e9s ou peign\u00e9s de diff\u00e9rentes mani\u00e8res, tout comme les cheveux naturels.<\/li>\n<li><strong>Sensation naturelle semblable \u00e0 celle du cuir chevelu\u00a0:<\/strong> La texture lisse et douce de la soie peut offrir une sensation plus naturelle et plus confortable sur le cuir chevelu par rapport \u00e0 d&#039;autres mat\u00e9riaux.<\/li>\n<\/ul>","protected":false},"excerpt":{"rendered":"<ul>\n<li>Topper de cheveux \u00e0 base de soie vierge humaine de luxe 100%<\/li>\n<li>Type de base en soie, aspect r\u00e9aliste<\/li>\n<li>Taille de base 3\u2033*5\u2033 pour d\u00e9buter la perte de cheveux<\/li>\n<li>Longueur finie de 14 pouces<\/li>\n<li>Pour la zone de perte de partie\/d\u00e9li\u00e9<\/li>\n<li>Livr\u00e9 avec 3 clips, plus s\u00e9curis\u00e9s<\/li>\n<\/ul>","protected":false},"featured_media":14710,"comment_status":"open","ping_status":"closed","template":"","meta":[],"product_cat":[562,571],"product_tag":[],"yoast_head":"<!-- This site is optimized with the Yoast SEO plugin v20.11 - https:\/\/yoast.com\/wordpress\/plugins\/seo\/ -->\n<title>Wholesale Virgin Hair Pieces 3*5&quot; Silk Base Easi Topper Ombre Color 6\/613# | RebeHair - RebeHair Extension Factory<\/title>\n<meta name=\"description\" content=\"Virgin Hair Pieces 3*5&quot; Silk Base Easi Topper Ombre Color 6\/613# | RebeHair - RebeHair Extension Factory\" \/>\n<meta name=\"robots\" content=\"index, follow, max-snippet:-1, max-image-preview:large, max-video-preview:-1\" \/>\n<link rel=\"canonical\" href=\"https:\/\/www.rebehair.com\/fr\/produit\/virgin-hair-pieces-3-5-silk-base-easi-topper-ombre-color-6-613\/\" \/>\n<meta property=\"og:locale\" content=\"fr_FR\" \/>\n<meta property=\"og:type\" content=\"article\" \/>\n<meta property=\"og:title\" content=\"Wholesale Virgin Hair Pieces 3*5&quot; Silk Base Easi Topper Ombre Color 6\/613# | RebeHair - RebeHair Extension Factory\" \/>\n<meta property=\"og:description\" content=\"Virgin Hair Pieces 3*5&quot; Silk Base Easi Topper Ombre Color 6\/613# | RebeHair - RebeHair Extension Factory\" \/>\n<meta property=\"og:url\" content=\"https:\/\/www.rebehair.com\/fr\/produit\/virgin-hair-pieces-3-5-silk-base-easi-topper-ombre-color-6-613\/\" \/>\n<meta property=\"og:site_name\" content=\"RebeHair Extension Factory\" \/>\n<meta property=\"article:modified_time\" content=\"2023-10-20T03:46:37+00:00\" \/>\n<meta property=\"og:image\" content=\"https:\/\/www.rebehair.com\/wp-content\/uploads\/2023\/10\/1.jpg\" \/>\n\t<meta property=\"og:image:width\" content=\"1601\" \/>\n\t<meta property=\"og:image:height\" content=\"1601\" \/>\n\t<meta property=\"og:image:type\" content=\"image\/jpeg\" \/>\n<meta name=\"twitter:card\" content=\"summary_large_image\" \/>\n<meta name=\"twitter:label1\" content=\"Dur\u00e9e de lecture estim\u00e9e\" \/>\n\t<meta name=\"twitter:data1\" content=\"2 minutes\" \/>\n<script type=\"application\/ld+json\" class=\"yoast-schema-graph\">{\"@context\":\"https:\/\/schema.org\",\"@graph\":[{\"@type\":\"WebPage\",\"@id\":\"https:\/\/www.rebehair.com\/product\/virgin-hair-pieces-3-5-silk-base-easi-topper-ombre-color-6-613\/\",\"url\":\"https:\/\/www.rebehair.com\/product\/virgin-hair-pieces-3-5-silk-base-easi-topper-ombre-color-6-613\/\",\"name\":\"Wholesale Virgin Hair Pieces 3*5\\\" Silk Base Easi Topper Ombre Color 6\/613# | RebeHair - RebeHair Extension Factory\",\"isPartOf\":{\"@id\":\"https:\/\/www.rebehair.com\/#website\"},\"datePublished\":\"2023-10-20T03:45:05+00:00\",\"dateModified\":\"2023-10-20T03:46:37+00:00\",\"description\":\"Virgin Hair Pieces 3*5\\\" Silk Base Easi Topper Ombre Color 6\/613# | RebeHair - RebeHair Extension Factory\",\"breadcrumb\":{\"@id\":\"https:\/\/www.rebehair.com\/product\/virgin-hair-pieces-3-5-silk-base-easi-topper-ombre-color-6-613\/#breadcrumb\"},\"inLanguage\":\"fr-FR\",\"potentialAction\":[{\"@type\":\"ReadAction\",\"target\":[\"https:\/\/www.rebehair.com\/product\/virgin-hair-pieces-3-5-silk-base-easi-topper-ombre-color-6-613\/\"]}]},{\"@type\":\"BreadcrumbList\",\"@id\":\"https:\/\/www.rebehair.com\/product\/virgin-hair-pieces-3-5-silk-base-easi-topper-ombre-color-6-613\/#breadcrumb\",\"itemListElement\":[{\"@type\":\"ListItem\",\"position\":1,\"name\":\"Home\",\"item\":\"https:\/\/www.rebehair.com\/\"},{\"@type\":\"ListItem\",\"position\":2,\"name\":\"Shop\",\"item\":\"https:\/\/www.rebehair.com\/shop\/\"},{\"@type\":\"ListItem\",\"position\":3,\"name\":\"Virgin Hair Pieces 3*5&#8243; Silk Base Easi Topper Ombre Color 6\/613# | RebeHair\"}]},{\"@type\":\"WebSite\",\"@id\":\"https:\/\/www.rebehair.com\/#website\",\"url\":\"https:\/\/www.rebehair.com\/\",\"name\":\"RebeHair Extension Factory\",\"description\":\"\",\"potentialAction\":[{\"@type\":\"SearchAction\",\"target\":{\"@type\":\"EntryPoint\",\"urlTemplate\":\"https:\/\/www.rebehair.com\/?s={search_term_string}\"},\"query-input\":\"required name=search_term_string\"}],\"inLanguage\":\"fr-FR\"}]}<\/script>\n<!-- \/ Yoast SEO plugin. -->","yoast_head_json":{"title":"Wholesale Virgin Hair Pieces 3*5\" Silk Base Easi Topper Ombre Color 6\/613# | RebeHair - RebeHair Extension Factory","description":"Virgin Hair Pieces 3*5\" Silk Base Easi Topper Ombre Color 6\/613# | RebeHair - RebeHair Extension Factory","robots":{"index":"index","follow":"follow","max-snippet":"max-snippet:-1","max-image-preview":"max-image-preview:large","max-video-preview":"max-video-preview:-1"},"canonical":"https:\/\/www.rebehair.com\/fr\/produit\/virgin-hair-pieces-3-5-silk-base-easi-topper-ombre-color-6-613\/","og_locale":"fr_FR","og_type":"article","og_title":"Wholesale Virgin Hair Pieces 3*5\" Silk Base Easi Topper Ombre Color 6\/613# | RebeHair - RebeHair Extension Factory","og_description":"Virgin Hair Pieces 3*5\" Silk Base Easi Topper Ombre Color 6\/613# | RebeHair - RebeHair Extension Factory","og_url":"https:\/\/www.rebehair.com\/fr\/produit\/virgin-hair-pieces-3-5-silk-base-easi-topper-ombre-color-6-613\/","og_site_name":"RebeHair Extension Factory","article_modified_time":"2023-10-20T03:46:37+00:00","og_image":[{"width":1601,"height":1601,"url":"https:\/\/www.rebehair.com\/wp-content\/uploads\/2023\/10\/1.jpg","type":"image\/jpeg"}],"twitter_card":"summary_large_image","twitter_misc":{"Dur\u00e9e de lecture estim\u00e9e":"2 minutes"},"schema":{"@context":"https:\/\/schema.org","@graph":[{"@type":"WebPage","@id":"https:\/\/www.rebehair.com\/product\/virgin-hair-pieces-3-5-silk-base-easi-topper-ombre-color-6-613\/","url":"https:\/\/www.rebehair.com\/product\/virgin-hair-pieces-3-5-silk-base-easi-topper-ombre-color-6-613\/","name":"Wholesale Virgin Hair Pieces 3*5\" Silk Base Easi Topper Ombre Color 6\/613# | RebeHair - RebeHair Extension Factory","isPartOf":{"@id":"https:\/\/www.rebehair.com\/#website"},"datePublished":"2023-10-20T03:45:05+00:00","dateModified":"2023-10-20T03:46:37+00:00","description":"Virgin Hair Pieces 3*5\" Silk Base Easi Topper Ombre Color 6\/613# | RebeHair - RebeHair Extension Factory","breadcrumb":{"@id":"https:\/\/www.rebehair.com\/product\/virgin-hair-pieces-3-5-silk-base-easi-topper-ombre-color-6-613\/#breadcrumb"},"inLanguage":"fr-FR","potentialAction":[{"@type":"ReadAction","target":["https:\/\/www.rebehair.com\/product\/virgin-hair-pieces-3-5-silk-base-easi-topper-ombre-color-6-613\/"]}]},{"@type":"BreadcrumbList","@id":"https:\/\/www.rebehair.com\/product\/virgin-hair-pieces-3-5-silk-base-easi-topper-ombre-color-6-613\/#breadcrumb","itemListElement":[{"@type":"ListItem","position":1,"name":"Home","item":"https:\/\/www.rebehair.com\/"},{"@type":"ListItem","position":2,"name":"Shop","item":"https:\/\/www.rebehair.com\/shop\/"},{"@type":"ListItem","position":3,"name":"Virgin Hair Pieces 3*5&#8243; Silk Base Easi Topper Ombre Color 6\/613# | RebeHair"}]},{"@type":"WebSite","@id":"https:\/\/www.rebehair.com\/#website","url":"https:\/\/www.rebehair.com\/","name":"RebeHair Extension Factory","description":"","potentialAction":[{"@type":"SearchAction","target":{"@type":"EntryPoint","urlTemplate":"https:\/\/www.rebehair.com\/?s={search_term_string}"},"query-input":"required name=search_term_string"}],"inLanguage":"fr-FR"}]}},"_links":{"self":[{"href":"https:\/\/www.rebehair.com\/fr\/wp-json\/wp\/v2\/product\/14708"}],"collection":[{"href":"https:\/\/www.rebehair.com\/fr\/wp-json\/wp\/v2\/product"}],"about":[{"href":"https:\/\/www.rebehair.com\/fr\/wp-json\/wp\/v2\/types\/product"}],"replies":[{"embeddable":true,"href":"https:\/\/www.rebehair.com\/fr\/wp-json\/wp\/v2\/comments?post=14708"}],"wp:featuredmedia":[{"embeddable":true,"href":"https:\/\/www.rebehair.com\/fr\/wp-json\/wp\/v2\/media\/14710"}],"wp:attachment":[{"href":"https:\/\/www.rebehair.com\/fr\/wp-json\/wp\/v2\/media?parent=14708"}],"wp:term":[{"taxonomy":"product_cat","embeddable":true,"href":"https:\/\/www.rebehair.com\/fr\/wp-json\/wp\/v2\/product_cat?post=14708"},{"taxonomy":"product_tag","embeddable":true,"href":"https:\/\/www.rebehair.com\/fr\/wp-json\/wp\/v2\/product_tag?post=14708"}],"curies":[{"name":"wp","href":"https:\/\/api.w.org\/{rel}","templated":true}]}}