
{"id":14623,"date":"2023-10-18T16:03:36","date_gmt":"2023-10-18T08:03:36","guid":{"rendered":"https:\/\/www.rebehair.com\/?post_type=product&#038;p=14623"},"modified":"2023-10-19T14:37:32","modified_gmt":"2023-10-19T06:37:32","slug":"virgin-hair-pieces-5-5-6-mono-topper-ombre-color-607","status":"publish","type":"product","link":"https:\/\/www.rebehair.com\/fr\/produit\/virgin-hair-pieces-5-5-6-mono-topper-ombre-color-607\/","title":{"rendered":"Pi\u00e8ces de cheveux vierges 5.5*6\u2033 Mono Topper Ombre Couleur T607# | RebeHair"},"content":{"rendered":"<h2>Caract\u00e9ristiques<\/h2>\n<ul>\n<li><strong>Mat\u00e9riel:<\/strong>\u00a0Cheveux humains vierges 100% fabriqu\u00e9s \u00e0 la main<\/li>\n<li><strong>Longueur des cheveux:<\/strong> 12 pouces \u00e0 20 pouces peuvent \u00eatre personnalis\u00e9s<\/li>\n<li><strong>Type de socle\u00a0:<\/strong> Base mono (monofilament)<\/li>\n<li><strong>Taille du socle\u00a0:<\/strong> 5,5\u2033\u00d76\u2033<\/li>\n<li><strong>Densit\u00e9:<\/strong> 150%, densit\u00e9 moyenne pour une couverture plus compl\u00e8te<\/li>\n<li><strong>Agrafe:<\/strong> Avec 4 clips, clips antid\u00e9rapants 3BB<\/li>\n<li><strong>Texture:<\/strong>\u00a0Droit mais peut maintenir une boucle ou une ondulation (en utilisant des outils de coiffage thermiques)<\/li>\n<li><strong><a href=\"https:\/\/www.rebehair.com\/fr\/human-hair-topper\/\"><em>Autre socle<\/em><\/a>: <\/strong>La base en soie, la base Easi, etc. peuvent \u00eatre personnalis\u00e9es<\/li>\n<\/ul>\n<p><a href=\"https:\/\/www.rebehair.com\/wp-content\/uploads\/2023\/10\/hair-topper.jpg\"><img decoding=\"async\" loading=\"lazy\" class=\"alignnone size-full wp-image-14577\" src=\"https:\/\/www.rebehair.com\/wp-content\/uploads\/2023\/10\/hair-topper.jpg\" alt=\"\" width=\"1000\" height=\"600\" srcset=\"https:\/\/www.rebehair.com\/wp-content\/uploads\/2023\/10\/hair-topper.jpg 1000w, https:\/\/www.rebehair.com\/wp-content\/uploads\/2023\/10\/hair-topper-667x400.jpg 667w, https:\/\/www.rebehair.com\/wp-content\/uploads\/2023\/10\/hair-topper-768x461.jpg 768w, https:\/\/www.rebehair.com\/wp-content\/uploads\/2023\/10\/hair-topper-125x75.jpg 125w, https:\/\/www.rebehair.com\/wp-content\/uploads\/2023\/10\/hair-topper-75x45.jpg 75w, https:\/\/www.rebehair.com\/wp-content\/uploads\/2023\/10\/hair-topper-18x12.jpg 18w, https:\/\/www.rebehair.com\/wp-content\/uploads\/2023\/10\/hair-topper-600x360.jpg 600w\" sizes=\"(max-width: 1000px) 100vw, 1000px\" \/><\/a><\/p>\n<h2>Qu&#039;est-ce que le surmatelas mono base ?<\/h2>\n<p>Un surmatelas est un type de postiche con\u00e7u pour couvrir les cheveux clairsem\u00e9s ou les zones chauves sur le dessus de la t\u00eate. Les surmatelas sont g\u00e9n\u00e9ralement fabriqu\u00e9s \u00e0 partir de cheveux humains et sont fix\u00e9s au cuir chevelu \u00e0 l&#039;aide de clips.<\/p>\n<p>Avec une Mono Base, les cheveux individuels sont attach\u00e9s \u00e0 un mat\u00e9riau \u00e0 mailles fines qui laisse passer la lumi\u00e8re et l&#039;air. La base monofilament vous permet de changer de pi\u00e8ce \u00e0 votre guise pour une grande polyvalence de style, qui peut vous donner un look naturel. Les bases mono sont \u00e9galement extr\u00eamement durables et ont une longue dur\u00e9e de vie.<\/p>\n<p>L\u2019un des avantages des surmatelas est qu\u2019ils sont tr\u00e8s polyvalents et peuvent \u00eatre coiff\u00e9s comme vos cheveux naturels. Vous pouvez boucler, lisser ou m\u00eame teindre vos cheveux pour correspondre au look souhait\u00e9. De plus, les surmatelas sont tr\u00e8s faciles \u00e0 entretenir et peuvent \u00eatre lav\u00e9s et coiff\u00e9s comme vos cheveux naturels.<\/p>\n<p>Dans l\u2019ensemble, si vous souffrez de perte de cheveux ou d\u2019amincissement sur le dessus de votre t\u00eate et que vous recherchez une solution d\u2019apparence naturelle, un surmatelas peut \u00eatre une excellente option pour vous. Ils sont faciles \u00e0 utiliser, personnalisables et peuvent vous aider \u00e0 obtenir le look souhait\u00e9.<\/p>\n<h2>Les caract\u00e9ristiques<\/h2>\n<ul>\n<li><strong>Aspect naturel\u00a0:<\/strong> Les surmatelas mono base sont con\u00e7us pour imiter l\u2019apparence de la croissance naturelle des cheveux. Le mat\u00e9riau monofilament utilis\u00e9 dans la base cr\u00e9e l&#039;illusion d&#039;un cuir chevelu r\u00e9aliste, ce qui rend difficile la distinction du surmatelas de vos propres cheveux.<\/li>\n<li><strong>Respirabilit\u00e9\u00a0:<\/strong> La construction monofilament permet une excellente circulation de l&#039;air, garantissant que votre cuir chevelu reste frais et confortable. Cette fonctionnalit\u00e9 est particuli\u00e8rement b\u00e9n\u00e9fique pour les personnes qui peuvent avoir le cuir chevelu sensible ou qui transpirent.<\/li>\n<li><strong>Polyvalence:<\/strong> Les surmatelas mono base ont g\u00e9n\u00e9ralement une construction polyvalente qui vous permet de s\u00e9parer vos cheveux dans diff\u00e9rentes directions. Cette flexibilit\u00e9 vous permet de personnaliser le placement du surmatelas en fonction du style souhait\u00e9.<\/li>\n<li><strong>Durabilit\u00e9:<\/strong> Les surmatelas \u00e0 base mono sont g\u00e9n\u00e9ralement durables et durables. Le mat\u00e9riau monofilament r\u00e9siste \u00e0 la d\u00e9chirure ou \u00e0 l&#039;effilochage, ce qui en fait un choix fiable pour un usage quotidien.<\/li>\n<li><strong>Int\u00e9gration facile\u00a0:<\/strong> L\u2019un des principaux avantages d\u2019un surmatelas est sa capacit\u00e9 \u00e0 se fondre parfaitement avec vos cheveux existants. La base mono offre une transition naturelle entre le surmatelas et votre cuir chevelu, r\u00e9sultant en une int\u00e9gration transparente qui ressemble \u00e0 vos vrais cheveux.<\/li>\n<li><strong>Options de style\u00a0:<\/strong> Les surmatelas \u00e0 base mono offrent diverses options de style. Vous pouvez utiliser des outils de coiffage thermiques, tels que des fers \u00e0 friser, des lisseurs ou des s\u00e8che-cheveux, pour cr\u00e9er des looks diff\u00e9rents sans endommager le surmatelas. Cette polyvalence vous permet d&#039;exp\u00e9rimenter diff\u00e9rentes coiffures et d&#039;adapter votre look \u00e0 diverses occasions.<\/li>\n<li><strong>Commodit\u00e9:<\/strong> Les surmatelas sont g\u00e9n\u00e9ralement faciles \u00e0 attacher et \u00e0 retirer, ce qui en fait une solution pratique pour les personnes qui souhaitent ajouter du volume ou de la couverture \u00e0 des zones sp\u00e9cifiques de leur t\u00eate. Ils constituent un moyen rapide et non invasif d\u2019am\u00e9liorer l\u2019apparence de vos cheveux.<\/li>\n<\/ul>","protected":false},"excerpt":{"rendered":"<ul>\n<li>Morceaux de cheveux humains vierges de luxe 100%<\/li>\n<li>Type de base mono, aspect naturel<\/li>\n<li>Dimensions de la base 5,5\u2033*6\u2033<\/li>\n<li>Longueur finie de 16 pouces<\/li>\n<li>Densit\u00e9 moyenne pour une couverture plus compl\u00e8te<\/li>\n<li>Livr\u00e9 avec 4 clips, plus s\u00e9curis\u00e9s<\/li>\n<\/ul>","protected":false},"featured_media":14625,"comment_status":"open","ping_status":"closed","template":"","meta":[],"product_cat":[562,569],"product_tag":[],"yoast_head":"<!-- This site is optimized with the Yoast SEO plugin v20.11 - https:\/\/yoast.com\/wordpress\/plugins\/seo\/ -->\n<title>Wholesale Virgin Hair Pieces 5.5*6&quot; Mono Topper Ombre Color T607# | RebeHair - RebeHair Extension Factory<\/title>\n<meta name=\"description\" content=\"Virgin Hair Pieces 5.5*6&quot; Mono Topper Ombre Color T607# | RebeHair - RebeHair Extension Factory\" \/>\n<meta name=\"robots\" content=\"index, follow, max-snippet:-1, max-image-preview:large, max-video-preview:-1\" \/>\n<link rel=\"canonical\" href=\"https:\/\/www.rebehair.com\/fr\/produit\/virgin-hair-pieces-5-5-6-mono-topper-ombre-color-607\/\" \/>\n<meta property=\"og:locale\" content=\"fr_FR\" \/>\n<meta property=\"og:type\" content=\"article\" \/>\n<meta property=\"og:title\" content=\"Wholesale Virgin Hair Pieces 5.5*6&quot; Mono Topper Ombre Color T607# | RebeHair - RebeHair Extension Factory\" \/>\n<meta property=\"og:description\" content=\"Virgin Hair Pieces 5.5*6&quot; Mono Topper Ombre Color T607# | RebeHair - RebeHair Extension Factory\" \/>\n<meta property=\"og:url\" content=\"https:\/\/www.rebehair.com\/fr\/produit\/virgin-hair-pieces-5-5-6-mono-topper-ombre-color-607\/\" \/>\n<meta property=\"og:site_name\" content=\"RebeHair Extension Factory\" \/>\n<meta property=\"article:modified_time\" content=\"2023-10-19T06:37:32+00:00\" \/>\n<meta property=\"og:image\" content=\"https:\/\/www.rebehair.com\/wp-content\/uploads\/2023\/10\/Virgin-Hair-Pieces-5.56-Mono-Topper-Ombre-Color-T607-1.jpg\" \/>\n\t<meta property=\"og:image:width\" content=\"1601\" \/>\n\t<meta property=\"og:image:height\" content=\"1601\" \/>\n\t<meta property=\"og:image:type\" content=\"image\/jpeg\" \/>\n<meta name=\"twitter:card\" content=\"summary_large_image\" \/>\n<meta name=\"twitter:label1\" content=\"Dur\u00e9e de lecture estim\u00e9e\" \/>\n\t<meta name=\"twitter:data1\" content=\"3 minutes\" \/>\n<script type=\"application\/ld+json\" class=\"yoast-schema-graph\">{\"@context\":\"https:\/\/schema.org\",\"@graph\":[{\"@type\":\"WebPage\",\"@id\":\"https:\/\/www.rebehair.com\/product\/virgin-hair-pieces-5-5-6-mono-topper-ombre-color-607\/\",\"url\":\"https:\/\/www.rebehair.com\/product\/virgin-hair-pieces-5-5-6-mono-topper-ombre-color-607\/\",\"name\":\"Wholesale Virgin Hair Pieces 5.5*6\\\" Mono Topper Ombre Color T607# | RebeHair - RebeHair Extension Factory\",\"isPartOf\":{\"@id\":\"https:\/\/www.rebehair.com\/#website\"},\"datePublished\":\"2023-10-18T08:03:36+00:00\",\"dateModified\":\"2023-10-19T06:37:32+00:00\",\"description\":\"Virgin Hair Pieces 5.5*6\\\" Mono Topper Ombre Color T607# | RebeHair - RebeHair Extension Factory\",\"breadcrumb\":{\"@id\":\"https:\/\/www.rebehair.com\/product\/virgin-hair-pieces-5-5-6-mono-topper-ombre-color-607\/#breadcrumb\"},\"inLanguage\":\"fr-FR\",\"potentialAction\":[{\"@type\":\"ReadAction\",\"target\":[\"https:\/\/www.rebehair.com\/product\/virgin-hair-pieces-5-5-6-mono-topper-ombre-color-607\/\"]}]},{\"@type\":\"BreadcrumbList\",\"@id\":\"https:\/\/www.rebehair.com\/product\/virgin-hair-pieces-5-5-6-mono-topper-ombre-color-607\/#breadcrumb\",\"itemListElement\":[{\"@type\":\"ListItem\",\"position\":1,\"name\":\"Home\",\"item\":\"https:\/\/www.rebehair.com\/\"},{\"@type\":\"ListItem\",\"position\":2,\"name\":\"Shop\",\"item\":\"https:\/\/www.rebehair.com\/shop\/\"},{\"@type\":\"ListItem\",\"position\":3,\"name\":\"Virgin Hair Pieces 5.5*6&#8243; Mono Topper Ombre Color T607# | RebeHair\"}]},{\"@type\":\"WebSite\",\"@id\":\"https:\/\/www.rebehair.com\/#website\",\"url\":\"https:\/\/www.rebehair.com\/\",\"name\":\"RebeHair Extension Factory\",\"description\":\"\",\"potentialAction\":[{\"@type\":\"SearchAction\",\"target\":{\"@type\":\"EntryPoint\",\"urlTemplate\":\"https:\/\/www.rebehair.com\/?s={search_term_string}\"},\"query-input\":\"required name=search_term_string\"}],\"inLanguage\":\"fr-FR\"}]}<\/script>\n<!-- \/ Yoast SEO plugin. -->","yoast_head_json":{"title":"Wholesale Virgin Hair Pieces 5.5*6\" Mono Topper Ombre Color T607# | RebeHair - RebeHair Extension Factory","description":"Virgin Hair Pieces 5.5*6\" Mono Topper Ombre Color T607# | RebeHair - RebeHair Extension Factory","robots":{"index":"index","follow":"follow","max-snippet":"max-snippet:-1","max-image-preview":"max-image-preview:large","max-video-preview":"max-video-preview:-1"},"canonical":"https:\/\/www.rebehair.com\/fr\/produit\/virgin-hair-pieces-5-5-6-mono-topper-ombre-color-607\/","og_locale":"fr_FR","og_type":"article","og_title":"Wholesale Virgin Hair Pieces 5.5*6\" Mono Topper Ombre Color T607# | RebeHair - RebeHair Extension Factory","og_description":"Virgin Hair Pieces 5.5*6\" Mono Topper Ombre Color T607# | RebeHair - RebeHair Extension Factory","og_url":"https:\/\/www.rebehair.com\/fr\/produit\/virgin-hair-pieces-5-5-6-mono-topper-ombre-color-607\/","og_site_name":"RebeHair Extension Factory","article_modified_time":"2023-10-19T06:37:32+00:00","og_image":[{"width":1601,"height":1601,"url":"https:\/\/www.rebehair.com\/wp-content\/uploads\/2023\/10\/Virgin-Hair-Pieces-5.56-Mono-Topper-Ombre-Color-T607-1.jpg","type":"image\/jpeg"}],"twitter_card":"summary_large_image","twitter_misc":{"Dur\u00e9e de lecture estim\u00e9e":"3 minutes"},"schema":{"@context":"https:\/\/schema.org","@graph":[{"@type":"WebPage","@id":"https:\/\/www.rebehair.com\/product\/virgin-hair-pieces-5-5-6-mono-topper-ombre-color-607\/","url":"https:\/\/www.rebehair.com\/product\/virgin-hair-pieces-5-5-6-mono-topper-ombre-color-607\/","name":"Wholesale Virgin Hair Pieces 5.5*6\" Mono Topper Ombre Color T607# | RebeHair - RebeHair Extension Factory","isPartOf":{"@id":"https:\/\/www.rebehair.com\/#website"},"datePublished":"2023-10-18T08:03:36+00:00","dateModified":"2023-10-19T06:37:32+00:00","description":"Virgin Hair Pieces 5.5*6\" Mono Topper Ombre Color T607# | RebeHair - RebeHair Extension Factory","breadcrumb":{"@id":"https:\/\/www.rebehair.com\/product\/virgin-hair-pieces-5-5-6-mono-topper-ombre-color-607\/#breadcrumb"},"inLanguage":"fr-FR","potentialAction":[{"@type":"ReadAction","target":["https:\/\/www.rebehair.com\/product\/virgin-hair-pieces-5-5-6-mono-topper-ombre-color-607\/"]}]},{"@type":"BreadcrumbList","@id":"https:\/\/www.rebehair.com\/product\/virgin-hair-pieces-5-5-6-mono-topper-ombre-color-607\/#breadcrumb","itemListElement":[{"@type":"ListItem","position":1,"name":"Home","item":"https:\/\/www.rebehair.com\/"},{"@type":"ListItem","position":2,"name":"Shop","item":"https:\/\/www.rebehair.com\/shop\/"},{"@type":"ListItem","position":3,"name":"Virgin Hair Pieces 5.5*6&#8243; Mono Topper Ombre Color T607# | RebeHair"}]},{"@type":"WebSite","@id":"https:\/\/www.rebehair.com\/#website","url":"https:\/\/www.rebehair.com\/","name":"RebeHair Extension Factory","description":"","potentialAction":[{"@type":"SearchAction","target":{"@type":"EntryPoint","urlTemplate":"https:\/\/www.rebehair.com\/?s={search_term_string}"},"query-input":"required name=search_term_string"}],"inLanguage":"fr-FR"}]}},"_links":{"self":[{"href":"https:\/\/www.rebehair.com\/fr\/wp-json\/wp\/v2\/product\/14623"}],"collection":[{"href":"https:\/\/www.rebehair.com\/fr\/wp-json\/wp\/v2\/product"}],"about":[{"href":"https:\/\/www.rebehair.com\/fr\/wp-json\/wp\/v2\/types\/product"}],"replies":[{"embeddable":true,"href":"https:\/\/www.rebehair.com\/fr\/wp-json\/wp\/v2\/comments?post=14623"}],"wp:featuredmedia":[{"embeddable":true,"href":"https:\/\/www.rebehair.com\/fr\/wp-json\/wp\/v2\/media\/14625"}],"wp:attachment":[{"href":"https:\/\/www.rebehair.com\/fr\/wp-json\/wp\/v2\/media?parent=14623"}],"wp:term":[{"taxonomy":"product_cat","embeddable":true,"href":"https:\/\/www.rebehair.com\/fr\/wp-json\/wp\/v2\/product_cat?post=14623"},{"taxonomy":"product_tag","embeddable":true,"href":"https:\/\/www.rebehair.com\/fr\/wp-json\/wp\/v2\/product_tag?post=14623"}],"curies":[{"name":"wp","href":"https:\/\/api.w.org\/{rel}","templated":true}]}}