
{"id":13740,"date":"2020-10-17T08:54:23","date_gmt":"2020-10-17T00:54:23","guid":{"rendered":"https:\/\/www.rebehair.com\/?post_type=product&#038;p=13740"},"modified":"2023-05-28T15:29:53","modified_gmt":"2023-05-28T07:29:53","slug":"clearance-lace-front-wigs-100-indian-remy-hair-4inch-lace-parting-10inch-to-22inch","status":"publish","type":"product","link":"https:\/\/www.rebehair.com\/fr\/produit\/clearance-lace-front-wigs-100-indian-remy-hair-4inch-lace-parting-10inch-to-22inch\/","title":{"rendered":"Perruques avant en dentelle 100% cheveux indiens Remy 4 pouces avec raie en dentelle 8 pouces \u00e0 26 pouces"},"content":{"rendered":"<p><img decoding=\"async\" loading=\"lazy\" class=\"wp-image-11260 alignleft\" src=\"http:\/\/rebehair.com\/wp-content\/uploads\/2018\/06\/TIM\u56fe\u724720180621160524.jpg\" alt=\"\" width=\"983\" height=\"361\" srcset=\"https:\/\/www.rebehair.com\/wp-content\/uploads\/2018\/06\/TIM\u56fe\u724720180621160524.jpg 1362w, https:\/\/www.rebehair.com\/wp-content\/uploads\/2018\/06\/TIM\u56fe\u724720180621160524-800x294.jpg 800w, https:\/\/www.rebehair.com\/wp-content\/uploads\/2018\/06\/TIM\u56fe\u724720180621160524-768x282.jpg 768w, https:\/\/www.rebehair.com\/wp-content\/uploads\/2018\/06\/TIM\u56fe\u724720180621160524-125x46.jpg 125w, https:\/\/www.rebehair.com\/wp-content\/uploads\/2018\/06\/TIM\u56fe\u724720180621160524-75x28.jpg 75w, https:\/\/www.rebehair.com\/wp-content\/uploads\/2018\/06\/TIM\u56fe\u724720180621160524-600x220.jpg 600w\" sizes=\"(max-width: 983px) 100vw, 983px\" \/><\/p>\n<p>&nbsp;<\/p>\n<p>&nbsp;<\/p>\n<p>&nbsp;<\/p>\n<p>&nbsp;<\/p>\n<p>&nbsp;<\/p>\n<p>&nbsp;<\/p>\n<p>&nbsp;<\/p>\n<p>&nbsp;<\/p>\n<p><b>Type de cheveux: \u00a0 \u00a0 \u00a0<\/b>\u00a0Cheveux humains indiens Remy 100%<\/p>\n<p><b>Type de perruque\u00a0: \u00a0 \u00a0 \u00a0 \u00a0<\/b>Perruques avant en dentelle de densit\u00e9 130%-140%<\/p>\n<p><b>Texture: \u00a0 \u00a0 \u00a0 \u00a0 \u00a0<\/b> Perruques avant de lacet de vague de corps<\/p>\n<p><b>Couleur: \u00a0 \u00a0 \u00a0 \u00a0 \u00a0 \u00a0 \u00a0<\/b>Noir naturel<\/p>\n<p><b>Longueur:\u00a0 \u00a0 \u00a0 \u00a0 \u00a0 \u00a0 <\/b>10\u2033 \u2013 22\u2033, poids environ 130g-240g\/PC<\/p>\n<p><b>Fonctionnalit\u00e9: \u00a0 \u00a0 \u00a0 \u00a0 \u00a0<\/b>\u00a0Pr\u00e9-\u00e9pil\u00e9 avec une racine des cheveux naturelle, sans enchev\u00eatrement, perte minimale<\/p>\n<p><strong>Taille du bonnet :\u00a0<\/strong>\u00a0 \u00a0 \u00a0 \u00a0Les casquettes Large, Medium et Petite sont disponibles<\/p>\n<p>&nbsp;<\/p>\n<p><span style=\"color: #ff00ff; font-size: 160%;\">Comment mesurer les perruques ?<\/span><\/p>\n<p><img decoding=\"async\" loading=\"lazy\" class=\"wp-image-11066 alignleft\" src=\"http:\/\/rebehair.com\/wp-content\/uploads\/2018\/06\/TIM\u622a\u56fe20180620151513.png\" alt=\"\" width=\"949\" height=\"495\" srcset=\"https:\/\/www.rebehair.com\/wp-content\/uploads\/2018\/06\/TIM\u622a\u56fe20180620151513.png 901w, https:\/\/www.rebehair.com\/wp-content\/uploads\/2018\/06\/TIM\u622a\u56fe20180620151513-767x400.png 767w, https:\/\/www.rebehair.com\/wp-content\/uploads\/2018\/06\/TIM\u622a\u56fe20180620151513-768x401.png 768w, https:\/\/www.rebehair.com\/wp-content\/uploads\/2018\/06\/TIM\u622a\u56fe20180620151513-125x65.png 125w, https:\/\/www.rebehair.com\/wp-content\/uploads\/2018\/06\/TIM\u622a\u56fe20180620151513-75x39.png 75w, https:\/\/www.rebehair.com\/wp-content\/uploads\/2018\/06\/TIM\u622a\u56fe20180620151513-600x313.png 600w\" sizes=\"(max-width: 949px) 100vw, 949px\" \/><\/p>\n<p>&nbsp;<\/p>\n<p>&nbsp;<\/p>\n<p>&nbsp;<\/p>\n<p>&nbsp;<\/p>\n<p>&nbsp;<\/p>\n<p>&nbsp;<\/p>\n<p>&nbsp;<\/p>\n<p>&nbsp;<\/p>\n<p>&nbsp;<\/p>\n<p>&nbsp;<\/p>\n<p>&nbsp;<\/p>\n<p><span style=\"color: #ff00ff; font-size: 160%;\">Exp\u00e9dition<\/span><\/p>\n<p><img decoding=\"async\" loading=\"lazy\" class=\"size-full wp-image-11064 alignleft\" src=\"http:\/\/rebehair.com\/wp-content\/uploads\/2018\/06\/TIM\u622a\u56fe20180620151016.png\" alt=\"\" width=\"903\" height=\"578\" srcset=\"https:\/\/www.rebehair.com\/wp-content\/uploads\/2018\/06\/TIM\u622a\u56fe20180620151016.png 903w, https:\/\/www.rebehair.com\/wp-content\/uploads\/2018\/06\/TIM\u622a\u56fe20180620151016-625x400.png 625w, https:\/\/www.rebehair.com\/wp-content\/uploads\/2018\/06\/TIM\u622a\u56fe20180620151016-768x492.png 768w, https:\/\/www.rebehair.com\/wp-content\/uploads\/2018\/06\/TIM\u622a\u56fe20180620151016-125x80.png 125w, https:\/\/www.rebehair.com\/wp-content\/uploads\/2018\/06\/TIM\u622a\u56fe20180620151016-75x48.png 75w, https:\/\/www.rebehair.com\/wp-content\/uploads\/2018\/06\/TIM\u622a\u56fe20180620151016-600x384.png 600w\" sizes=\"(max-width: 903px) 100vw, 903px\" \/><\/p>\n<p>&nbsp;<\/p>\n<p>&nbsp;<\/p>\n<p>&nbsp;<\/p>\n<p>&nbsp;<\/p>\n<p>&nbsp;<\/p>\n<p>&nbsp;<\/p>\n<p>&nbsp;<\/p>\n<p>&nbsp;<\/p>\n<p>&nbsp;<\/p>\n<p>&nbsp;<\/p>\n<p>&nbsp;<\/p>\n<p>&nbsp;<\/p>\n<p>&nbsp;<\/p>\n<p><span style=\"color: #ff00ff; font-size: 160%;\"><strong>Comment entretenir les perruques ?<\/strong><\/span><\/p>\n<p><strong>1.Comment peigner la perruque ?<\/strong><\/p>\n<p><span data-spm-anchor-id=\"2114.10010108.1000023.i3.266aeb96xlO1qx\">Lorsque vous devez peigner une perruque, soyez doux. N&#039;utilisez pas de brosses ordinaires et, si vous le pouvez, peignez-les uniquement. Il n&#039;est pas n\u00e9cessaire de le peigner tous les jours, alors laissez-le reposer.<\/span><\/p>\n<p><strong>2.Comment garder la forme ?<\/strong><\/p>\n<p>Pendant que vous \u00eates assis \u00e0 la maison, enlevez-le et posez-le sur un porte-perruque. Le support aidera \u00e0 conserver sa forme et le retirer de votre t\u00eate vous \u00e9vitera de tirer et d&#039;arracher les cheveux.<\/p>\n<p><strong>3.Comment laver la perruque ?<\/strong><\/p>\n<p><span data-spm-anchor-id=\"2114.10010108.1000023.i4.266aeb96xlO1qx\">Apr\u00e8s avoir lav\u00e9 une perruque, ne la secouez pas dans une serviette. Soyez prudent et s\u00e9chez-le pi\u00e8ce par pi\u00e8ce. Cela garantit que les brins de fibres ne tombent pas. De plus, ne coiffez jamais votre perruque lorsqu\u2019elle est mouill\u00e9e. M\u00eame les coiffeurs mouill\u00e9s sont connus pour endommager votre perruque.<\/span><\/p>\n<p data-spm-anchor-id=\"2114.10010108.1000023.i5.266aeb96xlO1qx\"><strong>4.Comment s\u00e9cher la perruque ?<\/strong><\/p>\n<p>Apr\u00e8s avoir satur\u00e9 votre perruque d\u2019eau, essorez-la pour la s\u00e9cher. Ne l&#039;essorez pas, sinon la base de votre perruque pourrait devenir d\u00e9form\u00e9e et s\u00e9cher de fa\u00e7on amusante.<\/p>\n<p><strong>5.Comment choisir le conditionneur ?<\/strong><\/p>\n<p>Lorsque vous vous lavez les cheveux, n\u2019utilisez jamais de shampoing destin\u00e9 aux cheveux naturels. \u00ab M\u00eame si un revitalisant normal convient, le shampooing est trop agressif et peut entra\u00eener la chute des cheveux.<\/p>\n<p data-spm-anchor-id=\"2114.10010108.1000023.i7.266aeb96xlO1qx\"><strong>6. \u00c0 quelle fr\u00e9quence entretenir la perruque\u00a0?<\/strong><\/p>\n<p data-spm-anchor-id=\"2114.10010108.1000023.i2.266aeb96xlO1qx\">Vous pouvez revitaliser vos cheveux toutes les deux semaines environ pour les garder brillants et doux. Assurez-vous de ne pas faire cela tous les jours et assurez-vous de tout rincer, sinon cela pourrait entra\u00eener une accumulation dans votre perruque. Lavez votre perruque uniquement apr\u00e8s l&#039;avoir port\u00e9e 25 fois. Si vous faites cela quotidiennement ou m\u00eame chaque semaine, votre perruque peut para\u00eetre moins r\u00e9aliste et s&#039;effondrer.<\/p>","protected":false},"excerpt":{"rendered":"<p>&nbsp; &nbsp; &nbsp; &nbsp; &nbsp; &nbsp; &nbsp; &nbsp; Hair Type: \u00a0 \u00a0 \u00a0\u00a0100% Indian Remy Human\u00a0Hair Wig Type: \u00a0 \u00a0 \u00a0 \u00a0130%-140% Density Lace Front Wigs Texture: \u00a0 \u00a0 \u00a0 \u00a0 \u00a0 Body Wave Lace Front Wigs Color: \u00a0 \u00a0 \u00a0 \u00a0 \u00a0 \u00a0 \u00a0Natural Black Length:\u00a0 \u00a0 \u00a0 \u00a0 \u00a0 \u00a0 10&#8243; &#8211; 22&#8243;, [&#8230;]","protected":false},"featured_media":13751,"comment_status":"open","ping_status":"closed","template":"","meta":[],"product_cat":[201],"product_tag":[412,410,413],"yoast_head":"<!-- This site is optimized with the Yoast SEO plugin v20.11 - https:\/\/yoast.com\/wordpress\/plugins\/seo\/ -->\n<title>Wholesale Clearance Lace Front Wigs 100% Indian Remy Hair 4inch Lace Parting 8inch to 26inch - RebeHair Extension Factory<\/title>\n<meta name=\"description\" content=\"Clearance Lace Front Wigs 100% Indian Remy Hair 4inch Lace Parting 8inch to 26inch - RebeHair Extension Factory\" \/>\n<meta name=\"robots\" content=\"index, follow, max-snippet:-1, max-image-preview:large, max-video-preview:-1\" \/>\n<link rel=\"canonical\" href=\"https:\/\/www.rebehair.com\/fr\/produit\/clearance-lace-front-wigs-100-indian-remy-hair-4inch-lace-parting-10inch-to-22inch\/\" \/>\n<meta property=\"og:locale\" content=\"fr_FR\" \/>\n<meta property=\"og:type\" content=\"article\" \/>\n<meta property=\"og:title\" content=\"Wholesale Clearance Lace Front Wigs 100% Indian Remy Hair 4inch Lace Parting 8inch to 26inch - RebeHair Extension Factory\" \/>\n<meta property=\"og:description\" content=\"Clearance Lace Front Wigs 100% Indian Remy Hair 4inch Lace Parting 8inch to 26inch - RebeHair Extension Factory\" \/>\n<meta property=\"og:url\" content=\"https:\/\/www.rebehair.com\/fr\/produit\/clearance-lace-front-wigs-100-indian-remy-hair-4inch-lace-parting-10inch-to-22inch\/\" \/>\n<meta property=\"og:site_name\" content=\"RebeHair Extension Factory\" \/>\n<meta property=\"article:modified_time\" content=\"2023-05-28T07:29:53+00:00\" \/>\n<meta property=\"og:image\" content=\"https:\/\/www.rebehair.com\/wp-content\/uploads\/2020\/10\/body-wave1.jpg\" \/>\n\t<meta property=\"og:image:width\" content=\"1500\" \/>\n\t<meta property=\"og:image:height\" content=\"1559\" \/>\n\t<meta property=\"og:image:type\" content=\"image\/jpeg\" \/>\n<meta name=\"twitter:card\" content=\"summary_large_image\" \/>\n<meta name=\"twitter:label1\" content=\"Dur\u00e9e de lecture estim\u00e9e\" \/>\n\t<meta name=\"twitter:data1\" content=\"2 minutes\" \/>\n<script type=\"application\/ld+json\" class=\"yoast-schema-graph\">{\"@context\":\"https:\/\/schema.org\",\"@graph\":[{\"@type\":\"WebPage\",\"@id\":\"https:\/\/www.rebehair.com\/product\/clearance-lace-front-wigs-100-indian-remy-hair-4inch-lace-parting-10inch-to-22inch\/\",\"url\":\"https:\/\/www.rebehair.com\/product\/clearance-lace-front-wigs-100-indian-remy-hair-4inch-lace-parting-10inch-to-22inch\/\",\"name\":\"Wholesale Clearance Lace Front Wigs 100% Indian Remy Hair 4inch Lace Parting 8inch to 26inch - RebeHair Extension Factory\",\"isPartOf\":{\"@id\":\"https:\/\/www.rebehair.com\/#website\"},\"datePublished\":\"2020-10-17T00:54:23+00:00\",\"dateModified\":\"2023-05-28T07:29:53+00:00\",\"description\":\"Clearance Lace Front Wigs 100% Indian Remy Hair 4inch Lace Parting 8inch to 26inch - RebeHair Extension Factory\",\"breadcrumb\":{\"@id\":\"https:\/\/www.rebehair.com\/product\/clearance-lace-front-wigs-100-indian-remy-hair-4inch-lace-parting-10inch-to-22inch\/#breadcrumb\"},\"inLanguage\":\"fr-FR\",\"potentialAction\":[{\"@type\":\"ReadAction\",\"target\":[\"https:\/\/www.rebehair.com\/product\/clearance-lace-front-wigs-100-indian-remy-hair-4inch-lace-parting-10inch-to-22inch\/\"]}]},{\"@type\":\"BreadcrumbList\",\"@id\":\"https:\/\/www.rebehair.com\/product\/clearance-lace-front-wigs-100-indian-remy-hair-4inch-lace-parting-10inch-to-22inch\/#breadcrumb\",\"itemListElement\":[{\"@type\":\"ListItem\",\"position\":1,\"name\":\"Home\",\"item\":\"https:\/\/www.rebehair.com\/\"},{\"@type\":\"ListItem\",\"position\":2,\"name\":\"Shop\",\"item\":\"https:\/\/www.rebehair.com\/shop\/\"},{\"@type\":\"ListItem\",\"position\":3,\"name\":\"Clearance Lace Front Wigs 100% Indian Remy Hair 4inch Lace Parting 8inch to 26inch\"}]},{\"@type\":\"WebSite\",\"@id\":\"https:\/\/www.rebehair.com\/#website\",\"url\":\"https:\/\/www.rebehair.com\/\",\"name\":\"RebeHair Extension Factory\",\"description\":\"\",\"potentialAction\":[{\"@type\":\"SearchAction\",\"target\":{\"@type\":\"EntryPoint\",\"urlTemplate\":\"https:\/\/www.rebehair.com\/?s={search_term_string}\"},\"query-input\":\"required name=search_term_string\"}],\"inLanguage\":\"fr-FR\"}]}<\/script>\n<!-- \/ Yoast SEO plugin. -->","yoast_head_json":{"title":"Wholesale Clearance Lace Front Wigs 100% Indian Remy Hair 4inch Lace Parting 8inch to 26inch - RebeHair Extension Factory","description":"Clearance Lace Front Wigs 100% Indian Remy Hair 4inch Lace Parting 8inch to 26inch - RebeHair Extension Factory","robots":{"index":"index","follow":"follow","max-snippet":"max-snippet:-1","max-image-preview":"max-image-preview:large","max-video-preview":"max-video-preview:-1"},"canonical":"https:\/\/www.rebehair.com\/fr\/produit\/clearance-lace-front-wigs-100-indian-remy-hair-4inch-lace-parting-10inch-to-22inch\/","og_locale":"fr_FR","og_type":"article","og_title":"Wholesale Clearance Lace Front Wigs 100% Indian Remy Hair 4inch Lace Parting 8inch to 26inch - RebeHair Extension Factory","og_description":"Clearance Lace Front Wigs 100% Indian Remy Hair 4inch Lace Parting 8inch to 26inch - RebeHair Extension Factory","og_url":"https:\/\/www.rebehair.com\/fr\/produit\/clearance-lace-front-wigs-100-indian-remy-hair-4inch-lace-parting-10inch-to-22inch\/","og_site_name":"RebeHair Extension Factory","article_modified_time":"2023-05-28T07:29:53+00:00","og_image":[{"width":1500,"height":1559,"url":"https:\/\/www.rebehair.com\/wp-content\/uploads\/2020\/10\/body-wave1.jpg","type":"image\/jpeg"}],"twitter_card":"summary_large_image","twitter_misc":{"Dur\u00e9e de lecture estim\u00e9e":"2 minutes"},"schema":{"@context":"https:\/\/schema.org","@graph":[{"@type":"WebPage","@id":"https:\/\/www.rebehair.com\/product\/clearance-lace-front-wigs-100-indian-remy-hair-4inch-lace-parting-10inch-to-22inch\/","url":"https:\/\/www.rebehair.com\/product\/clearance-lace-front-wigs-100-indian-remy-hair-4inch-lace-parting-10inch-to-22inch\/","name":"Wholesale Clearance Lace Front Wigs 100% Indian Remy Hair 4inch Lace Parting 8inch to 26inch - RebeHair Extension Factory","isPartOf":{"@id":"https:\/\/www.rebehair.com\/#website"},"datePublished":"2020-10-17T00:54:23+00:00","dateModified":"2023-05-28T07:29:53+00:00","description":"Clearance Lace Front Wigs 100% Indian Remy Hair 4inch Lace Parting 8inch to 26inch - RebeHair Extension Factory","breadcrumb":{"@id":"https:\/\/www.rebehair.com\/product\/clearance-lace-front-wigs-100-indian-remy-hair-4inch-lace-parting-10inch-to-22inch\/#breadcrumb"},"inLanguage":"fr-FR","potentialAction":[{"@type":"ReadAction","target":["https:\/\/www.rebehair.com\/product\/clearance-lace-front-wigs-100-indian-remy-hair-4inch-lace-parting-10inch-to-22inch\/"]}]},{"@type":"BreadcrumbList","@id":"https:\/\/www.rebehair.com\/product\/clearance-lace-front-wigs-100-indian-remy-hair-4inch-lace-parting-10inch-to-22inch\/#breadcrumb","itemListElement":[{"@type":"ListItem","position":1,"name":"Home","item":"https:\/\/www.rebehair.com\/"},{"@type":"ListItem","position":2,"name":"Shop","item":"https:\/\/www.rebehair.com\/shop\/"},{"@type":"ListItem","position":3,"name":"Clearance Lace Front Wigs 100% Indian Remy Hair 4inch Lace Parting 8inch to 26inch"}]},{"@type":"WebSite","@id":"https:\/\/www.rebehair.com\/#website","url":"https:\/\/www.rebehair.com\/","name":"RebeHair Extension Factory","description":"","potentialAction":[{"@type":"SearchAction","target":{"@type":"EntryPoint","urlTemplate":"https:\/\/www.rebehair.com\/?s={search_term_string}"},"query-input":"required name=search_term_string"}],"inLanguage":"fr-FR"}]}},"_links":{"self":[{"href":"https:\/\/www.rebehair.com\/fr\/wp-json\/wp\/v2\/product\/13740"}],"collection":[{"href":"https:\/\/www.rebehair.com\/fr\/wp-json\/wp\/v2\/product"}],"about":[{"href":"https:\/\/www.rebehair.com\/fr\/wp-json\/wp\/v2\/types\/product"}],"replies":[{"embeddable":true,"href":"https:\/\/www.rebehair.com\/fr\/wp-json\/wp\/v2\/comments?post=13740"}],"wp:featuredmedia":[{"embeddable":true,"href":"https:\/\/www.rebehair.com\/fr\/wp-json\/wp\/v2\/media\/13751"}],"wp:attachment":[{"href":"https:\/\/www.rebehair.com\/fr\/wp-json\/wp\/v2\/media?parent=13740"}],"wp:term":[{"taxonomy":"product_cat","embeddable":true,"href":"https:\/\/www.rebehair.com\/fr\/wp-json\/wp\/v2\/product_cat?post=13740"},{"taxonomy":"product_tag","embeddable":true,"href":"https:\/\/www.rebehair.com\/fr\/wp-json\/wp\/v2\/product_tag?post=13740"}],"curies":[{"name":"wp","href":"https:\/\/api.w.org\/{rel}","templated":true}]}}