
{"id":12080,"date":"2019-07-02T17:19:16","date_gmt":"2019-07-02T09:19:16","guid":{"rendered":"http:\/\/www.rebehair.com\/?post_type=product&#038;p=12080"},"modified":"2023-10-24T10:19:28","modified_gmt":"2023-10-24T02:19:28","slug":"highlight-4-27-halo-hair-extensions","status":"publish","type":"product","link":"https:\/\/www.rebehair.com\/fr\/produit\/highlight-4-27-halo-hair-extensions\/","title":{"rendered":"Extensions de cheveux Halo 4\/27# Highlight"},"content":{"rendered":"<p><img decoding=\"async\" loading=\"lazy\" class=\"aligncenter size-full wp-image-11997\" src=\"http:\/\/www.rebehair.com\/wp-content\/uploads\/2019\/07\/Halo-Hair.jpg\" alt=\"Halo hair extension\" width=\"1165\" height=\"484\" srcset=\"https:\/\/www.rebehair.com\/wp-content\/uploads\/2019\/07\/Halo-Hair.jpg 1165w, https:\/\/www.rebehair.com\/wp-content\/uploads\/2019\/07\/Halo-Hair-800x332.jpg 800w, https:\/\/www.rebehair.com\/wp-content\/uploads\/2019\/07\/Halo-Hair-768x319.jpg 768w, https:\/\/www.rebehair.com\/wp-content\/uploads\/2019\/07\/Halo-Hair-125x52.jpg 125w, https:\/\/www.rebehair.com\/wp-content\/uploads\/2019\/07\/Halo-Hair-75x31.jpg 75w, https:\/\/www.rebehair.com\/wp-content\/uploads\/2019\/07\/Halo-Hair-600x249.jpg 600w\" sizes=\"(max-width: 1165px) 100vw, 1165px\" \/><\/p>\n<p><span style=\"font-size: 120%;\"><strong><b>CHEVEUX REB\u00c9\u00a0<\/b><\/strong>Extensions de cheveux Halo fabriqu\u00e9es \u00e0 partir de cheveux russes vierges purs et v\u00e9ritables pour vous offrir l&#039;installation la plus flexible et la plus durable.<\/span><\/p>\n<ul>\n<li><span style=\"font-size: 120%;\">\u00a0 \u00a0 \u00a0 \u00a0 \u00a0 Ultra naturel et subtil une fois appliqu\u00e9<\/span><\/li>\n<li><span style=\"font-size: 120%;\">\u00a0 \u00a0 \u00a0 \u00a0 \u00a0 Parfait pour ajouter du volume ou une longueur tr\u00e8s subtile au quotidien<\/span><\/li>\n<\/ul>\n<p><img decoding=\"async\" loading=\"lazy\" class=\"aligncenter size-full wp-image-12003\" src=\"http:\/\/www.rebehair.com\/wp-content\/uploads\/2019\/07\/Halo-hair-1.jpg\" alt=\"\" width=\"1037\" height=\"734\" srcset=\"https:\/\/www.rebehair.com\/wp-content\/uploads\/2019\/07\/Halo-hair-1.jpg 1037w, https:\/\/www.rebehair.com\/wp-content\/uploads\/2019\/07\/Halo-hair-1-565x400.jpg 565w, https:\/\/www.rebehair.com\/wp-content\/uploads\/2019\/07\/Halo-hair-1-768x544.jpg 768w, https:\/\/www.rebehair.com\/wp-content\/uploads\/2019\/07\/Halo-hair-1-125x88.jpg 125w, https:\/\/www.rebehair.com\/wp-content\/uploads\/2019\/07\/Halo-hair-1-75x53.jpg 75w, https:\/\/www.rebehair.com\/wp-content\/uploads\/2019\/07\/Halo-hair-1-600x425.jpg 600w\" sizes=\"(max-width: 1037px) 100vw, 1037px\" \/><\/p>\n<ul>\n<li>\n<h1><strong><b>\u00a0 \u00a0 \u00a0 \u00a0 \u00a0 \u00a0 \u00a0 \u00a0 \u00a0 \u00a0 \u00a0 \u00a0 \u00a0 \u00a0 \u00a0 \u00a0 \u00a0 \u00a0 \u00a0 \u00a0 \u00a0 \u00a0 \u00a0 \u00a0 \u00a0 \u00a0 \u00a0 \u00a0 \u00a0 DESCRIPTION DU PRODUIT<\/b><\/strong><\/h1>\n<p><span style=\"color: #68876b;\"><strong><b>&#8212;&#8212;&#8212;&#8212;&#8212;&#8212;&#8212;&#8212;&#8212;&#8212;&#8212;&#8212;&#8212;&#8212;&#8212;&#8212;&#8212;&#8212;&#8212;&#8212;&#8212;&#8212;&#8212;&#8212;&#8212;&#8212;&#8212;&#8212;&#8212;&#8212;&#8212;&#8212;&#8212;&#8212;&#8212;&#8212;&#8212;&#8212;&#8212;&#8212;&#8212;&#8212;&#8212;&#8212;&#8212;&#8212;&#8212;&#8212;&#8212;&#8212;&#8212;&#8212;&#8212;&#8212;&#8212;&#8212;&#8212;&#8212;&#8212;&#8212;&#8212;&#8212;&#8212;&#8212;&#8212;&#8212;&#8212;&#8212;&#8212;&#8212;&#8212;&#8212;&#8212;&#8212;&#8212;&#8212;&#8212;&#8212;&#8212;&#8212;&#8212;-<\/b><\/strong><\/span><\/p>\n<ul>\n<li><b><\/b><strong><b>Type de cheveux:<\/b><\/strong>100% Cheveux Humains Russes Remy<\/li>\n<li><b><\/b><strong><b>Texture:<\/b><\/strong>Soyeux droit<\/li>\n<li><b><\/b><strong><b>Grammes par longueur<\/b><\/strong><\/li>\n<li>16&quot; 100 grammes<br \/>\n20&quot; 120 grammes<\/li>\n<li><b><\/b><strong><b>Couleur:<\/b><\/strong> Point culminant 4\/27#<\/li>\n<li><b><\/b><strong><b>Contenu:<\/b><\/strong>Une trame Halo et un anneau suppl\u00e9mentaire<\/li>\n<li><b><\/b><strong><b>Politique de retour:<\/b><\/strong>Dans les 30 jours<\/li>\n<li><b><\/b><strong><b>Dur\u00e9e de vie:<\/b><\/strong>6-12 mois<\/li>\n<li><b><\/b><strong><b>Peut \u00eatre teint\u00a0:<\/b><\/strong>Oui<\/li>\n<li><b><\/b><strong><b>Enchev\u00eatrement et remise\u00a0:<\/b><\/strong>Non<\/li>\n<li><b><\/b><strong><b>Peut \u00eatre chauff\u00e9\u00a0:<\/b><\/strong>Oui<\/li>\n<\/ul>\n<p>&nbsp;<\/p>\n<p><img decoding=\"async\" loading=\"lazy\" class=\"aligncenter size-full wp-image-12084\" src=\"http:\/\/www.rebehair.com\/wp-content\/uploads\/2019\/07\/427-4.jpg\" alt=\"\" width=\"1001\" height=\"1001\" srcset=\"https:\/\/www.rebehair.com\/wp-content\/uploads\/2019\/07\/427-4.jpg 1001w, https:\/\/www.rebehair.com\/wp-content\/uploads\/2019\/07\/427-4-280x280.jpg 280w, https:\/\/www.rebehair.com\/wp-content\/uploads\/2019\/07\/427-4-400x400.jpg 400w, https:\/\/www.rebehair.com\/wp-content\/uploads\/2019\/07\/427-4-768x768.jpg 768w, https:\/\/www.rebehair.com\/wp-content\/uploads\/2019\/07\/427-4-800x800.jpg 800w, https:\/\/www.rebehair.com\/wp-content\/uploads\/2019\/07\/427-4-125x125.jpg 125w, https:\/\/www.rebehair.com\/wp-content\/uploads\/2019\/07\/427-4-75x75.jpg 75w, https:\/\/www.rebehair.com\/wp-content\/uploads\/2019\/07\/427-4-300x300.jpg 300w, https:\/\/www.rebehair.com\/wp-content\/uploads\/2019\/07\/427-4-600x600.jpg 600w, https:\/\/www.rebehair.com\/wp-content\/uploads\/2019\/07\/427-4-100x100.jpg 100w\" sizes=\"(max-width: 1001px) 100vw, 1001px\" \/><img decoding=\"async\" loading=\"lazy\" class=\"aligncenter size-full wp-image-11998\" src=\"http:\/\/www.rebehair.com\/wp-content\/uploads\/2019\/07\/How-to-apply.jpg\" alt=\"\" width=\"800\" height=\"1239\" srcset=\"https:\/\/www.rebehair.com\/wp-content\/uploads\/2019\/07\/How-to-apply.jpg 800w, https:\/\/www.rebehair.com\/wp-content\/uploads\/2019\/07\/How-to-apply-258x400.jpg 258w, https:\/\/www.rebehair.com\/wp-content\/uploads\/2019\/07\/How-to-apply-768x1189.jpg 768w, https:\/\/www.rebehair.com\/wp-content\/uploads\/2019\/07\/How-to-apply-517x800.jpg 517w, https:\/\/www.rebehair.com\/wp-content\/uploads\/2019\/07\/How-to-apply-81x125.jpg 81w, https:\/\/www.rebehair.com\/wp-content\/uploads\/2019\/07\/How-to-apply-48x75.jpg 48w, https:\/\/www.rebehair.com\/wp-content\/uploads\/2019\/07\/How-to-apply-600x929.jpg 600w\" sizes=\"(max-width: 800px) 100vw, 800px\" \/><\/li>\n<li>\n<h1><strong><b>\u00a0 \u00a0 \u00a0 \u00a0 \u00a0 \u00a0 \u00a0 \u00a0 \u00a0 \u00a0 \u00a0 \u00a0 \u00a0 \u00a0 \u00a0 \u00a0 \u00a0 \u00a0 \u00a0 \u00a0 \u00a0 \u00a0 \u00a0 \u00a0 \u00a0 \u00a0 \u00a0 \u00a0 \u00a0 \u00a0 \u00a0 \u00a0 \u00a0POURQUOI NOUS CHOISIR?\u00a0<\/b><\/strong><\/h1>\n<p><span style=\"color: #68876b;\"><strong><b>&#8212;&#8212;&#8212;&#8212;&#8212;&#8212;&#8212;&#8212;&#8212;&#8212;&#8212;&#8212;&#8212;&#8212;&#8212;&#8212;&#8212;&#8212;&#8212;&#8212;&#8212;&#8212;&#8212;&#8212;&#8212;&#8212;&#8212;&#8212;&#8212;&#8212;&#8212;&#8212;&#8212;&#8212;&#8212;&#8212;&#8212;&#8212;&#8212;&#8212;&#8212;&#8212;&#8212;&#8212;&#8212;&#8212;&#8212;&#8212;&#8212;&#8212;&#8212;&#8212;&#8212;&#8212;&#8212;&#8212;&#8212;&#8212;&#8212;&#8212;&#8212;&#8212;&#8212;&#8212;&#8212;&#8212;&#8212;&#8212;&#8212;&#8212;&#8212;&#8212;&#8212;&#8212;&#8212;&#8212;&#8212;&#8212;&#8212;&#8212;&#8212;&#8212;&#8212;&#8212;&#8212;&#8212;-<\/b><\/strong><\/span><\/p>\n<p><strong><b>Dans cette ligne depuis plus de 16 ans, nous sommes bien connect\u00e9s uniquement avec les agents d&#039;approvisionnement en cheveux les plus fiables au niveau national et \u00e0 l&#039;\u00e9tranger (notre usine est id\u00e9alement situ\u00e9e dans le centre de concentration et de distribution de cheveux bruts en Chine, ce qui nous facilite la t\u00e2che. pour obtenir une grande quantit\u00e9 de cheveux de haute qualit\u00e9.)\u00a0<\/b><\/strong><\/p>\n<p><strong><b>Pour garantir \u00e0 nos clients les meilleurs cheveux vierges remy, nous utilisons \u00e9galement plusieurs sources du monde entier, telles que la Russie, le Br\u00e9sil, l&#039;Inde, l&#039;Asie du Sud-Est et d&#039;autres pays.\u00a0<\/b><\/strong><\/p>\n<p><img decoding=\"async\" loading=\"lazy\" class=\"aligncenter size-full wp-image-11412\" src=\"http:\/\/www.rebehair.com\/wp-content\/uploads\/2018\/06\/Raw-hair.jpg\" alt=\"\" width=\"750\" height=\"263\" srcset=\"https:\/\/www.rebehair.com\/wp-content\/uploads\/2018\/06\/Raw-hair.jpg 750w, https:\/\/www.rebehair.com\/wp-content\/uploads\/2018\/06\/Raw-hair-125x44.jpg 125w, https:\/\/www.rebehair.com\/wp-content\/uploads\/2018\/06\/Raw-hair-75x26.jpg 75w, https:\/\/www.rebehair.com\/wp-content\/uploads\/2018\/06\/Raw-hair-600x210.jpg 600w\" sizes=\"(max-width: 750px) 100vw, 750px\" \/><span style=\"color: #68876b;\"><strong><b>&#8212;&#8212;&#8212;&#8212;&#8212;&#8212;&#8212;&#8212;&#8212;&#8212;&#8212;&#8212;&#8212;&#8212;&#8212;&#8212;&#8212;&#8212;&#8212;&#8212;&#8212;&#8212;&#8212;&#8212;&#8212;&#8212;&#8212;&#8212;&#8212;&#8212;&#8212;&#8212;&#8212;&#8212;&#8212;&#8212;&#8212;&#8212;&#8212;&#8212;&#8212;&#8212;&#8212;&#8212;&#8212;&#8212;&#8212;&#8212;&#8212;&#8212;&#8212;&#8212;&#8212;&#8212;&#8212;&#8212;&#8212;&#8212;&#8212;&#8212;&#8212;&#8212;&#8212;&#8212;&#8212;&#8212;&#8212;&#8212;&#8212;&#8212;&#8212;&#8212;&#8212;&#8212;&#8212;&#8212;&#8212;&#8212;&#8212;&#8212;&#8212;-<\/b><\/strong><\/span><\/li>\n<\/ul>","protected":false},"excerpt":{"rendered":"<p><span style=\"font-size: 95%;\"><strong>Extensions de cheveux Halo de cheveux Rebe<\/strong><\/span><\/p>\n<ul>\n<li><b><\/b><strong><b>Type de cheveux:<\/b><\/strong>100% Cheveux Humains Russes Remy<\/li>\n<li><b><\/b><strong><b>Texture:<\/b><\/strong>Soyeux droit<\/li>\n<li><b><\/b><strong><b>Grammes par longueur<\/b><\/strong><\/li>\n<li>16&quot; 100 grammes<br \/>\n20&quot; 120 grammes<\/li>\n<li><b><\/b><strong><b>Couleur: <\/b><\/strong>Point culminant 4\/27#<\/li>\n<li><b><\/b><strong><b>Contenu:<\/b><\/strong>Une trame Halo et un anneau suppl\u00e9mentaire<\/li>\n<\/ul>","protected":false},"featured_media":12083,"comment_status":"open","ping_status":"closed","template":"","meta":[],"product_cat":[194,472],"product_tag":[474,473,222],"yoast_head":"<!-- This site is optimized with the Yoast SEO plugin v20.11 - https:\/\/yoast.com\/wordpress\/plugins\/seo\/ -->\n<title>Wholesale Highlight 4\/27# Halo Hair Extensions - RebeHair Extension Factory<\/title>\n<meta name=\"description\" content=\"Highlight 4\/27# Halo Hair Extensions - RebeHair Extension Factory\" \/>\n<meta name=\"robots\" content=\"index, follow, max-snippet:-1, max-image-preview:large, max-video-preview:-1\" \/>\n<link rel=\"canonical\" href=\"https:\/\/www.rebehair.com\/fr\/produit\/highlight-4-27-halo-hair-extensions\/\" \/>\n<meta property=\"og:locale\" content=\"fr_FR\" \/>\n<meta property=\"og:type\" content=\"article\" \/>\n<meta property=\"og:title\" content=\"Wholesale Highlight 4\/27# Halo Hair Extensions - RebeHair Extension Factory\" \/>\n<meta property=\"og:description\" content=\"Highlight 4\/27# Halo Hair Extensions - RebeHair Extension Factory\" \/>\n<meta property=\"og:url\" content=\"https:\/\/www.rebehair.com\/fr\/produit\/highlight-4-27-halo-hair-extensions\/\" \/>\n<meta property=\"og:site_name\" content=\"RebeHair Extension Factory\" \/>\n<meta property=\"article:modified_time\" content=\"2023-10-24T02:19:28+00:00\" \/>\n<meta property=\"og:image\" content=\"https:\/\/www.rebehair.com\/wp-content\/uploads\/2019\/07\/p4-27-2.jpg\" \/>\n\t<meta property=\"og:image:width\" content=\"1001\" \/>\n\t<meta property=\"og:image:height\" content=\"1001\" \/>\n\t<meta property=\"og:image:type\" content=\"image\/jpeg\" \/>\n<meta name=\"twitter:card\" content=\"summary_large_image\" \/>\n<meta name=\"twitter:label1\" content=\"Dur\u00e9e de lecture estim\u00e9e\" \/>\n\t<meta name=\"twitter:data1\" content=\"2 minutes\" \/>\n<script type=\"application\/ld+json\" class=\"yoast-schema-graph\">{\"@context\":\"https:\/\/schema.org\",\"@graph\":[{\"@type\":\"WebPage\",\"@id\":\"https:\/\/www.rebehair.com\/product\/highlight-4-27-halo-hair-extensions\/\",\"url\":\"https:\/\/www.rebehair.com\/product\/highlight-4-27-halo-hair-extensions\/\",\"name\":\"Wholesale Highlight 4\/27# Halo Hair Extensions - RebeHair Extension Factory\",\"isPartOf\":{\"@id\":\"https:\/\/www.rebehair.com\/#website\"},\"datePublished\":\"2019-07-02T09:19:16+00:00\",\"dateModified\":\"2023-10-24T02:19:28+00:00\",\"description\":\"Highlight 4\/27# Halo Hair Extensions - RebeHair Extension Factory\",\"breadcrumb\":{\"@id\":\"https:\/\/www.rebehair.com\/product\/highlight-4-27-halo-hair-extensions\/#breadcrumb\"},\"inLanguage\":\"fr-FR\",\"potentialAction\":[{\"@type\":\"ReadAction\",\"target\":[\"https:\/\/www.rebehair.com\/product\/highlight-4-27-halo-hair-extensions\/\"]}]},{\"@type\":\"BreadcrumbList\",\"@id\":\"https:\/\/www.rebehair.com\/product\/highlight-4-27-halo-hair-extensions\/#breadcrumb\",\"itemListElement\":[{\"@type\":\"ListItem\",\"position\":1,\"name\":\"Home\",\"item\":\"https:\/\/www.rebehair.com\/\"},{\"@type\":\"ListItem\",\"position\":2,\"name\":\"Shop\",\"item\":\"https:\/\/www.rebehair.com\/shop\/\"},{\"@type\":\"ListItem\",\"position\":3,\"name\":\"Highlight 4\/27# Halo Hair Extensions\"}]},{\"@type\":\"WebSite\",\"@id\":\"https:\/\/www.rebehair.com\/#website\",\"url\":\"https:\/\/www.rebehair.com\/\",\"name\":\"RebeHair Extension Factory\",\"description\":\"\",\"potentialAction\":[{\"@type\":\"SearchAction\",\"target\":{\"@type\":\"EntryPoint\",\"urlTemplate\":\"https:\/\/www.rebehair.com\/?s={search_term_string}\"},\"query-input\":\"required name=search_term_string\"}],\"inLanguage\":\"fr-FR\"}]}<\/script>\n<!-- \/ Yoast SEO plugin. -->","yoast_head_json":{"title":"Wholesale Highlight 4\/27# Halo Hair Extensions - RebeHair Extension Factory","description":"Highlight 4\/27# Halo Hair Extensions - RebeHair Extension Factory","robots":{"index":"index","follow":"follow","max-snippet":"max-snippet:-1","max-image-preview":"max-image-preview:large","max-video-preview":"max-video-preview:-1"},"canonical":"https:\/\/www.rebehair.com\/fr\/produit\/highlight-4-27-halo-hair-extensions\/","og_locale":"fr_FR","og_type":"article","og_title":"Wholesale Highlight 4\/27# Halo Hair Extensions - RebeHair Extension Factory","og_description":"Highlight 4\/27# Halo Hair Extensions - RebeHair Extension Factory","og_url":"https:\/\/www.rebehair.com\/fr\/produit\/highlight-4-27-halo-hair-extensions\/","og_site_name":"RebeHair Extension Factory","article_modified_time":"2023-10-24T02:19:28+00:00","og_image":[{"width":1001,"height":1001,"url":"https:\/\/www.rebehair.com\/wp-content\/uploads\/2019\/07\/p4-27-2.jpg","type":"image\/jpeg"}],"twitter_card":"summary_large_image","twitter_misc":{"Dur\u00e9e de lecture estim\u00e9e":"2 minutes"},"schema":{"@context":"https:\/\/schema.org","@graph":[{"@type":"WebPage","@id":"https:\/\/www.rebehair.com\/product\/highlight-4-27-halo-hair-extensions\/","url":"https:\/\/www.rebehair.com\/product\/highlight-4-27-halo-hair-extensions\/","name":"Wholesale Highlight 4\/27# Halo Hair Extensions - RebeHair Extension Factory","isPartOf":{"@id":"https:\/\/www.rebehair.com\/#website"},"datePublished":"2019-07-02T09:19:16+00:00","dateModified":"2023-10-24T02:19:28+00:00","description":"Highlight 4\/27# Halo Hair Extensions - RebeHair Extension Factory","breadcrumb":{"@id":"https:\/\/www.rebehair.com\/product\/highlight-4-27-halo-hair-extensions\/#breadcrumb"},"inLanguage":"fr-FR","potentialAction":[{"@type":"ReadAction","target":["https:\/\/www.rebehair.com\/product\/highlight-4-27-halo-hair-extensions\/"]}]},{"@type":"BreadcrumbList","@id":"https:\/\/www.rebehair.com\/product\/highlight-4-27-halo-hair-extensions\/#breadcrumb","itemListElement":[{"@type":"ListItem","position":1,"name":"Home","item":"https:\/\/www.rebehair.com\/"},{"@type":"ListItem","position":2,"name":"Shop","item":"https:\/\/www.rebehair.com\/shop\/"},{"@type":"ListItem","position":3,"name":"Highlight 4\/27# Halo Hair Extensions"}]},{"@type":"WebSite","@id":"https:\/\/www.rebehair.com\/#website","url":"https:\/\/www.rebehair.com\/","name":"RebeHair Extension Factory","description":"","potentialAction":[{"@type":"SearchAction","target":{"@type":"EntryPoint","urlTemplate":"https:\/\/www.rebehair.com\/?s={search_term_string}"},"query-input":"required name=search_term_string"}],"inLanguage":"fr-FR"}]}},"_links":{"self":[{"href":"https:\/\/www.rebehair.com\/fr\/wp-json\/wp\/v2\/product\/12080"}],"collection":[{"href":"https:\/\/www.rebehair.com\/fr\/wp-json\/wp\/v2\/product"}],"about":[{"href":"https:\/\/www.rebehair.com\/fr\/wp-json\/wp\/v2\/types\/product"}],"replies":[{"embeddable":true,"href":"https:\/\/www.rebehair.com\/fr\/wp-json\/wp\/v2\/comments?post=12080"}],"wp:featuredmedia":[{"embeddable":true,"href":"https:\/\/www.rebehair.com\/fr\/wp-json\/wp\/v2\/media\/12083"}],"wp:attachment":[{"href":"https:\/\/www.rebehair.com\/fr\/wp-json\/wp\/v2\/media?parent=12080"}],"wp:term":[{"taxonomy":"product_cat","embeddable":true,"href":"https:\/\/www.rebehair.com\/fr\/wp-json\/wp\/v2\/product_cat?post=12080"},{"taxonomy":"product_tag","embeddable":true,"href":"https:\/\/www.rebehair.com\/fr\/wp-json\/wp\/v2\/product_tag?post=12080"}],"curies":[{"name":"wp","href":"https:\/\/api.w.org\/{rel}","templated":true}]}}