
{"id":11437,"date":"2018-06-25T17:54:08","date_gmt":"2018-06-25T09:54:08","guid":{"rendered":"http:\/\/rebehair.com\/?post_type=product&#038;p=11437"},"modified":"2019-07-05T10:44:02","modified_gmt":"2019-07-05T02:44:02","slug":"double-drawn-u-tip-hair-extensions-blonde","status":"publish","type":"product","link":"https:\/\/www.rebehair.com\/fr\/produit\/double-drawn-u-tip-hair-extensions-blonde\/","title":{"rendered":"Extensions de cheveux double pointe en U blonde"},"content":{"rendered":"<p><img decoding=\"async\" loading=\"lazy\" class=\"size-full wp-image-11430 alignleft\" src=\"http:\/\/rebehair.com\/wp-content\/uploads\/2018\/06\/U-tip-Hair.jpg\" alt=\"\" width=\"960\" height=\"392\" srcset=\"https:\/\/www.rebehair.com\/wp-content\/uploads\/2018\/06\/U-tip-Hair.jpg 960w, https:\/\/www.rebehair.com\/wp-content\/uploads\/2018\/06\/U-tip-Hair-800x327.jpg 800w, https:\/\/www.rebehair.com\/wp-content\/uploads\/2018\/06\/U-tip-Hair-768x314.jpg 768w, https:\/\/www.rebehair.com\/wp-content\/uploads\/2018\/06\/U-tip-Hair-125x51.jpg 125w, https:\/\/www.rebehair.com\/wp-content\/uploads\/2018\/06\/U-tip-Hair-75x31.jpg 75w, https:\/\/www.rebehair.com\/wp-content\/uploads\/2018\/06\/U-tip-Hair-600x245.jpg 600w\" sizes=\"(max-width: 960px) 100vw, 960px\" \/><\/p>\n<p>&nbsp;<\/p>\n<p>&nbsp;<\/p>\n<p>&nbsp;<\/p>\n<p>&nbsp;<\/p>\n<p>&nbsp;<\/p>\n<p>&nbsp;<\/p>\n<p>&nbsp;<\/p>\n<p>&nbsp;<\/p>\n<p>&nbsp;<\/p>\n<p>&nbsp;<\/p>\n<p>&nbsp;<\/p>\n<p>&nbsp;<\/p>\n<p>&nbsp;<\/p>\n<p><span style=\"font-size: 105%;\"><strong>Nos pointes d&#039;ongles ou en forme de U pr\u00e9-li\u00e9es aux prot\u00e9ines sont la solution pour ceux qui aiment la fusion \u00e0 chaud. Nous avons les meilleurs conseils pr\u00e9-bondage du march\u00e9. <\/strong><\/span><\/p>\n<p><span style=\"font-size: 105%;\"><strong>Ils doivent \u00eatre appliqu\u00e9s par un sp\u00e9cialiste des extensions de cheveux avec un fer \u00e0 connecteur Hot Tools et sont destin\u00e9s \u00e0 une utilisation \u00e0 long terme.<\/strong><\/span><\/p>\n<p>&nbsp;<\/p>\n<h2><strong>\u00a0\u00a0\u00a0\u00a0\u00a0\u00a0\u00a0\u00a0\u00a0\u00a0\u00a0\u00a0\u00a0\u00a0\u00a0\u00a0\u00a0\u00a0\u00a0\u00a0\u00a0\u00a0\u00a0\u00a0\u00a0\u00a0\u00a0\u00a0\u00a0\u00a0\u00a0\u00a0\u00a0\u00a0\u00a0\u00a0\u00a0\u00a0\u00a0\u00a0\u00a0\u00a0\u00a0\u00a0\u00a0\u00a0\u00a0\u00a0\u00a0\u00a0\u00a0\u00a0\u00a0\u00a0\u00a0\u00a0\u00a0\u00a0\u00a0 DESCRIPTION DU PRODUIT<\/strong><span style=\"font-size: 100%;\"><strong><br \/>\n<\/strong><\/span><\/h2>\n<p><span style=\"color: #e78ced;\"><strong>&#8212;&#8212;&#8212;&#8212;&#8212;&#8212;&#8212;&#8212;&#8212;&#8212;&#8212;&#8212;&#8212;&#8212;&#8212;&#8212;&#8212;&#8212;&#8212;&#8212;&#8212;&#8212;&#8212;&#8212;&#8212;&#8212;&#8212;&#8212;&#8212;&#8212;&#8212;&#8212;&#8212;&#8212;&#8212;&#8212;&#8212;&#8212;&#8212;&#8212;&#8212;&#8212;&#8212;&#8212;&#8212;&#8212;&#8212;&#8212;&#8212;&#8212;&#8212;&#8212;&#8212;&#8212;&#8212;&#8212;&#8212;&#8212;&#8212;&#8212;&#8212;&#8212;&#8212;&#8212;&#8212;&#8212;&#8212;&#8212;-<\/strong><\/span><\/p>\n<ul>\n<li><b><\/b><strong><b>Poids des cheveux<\/b><\/strong>:100 grammes<\/li>\n<li><b><\/b><strong><b>Quantit\u00e9 de cheveux\u00a0:<\/b><\/strong>1 g\/brin, 100 g par paquet<\/li>\n<li><b><\/b><strong><b>Couleur de cheveux<\/b><\/strong>: #60<\/li>\n<li><b><\/b><strong><b>Texture des cheveux<\/b><\/strong>: Droit soyeux<\/li>\n<li><strong><b>Qualit\u00e9 des cheveux<\/b><\/strong>: Double tirage 100% vrais cheveux humains remy, naturels, soyeux et doux.<\/li>\n<li><b><\/b><strong><b>Avantages : <\/b><\/strong>pr\u00e9-li\u00e9 avec de la k\u00e9ratine italienne pour former une tenue s\u00fbre et durable.<\/li>\n<\/ul>\n<p>&nbsp;<\/p>\n<p><img decoding=\"async\" loading=\"lazy\" class=\"size-full wp-image-11431 alignleft\" src=\"http:\/\/rebehair.com\/wp-content\/uploads\/2018\/06\/1b_grey_ombre_black_to_grey_nail_tip_u_tip_human_hair_extensions_keratin_fusion.jpg\" alt=\"\" width=\"1000\" height=\"800\" srcset=\"https:\/\/www.rebehair.com\/wp-content\/uploads\/2018\/06\/1b_grey_ombre_black_to_grey_nail_tip_u_tip_human_hair_extensions_keratin_fusion.jpg 1000w, https:\/\/www.rebehair.com\/wp-content\/uploads\/2018\/06\/1b_grey_ombre_black_to_grey_nail_tip_u_tip_human_hair_extensions_keratin_fusion-500x400.jpg 500w, https:\/\/www.rebehair.com\/wp-content\/uploads\/2018\/06\/1b_grey_ombre_black_to_grey_nail_tip_u_tip_human_hair_extensions_keratin_fusion-768x614.jpg 768w, https:\/\/www.rebehair.com\/wp-content\/uploads\/2018\/06\/1b_grey_ombre_black_to_grey_nail_tip_u_tip_human_hair_extensions_keratin_fusion-125x100.jpg 125w, https:\/\/www.rebehair.com\/wp-content\/uploads\/2018\/06\/1b_grey_ombre_black_to_grey_nail_tip_u_tip_human_hair_extensions_keratin_fusion-75x60.jpg 75w, https:\/\/www.rebehair.com\/wp-content\/uploads\/2018\/06\/1b_grey_ombre_black_to_grey_nail_tip_u_tip_human_hair_extensions_keratin_fusion-600x480.jpg 600w\" sizes=\"(max-width: 1000px) 100vw, 1000px\" \/><\/p>\n<h3><\/h3>\n<h3><\/h3>\n<h3><\/h3>\n<h3><\/h3>\n<h3><\/h3>\n<h3><\/h3>\n<h3><\/h3>\n<h3><\/h3>\n<h3><\/h3>\n<h3><\/h3>\n<h3><\/h3>\n<h3><\/h3>\n<h3><\/h3>\n<h3><\/h3>\n<h3><\/h3>\n<h3><\/h3>\n<h2><span style=\"font-size: 100%;\">&#8212;&#8212;&#8212;&#8212;&#8212;&#8212;&#8212;&#8212;&#8212;&#8212;&#8212;&#8212;&#8212;&#8212;&#8212;&#8212;&#8212;&#8212;&#8212;<\/span><strong> CHOIX DE COULEUR<\/strong><span style=\"font-size: 100%;\">&#8212;&#8212;&#8212;&#8212;&#8212;&#8212;&#8212;&#8212;&#8212;&#8212;&#8212;&#8212;&#8212;&#8212;&#8212;&#8212;-<\/span><\/h2>\n<p><span style=\"font-size: 105%;\"><strong>Couleur\u00a0:\u00a0Toutes les couleurs disponibles, y compris la couleur Solis, la couleur Ombre, la couleur Panio, la couleur mixte, etc.<\/strong><\/span><\/p>\n<p><img decoding=\"async\" loading=\"lazy\" class=\"size-full wp-image-11381 alignleft\" src=\"http:\/\/rebehair.com\/wp-content\/uploads\/2018\/06\/\u5355\u8272P\u8272-2.jpg\" alt=\"\" width=\"1001\" height=\"1001\" srcset=\"https:\/\/www.rebehair.com\/wp-content\/uploads\/2018\/06\/\u5355\u8272P\u8272-2.jpg 1001w, https:\/\/www.rebehair.com\/wp-content\/uploads\/2018\/06\/\u5355\u8272P\u8272-2-280x280.jpg 280w, https:\/\/www.rebehair.com\/wp-content\/uploads\/2018\/06\/\u5355\u8272P\u8272-2-400x400.jpg 400w, https:\/\/www.rebehair.com\/wp-content\/uploads\/2018\/06\/\u5355\u8272P\u8272-2-768x768.jpg 768w, https:\/\/www.rebehair.com\/wp-content\/uploads\/2018\/06\/\u5355\u8272P\u8272-2-800x800.jpg 800w, https:\/\/www.rebehair.com\/wp-content\/uploads\/2018\/06\/\u5355\u8272P\u8272-2-125x125.jpg 125w, https:\/\/www.rebehair.com\/wp-content\/uploads\/2018\/06\/\u5355\u8272P\u8272-2-75x75.jpg 75w, https:\/\/www.rebehair.com\/wp-content\/uploads\/2018\/06\/\u5355\u8272P\u8272-2-300x300.jpg 300w, https:\/\/www.rebehair.com\/wp-content\/uploads\/2018\/06\/\u5355\u8272P\u8272-2-600x600.jpg 600w, https:\/\/www.rebehair.com\/wp-content\/uploads\/2018\/06\/\u5355\u8272P\u8272-2-100x100.jpg 100w\" sizes=\"(max-width: 1001px) 100vw, 1001px\" \/><img decoding=\"async\" loading=\"lazy\" class=\"size-full wp-image-11382 alignleft\" src=\"http:\/\/rebehair.com\/wp-content\/uploads\/2018\/06\/t\u8272r\u8272-3.jpg\" alt=\"\" width=\"1001\" height=\"744\" srcset=\"https:\/\/www.rebehair.com\/wp-content\/uploads\/2018\/06\/t\u8272r\u8272-3.jpg 1001w, https:\/\/www.rebehair.com\/wp-content\/uploads\/2018\/06\/t\u8272r\u8272-3-538x400.jpg 538w, https:\/\/www.rebehair.com\/wp-content\/uploads\/2018\/06\/t\u8272r\u8272-3-768x571.jpg 768w, https:\/\/www.rebehair.com\/wp-content\/uploads\/2018\/06\/t\u8272r\u8272-3-125x93.jpg 125w, https:\/\/www.rebehair.com\/wp-content\/uploads\/2018\/06\/t\u8272r\u8272-3-75x56.jpg 75w, https:\/\/www.rebehair.com\/wp-content\/uploads\/2018\/06\/t\u8272r\u8272-3-600x446.jpg 600w\" sizes=\"(max-width: 1001px) 100vw, 1001px\" \/><\/p>\n<h2><span style=\"font-size: 100%;\">&#8212;&#8212;&#8212;&#8212;&#8212;&#8212;&#8212;&#8212;&#8212;&#8212;&#8212;&#8212;&#8212;&#8212;&#8212;&#8212;&#8212;&#8212;&#8212;-\u00a0<\/span><strong> POURQUOI NOUS CHOISIR? <\/strong><span style=\"font-size: 100%;\">&#8212;&#8212;&#8212;&#8212;&#8212;&#8212;&#8212;&#8212;&#8212;&#8212;&#8212;&#8212;&#8212;&#8212;&#8212;&#8212;&#8212;&#8212;<\/span><\/h2>\n<p><strong><span style=\"font-size: 105%;\">Dans cette ligne depuis plus de 16 ans, nous sommes bien connect\u00e9s uniquement avec les agents d&#039;approvisionnement en cheveux les plus fiables au niveau national et \u00e0 l&#039;\u00e9tranger (notre usine est id\u00e9alement situ\u00e9e dans le centre de concentration et de distribution de cheveux bruts en Chine, ce qui nous facilite la t\u00e2che. pour obtenir une grande quantit\u00e9 de cheveux de haute qualit\u00e9.)\u00a0<\/span><\/strong><\/p>\n<p><strong><span style=\"font-size: 105%;\">Pour garantir \u00e0 nos clients les meilleurs cheveux vierges remy, nous utilisons \u00e9galement plusieurs sources du monde entier, telles que la Russie, le Br\u00e9sil, l&#039;Inde, l&#039;Asie du Sud-Est et d&#039;autres pays.\u00a0<\/span><\/strong><\/p>\n<p><img decoding=\"async\" loading=\"lazy\" class=\"wp-image-11412 alignleft\" src=\"http:\/\/rebehair.com\/wp-content\/uploads\/2018\/06\/Raw-hair.jpg\" alt=\"\" width=\"958\" height=\"336\" srcset=\"https:\/\/www.rebehair.com\/wp-content\/uploads\/2018\/06\/Raw-hair.jpg 750w, https:\/\/www.rebehair.com\/wp-content\/uploads\/2018\/06\/Raw-hair-125x44.jpg 125w, https:\/\/www.rebehair.com\/wp-content\/uploads\/2018\/06\/Raw-hair-75x26.jpg 75w, https:\/\/www.rebehair.com\/wp-content\/uploads\/2018\/06\/Raw-hair-600x210.jpg 600w\" sizes=\"(max-width: 958px) 100vw, 958px\" \/><\/p>\n<p>&nbsp;<\/p>\n<p>&nbsp;<\/p>\n<p>&nbsp;<\/p>\n<p>&nbsp;<\/p>\n<p>&nbsp;<\/p>\n<p>&nbsp;<\/p>\n<p>&nbsp;<\/p>\n<p>&nbsp;<\/p>\n<h3><\/h3>\n<h2><\/h2>\n<h2><span style=\"font-size: 100%;\">&#8212;&#8212;&#8212;&#8212;&#8212;&#8212;&#8212;&#8212;&#8212;&#8212;&#8212;&#8212;&#8212;&#8212;&#8212;&#8212;&#8212;-<\/span> <strong>CONTACTEZ-NOUS<\/strong><span style=\"font-size: 100%;\"> &#8212;&#8212;&#8212;&#8212;&#8212;&#8212;&#8212;&#8212;&#8212;&#8212;&#8212;&#8212;&#8212;&#8212;&#8212;&#8212;&#8212;&#8212;&#8212;&#8212;&#8212;&#8212;&#8212;<\/span><\/h2>\n<p><img decoding=\"async\" loading=\"lazy\" class=\"size-full wp-image-11410 alignleft\" src=\"http:\/\/rebehair.com\/wp-content\/uploads\/2018\/06\/contact-ivy.jpg\" alt=\"\" width=\"960\" height=\"350\" srcset=\"https:\/\/www.rebehair.com\/wp-content\/uploads\/2018\/06\/contact-ivy.jpg 960w, https:\/\/www.rebehair.com\/wp-content\/uploads\/2018\/06\/contact-ivy-800x292.jpg 800w, https:\/\/www.rebehair.com\/wp-content\/uploads\/2018\/06\/contact-ivy-768x280.jpg 768w, https:\/\/www.rebehair.com\/wp-content\/uploads\/2018\/06\/contact-ivy-125x46.jpg 125w, https:\/\/www.rebehair.com\/wp-content\/uploads\/2018\/06\/contact-ivy-75x27.jpg 75w, https:\/\/www.rebehair.com\/wp-content\/uploads\/2018\/06\/contact-ivy-600x219.jpg 600w\" sizes=\"(max-width: 960px) 100vw, 960px\" \/><\/p>\n<p>&nbsp;<\/p>\n<p>&nbsp;<\/p>\n<p>&nbsp;<\/p>","protected":false},"excerpt":{"rendered":"<ul>\n<li><strong><b>Poids des cheveux<\/b><\/strong>:100 grammes<\/li>\n<li><b><\/b><strong><b>Quantit\u00e9 de cheveux\u00a0:<\/b><\/strong>1 g\/brin, 100 g par paquet<\/li>\n<li><b><\/b><strong><b>Couleur de cheveux<\/b><\/strong>: #60<\/li>\n<li><b><\/b><strong><b>Texture des cheveux<\/b><\/strong>: Droit soyeux<\/li>\n<li><strong><b>Qualit\u00e9 des cheveux<\/b><\/strong>: Double tirage 100% vrais cheveux humains remy, naturels, soyeux et doux.<\/li>\n<li><b><\/b><strong><b>Avantages : <\/b><\/strong>pr\u00e9-li\u00e9 avec de la k\u00e9ratine italienne pour former une tenue s\u00fbre et durable.<\/li>\n<\/ul>","protected":false},"featured_media":11439,"comment_status":"open","ping_status":"closed","template":"","meta":[],"product_cat":[194,198],"product_tag":[419,484,485,459,483],"yoast_head":"<!-- This site is optimized with the Yoast SEO plugin v20.11 - https:\/\/yoast.com\/wordpress\/plugins\/seo\/ -->\n<title>Wholesale Double Drawn U tip Hair Extensions Blonde - RebeHair Extension Factory<\/title>\n<meta name=\"description\" content=\"Double Drawn U tip Hair Extensions Blonde - RebeHair Extension Factory\" \/>\n<meta name=\"robots\" content=\"index, follow, max-snippet:-1, max-image-preview:large, max-video-preview:-1\" \/>\n<link rel=\"canonical\" href=\"https:\/\/www.rebehair.com\/fr\/produit\/double-drawn-u-tip-hair-extensions-blonde\/\" \/>\n<meta property=\"og:locale\" content=\"fr_FR\" \/>\n<meta property=\"og:type\" content=\"article\" \/>\n<meta property=\"og:title\" content=\"Wholesale Double Drawn U tip Hair Extensions Blonde - RebeHair Extension Factory\" \/>\n<meta property=\"og:description\" content=\"Double Drawn U tip Hair Extensions Blonde - RebeHair Extension Factory\" \/>\n<meta property=\"og:url\" content=\"https:\/\/www.rebehair.com\/fr\/produit\/double-drawn-u-tip-hair-extensions-blonde\/\" \/>\n<meta property=\"og:site_name\" content=\"RebeHair Extension Factory\" \/>\n<meta property=\"article:modified_time\" content=\"2019-07-05T02:44:02+00:00\" \/>\n<meta property=\"og:image\" content=\"https:\/\/www.rebehair.com\/wp-content\/uploads\/2018\/06\/ss-60-18-03.jpg\" \/>\n\t<meta property=\"og:image:width\" content=\"1001\" \/>\n\t<meta property=\"og:image:height\" content=\"1001\" \/>\n\t<meta property=\"og:image:type\" content=\"image\/jpeg\" \/>\n<meta name=\"twitter:card\" content=\"summary_large_image\" \/>\n<meta name=\"twitter:label1\" content=\"Dur\u00e9e de lecture estim\u00e9e\" \/>\n\t<meta name=\"twitter:data1\" content=\"3 minutes\" \/>\n<script type=\"application\/ld+json\" class=\"yoast-schema-graph\">{\"@context\":\"https:\/\/schema.org\",\"@graph\":[{\"@type\":\"WebPage\",\"@id\":\"https:\/\/www.rebehair.com\/product\/double-drawn-u-tip-hair-extensions-blonde\/\",\"url\":\"https:\/\/www.rebehair.com\/product\/double-drawn-u-tip-hair-extensions-blonde\/\",\"name\":\"Wholesale Double Drawn U tip Hair Extensions Blonde - RebeHair Extension Factory\",\"isPartOf\":{\"@id\":\"https:\/\/www.rebehair.com\/#website\"},\"datePublished\":\"2018-06-25T09:54:08+00:00\",\"dateModified\":\"2019-07-05T02:44:02+00:00\",\"description\":\"Double Drawn U tip Hair Extensions Blonde - RebeHair Extension Factory\",\"breadcrumb\":{\"@id\":\"https:\/\/www.rebehair.com\/product\/double-drawn-u-tip-hair-extensions-blonde\/#breadcrumb\"},\"inLanguage\":\"fr-FR\",\"potentialAction\":[{\"@type\":\"ReadAction\",\"target\":[\"https:\/\/www.rebehair.com\/product\/double-drawn-u-tip-hair-extensions-blonde\/\"]}]},{\"@type\":\"BreadcrumbList\",\"@id\":\"https:\/\/www.rebehair.com\/product\/double-drawn-u-tip-hair-extensions-blonde\/#breadcrumb\",\"itemListElement\":[{\"@type\":\"ListItem\",\"position\":1,\"name\":\"Home\",\"item\":\"https:\/\/www.rebehair.com\/\"},{\"@type\":\"ListItem\",\"position\":2,\"name\":\"Shop\",\"item\":\"https:\/\/www.rebehair.com\/shop\/\"},{\"@type\":\"ListItem\",\"position\":3,\"name\":\"Double Drawn U tip Hair Extensions Blonde\"}]},{\"@type\":\"WebSite\",\"@id\":\"https:\/\/www.rebehair.com\/#website\",\"url\":\"https:\/\/www.rebehair.com\/\",\"name\":\"RebeHair Extension Factory\",\"description\":\"\",\"potentialAction\":[{\"@type\":\"SearchAction\",\"target\":{\"@type\":\"EntryPoint\",\"urlTemplate\":\"https:\/\/www.rebehair.com\/?s={search_term_string}\"},\"query-input\":\"required name=search_term_string\"}],\"inLanguage\":\"fr-FR\"}]}<\/script>\n<!-- \/ Yoast SEO plugin. -->","yoast_head_json":{"title":"Wholesale Double Drawn U tip Hair Extensions Blonde - RebeHair Extension Factory","description":"Double Drawn U tip Hair Extensions Blonde - RebeHair Extension Factory","robots":{"index":"index","follow":"follow","max-snippet":"max-snippet:-1","max-image-preview":"max-image-preview:large","max-video-preview":"max-video-preview:-1"},"canonical":"https:\/\/www.rebehair.com\/fr\/produit\/double-drawn-u-tip-hair-extensions-blonde\/","og_locale":"fr_FR","og_type":"article","og_title":"Wholesale Double Drawn U tip Hair Extensions Blonde - RebeHair Extension Factory","og_description":"Double Drawn U tip Hair Extensions Blonde - RebeHair Extension Factory","og_url":"https:\/\/www.rebehair.com\/fr\/produit\/double-drawn-u-tip-hair-extensions-blonde\/","og_site_name":"RebeHair Extension Factory","article_modified_time":"2019-07-05T02:44:02+00:00","og_image":[{"width":1001,"height":1001,"url":"https:\/\/www.rebehair.com\/wp-content\/uploads\/2018\/06\/ss-60-18-03.jpg","type":"image\/jpeg"}],"twitter_card":"summary_large_image","twitter_misc":{"Dur\u00e9e de lecture estim\u00e9e":"3 minutes"},"schema":{"@context":"https:\/\/schema.org","@graph":[{"@type":"WebPage","@id":"https:\/\/www.rebehair.com\/product\/double-drawn-u-tip-hair-extensions-blonde\/","url":"https:\/\/www.rebehair.com\/product\/double-drawn-u-tip-hair-extensions-blonde\/","name":"Wholesale Double Drawn U tip Hair Extensions Blonde - RebeHair Extension Factory","isPartOf":{"@id":"https:\/\/www.rebehair.com\/#website"},"datePublished":"2018-06-25T09:54:08+00:00","dateModified":"2019-07-05T02:44:02+00:00","description":"Double Drawn U tip Hair Extensions Blonde - RebeHair Extension Factory","breadcrumb":{"@id":"https:\/\/www.rebehair.com\/product\/double-drawn-u-tip-hair-extensions-blonde\/#breadcrumb"},"inLanguage":"fr-FR","potentialAction":[{"@type":"ReadAction","target":["https:\/\/www.rebehair.com\/product\/double-drawn-u-tip-hair-extensions-blonde\/"]}]},{"@type":"BreadcrumbList","@id":"https:\/\/www.rebehair.com\/product\/double-drawn-u-tip-hair-extensions-blonde\/#breadcrumb","itemListElement":[{"@type":"ListItem","position":1,"name":"Home","item":"https:\/\/www.rebehair.com\/"},{"@type":"ListItem","position":2,"name":"Shop","item":"https:\/\/www.rebehair.com\/shop\/"},{"@type":"ListItem","position":3,"name":"Double Drawn U tip Hair Extensions Blonde"}]},{"@type":"WebSite","@id":"https:\/\/www.rebehair.com\/#website","url":"https:\/\/www.rebehair.com\/","name":"RebeHair Extension Factory","description":"","potentialAction":[{"@type":"SearchAction","target":{"@type":"EntryPoint","urlTemplate":"https:\/\/www.rebehair.com\/?s={search_term_string}"},"query-input":"required name=search_term_string"}],"inLanguage":"fr-FR"}]}},"_links":{"self":[{"href":"https:\/\/www.rebehair.com\/fr\/wp-json\/wp\/v2\/product\/11437"}],"collection":[{"href":"https:\/\/www.rebehair.com\/fr\/wp-json\/wp\/v2\/product"}],"about":[{"href":"https:\/\/www.rebehair.com\/fr\/wp-json\/wp\/v2\/types\/product"}],"replies":[{"embeddable":true,"href":"https:\/\/www.rebehair.com\/fr\/wp-json\/wp\/v2\/comments?post=11437"}],"wp:featuredmedia":[{"embeddable":true,"href":"https:\/\/www.rebehair.com\/fr\/wp-json\/wp\/v2\/media\/11439"}],"wp:attachment":[{"href":"https:\/\/www.rebehair.com\/fr\/wp-json\/wp\/v2\/media?parent=11437"}],"wp:term":[{"taxonomy":"product_cat","embeddable":true,"href":"https:\/\/www.rebehair.com\/fr\/wp-json\/wp\/v2\/product_cat?post=11437"},{"taxonomy":"product_tag","embeddable":true,"href":"https:\/\/www.rebehair.com\/fr\/wp-json\/wp\/v2\/product_tag?post=11437"}],"curies":[{"name":"wp","href":"https:\/\/api.w.org\/{rel}","templated":true}]}}