
{"id":11421,"date":"2018-06-25T17:24:25","date_gmt":"2018-06-25T09:24:25","guid":{"rendered":"http:\/\/rebehair.com\/?post_type=product&#038;p=11421"},"modified":"2018-06-25T17:35:19","modified_gmt":"2018-06-25T09:35:19","slug":"double-drawn-seamless-pu-clip-in-hair-extensions-blonde-613","status":"publish","type":"product","link":"https:\/\/www.rebehair.com\/fr\/produit\/double-drawn-seamless-pu-clip-in-hair-extensions-blonde-613\/","title":{"rendered":"Extensions de cheveux \u00e0 clips en PU sans couture, double dessin, blond #613"},"content":{"rendered":"<p><img decoding=\"async\" loading=\"lazy\" class=\"size-full wp-image-11411 alignleft\" src=\"http:\/\/rebehair.com\/wp-content\/uploads\/2018\/06\/pu-clip-in-hair.jpg\" alt=\"\" width=\"960\" height=\"500\" srcset=\"https:\/\/www.rebehair.com\/wp-content\/uploads\/2018\/06\/pu-clip-in-hair.jpg 960w, https:\/\/www.rebehair.com\/wp-content\/uploads\/2018\/06\/pu-clip-in-hair-768x400.jpg 768w, https:\/\/www.rebehair.com\/wp-content\/uploads\/2018\/06\/pu-clip-in-hair-125x65.jpg 125w, https:\/\/www.rebehair.com\/wp-content\/uploads\/2018\/06\/pu-clip-in-hair-75x39.jpg 75w, https:\/\/www.rebehair.com\/wp-content\/uploads\/2018\/06\/pu-clip-in-hair-600x313.jpg 600w\" sizes=\"(max-width: 960px) 100vw, 960px\" \/><\/p>\n<p>&nbsp;<\/p>\n<p>&nbsp;<\/p>\n<p>&nbsp;<\/p>\n<p>&nbsp;<\/p>\n<p>&nbsp;<\/p>\n<p>&nbsp;<\/p>\n<p>&nbsp;<\/p>\n<p>&nbsp;<\/p>\n<p>&nbsp;<\/p>\n<p>&nbsp;<\/p>\n<p>&nbsp;<\/p>\n<p>&nbsp;<\/p>\n<p>&nbsp;<\/p>\n<p>&nbsp;<\/p>\n<p><span style=\"font-size: 105%;\"><strong>Extensions de cheveux humains \u00e0 clips en PU sans couture remy 100%, plus confortables que les clips \u00e0 coudre dans la trame, se fondent facilement avec vos cheveux. <\/strong><\/span><\/p>\n<p><span style=\"font-size: 105%;\"><strong>Cheveux de salon de haute qualit\u00e9, sans enchev\u00eatrement, sans perte, soyeux et doux. Peut \u00eatre liss\u00e9, boucl\u00e9, lav\u00e9 et relook\u00e9 \u00e0 votre guise.<\/strong><\/span><\/p>\n<h2><strong>\u00a0\u00a0\u00a0\u00a0\u00a0\u00a0\u00a0\u00a0\u00a0\u00a0\u00a0\u00a0\u00a0\u00a0\u00a0\u00a0\u00a0\u00a0\u00a0\u00a0\u00a0\u00a0\u00a0\u00a0\u00a0\u00a0\u00a0\u00a0\u00a0\u00a0\u00a0\u00a0\u00a0\u00a0\u00a0\u00a0\u00a0\u00a0\u00a0\u00a0\u00a0\u00a0\u00a0\u00a0\u00a0\u00a0\u00a0\u00a0\u00a0\u00a0\u00a0\u00a0\u00a0\u00a0\u00a0\u00a0\u00a0\u00a0\u00a0 DESCRIPTION DU PRODUIT<\/strong><span style=\"font-size: 100%;\"><strong><br \/>\n<\/strong><\/span><\/h2>\n<p><span style=\"color: #e78ced;\"><strong>&#8212;&#8212;&#8212;&#8212;&#8212;&#8212;&#8212;&#8212;&#8212;&#8212;&#8212;&#8212;&#8212;&#8212;&#8212;&#8212;&#8212;&#8212;&#8212;&#8212;&#8212;&#8212;&#8212;&#8212;&#8212;&#8212;&#8212;&#8212;&#8212;&#8212;&#8212;&#8212;&#8212;&#8212;&#8212;&#8212;&#8212;&#8212;&#8212;&#8212;&#8212;&#8212;&#8212;&#8212;&#8212;&#8212;&#8212;&#8212;&#8212;&#8212;&#8212;&#8212;&#8212;&#8212;&#8212;&#8212;&#8212;&#8212;&#8212;&#8212;&#8212;&#8212;&#8212;&#8212;&#8212;&#8212;&#8212;&#8212;-<\/strong><\/span><\/p>\n<ul>\n<li><span style=\"font-size: 105%;\"><strong><b>Poids des cheveux<\/b><\/strong>:120 grammes<\/span><\/li>\n<li><span style=\"font-size: 105%;\"><strong><b>Couleur de cheveux<\/b><\/strong>: #613<\/span><\/li>\n<li><span style=\"font-size: 105%;\"><strong><b>Texture des cheveux<\/b><\/strong>: Droit soyeux<\/span><\/li>\n<li><span style=\"font-size: 105%;\"><strong><b>Qualit\u00e9 des cheveux<\/b><\/strong>: 100% vrais cheveux humains remy, naturels, soyeux et doux.<\/span><\/li>\n<li><span style=\"font-size: 105%;\"><strong><b>Sp\u00e9cification (Total 6 pi\u00e8ces)<\/b><\/strong><\/span><\/li>\n<\/ul>\n<p><span style=\"font-size: 105%;\">\u00a0\u00a0\u00a0\u00a0\u00a0\u00a0\u00a0\u00a0\u00a0\u00a0 Trame 2*8\u2033 de large 4 clips attach\u00e9s<\/span><\/p>\n<p><span style=\"font-size: 105%;\">\u00a0\u00a0\u00a0\u00a0\u00a0\u00a0\u00a0\u00a0\u00a0\u00a0 Trame 2*6\u2033 large 3 clips attach\u00e9s<\/span><\/p>\n<p><span style=\"font-size: 105%;\">\u00a0\u00a0\u00a0\u00a0\u00a0\u00a0\u00a0\u00a0\u00a0\u00a0 Trame 2*4\u2033 large 2 clips attach\u00e9s<\/span><\/p>\n<p><img decoding=\"async\" loading=\"lazy\" class=\"size-full wp-image-11419 alignleft\" src=\"http:\/\/rebehair.com\/wp-content\/uploads\/2018\/06\/pu-CLIP-IN-DETAILS.jpg\" alt=\"\" width=\"960\" height=\"768\" srcset=\"https:\/\/www.rebehair.com\/wp-content\/uploads\/2018\/06\/pu-CLIP-IN-DETAILS.jpg 960w, https:\/\/www.rebehair.com\/wp-content\/uploads\/2018\/06\/pu-CLIP-IN-DETAILS-500x400.jpg 500w, https:\/\/www.rebehair.com\/wp-content\/uploads\/2018\/06\/pu-CLIP-IN-DETAILS-768x614.jpg 768w, https:\/\/www.rebehair.com\/wp-content\/uploads\/2018\/06\/pu-CLIP-IN-DETAILS-125x100.jpg 125w, https:\/\/www.rebehair.com\/wp-content\/uploads\/2018\/06\/pu-CLIP-IN-DETAILS-75x60.jpg 75w, https:\/\/www.rebehair.com\/wp-content\/uploads\/2018\/06\/pu-CLIP-IN-DETAILS-600x480.jpg 600w\" sizes=\"(max-width: 960px) 100vw, 960px\" \/><\/p>\n<h3><\/h3>\n<h3><\/h3>\n<h3><\/h3>\n<h3><\/h3>\n<h3><\/h3>\n<h3><\/h3>\n<h3><\/h3>\n<h3><\/h3>\n<h3><\/h3>\n<h3><\/h3>\n<h3><\/h3>\n<h3><\/h3>\n<h3><\/h3>\n<h3><\/h3>\n<h3><\/h3>\n<h3><\/h3>\n<h2><span style=\"font-size: 100%;\">&#8212;&#8212;&#8212;&#8212;&#8212;&#8212;&#8212;&#8212;&#8212;&#8212;&#8212;&#8212;&#8212;&#8212;&#8212;&#8212;&#8212;&#8212;&#8212;<\/span><strong> CHOIX DE COULEUR<\/strong><span style=\"font-size: 100%;\">&#8212;&#8212;&#8212;&#8212;&#8212;&#8212;&#8212;&#8212;&#8212;&#8212;&#8212;&#8212;&#8212;&#8212;&#8212;&#8212;-<\/span><\/h2>\n<p><span style=\"font-size: 105%;\"><strong>Couleur\u00a0:\u00a0Toutes les couleurs disponibles, y compris la couleur Solis, la couleur Ombre, la couleur Panio, la couleur mixte, etc.<\/strong><\/span><\/p>\n<p><img decoding=\"async\" loading=\"lazy\" class=\"size-full wp-image-11381 alignleft\" src=\"http:\/\/rebehair.com\/wp-content\/uploads\/2018\/06\/\u5355\u8272P\u8272-2.jpg\" alt=\"\" width=\"1001\" height=\"1001\" srcset=\"https:\/\/www.rebehair.com\/wp-content\/uploads\/2018\/06\/\u5355\u8272P\u8272-2.jpg 1001w, https:\/\/www.rebehair.com\/wp-content\/uploads\/2018\/06\/\u5355\u8272P\u8272-2-280x280.jpg 280w, https:\/\/www.rebehair.com\/wp-content\/uploads\/2018\/06\/\u5355\u8272P\u8272-2-400x400.jpg 400w, https:\/\/www.rebehair.com\/wp-content\/uploads\/2018\/06\/\u5355\u8272P\u8272-2-768x768.jpg 768w, https:\/\/www.rebehair.com\/wp-content\/uploads\/2018\/06\/\u5355\u8272P\u8272-2-800x800.jpg 800w, https:\/\/www.rebehair.com\/wp-content\/uploads\/2018\/06\/\u5355\u8272P\u8272-2-125x125.jpg 125w, https:\/\/www.rebehair.com\/wp-content\/uploads\/2018\/06\/\u5355\u8272P\u8272-2-75x75.jpg 75w, https:\/\/www.rebehair.com\/wp-content\/uploads\/2018\/06\/\u5355\u8272P\u8272-2-300x300.jpg 300w, https:\/\/www.rebehair.com\/wp-content\/uploads\/2018\/06\/\u5355\u8272P\u8272-2-600x600.jpg 600w, https:\/\/www.rebehair.com\/wp-content\/uploads\/2018\/06\/\u5355\u8272P\u8272-2-100x100.jpg 100w\" sizes=\"(max-width: 1001px) 100vw, 1001px\" \/><img decoding=\"async\" loading=\"lazy\" class=\"size-full wp-image-11382 alignleft\" src=\"http:\/\/rebehair.com\/wp-content\/uploads\/2018\/06\/t\u8272r\u8272-3.jpg\" alt=\"\" width=\"1001\" height=\"744\" srcset=\"https:\/\/www.rebehair.com\/wp-content\/uploads\/2018\/06\/t\u8272r\u8272-3.jpg 1001w, https:\/\/www.rebehair.com\/wp-content\/uploads\/2018\/06\/t\u8272r\u8272-3-538x400.jpg 538w, https:\/\/www.rebehair.com\/wp-content\/uploads\/2018\/06\/t\u8272r\u8272-3-768x571.jpg 768w, https:\/\/www.rebehair.com\/wp-content\/uploads\/2018\/06\/t\u8272r\u8272-3-125x93.jpg 125w, https:\/\/www.rebehair.com\/wp-content\/uploads\/2018\/06\/t\u8272r\u8272-3-75x56.jpg 75w, https:\/\/www.rebehair.com\/wp-content\/uploads\/2018\/06\/t\u8272r\u8272-3-600x446.jpg 600w\" sizes=\"(max-width: 1001px) 100vw, 1001px\" \/><\/p>\n<h2><span style=\"font-size: 100%;\">&#8212;&#8212;&#8212;&#8212;&#8212;&#8212;&#8212;&#8212;&#8212;&#8212;&#8212;&#8212;&#8212;&#8212;&#8212;&#8212;&#8212;&#8212;&#8212;-\u00a0<\/span><strong> POURQUOI NOUS CHOISIR? <\/strong><span style=\"font-size: 100%;\">&#8212;&#8212;&#8212;&#8212;&#8212;&#8212;&#8212;&#8212;&#8212;&#8212;&#8212;&#8212;&#8212;&#8212;&#8212;&#8212;&#8212;&#8212;<\/span><\/h2>\n<p><strong><span style=\"font-size: 105%;\">Dans cette ligne depuis plus de 16 ans, nous sommes bien connect\u00e9s uniquement avec les agents d&#039;approvisionnement en cheveux les plus fiables au niveau national et \u00e0 l&#039;\u00e9tranger (notre usine est id\u00e9alement situ\u00e9e dans le centre de concentration et de distribution de cheveux bruts en Chine, ce qui nous facilite la t\u00e2che. pour obtenir une grande quantit\u00e9 de cheveux de haute qualit\u00e9.)\u00a0<\/span><\/strong><\/p>\n<p><strong><span style=\"font-size: 105%;\">Pour garantir \u00e0 nos clients les meilleurs cheveux vierges remy, nous utilisons \u00e9galement plusieurs sources du monde entier, telles que la Russie, le Br\u00e9sil, l&#039;Inde, l&#039;Asie du Sud-Est et d&#039;autres pays.\u00a0<\/span><\/strong><\/p>\n<p><img decoding=\"async\" loading=\"lazy\" class=\"wp-image-11412 alignleft\" src=\"http:\/\/rebehair.com\/wp-content\/uploads\/2018\/06\/Raw-hair.jpg\" alt=\"\" width=\"958\" height=\"336\" srcset=\"https:\/\/www.rebehair.com\/wp-content\/uploads\/2018\/06\/Raw-hair.jpg 750w, https:\/\/www.rebehair.com\/wp-content\/uploads\/2018\/06\/Raw-hair-125x44.jpg 125w, https:\/\/www.rebehair.com\/wp-content\/uploads\/2018\/06\/Raw-hair-75x26.jpg 75w, https:\/\/www.rebehair.com\/wp-content\/uploads\/2018\/06\/Raw-hair-600x210.jpg 600w\" sizes=\"(max-width: 958px) 100vw, 958px\" \/><\/p>\n<p>&nbsp;<\/p>\n<p>&nbsp;<\/p>\n<p>&nbsp;<\/p>\n<p>&nbsp;<\/p>\n<p>&nbsp;<\/p>\n<p>&nbsp;<\/p>\n<p>&nbsp;<\/p>\n<p>&nbsp;<\/p>\n<h3><\/h3>\n<h2><\/h2>\n<h2><span style=\"font-size: 100%;\">&#8212;&#8212;&#8212;&#8212;&#8212;&#8212;&#8212;&#8212;&#8212;&#8212;&#8212;&#8212;&#8212;&#8212;&#8212;&#8212;&#8212;-<\/span> <strong>CONTACTEZ-NOUS<\/strong><span style=\"font-size: 100%;\"> &#8212;&#8212;&#8212;&#8212;&#8212;&#8212;&#8212;&#8212;&#8212;&#8212;&#8212;&#8212;&#8212;&#8212;&#8212;&#8212;&#8212;&#8212;&#8212;&#8212;&#8212;&#8212;&#8212;<\/span><\/h2>\n<p><img decoding=\"async\" loading=\"lazy\" class=\"size-full wp-image-11410 alignleft\" src=\"http:\/\/rebehair.com\/wp-content\/uploads\/2018\/06\/contact-ivy.jpg\" alt=\"\" width=\"960\" height=\"350\" srcset=\"https:\/\/www.rebehair.com\/wp-content\/uploads\/2018\/06\/contact-ivy.jpg 960w, https:\/\/www.rebehair.com\/wp-content\/uploads\/2018\/06\/contact-ivy-800x292.jpg 800w, https:\/\/www.rebehair.com\/wp-content\/uploads\/2018\/06\/contact-ivy-768x280.jpg 768w, https:\/\/www.rebehair.com\/wp-content\/uploads\/2018\/06\/contact-ivy-125x46.jpg 125w, https:\/\/www.rebehair.com\/wp-content\/uploads\/2018\/06\/contact-ivy-75x27.jpg 75w, https:\/\/www.rebehair.com\/wp-content\/uploads\/2018\/06\/contact-ivy-600x219.jpg 600w\" sizes=\"(max-width: 960px) 100vw, 960px\" \/><\/p>\n<p>&nbsp;<\/p>\n<p>&nbsp;<\/p>\n<p>&nbsp;<\/p>","protected":false},"excerpt":{"rendered":"<ul>\n<li><strong><b>Poids des cheveux<\/b><\/strong>:120 grammes<\/li>\n<li><strong><b>Couleur de cheveux<\/b><\/strong>: #613<\/li>\n<li><strong><b>Texture des cheveux<\/b><\/strong>: Droit soyeux<\/li>\n<li><strong><b>Qualit\u00e9 des cheveux<\/b><\/strong>: 100% vrais cheveux humains remy, naturels, soyeux et doux.<\/li>\n<li><strong><b>Sp\u00e9cification (Total 6 pi\u00e8ces)<\/b><\/strong><\/li>\n<\/ul>\n<p>Trame 2*8\u2033 de large 4 clips attach\u00e9s<\/p>\n<p>Trame 2*6\u2033 large 3 clips attach\u00e9s<\/p>\n<p>Trame 2*4\u2033 large 2 clips attach\u00e9s<\/p>","protected":false},"featured_media":11423,"comment_status":"open","ping_status":"closed","template":"","meta":[],"product_cat":[194],"product_tag":[352,286,480,309,459,482,326,481],"yoast_head":"<!-- This site is optimized with the Yoast SEO plugin v20.11 - https:\/\/yoast.com\/wordpress\/plugins\/seo\/ -->\n<title>Wholesale Double Drawn Seamless PU Clip in Hair Extensions Blonde #613 - RebeHair Extension Factory<\/title>\n<meta name=\"description\" content=\"Double Drawn Seamless PU Clip in Hair Extensions Blonde #613 - RebeHair Extension Factory\" \/>\n<meta name=\"robots\" content=\"index, follow, max-snippet:-1, max-image-preview:large, max-video-preview:-1\" \/>\n<link rel=\"canonical\" href=\"https:\/\/www.rebehair.com\/fr\/produit\/double-drawn-seamless-pu-clip-in-hair-extensions-blonde-613\/\" \/>\n<meta property=\"og:locale\" content=\"fr_FR\" \/>\n<meta property=\"og:type\" content=\"article\" \/>\n<meta property=\"og:title\" content=\"Wholesale Double Drawn Seamless PU Clip in Hair Extensions Blonde #613 - RebeHair Extension Factory\" \/>\n<meta property=\"og:description\" content=\"Double Drawn Seamless PU Clip in Hair Extensions Blonde #613 - RebeHair Extension Factory\" \/>\n<meta property=\"og:url\" content=\"https:\/\/www.rebehair.com\/fr\/produit\/double-drawn-seamless-pu-clip-in-hair-extensions-blonde-613\/\" \/>\n<meta property=\"og:site_name\" content=\"RebeHair Extension Factory\" \/>\n<meta property=\"article:modified_time\" content=\"2018-06-25T09:35:19+00:00\" \/>\n<meta property=\"og:image\" content=\"https:\/\/www.rebehair.com\/wp-content\/uploads\/2018\/06\/ss-613-18-05abh.jpg\" \/>\n\t<meta property=\"og:image:width\" content=\"1001\" \/>\n\t<meta property=\"og:image:height\" content=\"1001\" \/>\n\t<meta property=\"og:image:type\" content=\"image\/jpeg\" \/>\n<meta name=\"twitter:card\" content=\"summary_large_image\" \/>\n<meta name=\"twitter:label1\" content=\"Dur\u00e9e de lecture estim\u00e9e\" \/>\n\t<meta name=\"twitter:data1\" content=\"1 minute\" \/>\n<script type=\"application\/ld+json\" class=\"yoast-schema-graph\">{\"@context\":\"https:\/\/schema.org\",\"@graph\":[{\"@type\":\"WebPage\",\"@id\":\"https:\/\/www.rebehair.com\/product\/double-drawn-seamless-pu-clip-in-hair-extensions-blonde-613\/\",\"url\":\"https:\/\/www.rebehair.com\/product\/double-drawn-seamless-pu-clip-in-hair-extensions-blonde-613\/\",\"name\":\"Wholesale Double Drawn Seamless PU Clip in Hair Extensions Blonde #613 - RebeHair Extension Factory\",\"isPartOf\":{\"@id\":\"https:\/\/www.rebehair.com\/#website\"},\"datePublished\":\"2018-06-25T09:24:25+00:00\",\"dateModified\":\"2018-06-25T09:35:19+00:00\",\"description\":\"Double Drawn Seamless PU Clip in Hair Extensions Blonde #613 - RebeHair Extension Factory\",\"breadcrumb\":{\"@id\":\"https:\/\/www.rebehair.com\/product\/double-drawn-seamless-pu-clip-in-hair-extensions-blonde-613\/#breadcrumb\"},\"inLanguage\":\"fr-FR\",\"potentialAction\":[{\"@type\":\"ReadAction\",\"target\":[\"https:\/\/www.rebehair.com\/product\/double-drawn-seamless-pu-clip-in-hair-extensions-blonde-613\/\"]}]},{\"@type\":\"BreadcrumbList\",\"@id\":\"https:\/\/www.rebehair.com\/product\/double-drawn-seamless-pu-clip-in-hair-extensions-blonde-613\/#breadcrumb\",\"itemListElement\":[{\"@type\":\"ListItem\",\"position\":1,\"name\":\"Home\",\"item\":\"https:\/\/www.rebehair.com\/\"},{\"@type\":\"ListItem\",\"position\":2,\"name\":\"Shop\",\"item\":\"https:\/\/www.rebehair.com\/shop\/\"},{\"@type\":\"ListItem\",\"position\":3,\"name\":\"Double Drawn Seamless PU Clip in Hair Extensions Blonde #613\"}]},{\"@type\":\"WebSite\",\"@id\":\"https:\/\/www.rebehair.com\/#website\",\"url\":\"https:\/\/www.rebehair.com\/\",\"name\":\"RebeHair Extension Factory\",\"description\":\"\",\"potentialAction\":[{\"@type\":\"SearchAction\",\"target\":{\"@type\":\"EntryPoint\",\"urlTemplate\":\"https:\/\/www.rebehair.com\/?s={search_term_string}\"},\"query-input\":\"required name=search_term_string\"}],\"inLanguage\":\"fr-FR\"}]}<\/script>\n<!-- \/ Yoast SEO plugin. -->","yoast_head_json":{"title":"Wholesale Double Drawn Seamless PU Clip in Hair Extensions Blonde #613 - RebeHair Extension Factory","description":"Double Drawn Seamless PU Clip in Hair Extensions Blonde #613 - RebeHair Extension Factory","robots":{"index":"index","follow":"follow","max-snippet":"max-snippet:-1","max-image-preview":"max-image-preview:large","max-video-preview":"max-video-preview:-1"},"canonical":"https:\/\/www.rebehair.com\/fr\/produit\/double-drawn-seamless-pu-clip-in-hair-extensions-blonde-613\/","og_locale":"fr_FR","og_type":"article","og_title":"Wholesale Double Drawn Seamless PU Clip in Hair Extensions Blonde #613 - RebeHair Extension Factory","og_description":"Double Drawn Seamless PU Clip in Hair Extensions Blonde #613 - RebeHair Extension Factory","og_url":"https:\/\/www.rebehair.com\/fr\/produit\/double-drawn-seamless-pu-clip-in-hair-extensions-blonde-613\/","og_site_name":"RebeHair Extension Factory","article_modified_time":"2018-06-25T09:35:19+00:00","og_image":[{"width":1001,"height":1001,"url":"https:\/\/www.rebehair.com\/wp-content\/uploads\/2018\/06\/ss-613-18-05abh.jpg","type":"image\/jpeg"}],"twitter_card":"summary_large_image","twitter_misc":{"Dur\u00e9e de lecture estim\u00e9e":"1 minute"},"schema":{"@context":"https:\/\/schema.org","@graph":[{"@type":"WebPage","@id":"https:\/\/www.rebehair.com\/product\/double-drawn-seamless-pu-clip-in-hair-extensions-blonde-613\/","url":"https:\/\/www.rebehair.com\/product\/double-drawn-seamless-pu-clip-in-hair-extensions-blonde-613\/","name":"Wholesale Double Drawn Seamless PU Clip in Hair Extensions Blonde #613 - RebeHair Extension Factory","isPartOf":{"@id":"https:\/\/www.rebehair.com\/#website"},"datePublished":"2018-06-25T09:24:25+00:00","dateModified":"2018-06-25T09:35:19+00:00","description":"Double Drawn Seamless PU Clip in Hair Extensions Blonde #613 - RebeHair Extension Factory","breadcrumb":{"@id":"https:\/\/www.rebehair.com\/product\/double-drawn-seamless-pu-clip-in-hair-extensions-blonde-613\/#breadcrumb"},"inLanguage":"fr-FR","potentialAction":[{"@type":"ReadAction","target":["https:\/\/www.rebehair.com\/product\/double-drawn-seamless-pu-clip-in-hair-extensions-blonde-613\/"]}]},{"@type":"BreadcrumbList","@id":"https:\/\/www.rebehair.com\/product\/double-drawn-seamless-pu-clip-in-hair-extensions-blonde-613\/#breadcrumb","itemListElement":[{"@type":"ListItem","position":1,"name":"Home","item":"https:\/\/www.rebehair.com\/"},{"@type":"ListItem","position":2,"name":"Shop","item":"https:\/\/www.rebehair.com\/shop\/"},{"@type":"ListItem","position":3,"name":"Double Drawn Seamless PU Clip in Hair Extensions Blonde #613"}]},{"@type":"WebSite","@id":"https:\/\/www.rebehair.com\/#website","url":"https:\/\/www.rebehair.com\/","name":"RebeHair Extension Factory","description":"","potentialAction":[{"@type":"SearchAction","target":{"@type":"EntryPoint","urlTemplate":"https:\/\/www.rebehair.com\/?s={search_term_string}"},"query-input":"required name=search_term_string"}],"inLanguage":"fr-FR"}]}},"_links":{"self":[{"href":"https:\/\/www.rebehair.com\/fr\/wp-json\/wp\/v2\/product\/11421"}],"collection":[{"href":"https:\/\/www.rebehair.com\/fr\/wp-json\/wp\/v2\/product"}],"about":[{"href":"https:\/\/www.rebehair.com\/fr\/wp-json\/wp\/v2\/types\/product"}],"replies":[{"embeddable":true,"href":"https:\/\/www.rebehair.com\/fr\/wp-json\/wp\/v2\/comments?post=11421"}],"wp:featuredmedia":[{"embeddable":true,"href":"https:\/\/www.rebehair.com\/fr\/wp-json\/wp\/v2\/media\/11423"}],"wp:attachment":[{"href":"https:\/\/www.rebehair.com\/fr\/wp-json\/wp\/v2\/media?parent=11421"}],"wp:term":[{"taxonomy":"product_cat","embeddable":true,"href":"https:\/\/www.rebehair.com\/fr\/wp-json\/wp\/v2\/product_cat?post=11421"},{"taxonomy":"product_tag","embeddable":true,"href":"https:\/\/www.rebehair.com\/fr\/wp-json\/wp\/v2\/product_tag?post=11421"}],"curies":[{"name":"wp","href":"https:\/\/api.w.org\/{rel}","templated":true}]}}