
{"id":11062,"date":"2018-06-20T16:17:49","date_gmt":"2018-06-20T08:17:49","guid":{"rendered":"http:\/\/rebehair.com\/?post_type=product&#038;p=11062"},"modified":"2018-06-20T17:05:25","modified_gmt":"2018-06-20T09:05:25","slug":"i-tip-hair-extensions-1-jet-black","status":"publish","type":"product","link":"https:\/\/www.rebehair.com\/fr\/produit\/i-tip-hair-extensions-1-jet-black\/","title":{"rendered":"Extensions de cheveux doubles dessin\u00e9es I Tip #1 Noir de jais"},"content":{"rendered":"<p><img decoding=\"async\" loading=\"lazy\" class=\"wp-image-11061 alignleft\" src=\"http:\/\/rebehair.com\/wp-content\/uploads\/2018\/06\/I-tip-hair-extensions.jpg\" alt=\"\" width=\"1310\" height=\"435\" srcset=\"https:\/\/www.rebehair.com\/wp-content\/uploads\/2018\/06\/I-tip-hair-extensions.jpg 1337w, https:\/\/www.rebehair.com\/wp-content\/uploads\/2018\/06\/I-tip-hair-extensions-800x266.jpg 800w, https:\/\/www.rebehair.com\/wp-content\/uploads\/2018\/06\/I-tip-hair-extensions-768x255.jpg 768w, https:\/\/www.rebehair.com\/wp-content\/uploads\/2018\/06\/I-tip-hair-extensions-125x42.jpg 125w, https:\/\/www.rebehair.com\/wp-content\/uploads\/2018\/06\/I-tip-hair-extensions-75x25.jpg 75w, https:\/\/www.rebehair.com\/wp-content\/uploads\/2018\/06\/I-tip-hair-extensions-600x199.jpg 600w\" sizes=\"(max-width: 1310px) 100vw, 1310px\" \/><\/p>\n<h3><span style=\"font-size: 120%; background-color: #666699;\"><strong><b><span style=\"background-color: #ede28a;\">\u00a0\u00a0 -- DESCRIPTION DU PRODUIT -- \u00a0\u00a0\u00a0\u00a0 <\/span><br \/>\n<\/b><\/strong><\/span><\/h3>\n<h4><span style=\"font-size: 105%;\">Profitez de nos belles et longues extensions de cheveux humains russes 100%.\u00a0<\/span><\/h4>\n<h4><span style=\"font-size: 105%;\">Les extensions Rebe Hair I-Tip sont de qualit\u00e9 sup\u00e9rieure, doublement tir\u00e9es pour garantir une \u00e9paisseur maximale aux extr\u00e9mit\u00e9s. <\/span><\/h4>\n<ul>\n<li><b><\/b><strong><b>Type de cheveux:<\/b><\/strong>100% Cheveux Humains R\u00e9my<\/li>\n<li><b><\/b><strong><b>Type de colle :<\/b><\/strong>Colle li\u00e9e \u00e0 la k\u00e9ratine italienne<\/li>\n<li><b><\/b><strong><b>Longueur:\u00a0<\/b><\/strong>22&quot;<\/li>\n<li><strong><b>Type de conseil\u00a0:<\/b><\/strong>Stick-tip arrondi de 5 mm ou personnalis\u00e9<\/li>\n<li><b><\/b><strong><b>Poids:<\/b><\/strong>.100grammes| 3,5 onces | 1 gramme par brin<\/li>\n<li><b><\/b><strong><b>Nombre total de pi\u00e8ces:<\/b><\/strong>100 brins par paquet ou personnalis\u00e9s<\/li>\n<li><b><\/b><strong><b>Quantit\u00e9 Conseill\u00e9e :<\/b><\/strong>1 pack pour la longueur et le volume, 1 \u00e0 2 packs pour une installation compl\u00e8te<\/li>\n<\/ul>\n<p><img decoding=\"async\" loading=\"lazy\" class=\"wp-image-11069 alignleft\" src=\"http:\/\/rebehair.com\/wp-content\/uploads\/2018\/06\/ss-22-1.jpg\" alt=\"\" width=\"957\" height=\"957\" srcset=\"https:\/\/www.rebehair.com\/wp-content\/uploads\/2018\/06\/ss-22-1.jpg 960w, https:\/\/www.rebehair.com\/wp-content\/uploads\/2018\/06\/ss-22-1-280x280.jpg 280w, https:\/\/www.rebehair.com\/wp-content\/uploads\/2018\/06\/ss-22-1-400x400.jpg 400w, https:\/\/www.rebehair.com\/wp-content\/uploads\/2018\/06\/ss-22-1-768x768.jpg 768w, https:\/\/www.rebehair.com\/wp-content\/uploads\/2018\/06\/ss-22-1-800x800.jpg 800w, https:\/\/www.rebehair.com\/wp-content\/uploads\/2018\/06\/ss-22-1-125x125.jpg 125w, https:\/\/www.rebehair.com\/wp-content\/uploads\/2018\/06\/ss-22-1-75x75.jpg 75w, https:\/\/www.rebehair.com\/wp-content\/uploads\/2018\/06\/ss-22-1-300x300.jpg 300w, https:\/\/www.rebehair.com\/wp-content\/uploads\/2018\/06\/ss-22-1-600x600.jpg 600w, https:\/\/www.rebehair.com\/wp-content\/uploads\/2018\/06\/ss-22-1-100x100.jpg 100w\" sizes=\"(max-width: 957px) 100vw, 957px\" \/><img decoding=\"async\" loading=\"lazy\" class=\"wp-image-11070 alignleft\" src=\"http:\/\/rebehair.com\/wp-content\/uploads\/2018\/06\/ss-22-01.jpg\" alt=\"\" width=\"960\" height=\"960\" srcset=\"https:\/\/www.rebehair.com\/wp-content\/uploads\/2018\/06\/ss-22-01.jpg 960w, https:\/\/www.rebehair.com\/wp-content\/uploads\/2018\/06\/ss-22-01-280x280.jpg 280w, https:\/\/www.rebehair.com\/wp-content\/uploads\/2018\/06\/ss-22-01-400x400.jpg 400w, https:\/\/www.rebehair.com\/wp-content\/uploads\/2018\/06\/ss-22-01-768x768.jpg 768w, https:\/\/www.rebehair.com\/wp-content\/uploads\/2018\/06\/ss-22-01-800x800.jpg 800w, https:\/\/www.rebehair.com\/wp-content\/uploads\/2018\/06\/ss-22-01-125x125.jpg 125w, https:\/\/www.rebehair.com\/wp-content\/uploads\/2018\/06\/ss-22-01-75x75.jpg 75w, https:\/\/www.rebehair.com\/wp-content\/uploads\/2018\/06\/ss-22-01-300x300.jpg 300w, https:\/\/www.rebehair.com\/wp-content\/uploads\/2018\/06\/ss-22-01-600x600.jpg 600w, https:\/\/www.rebehair.com\/wp-content\/uploads\/2018\/06\/ss-22-01-100x100.jpg 100w\" sizes=\"(max-width: 960px) 100vw, 960px\" \/><\/p>\n<p>&nbsp;<\/p>\n<p>&nbsp;<\/p>\n<p>&nbsp;<\/p>\n<p>&nbsp;<\/p>\n<p>&nbsp;<\/p>\n<p>&nbsp;<\/p>\n<p>&nbsp;<\/p>\n<p>&nbsp;<\/p>\n<p>&nbsp;<\/p>\n<p>&nbsp;<\/p>\n<p>&nbsp;<\/p>\n<p>&nbsp;<\/p>\n<p>&nbsp;<\/p>\n<p>&nbsp;<\/p>\n<p>&nbsp;<\/p>\n<p>&nbsp;<\/p>\n<p>&nbsp;<\/p>\n<p>&nbsp;<\/p>\n<p>&nbsp;<\/p>\n<p>&nbsp;<\/p>\n<p>&nbsp;<\/p>\n<p>&nbsp;<\/p>\n<p>&nbsp;<\/p>\n<p>&nbsp;<\/p>\n<p>&nbsp;<\/p>\n<p>&nbsp;<\/p>\n<p>&nbsp;<\/p>\n<p>&nbsp;<\/p>\n<p>&nbsp;<\/p>\n<h2><\/h2>\n<h2><span style=\"background-color: #ede28a;\"><strong>-CHARTE DE COULEURS-<br \/>\n<\/strong><\/span><\/h2>\n<ul>\n<li><span style=\"font-size: 105%;\">Couleur sombre<\/span><\/li>\n<li><span style=\"font-size: 105%;\">Couleur claire<\/span><\/li>\n<li><span style=\"font-size: 105%;\">Couleur piano<\/span><\/li>\n<li><span style=\"font-size: 105%;\">Couleur du balayage<\/span><\/li>\n<li><span style=\"font-size: 105%;\">\u00a0Toutes les couleurs sont disponibles et nous pouvons \u00e9galement cr\u00e9er votre propre nuancier<\/span><\/li>\n<\/ul>\n<p><img decoding=\"async\" loading=\"lazy\" class=\"wp-image-11072 alignleft\" src=\"http:\/\/rebehair.com\/wp-content\/uploads\/2018\/06\/\u5355\u8272P\u8272-1.jpg\" alt=\"\" width=\"993\" height=\"993\" srcset=\"https:\/\/www.rebehair.com\/wp-content\/uploads\/2018\/06\/\u5355\u8272P\u8272-1.jpg 1001w, https:\/\/www.rebehair.com\/wp-content\/uploads\/2018\/06\/\u5355\u8272P\u8272-1-280x280.jpg 280w, https:\/\/www.rebehair.com\/wp-content\/uploads\/2018\/06\/\u5355\u8272P\u8272-1-400x400.jpg 400w, https:\/\/www.rebehair.com\/wp-content\/uploads\/2018\/06\/\u5355\u8272P\u8272-1-768x768.jpg 768w, https:\/\/www.rebehair.com\/wp-content\/uploads\/2018\/06\/\u5355\u8272P\u8272-1-800x800.jpg 800w, https:\/\/www.rebehair.com\/wp-content\/uploads\/2018\/06\/\u5355\u8272P\u8272-1-125x125.jpg 125w, https:\/\/www.rebehair.com\/wp-content\/uploads\/2018\/06\/\u5355\u8272P\u8272-1-75x75.jpg 75w, https:\/\/www.rebehair.com\/wp-content\/uploads\/2018\/06\/\u5355\u8272P\u8272-1-300x300.jpg 300w, https:\/\/www.rebehair.com\/wp-content\/uploads\/2018\/06\/\u5355\u8272P\u8272-1-600x600.jpg 600w, https:\/\/www.rebehair.com\/wp-content\/uploads\/2018\/06\/\u5355\u8272P\u8272-1-100x100.jpg 100w\" sizes=\"(max-width: 993px) 100vw, 993px\" \/><\/p>\n<p>&nbsp;<\/p>\n<p>&nbsp;<\/p>\n<p>&nbsp;<\/p>\n<p>&nbsp;<\/p>\n<p>&nbsp;<\/p>\n<p>&nbsp;<\/p>\n<p>&nbsp;<\/p>\n<p>&nbsp;<\/p>\n<p>&nbsp;<\/p>\n<p>&nbsp;<\/p>\n<p>&nbsp;<\/p>\n<p>&nbsp;<\/p>\n<p>&nbsp;<\/p>\n<p>&nbsp;<\/p>\n<p>&nbsp;<\/p>\n<p>&nbsp;<\/p>\n<p>&nbsp;<\/p>\n<p>&nbsp;<\/p>\n<p>&nbsp;<\/p>\n<p>&nbsp;<\/p>\n<h2><\/h2>\n<h2><\/h2>\n<h2><\/h2>\n<h2><\/h2>\n<h2><\/h2>\n<h2><\/h2>\n<h2><\/h2>\n<h2><\/h2>\n<h2><\/h2>\n<h2><\/h2>\n<h2><\/h2>\n<h2><\/h2>\n<h2><\/h2>\n<h2><\/h2>\n<h2><img decoding=\"async\" loading=\"lazy\" class=\"wp-image-11073 alignleft\" src=\"http:\/\/rebehair.com\/wp-content\/uploads\/2018\/06\/t\u8272r\u8272-2.jpg\" alt=\"\" width=\"989\" height=\"735\" srcset=\"https:\/\/www.rebehair.com\/wp-content\/uploads\/2018\/06\/t\u8272r\u8272-2.jpg 1001w, https:\/\/www.rebehair.com\/wp-content\/uploads\/2018\/06\/t\u8272r\u8272-2-538x400.jpg 538w, https:\/\/www.rebehair.com\/wp-content\/uploads\/2018\/06\/t\u8272r\u8272-2-768x571.jpg 768w, https:\/\/www.rebehair.com\/wp-content\/uploads\/2018\/06\/t\u8272r\u8272-2-125x93.jpg 125w, https:\/\/www.rebehair.com\/wp-content\/uploads\/2018\/06\/t\u8272r\u8272-2-75x56.jpg 75w, https:\/\/www.rebehair.com\/wp-content\/uploads\/2018\/06\/t\u8272r\u8272-2-600x446.jpg 600w\" sizes=\"(max-width: 989px) 100vw, 989px\" \/><\/h2>\n<h2><span style=\"background-color: #ede28a;\"><strong>\u2014-POURQUOI CHOISIR REBE HAIR ?\u2014-<\/strong><\/span><\/h2>\n<h3><strong>Cheveux Remy humains 100%<\/strong><\/h3>\n<p><span style=\"font-size: 105%; color: #333333;\">Les extensions de cheveux REBE HAIR I tip sont fabriqu\u00e9es avec des cheveux humains Remy 100%. Cela signifie que vous pouvez boucler, lisser, s\u00e9cher au s\u00e8che-cheveux, colorer, tonifier, couper et coiffer comme vous le feriez avec vos propres cheveux\u00a0!<\/span><\/p>\n<h3><strong>Longue dur\u00e9e<\/strong><\/h3>\n<p><span style=\"font-size: 105%; color: #333333;\">Les extensions REBE HAIR Keratin Bond sont de qualit\u00e9 sup\u00e9rieure, les cheveux durent entre 1 et 2 ans selon la fa\u00e7on dont vous en prenez soin et la fr\u00e9quence \u00e0 laquelle vous les utilisez. <\/span><\/p>\n<p><span style=\"font-size: 105%; color: #333333;\">Il est pr\u00e9f\u00e9rable de les entretenir en les lavant d\u00e9licatement avec des produits de qualit\u00e9 et sans prot\u00e9ines.<\/span><\/p>\n<h3><strong>Forte liaison k\u00e9ratinique<\/strong><\/h3>\n<p><span style=\"font-size: 105%; color: #333333;\">La k\u00e9ratine est une prot\u00e9ine naturelle qui compose les cheveux, la peau et les ongles. Nos extensions de cheveux Keratin Bond sont fabriqu\u00e9es \u00e0 partir de k\u00e9ratine naturelle, ce qui signifie moins de dommages aux cheveux naturels. <\/span><\/p>\n<p><span style=\"font-size: 105%; color: #333333;\">Nous fournissons des I-Tip Bonds qui sont faciles \u00e0 coller et \u00e0 enrouler autour des cheveux naturels. <\/span><\/p>\n<h3><strong>Double \u00e9paisseur emboutie<\/strong><\/h3>\n<p><span style=\"font-size: 105%; color: #333333;\">Ces extensions de cheveux \u00e0 base de k\u00e9ratine sont doublement \u00e9tir\u00e9es pour garantir que l&#039;\u00e9paisseur est constante des racines aux pointes. <\/span><\/p>\n<p><span style=\"font-size: 105%; color: #333333;\">Cela leur permet de se fondre \u00e0 merveille avec toutes les longueurs et tous les styles de cheveux.<\/span><\/p>\n<h2><span style=\"background-color: #ede28a;\"><strong><span style=\"font-size: 105%; background-color: #ede28a;\">-CONTACTEZ-NOUS-<\/span><\/strong><\/span><\/h2>\n<p><img decoding=\"async\" loading=\"lazy\" class=\"wp-image-11086 alignleft\" src=\"http:\/\/rebehair.com\/wp-content\/uploads\/2018\/06\/CONTACT-US.jpg\" alt=\"\" width=\"977\" height=\"432\" srcset=\"https:\/\/www.rebehair.com\/wp-content\/uploads\/2018\/06\/CONTACT-US.jpg 750w, https:\/\/www.rebehair.com\/wp-content\/uploads\/2018\/06\/CONTACT-US-125x55.jpg 125w, https:\/\/www.rebehair.com\/wp-content\/uploads\/2018\/06\/CONTACT-US-75x33.jpg 75w, https:\/\/www.rebehair.com\/wp-content\/uploads\/2018\/06\/CONTACT-US-600x266.jpg 600w\" sizes=\"(max-width: 977px) 100vw, 977px\" \/><\/p>\n<p>&nbsp;<\/p>\n<p>&nbsp;<\/p>","protected":false},"excerpt":{"rendered":"<ul>\n<li><b><\/b><strong><b>Type de cheveux: <\/b><\/strong><em>100% Cheveux Humains R\u00e9my<\/em><\/li>\n<li><strong><b>Type de colle : <\/b><\/strong><em>Colle li\u00e9e \u00e0 la k\u00e9ratine italienne<\/em><\/li>\n<li><strong><b>Longueur: <\/b><\/strong><em>22&quot;<\/em><\/li>\n<li><strong><b>Poids:<\/b><\/strong><em>.100grammes| 3,5 onces | 1 gramme par brin<\/em><\/li>\n<li><strong><b>Couleur: <\/b><\/strong><em>#1 Noir de jais<\/em><\/li>\n<li><strong><b>Ordre simple:<\/b><\/strong><em>7 \u00e0 10 jours ouvrables<\/em><\/li>\n<li><strong><b>Commande en vrac: <\/b><\/strong><em>10 \u00e0 14 jours ouvrables<\/em><\/li>\n<\/ul>","protected":false},"featured_media":11103,"comment_status":"open","ping_status":"closed","template":"","meta":[],"product_cat":[194,198],"product_tag":[420,416,417,414,415,419,349,418],"yoast_head":"<!-- This site is optimized with the Yoast SEO plugin v20.11 - https:\/\/yoast.com\/wordpress\/plugins\/seo\/ -->\n<title>Wholesale Double Drawn I tip Hair Extensions #1 Jet Black - RebeHair Extension Factory<\/title>\n<meta name=\"description\" content=\"Double Drawn I tip Hair Extensions #1 Jet Black - RebeHair Extension Factory\" \/>\n<meta name=\"robots\" content=\"index, follow, max-snippet:-1, max-image-preview:large, max-video-preview:-1\" \/>\n<link rel=\"canonical\" href=\"https:\/\/www.rebehair.com\/fr\/produit\/i-tip-hair-extensions-1-jet-black\/\" \/>\n<meta property=\"og:locale\" content=\"fr_FR\" \/>\n<meta property=\"og:type\" content=\"article\" \/>\n<meta property=\"og:title\" content=\"Wholesale Double Drawn I tip Hair Extensions #1 Jet Black - RebeHair Extension Factory\" \/>\n<meta property=\"og:description\" content=\"Double Drawn I tip Hair Extensions #1 Jet Black - RebeHair Extension Factory\" \/>\n<meta property=\"og:url\" content=\"https:\/\/www.rebehair.com\/fr\/produit\/i-tip-hair-extensions-1-jet-black\/\" \/>\n<meta property=\"og:site_name\" content=\"RebeHair Extension Factory\" \/>\n<meta property=\"article:modified_time\" content=\"2018-06-20T09:05:25+00:00\" \/>\n<meta property=\"og:image\" content=\"https:\/\/www.rebehair.com\/wp-content\/uploads\/2018\/06\/ss-1-22-02.jpg\" \/>\n\t<meta property=\"og:image:width\" content=\"960\" \/>\n\t<meta property=\"og:image:height\" content=\"960\" \/>\n\t<meta property=\"og:image:type\" content=\"image\/jpeg\" \/>\n<meta name=\"twitter:card\" content=\"summary_large_image\" \/>\n<meta name=\"twitter:label1\" content=\"Dur\u00e9e de lecture estim\u00e9e\" \/>\n\t<meta name=\"twitter:data1\" content=\"2 minutes\" \/>\n<script type=\"application\/ld+json\" class=\"yoast-schema-graph\">{\"@context\":\"https:\/\/schema.org\",\"@graph\":[{\"@type\":\"WebPage\",\"@id\":\"https:\/\/www.rebehair.com\/product\/i-tip-hair-extensions-1-jet-black\/\",\"url\":\"https:\/\/www.rebehair.com\/product\/i-tip-hair-extensions-1-jet-black\/\",\"name\":\"Wholesale Double Drawn I tip Hair Extensions #1 Jet Black - RebeHair Extension Factory\",\"isPartOf\":{\"@id\":\"https:\/\/www.rebehair.com\/#website\"},\"datePublished\":\"2018-06-20T08:17:49+00:00\",\"dateModified\":\"2018-06-20T09:05:25+00:00\",\"description\":\"Double Drawn I tip Hair Extensions #1 Jet Black - RebeHair Extension Factory\",\"breadcrumb\":{\"@id\":\"https:\/\/www.rebehair.com\/product\/i-tip-hair-extensions-1-jet-black\/#breadcrumb\"},\"inLanguage\":\"fr-FR\",\"potentialAction\":[{\"@type\":\"ReadAction\",\"target\":[\"https:\/\/www.rebehair.com\/product\/i-tip-hair-extensions-1-jet-black\/\"]}]},{\"@type\":\"BreadcrumbList\",\"@id\":\"https:\/\/www.rebehair.com\/product\/i-tip-hair-extensions-1-jet-black\/#breadcrumb\",\"itemListElement\":[{\"@type\":\"ListItem\",\"position\":1,\"name\":\"Home\",\"item\":\"https:\/\/www.rebehair.com\/\"},{\"@type\":\"ListItem\",\"position\":2,\"name\":\"Shop\",\"item\":\"https:\/\/www.rebehair.com\/shop\/\"},{\"@type\":\"ListItem\",\"position\":3,\"name\":\"Double Drawn I tip Hair Extensions #1 Jet Black\"}]},{\"@type\":\"WebSite\",\"@id\":\"https:\/\/www.rebehair.com\/#website\",\"url\":\"https:\/\/www.rebehair.com\/\",\"name\":\"RebeHair Extension Factory\",\"description\":\"\",\"potentialAction\":[{\"@type\":\"SearchAction\",\"target\":{\"@type\":\"EntryPoint\",\"urlTemplate\":\"https:\/\/www.rebehair.com\/?s={search_term_string}\"},\"query-input\":\"required name=search_term_string\"}],\"inLanguage\":\"fr-FR\"}]}<\/script>\n<!-- \/ Yoast SEO plugin. -->","yoast_head_json":{"title":"Wholesale Double Drawn I tip Hair Extensions #1 Jet Black - RebeHair Extension Factory","description":"Double Drawn I tip Hair Extensions #1 Jet Black - RebeHair Extension Factory","robots":{"index":"index","follow":"follow","max-snippet":"max-snippet:-1","max-image-preview":"max-image-preview:large","max-video-preview":"max-video-preview:-1"},"canonical":"https:\/\/www.rebehair.com\/fr\/produit\/i-tip-hair-extensions-1-jet-black\/","og_locale":"fr_FR","og_type":"article","og_title":"Wholesale Double Drawn I tip Hair Extensions #1 Jet Black - RebeHair Extension Factory","og_description":"Double Drawn I tip Hair Extensions #1 Jet Black - RebeHair Extension Factory","og_url":"https:\/\/www.rebehair.com\/fr\/produit\/i-tip-hair-extensions-1-jet-black\/","og_site_name":"RebeHair Extension Factory","article_modified_time":"2018-06-20T09:05:25+00:00","og_image":[{"width":960,"height":960,"url":"https:\/\/www.rebehair.com\/wp-content\/uploads\/2018\/06\/ss-1-22-02.jpg","type":"image\/jpeg"}],"twitter_card":"summary_large_image","twitter_misc":{"Dur\u00e9e de lecture estim\u00e9e":"2 minutes"},"schema":{"@context":"https:\/\/schema.org","@graph":[{"@type":"WebPage","@id":"https:\/\/www.rebehair.com\/product\/i-tip-hair-extensions-1-jet-black\/","url":"https:\/\/www.rebehair.com\/product\/i-tip-hair-extensions-1-jet-black\/","name":"Wholesale Double Drawn I tip Hair Extensions #1 Jet Black - RebeHair Extension Factory","isPartOf":{"@id":"https:\/\/www.rebehair.com\/#website"},"datePublished":"2018-06-20T08:17:49+00:00","dateModified":"2018-06-20T09:05:25+00:00","description":"Double Drawn I tip Hair Extensions #1 Jet Black - RebeHair Extension Factory","breadcrumb":{"@id":"https:\/\/www.rebehair.com\/product\/i-tip-hair-extensions-1-jet-black\/#breadcrumb"},"inLanguage":"fr-FR","potentialAction":[{"@type":"ReadAction","target":["https:\/\/www.rebehair.com\/product\/i-tip-hair-extensions-1-jet-black\/"]}]},{"@type":"BreadcrumbList","@id":"https:\/\/www.rebehair.com\/product\/i-tip-hair-extensions-1-jet-black\/#breadcrumb","itemListElement":[{"@type":"ListItem","position":1,"name":"Home","item":"https:\/\/www.rebehair.com\/"},{"@type":"ListItem","position":2,"name":"Shop","item":"https:\/\/www.rebehair.com\/shop\/"},{"@type":"ListItem","position":3,"name":"Double Drawn I tip Hair Extensions #1 Jet Black"}]},{"@type":"WebSite","@id":"https:\/\/www.rebehair.com\/#website","url":"https:\/\/www.rebehair.com\/","name":"RebeHair Extension Factory","description":"","potentialAction":[{"@type":"SearchAction","target":{"@type":"EntryPoint","urlTemplate":"https:\/\/www.rebehair.com\/?s={search_term_string}"},"query-input":"required name=search_term_string"}],"inLanguage":"fr-FR"}]}},"_links":{"self":[{"href":"https:\/\/www.rebehair.com\/fr\/wp-json\/wp\/v2\/product\/11062"}],"collection":[{"href":"https:\/\/www.rebehair.com\/fr\/wp-json\/wp\/v2\/product"}],"about":[{"href":"https:\/\/www.rebehair.com\/fr\/wp-json\/wp\/v2\/types\/product"}],"replies":[{"embeddable":true,"href":"https:\/\/www.rebehair.com\/fr\/wp-json\/wp\/v2\/comments?post=11062"}],"wp:featuredmedia":[{"embeddable":true,"href":"https:\/\/www.rebehair.com\/fr\/wp-json\/wp\/v2\/media\/11103"}],"wp:attachment":[{"href":"https:\/\/www.rebehair.com\/fr\/wp-json\/wp\/v2\/media?parent=11062"}],"wp:term":[{"taxonomy":"product_cat","embeddable":true,"href":"https:\/\/www.rebehair.com\/fr\/wp-json\/wp\/v2\/product_cat?post=11062"},{"taxonomy":"product_tag","embeddable":true,"href":"https:\/\/www.rebehair.com\/fr\/wp-json\/wp\/v2\/product_tag?post=11062"}],"curies":[{"name":"wp","href":"https:\/\/api.w.org\/{rel}","templated":true}]}}