
{"id":11011,"date":"2018-06-20T10:44:31","date_gmt":"2018-06-20T02:44:31","guid":{"rendered":"http:\/\/rebehair.com\/?post_type=product&#038;p=11011"},"modified":"2019-07-20T11:20:07","modified_gmt":"2019-07-20T03:20:07","slug":"tape-in-hair-extensions-highlight-12-60","status":"publish","type":"product","link":"https:\/\/www.rebehair.com\/fr\/produit\/tape-in-hair-extensions-highlight-12-60\/","title":{"rendered":"Extensions de cheveux \u00e0 bande adh\u00e9sive Highlight 12\/60#"},"content":{"rendered":"<h3><span style=\"font-size: 130%; color: #800000;\"><strong>D\u00e9tails du produit Rebe Hair<\/strong><\/span><\/h3>\n<hr \/>\n<p><span style=\"color: #333333; font-size: 100%;\">Avec une popularit\u00e9 croissante, les extensions de cheveux \u00e0 ruban adh\u00e9sif sont un excellent moyen d\u2019ajouter du volume, de la longueur et de la couleur \u00e0 votre coiffure actuelle.<\/span><\/p>\n<p><span style=\"color: #333333; font-size: 100%;\">Les extensions de cheveux Rebe Hair Tape sont fabriqu\u00e9es \u00e0 partir de cheveux humains Remy 100%.\u00a0<\/span><\/p>\n<p><span style=\"color: #333333; font-size: 100%;\">Les cheveux Remy sont des cheveux humains de la plus haute qualit\u00e9 sur le march\u00e9, doux et soyeux avec un aspect et une sensation tr\u00e8s naturels.<\/span><\/p>\n<p><span style=\"color: #333333; font-size: 100%;\">Tous nos packs (bundles) sont vendus en paquets de 50 g afin de permettre au client une flexibilit\u00e9 maximale en m\u00e9langeant et en assortissant les couleurs de cheveux.<\/span><\/p>\n<div id=\"content\" class=\"row\">\n<div id=\"product-12053433284\">\n<div id=\"product-right\" class=\"desktop-5 mobile-3\">\n<div class=\"rte\">\n<div style=\"text-align: left;\"><img decoding=\"async\" loading=\"lazy\" class=\"size-full wp-image-11211 alignleft\" src=\"http:\/\/rebehair.com\/wp-content\/uploads\/2018\/06\/PPU.jpg\" alt=\"\" width=\"883\" height=\"414\" srcset=\"https:\/\/www.rebehair.com\/wp-content\/uploads\/2018\/06\/PPU.jpg 883w, https:\/\/www.rebehair.com\/wp-content\/uploads\/2018\/06\/PPU-800x375.jpg 800w, https:\/\/www.rebehair.com\/wp-content\/uploads\/2018\/06\/PPU-768x360.jpg 768w, https:\/\/www.rebehair.com\/wp-content\/uploads\/2018\/06\/PPU-125x59.jpg 125w, https:\/\/www.rebehair.com\/wp-content\/uploads\/2018\/06\/PPU-75x35.jpg 75w, https:\/\/www.rebehair.com\/wp-content\/uploads\/2018\/06\/PPU-600x281.jpg 600w\" sizes=\"(max-width: 883px) 100vw, 883px\" \/><\/div>\n<\/div>\n<\/div>\n<\/div>\n<\/div>\n<p><strong><span style=\"font-size: 130%; color: #b82870;\">\u00a0<\/span><\/strong><\/p>\n<p><strong><span style=\"font-size: 130%; color: #993300;\">Piano Color 12\/60# Tape In Extensions Descriptions<\/span>\u00a0<\/strong><\/p>\n<ul>\n<li>Type de cheveux : extensions de cheveux invisibles.<\/li>\n<li>Mat\u00e9riau des cheveux : cheveux humains Remy 100%.<\/li>\n<li>Texture des cheveux\u00a0: soyeux et lisses<\/li>\n<li>Longueur des cheveux : 14 \u00e0 22 pouces<\/li>\n<li>Hair Color: P12\/60#<\/li>\n<li>Poids des cheveux : 2,5 g\/pi\u00e8ce, 50 g\/lot.<\/li>\n<li>Taille du ruban: 4,0 cm * 0,8 cm<\/li>\n<li>Qualit\u00e9 du ruban\u00a0:\u00a0ruban bleu import\u00e9 de haute qualit\u00e9<\/li>\n<li>Peut \u00eatre teint\/boucl\u00e9 : oui<\/li>\n<li>Suggestions d&#039;application\u00a0:<\/li>\n<\/ul>\n<p><em>\u00a0 \u00a0 \u00a0 \u00a0 \u00a0 Si vous avez les cheveux courts, que vous voulez des cheveux longs et un effet de volume, achetez 3 ensembles s&#039;il vous pla\u00eet (60 pi\u00e8ces)\u00a0;<\/em><\/p>\n<p style=\"text-align: left;\"><em>\u00a0 \u00a0 \u00a0 \u00a0 \u00a0 Si vous avez des cheveux longs, mais plus fins, et que vous voulez un effet de volume, achetez 2 ensembles s&#039;il vous pla\u00eet (40 pi\u00e8ces)\u00a0;<\/em><\/p>\n<p style=\"text-align: left;\"><em>\u00a0 \u00a0 \u00a0 \u00a0 \u00a0 Si vous voulez un effet de surbrillance ou plus d&#039;effet de volume, achetez 1 ensemble s&#039;il vous pla\u00eet (20 pi\u00e8ces).<\/em><\/p>\n<ul>\n<li>D\u00e9tails de l&#039;envoi:<\/li>\n<\/ul>\n<p><em>\u00a0 \u00a0 \u00a0 \u00a0 \u00a0 Nous utilisons habituellement DHL pour exp\u00e9dier les commandes.<\/em><\/p>\n<p><em>\u00a0 \u00a0 \u00a0 \u00a0 \u00a0 2 \u00e0 3 jours ouvrables pour l&#039;Am\u00e9rique du Nord\u00a0; 3 \u00e0 4 jours ouvrables pour l&#039;Europe et l&#039;Australie\u00a0; 5-6 jours ouvrables pour l&#039;Afrique.<\/em><\/p>\n<p><span style=\"color: #993300;\"><strong><span style=\"font-size: 130%;\">Comment puis-je choisir les extensions parfaites dont la couleur correspond aux cheveux naturels\u00a0?<\/span><\/strong><\/span><\/p>\n<p>Nous proposons plus de 50 couleurs pour le ruban adh\u00e9sif dans les cheveux. Si la couleur que vous souhaitez ne figure pas dans le tableau ci-dessous, envoyez votre demande personnalis\u00e9e \u00e0 Diana@rebehair.com, nous pouvons cr\u00e9er des couleurs personnalis\u00e9es en fonction de vos besoins.<\/p>\n<p><img decoding=\"async\" loading=\"lazy\" class=\"wp-image-10690 alignleft\" src=\"http:\/\/rebehair.com\/wp-content\/uploads\/2018\/06\/\u5355\u8272P\u8272.jpg\" alt=\"\" width=\"796\" height=\"796\" srcset=\"https:\/\/www.rebehair.com\/wp-content\/uploads\/2018\/06\/\u5355\u8272P\u8272.jpg 1001w, https:\/\/www.rebehair.com\/wp-content\/uploads\/2018\/06\/\u5355\u8272P\u8272-280x280.jpg 280w, https:\/\/www.rebehair.com\/wp-content\/uploads\/2018\/06\/\u5355\u8272P\u8272-400x400.jpg 400w, https:\/\/www.rebehair.com\/wp-content\/uploads\/2018\/06\/\u5355\u8272P\u8272-768x768.jpg 768w, https:\/\/www.rebehair.com\/wp-content\/uploads\/2018\/06\/\u5355\u8272P\u8272-800x800.jpg 800w, https:\/\/www.rebehair.com\/wp-content\/uploads\/2018\/06\/\u5355\u8272P\u8272-125x125.jpg 125w, https:\/\/www.rebehair.com\/wp-content\/uploads\/2018\/06\/\u5355\u8272P\u8272-75x75.jpg 75w, https:\/\/www.rebehair.com\/wp-content\/uploads\/2018\/06\/\u5355\u8272P\u8272-300x300.jpg 300w, https:\/\/www.rebehair.com\/wp-content\/uploads\/2018\/06\/\u5355\u8272P\u8272-600x600.jpg 600w, https:\/\/www.rebehair.com\/wp-content\/uploads\/2018\/06\/\u5355\u8272P\u8272-100x100.jpg 100w\" sizes=\"(max-width: 796px) 100vw, 796px\" \/><img decoding=\"async\" loading=\"lazy\" class=\"wp-image-10691 alignleft\" src=\"http:\/\/rebehair.com\/wp-content\/uploads\/2018\/06\/t\u8272r\u8272.jpg\" alt=\"\" width=\"803\" height=\"597\" srcset=\"https:\/\/www.rebehair.com\/wp-content\/uploads\/2018\/06\/t\u8272r\u8272.jpg 1001w, https:\/\/www.rebehair.com\/wp-content\/uploads\/2018\/06\/t\u8272r\u8272-538x400.jpg 538w, https:\/\/www.rebehair.com\/wp-content\/uploads\/2018\/06\/t\u8272r\u8272-768x571.jpg 768w, https:\/\/www.rebehair.com\/wp-content\/uploads\/2018\/06\/t\u8272r\u8272-125x93.jpg 125w, https:\/\/www.rebehair.com\/wp-content\/uploads\/2018\/06\/t\u8272r\u8272-75x56.jpg 75w, https:\/\/www.rebehair.com\/wp-content\/uploads\/2018\/06\/t\u8272r\u8272-600x446.jpg 600w\" sizes=\"(max-width: 803px) 100vw, 803px\" \/><\/p>\n<p>&nbsp;<\/p>\n<p>&nbsp;<\/p>\n<p>&nbsp;<\/p>\n<p>&nbsp;<\/p>\n<p>&nbsp;<\/p>\n<p>&nbsp;<\/p>\n<p>&nbsp;<\/p>\n<p>&nbsp;<\/p>\n<p>&nbsp;<\/p>\n<p>&nbsp;<\/p>\n<p>&nbsp;<\/p>\n<p>&nbsp;<\/p>\n<p>&nbsp;<\/p>\n<p>&nbsp;<\/p>\n<p>&nbsp;<\/p>\n<p>&nbsp;<\/p>\n<p>&nbsp;<\/p>\n<p>&nbsp;<\/p>\n<p>&nbsp;<\/p>\n<p>&nbsp;<\/p>\n<p>&nbsp;<\/p>\n<p>&nbsp;<\/p>\n<p>&nbsp;<\/p>\n<p>&nbsp;<\/p>\n<p>&nbsp;<\/p>\n<p>&nbsp;<\/p>\n<p>&nbsp;<\/p>\n<p>&nbsp;<\/p>\n<p>&nbsp;<\/p>\n<p>&nbsp;<\/p>\n<p>&nbsp;<\/p>\n<p><span style=\"color: #993300;\"><strong><span style=\"font-size: 130%;\">Comment conna\u00eetre la longueur parfaite pour les extensions de cheveux ?<\/span><\/strong><\/span><\/p>\n<p>En prenant le haut de la t\u00eate comme point de d\u00e9part, vous pouvez principalement avoir une bonne connaissance de la longueur des cheveux selon le sch\u00e9ma suivant.<\/p>\n<p><img decoding=\"async\" loading=\"lazy\" class=\"wp-image-10870 alignnone\" src=\"http:\/\/rebehair.com\/wp-content\/uploads\/2018\/06\/PU-1.jpg\" alt=\"\" width=\"796\" height=\"338\" srcset=\"https:\/\/www.rebehair.com\/wp-content\/uploads\/2018\/06\/PU-1.jpg 730w, https:\/\/www.rebehair.com\/wp-content\/uploads\/2018\/06\/PU-1-125x53.jpg 125w, https:\/\/www.rebehair.com\/wp-content\/uploads\/2018\/06\/PU-1-75x32.jpg 75w, https:\/\/www.rebehair.com\/wp-content\/uploads\/2018\/06\/PU-1-600x255.jpg 600w\" sizes=\"(max-width: 796px) 100vw, 796px\" \/><\/p>\n<p>En prenant trois points fixes comme points de d\u00e9part, vous pouvez obtenir \u00e0 peu pr\u00e8s la longueur ultime des cheveux lorsque vous attachez des extensions de cheveux.<\/p>\n<h3><strong><span style=\"color: #800000; font-size: 130%;\">Contactez-nous<\/span><\/strong><\/h3>\n<hr \/>\n<p><img decoding=\"async\" loading=\"lazy\" class=\"wp-image-11214 alignleft\" src=\"http:\/\/rebehair.com\/wp-content\/uploads\/2018\/06\/\u8054\u7cfb\u65b9\u5f0f-1.jpg\" alt=\"\" width=\"815\" height=\"65\" srcset=\"https:\/\/www.rebehair.com\/wp-content\/uploads\/2018\/06\/\u8054\u7cfb\u65b9\u5f0f-1.jpg 990w, https:\/\/www.rebehair.com\/wp-content\/uploads\/2018\/06\/\u8054\u7cfb\u65b9\u5f0f-1-800x64.jpg 800w, https:\/\/www.rebehair.com\/wp-content\/uploads\/2018\/06\/\u8054\u7cfb\u65b9\u5f0f-1-768x61.jpg 768w, https:\/\/www.rebehair.com\/wp-content\/uploads\/2018\/06\/\u8054\u7cfb\u65b9\u5f0f-1-125x10.jpg 125w, https:\/\/www.rebehair.com\/wp-content\/uploads\/2018\/06\/\u8054\u7cfb\u65b9\u5f0f-1-75x6.jpg 75w, https:\/\/www.rebehair.com\/wp-content\/uploads\/2018\/06\/\u8054\u7cfb\u65b9\u5f0f-1-600x48.jpg 600w\" sizes=\"(max-width: 815px) 100vw, 815px\" \/><\/p>","protected":false},"excerpt":{"rendered":"<p><span style=\"font-size: 95%;\"><strong>Rebe Hair P12\/60# Tape In Hair Extensions<\/strong><\/span><\/p>\n<ul>\n<li><span style=\"font-size: 85%;\">Bande Remy humaine sans couture 100% dans les cheveux<\/span><\/li>\n<li><span style=\"font-size: 85%;\">Texture de cheveux naturelle, extr\u00e9mit\u00e9 de cheveux \u00e9paisse<\/span><\/li>\n<li><span style=\"font-size: 85%;\">Large gamme de couleurs pour votre s\u00e9lection<\/span><\/li>\n<li><span style=\"font-size: 85%;\">Ruban adh\u00e9sif durable et non allerg\u00e8ne, r\u00e9utilisable gr\u00e2ce au ruban de remplacement<\/span><\/li>\n<\/ul>","protected":false},"featured_media":11021,"comment_status":"open","ping_status":"closed","template":"","meta":[],"product_cat":[197,358],"product_tag":[392,390,393,391,394],"yoast_head":"<!-- This site is optimized with the Yoast SEO plugin v20.11 - https:\/\/yoast.com\/wordpress\/plugins\/seo\/ -->\n<title>Wholesale Tape In Hair Extensions Highlight 12\/60# - RebeHair Extension Factory<\/title>\n<meta name=\"description\" content=\"Tape In Hair Extensions Highlight 12\/60# - RebeHair Extension Factory\" \/>\n<meta name=\"robots\" content=\"index, follow, max-snippet:-1, max-image-preview:large, max-video-preview:-1\" \/>\n<link rel=\"canonical\" href=\"https:\/\/www.rebehair.com\/fr\/produit\/tape-in-hair-extensions-highlight-12-60\/\" \/>\n<meta property=\"og:locale\" content=\"fr_FR\" \/>\n<meta property=\"og:type\" content=\"article\" \/>\n<meta property=\"og:title\" content=\"Wholesale Tape In Hair Extensions Highlight 12\/60# - RebeHair Extension Factory\" \/>\n<meta property=\"og:description\" content=\"Tape In Hair Extensions Highlight 12\/60# - RebeHair Extension Factory\" \/>\n<meta property=\"og:url\" content=\"https:\/\/www.rebehair.com\/fr\/produit\/tape-in-hair-extensions-highlight-12-60\/\" \/>\n<meta property=\"og:site_name\" content=\"RebeHair Extension Factory\" \/>\n<meta property=\"article:modified_time\" content=\"2019-07-20T03:20:07+00:00\" \/>\n<meta property=\"og:image\" content=\"https:\/\/www.rebehair.com\/wp-content\/uploads\/2018\/06\/ss-18-p12-60-10-.jpg\" \/>\n\t<meta property=\"og:image:width\" content=\"1001\" \/>\n\t<meta property=\"og:image:height\" content=\"1001\" \/>\n\t<meta property=\"og:image:type\" content=\"image\/jpeg\" \/>\n<meta name=\"twitter:card\" content=\"summary_large_image\" \/>\n<meta name=\"twitter:label1\" content=\"Dur\u00e9e de lecture estim\u00e9e\" \/>\n\t<meta name=\"twitter:data1\" content=\"2 minutes\" \/>\n<script type=\"application\/ld+json\" class=\"yoast-schema-graph\">{\"@context\":\"https:\/\/schema.org\",\"@graph\":[{\"@type\":\"WebPage\",\"@id\":\"https:\/\/www.rebehair.com\/product\/tape-in-hair-extensions-highlight-12-60\/\",\"url\":\"https:\/\/www.rebehair.com\/product\/tape-in-hair-extensions-highlight-12-60\/\",\"name\":\"Wholesale Tape In Hair Extensions Highlight 12\/60# - RebeHair Extension Factory\",\"isPartOf\":{\"@id\":\"https:\/\/www.rebehair.com\/#website\"},\"datePublished\":\"2018-06-20T02:44:31+00:00\",\"dateModified\":\"2019-07-20T03:20:07+00:00\",\"description\":\"Tape In Hair Extensions Highlight 12\/60# - RebeHair Extension Factory\",\"breadcrumb\":{\"@id\":\"https:\/\/www.rebehair.com\/product\/tape-in-hair-extensions-highlight-12-60\/#breadcrumb\"},\"inLanguage\":\"fr-FR\",\"potentialAction\":[{\"@type\":\"ReadAction\",\"target\":[\"https:\/\/www.rebehair.com\/product\/tape-in-hair-extensions-highlight-12-60\/\"]}]},{\"@type\":\"BreadcrumbList\",\"@id\":\"https:\/\/www.rebehair.com\/product\/tape-in-hair-extensions-highlight-12-60\/#breadcrumb\",\"itemListElement\":[{\"@type\":\"ListItem\",\"position\":1,\"name\":\"Home\",\"item\":\"https:\/\/www.rebehair.com\/\"},{\"@type\":\"ListItem\",\"position\":2,\"name\":\"Shop\",\"item\":\"https:\/\/www.rebehair.com\/shop\/\"},{\"@type\":\"ListItem\",\"position\":3,\"name\":\"Tape In Hair Extensions Highlight 12\/60#\"}]},{\"@type\":\"WebSite\",\"@id\":\"https:\/\/www.rebehair.com\/#website\",\"url\":\"https:\/\/www.rebehair.com\/\",\"name\":\"RebeHair Extension Factory\",\"description\":\"\",\"potentialAction\":[{\"@type\":\"SearchAction\",\"target\":{\"@type\":\"EntryPoint\",\"urlTemplate\":\"https:\/\/www.rebehair.com\/?s={search_term_string}\"},\"query-input\":\"required name=search_term_string\"}],\"inLanguage\":\"fr-FR\"}]}<\/script>\n<!-- \/ Yoast SEO plugin. -->","yoast_head_json":{"title":"Wholesale Tape In Hair Extensions Highlight 12\/60# - RebeHair Extension Factory","description":"Tape In Hair Extensions Highlight 12\/60# - RebeHair Extension Factory","robots":{"index":"index","follow":"follow","max-snippet":"max-snippet:-1","max-image-preview":"max-image-preview:large","max-video-preview":"max-video-preview:-1"},"canonical":"https:\/\/www.rebehair.com\/fr\/produit\/tape-in-hair-extensions-highlight-12-60\/","og_locale":"fr_FR","og_type":"article","og_title":"Wholesale Tape In Hair Extensions Highlight 12\/60# - RebeHair Extension Factory","og_description":"Tape In Hair Extensions Highlight 12\/60# - RebeHair Extension Factory","og_url":"https:\/\/www.rebehair.com\/fr\/produit\/tape-in-hair-extensions-highlight-12-60\/","og_site_name":"RebeHair Extension Factory","article_modified_time":"2019-07-20T03:20:07+00:00","og_image":[{"width":1001,"height":1001,"url":"https:\/\/www.rebehair.com\/wp-content\/uploads\/2018\/06\/ss-18-p12-60-10-.jpg","type":"image\/jpeg"}],"twitter_card":"summary_large_image","twitter_misc":{"Dur\u00e9e de lecture estim\u00e9e":"2 minutes"},"schema":{"@context":"https:\/\/schema.org","@graph":[{"@type":"WebPage","@id":"https:\/\/www.rebehair.com\/product\/tape-in-hair-extensions-highlight-12-60\/","url":"https:\/\/www.rebehair.com\/product\/tape-in-hair-extensions-highlight-12-60\/","name":"Wholesale Tape In Hair Extensions Highlight 12\/60# - RebeHair Extension Factory","isPartOf":{"@id":"https:\/\/www.rebehair.com\/#website"},"datePublished":"2018-06-20T02:44:31+00:00","dateModified":"2019-07-20T03:20:07+00:00","description":"Tape In Hair Extensions Highlight 12\/60# - RebeHair Extension Factory","breadcrumb":{"@id":"https:\/\/www.rebehair.com\/product\/tape-in-hair-extensions-highlight-12-60\/#breadcrumb"},"inLanguage":"fr-FR","potentialAction":[{"@type":"ReadAction","target":["https:\/\/www.rebehair.com\/product\/tape-in-hair-extensions-highlight-12-60\/"]}]},{"@type":"BreadcrumbList","@id":"https:\/\/www.rebehair.com\/product\/tape-in-hair-extensions-highlight-12-60\/#breadcrumb","itemListElement":[{"@type":"ListItem","position":1,"name":"Home","item":"https:\/\/www.rebehair.com\/"},{"@type":"ListItem","position":2,"name":"Shop","item":"https:\/\/www.rebehair.com\/shop\/"},{"@type":"ListItem","position":3,"name":"Tape In Hair Extensions Highlight 12\/60#"}]},{"@type":"WebSite","@id":"https:\/\/www.rebehair.com\/#website","url":"https:\/\/www.rebehair.com\/","name":"RebeHair Extension Factory","description":"","potentialAction":[{"@type":"SearchAction","target":{"@type":"EntryPoint","urlTemplate":"https:\/\/www.rebehair.com\/?s={search_term_string}"},"query-input":"required name=search_term_string"}],"inLanguage":"fr-FR"}]}},"_links":{"self":[{"href":"https:\/\/www.rebehair.com\/fr\/wp-json\/wp\/v2\/product\/11011"}],"collection":[{"href":"https:\/\/www.rebehair.com\/fr\/wp-json\/wp\/v2\/product"}],"about":[{"href":"https:\/\/www.rebehair.com\/fr\/wp-json\/wp\/v2\/types\/product"}],"replies":[{"embeddable":true,"href":"https:\/\/www.rebehair.com\/fr\/wp-json\/wp\/v2\/comments?post=11011"}],"wp:featuredmedia":[{"embeddable":true,"href":"https:\/\/www.rebehair.com\/fr\/wp-json\/wp\/v2\/media\/11021"}],"wp:attachment":[{"href":"https:\/\/www.rebehair.com\/fr\/wp-json\/wp\/v2\/media?parent=11011"}],"wp:term":[{"taxonomy":"product_cat","embeddable":true,"href":"https:\/\/www.rebehair.com\/fr\/wp-json\/wp\/v2\/product_cat?post=11011"},{"taxonomy":"product_tag","embeddable":true,"href":"https:\/\/www.rebehair.com\/fr\/wp-json\/wp\/v2\/product_tag?post=11011"}],"curies":[{"name":"wp","href":"https:\/\/api.w.org\/{rel}","templated":true}]}}