
{"id":10827,"date":"2018-06-19T16:33:28","date_gmt":"2018-06-19T08:33:28","guid":{"rendered":"http:\/\/rebehair.com\/?post_type=product&#038;p=10827"},"modified":"2021-03-13T08:09:47","modified_gmt":"2021-03-13T00:09:47","slug":"tape-in-hair-extensions-in-60-bleached-blonde","status":"publish","type":"product","link":"https:\/\/www.rebehair.com\/fr\/produit\/tape-in-hair-extensions-in-60-bleached-blonde\/","title":{"rendered":"Extensions de cheveux \u00e0 ruban adh\u00e9sif en blond d\u00e9color\u00e9 60#"},"content":{"rendered":"<h2 data-spm-anchor-id=\"a2700.details.pronpeci14.i36.d63515edomzrhJ\"><img decoding=\"async\" loading=\"lazy\" class=\"wp-image-10307 alignleft\" src=\"http:\/\/rebehair.com\/wp-content\/uploads\/2018\/06\/TIM\u56fe\u724720180614163223.jpg\" alt=\"\" width=\"934\" height=\"313\" srcset=\"https:\/\/www.rebehair.com\/wp-content\/uploads\/2018\/06\/TIM\u56fe\u724720180614163223.jpg 1200w, https:\/\/www.rebehair.com\/wp-content\/uploads\/2018\/06\/TIM\u56fe\u724720180614163223-800x269.jpg 800w, https:\/\/www.rebehair.com\/wp-content\/uploads\/2018\/06\/TIM\u56fe\u724720180614163223-768x258.jpg 768w, https:\/\/www.rebehair.com\/wp-content\/uploads\/2018\/06\/TIM\u56fe\u724720180614163223-125x42.jpg 125w, https:\/\/www.rebehair.com\/wp-content\/uploads\/2018\/06\/TIM\u56fe\u724720180614163223-75x25.jpg 75w, https:\/\/www.rebehair.com\/wp-content\/uploads\/2018\/06\/TIM\u56fe\u724720180614163223-600x202.jpg 600w\" sizes=\"(max-width: 934px) 100vw, 934px\" \/><\/h2>\n<h2 data-spm-anchor-id=\"a2700.details.pronpeci14.i36.d63515edomzrhJ\"><\/h2>\n<h2 data-spm-anchor-id=\"a2700.details.pronpeci14.i36.d63515edomzrhJ\"><\/h2>\n<h2 data-spm-anchor-id=\"a2700.details.pronpeci14.i36.d63515edomzrhJ\"><\/h2>\n<h2 data-spm-anchor-id=\"a2700.details.pronpeci14.i36.d63515edomzrhJ\"><\/h2>\n<h2 data-spm-anchor-id=\"a2700.details.pronpeci14.i36.d63515edomzrhJ\"><\/h2>\n<p>&nbsp;<\/p>\n<h2 data-spm-anchor-id=\"a2700.details.pronpeci14.i36.d63515edomzrhJ\"><\/h2>\n<h2 data-spm-anchor-id=\"a2700.details.pronpeci14.i36.d63515edomzrhJ\"><\/h2>\n<h2 data-spm-anchor-id=\"a2700.details.pronpeci14.i36.d63515edomzrhJ\"><\/h2>\n<p>&nbsp;<\/p>\n<p>&nbsp;<\/p>\n<p>&nbsp;<\/p>\n<p>&nbsp;<\/p>\n<p>&nbsp;<\/p>\n<p>&nbsp;<\/p>\n<p>&nbsp;<\/p>\n<h2 data-spm-anchor-id=\"a2700.details.pronpeci14.i36.d63515edomzrhJ\"><\/h2>\n<h2 data-spm-anchor-id=\"a2700.details.pronpeci14.i36.d63515edomzrhJ\"><strong><span style=\"color: #ff00ff;\">Quels sont les d\u00e9tails de nos extensions de cheveux en ruban adh\u00e9sif\u00a0?<\/span><\/strong><\/h2>\n<p><img decoding=\"async\" loading=\"lazy\" class=\"wp-image-10398 alignleft\" src=\"http:\/\/rebehair.com\/wp-content\/uploads\/2018\/06\/TIM\u622a\u56fe20180615144925.png\" alt=\"\" width=\"942\" height=\"597\" srcset=\"https:\/\/www.rebehair.com\/wp-content\/uploads\/2018\/06\/TIM\u622a\u56fe20180615144925.png 996w, https:\/\/www.rebehair.com\/wp-content\/uploads\/2018\/06\/TIM\u622a\u56fe20180615144925-631x400.png 631w, https:\/\/www.rebehair.com\/wp-content\/uploads\/2018\/06\/TIM\u622a\u56fe20180615144925-768x487.png 768w, https:\/\/www.rebehair.com\/wp-content\/uploads\/2018\/06\/TIM\u622a\u56fe20180615144925-125x79.png 125w, https:\/\/www.rebehair.com\/wp-content\/uploads\/2018\/06\/TIM\u622a\u56fe20180615144925-75x48.png 75w, https:\/\/www.rebehair.com\/wp-content\/uploads\/2018\/06\/TIM\u622a\u56fe20180615144925-600x380.png 600w\" sizes=\"(max-width: 942px) 100vw, 942px\" \/><\/p>\n<p>&nbsp;<\/p>\n<p>&nbsp;<\/p>\n<p>&nbsp;<\/p>\n<p>&nbsp;<\/p>\n<p>&nbsp;<\/p>\n<p>&nbsp;<\/p>\n<p>&nbsp;<\/p>\n<p>&nbsp;<\/p>\n<p>&nbsp;<\/p>\n<p>&nbsp;<\/p>\n<p>&nbsp;<\/p>\n<p>&nbsp;<\/p>\n<p>&nbsp;<\/p>\n<p>&nbsp;<\/p>\n<p><img decoding=\"async\" loading=\"lazy\" class=\"wp-image-10687 alignleft\" src=\"http:\/\/rebehair.com\/wp-content\/uploads\/2018\/06\/TIM\u56fe\u724720180619151030.jpg\" alt=\"\" width=\"951\" height=\"951\" srcset=\"https:\/\/www.rebehair.com\/wp-content\/uploads\/2018\/06\/TIM\u56fe\u724720180619151030.jpg 1001w, https:\/\/www.rebehair.com\/wp-content\/uploads\/2018\/06\/TIM\u56fe\u724720180619151030-280x280.jpg 280w, https:\/\/www.rebehair.com\/wp-content\/uploads\/2018\/06\/TIM\u56fe\u724720180619151030-400x400.jpg 400w, https:\/\/www.rebehair.com\/wp-content\/uploads\/2018\/06\/TIM\u56fe\u724720180619151030-768x768.jpg 768w, https:\/\/www.rebehair.com\/wp-content\/uploads\/2018\/06\/TIM\u56fe\u724720180619151030-800x800.jpg 800w, https:\/\/www.rebehair.com\/wp-content\/uploads\/2018\/06\/TIM\u56fe\u724720180619151030-125x125.jpg 125w, https:\/\/www.rebehair.com\/wp-content\/uploads\/2018\/06\/TIM\u56fe\u724720180619151030-75x75.jpg 75w, https:\/\/www.rebehair.com\/wp-content\/uploads\/2018\/06\/TIM\u56fe\u724720180619151030-300x300.jpg 300w, https:\/\/www.rebehair.com\/wp-content\/uploads\/2018\/06\/TIM\u56fe\u724720180619151030-600x600.jpg 600w, https:\/\/www.rebehair.com\/wp-content\/uploads\/2018\/06\/TIM\u56fe\u724720180619151030-100x100.jpg 100w\" sizes=\"(max-width: 951px) 100vw, 951px\" \/><\/p>\n<p>&nbsp;<\/p>\n<p>&nbsp;<\/p>\n<p>&nbsp;<\/p>\n<p>&nbsp;<\/p>\n<p>&nbsp;<\/p>\n<p>&nbsp;<\/p>\n<p>&nbsp;<\/p>\n<p>&nbsp;<\/p>\n<p>&nbsp;<\/p>\n<p>&nbsp;<\/p>\n<p>&nbsp;<\/p>\n<p>&nbsp;<\/p>\n<p>&nbsp;<\/p>\n<p>&nbsp;<\/p>\n<p>&nbsp;<\/p>\n<p>&nbsp;<\/p>\n<p>&nbsp;<\/p>\n<p>&nbsp;<\/p>\n<p>&nbsp;<\/p>\n<p>&nbsp;<\/p>\n<p>&nbsp;<\/p>\n<p><span style=\"font-size: 150%;\"><strong><span style=\"color: #ff00ff;\">Comment porter des extensions de cheveux adh\u00e9sives ?<\/span><\/strong><\/span><\/p>\n<p><img decoding=\"async\" loading=\"lazy\" class=\"wp-image-10301 alignleft\" src=\"http:\/\/rebehair.com\/wp-content\/uploads\/2018\/06\/TIM\u622a\u56fe20180614160442.jpg\" alt=\"\" width=\"933\" height=\"502\" srcset=\"https:\/\/www.rebehair.com\/wp-content\/uploads\/2018\/06\/TIM\u622a\u56fe20180614160442.jpg 732w, https:\/\/www.rebehair.com\/wp-content\/uploads\/2018\/06\/TIM\u622a\u56fe20180614160442-125x67.jpg 125w, https:\/\/www.rebehair.com\/wp-content\/uploads\/2018\/06\/TIM\u622a\u56fe20180614160442-75x40.jpg 75w, https:\/\/www.rebehair.com\/wp-content\/uploads\/2018\/06\/TIM\u622a\u56fe20180614160442-600x323.jpg 600w\" sizes=\"(max-width: 933px) 100vw, 933px\" \/><\/p>\n<p>&nbsp;<\/p>\n<p>&nbsp;<\/p>\n<p>&nbsp;<\/p>\n<p>&nbsp;<\/p>\n<p>&nbsp;<\/p>\n<p>&nbsp;<\/p>\n<p>&nbsp;<\/p>\n<p>&nbsp;<\/p>\n<p>&nbsp;<\/p>\n<p>&nbsp;<\/p>\n<p>&nbsp;<\/p>\n<p>&nbsp;<\/p>\n<p>1. Les cheveux doivent \u00eatre appliqu\u00e9s sur des cheveux non conditionn\u00e9s lav\u00e9s. S\u00e9parez vos cheveux dans la zone souhait\u00e9e o\u00f9 l&#039;extension doit \u00eatre appliqu\u00e9e.<\/p>\n<p>2. Retirez le couvercle blanc de l&#039;extension de bande pour exposer la super bande. Alignez le cuir chevelu et fixez-le en appuyant sur la m\u00e8che de cheveux souhait\u00e9e.<\/p>\n<p>3. Vous doublez l\u2019\u00e9paisseur en ajoutant une autre couche sous la pi\u00e8ce.<\/p>\n<p>4. Les deux c\u00f4t\u00e9s collants se feront face et votre m\u00e8che de cheveux sera au milieu.<\/p>\n<p>5. Appuyez dessus du bout des doigts pour le fixer. Appliquez une pression avec les doigts pendant 5 \u00e0 10 secondes pour s\u00e9curiser la prise.<\/p>\n<p>6. Une fois les cheveux pos\u00e9s, utilisez votre fer plat \u00e0 basse temp\u00e9rature. Vous avez termin\u00e9\u00a0! Vos cheveux sont maintenant \u00e9pais et sans couture !<\/p>\n<p>&nbsp;<\/p>\n<p><strong><span style=\"font-size: 160%; color: #ff00ff;\">Comment \u00e9liminer les r\u00e9sidus de ruban adh\u00e9sif de mes cheveux ?\u00a0 \u00a0 <\/span><\/strong><\/p>\n<p data-section-blank=\"AliPostDhMb-m0p90\">1. L&#039;huile d&#039;olive d\u00e9compose les r\u00e9sidus de ruban adh\u00e9sif, ce qui les rend plus faciles \u00e0 enlever. Appliquez de l&#039;huile d&#039;olive sur vos cheveux, l\u00e0 o\u00f9 les r\u00e9sidus de ruban adh\u00e9sif sont coll\u00e9s. Enduisez vos cheveux avec de l&#039;huile pour d\u00e9tacher l&#039;adh\u00e9sif collant<\/p>\n<p data-section-blank=\"AliPostDhMb-m0p90\">2.R\u00e9chauffez l&#039;huile sur vos cheveux en les chauffant avec votre s\u00e8che-cheveux. Tenez le s\u00e8che-cheveux \u00e0 12 pouces de vos cheveux pendant 30 secondes pour chauffer l&#039;huile. Laissez l&#039;huile rester sur vos cheveux pendant quelques minutes.<\/p>\n<p data-section-blank=\"AliPostDhMb-m0p90\">3. Peignez les r\u00e9sidus de ruban adh\u00e9sif avec un peigne \u00e0 dents fines. Peignez vos cheveux avec un peigne \u00e0 dents fines pour \u00e9liminer les r\u00e9sidus de ruban adh\u00e9sif. Essuyez l&#039;huile d&#039;olive restante de vos cheveux avec un gant de toilette afin de voir la quantit\u00e9 de r\u00e9sidus de ruban adh\u00e9sif restant. R\u00e9p\u00e9tez les \u00e9tapes 2 et 3 jusqu&#039;\u00e0 ce que l&#039;adh\u00e9sif soit compl\u00e8tement retir\u00e9.<\/p>\n<p data-section-blank=\"AliPostDhMb-m0p90\">4. Shampouinez vos cheveux pour \u00e9liminer l&#039;huile d&#039;olive et les derniers r\u00e9sidus de ruban adh\u00e9sif.<\/p>\n<p data-section-blank=\"AliPostDhMb-m0p90\"><span style=\"font-size: 160%; color: #ff00ff;\"><strong>FAQ<\/strong><\/span><\/p>\n<p data-section-blank=\"AliPostDhMb-m0p90\"><strong>T1. Peuvent-ils \u00eatre liss\u00e9s, boucl\u00e9s ?<\/strong><br \/>\nA1 : Oui, vous pouvez utiliser un fer \u00e0 lisser ou un bigoudi pour coiffer les cheveux vierges. Cependant, ne le faites pas trop souvent, sinon la chaleur rendrait les cheveux facilement secs et emm\u00eal\u00e9s.<\/p>\n<p data-section-blank=\"AliPostDhMb-m0p90\"><strong>Q2. Pourquoi les couleurs des extensions de cheveux ne semblent pas exactement comme le montrent les images ou la description ?<\/strong><br \/>\nA2 : Diff\u00e9rents moniteurs ont des affichages diff\u00e9rents. Le m\u00eame num\u00e9ro de couleur peut pr\u00e9senter une l\u00e9g\u00e8re diff\u00e9rence de couleur. Vous pouvez teindre les cheveux si vous avez besoin d&#039;une couleur diff\u00e9rente.<\/p>\n<p data-section-blank=\"AliPostDhMb-m0p90\"><strong>Q3. Comment entretenir votre extension de cheveux ?<\/strong><br \/>\nA3 : 1. Lavez les cheveux en une semaine.<br \/>\n2. Arrosez sur cheveux mouill\u00e9s, utilisez un shampooing doux, rincez et laissez s\u00e9cher.<br \/>\n3. Peignez avec une brosse large apr\u00e8s s\u00e9chage.<br \/>\n4. Vous pouvez effectuer une teinture permanente, mais n&#039;oubliez pas de ne pas le faire trop souvent et n&#039;oubliez pas d&#039;utiliser l&#039;eau nutritive.<br \/>\n5. Il est pr\u00e9f\u00e9rable de choisir les peignes ronds avec un peigne \u00e0 dents larges.<br \/>\n6. Ne vous coiffez pas trop longtemps sous un soleil de plomb.<br \/>\n7. Ne soufflez pas la racine des cheveux trop pr\u00e8s avec le s\u00e8che-cheveux.<\/p>\n<p data-section-blank=\"AliPostDhMb-m0p90\"><span style=\"font-size: 160%; color: #ff00ff;\"><strong>Note importante:\u00a0 \u00a0<\/strong><\/span><\/p>\n<p data-spm-anchor-id=\"a2700.details.pronpeci14.i28.293f498b1N5fuv\">1) Brossez d\u2019abord l\u2019extr\u00e9mit\u00e9 des cheveux, puis le milieu et enfin le haut. NE PAS brosser directement par le haut et tirer fort, cela casserait les cheveux durement.<\/p>\n<p>2) Des soins r\u00e9guliers maintiendront les cheveux en bon \u00e9tat et \u00e9viteront les probl\u00e8mes d\u2019enchev\u00eatrement.<\/p>\n<p data-spm-anchor-id=\"a2700.details.pronpeci14.i30.293f498b1N5fuv\">3) Une teinture inappropri\u00e9e ou tout autre processus chimique endommagera les cheveux et provoquera des probl\u00e8mes d&#039;enchev\u00eatrement et de chute.<\/p>\n<p data-spm-anchor-id=\"a2700.details.pronpeci14.i30.293f498b1N5fuv\">","protected":false},"excerpt":{"rendered":"<p>2,5 g\/pi\u00e8ce 20 pi\u00e8ces\/paquet 50 g\/paquet taille : 4 x 0,8 cm.<\/p>","protected":false},"featured_media":10835,"comment_status":"open","ping_status":"closed","template":"","meta":[],"product_cat":[194,197,207],"product_tag":[318,317,308,328],"yoast_head":"<!-- This site is optimized with the Yoast SEO plugin v20.11 - https:\/\/yoast.com\/wordpress\/plugins\/seo\/ -->\n<title>Wholesale Tape in Hair Extensions in 60# Bleached Blonde - RebeHair Extension Factory<\/title>\n<meta name=\"description\" content=\"Tape in Hair Extensions in 60# Bleached Blonde - RebeHair Extension Factory\" \/>\n<meta name=\"robots\" content=\"index, follow, max-snippet:-1, max-image-preview:large, max-video-preview:-1\" \/>\n<link rel=\"canonical\" href=\"https:\/\/www.rebehair.com\/fr\/produit\/tape-in-hair-extensions-in-60-bleached-blonde\/\" \/>\n<meta property=\"og:locale\" content=\"fr_FR\" \/>\n<meta property=\"og:type\" content=\"article\" \/>\n<meta property=\"og:title\" content=\"Wholesale Tape in Hair Extensions in 60# Bleached Blonde - RebeHair Extension Factory\" \/>\n<meta property=\"og:description\" content=\"Tape in Hair Extensions in 60# Bleached Blonde - RebeHair Extension Factory\" \/>\n<meta property=\"og:url\" content=\"https:\/\/www.rebehair.com\/fr\/produit\/tape-in-hair-extensions-in-60-bleached-blonde\/\" \/>\n<meta property=\"og:site_name\" content=\"RebeHair Extension Factory\" \/>\n<meta property=\"article:modified_time\" content=\"2021-03-13T00:09:47+00:00\" \/>\n<meta property=\"og:image\" content=\"https:\/\/www.rebehair.com\/wp-content\/uploads\/2018\/06\/ss-18-60-02.jpg\" \/>\n\t<meta property=\"og:image:width\" content=\"1001\" \/>\n\t<meta property=\"og:image:height\" content=\"1001\" \/>\n\t<meta property=\"og:image:type\" content=\"image\/jpeg\" \/>\n<meta name=\"twitter:card\" content=\"summary_large_image\" \/>\n<meta name=\"twitter:label1\" content=\"Dur\u00e9e de lecture estim\u00e9e\" \/>\n\t<meta name=\"twitter:data1\" content=\"3 minutes\" \/>\n<script type=\"application\/ld+json\" class=\"yoast-schema-graph\">{\"@context\":\"https:\/\/schema.org\",\"@graph\":[{\"@type\":\"WebPage\",\"@id\":\"https:\/\/www.rebehair.com\/product\/tape-in-hair-extensions-in-60-bleached-blonde\/\",\"url\":\"https:\/\/www.rebehair.com\/product\/tape-in-hair-extensions-in-60-bleached-blonde\/\",\"name\":\"Wholesale Tape in Hair Extensions in 60# Bleached Blonde - RebeHair Extension Factory\",\"isPartOf\":{\"@id\":\"https:\/\/www.rebehair.com\/#website\"},\"datePublished\":\"2018-06-19T08:33:28+00:00\",\"dateModified\":\"2021-03-13T00:09:47+00:00\",\"description\":\"Tape in Hair Extensions in 60# Bleached Blonde - RebeHair Extension Factory\",\"breadcrumb\":{\"@id\":\"https:\/\/www.rebehair.com\/product\/tape-in-hair-extensions-in-60-bleached-blonde\/#breadcrumb\"},\"inLanguage\":\"fr-FR\",\"potentialAction\":[{\"@type\":\"ReadAction\",\"target\":[\"https:\/\/www.rebehair.com\/product\/tape-in-hair-extensions-in-60-bleached-blonde\/\"]}]},{\"@type\":\"BreadcrumbList\",\"@id\":\"https:\/\/www.rebehair.com\/product\/tape-in-hair-extensions-in-60-bleached-blonde\/#breadcrumb\",\"itemListElement\":[{\"@type\":\"ListItem\",\"position\":1,\"name\":\"Home\",\"item\":\"https:\/\/www.rebehair.com\/\"},{\"@type\":\"ListItem\",\"position\":2,\"name\":\"Shop\",\"item\":\"https:\/\/www.rebehair.com\/shop\/\"},{\"@type\":\"ListItem\",\"position\":3,\"name\":\"Tape in Hair Extensions in 60# Bleached Blonde\"}]},{\"@type\":\"WebSite\",\"@id\":\"https:\/\/www.rebehair.com\/#website\",\"url\":\"https:\/\/www.rebehair.com\/\",\"name\":\"RebeHair Extension Factory\",\"description\":\"\",\"potentialAction\":[{\"@type\":\"SearchAction\",\"target\":{\"@type\":\"EntryPoint\",\"urlTemplate\":\"https:\/\/www.rebehair.com\/?s={search_term_string}\"},\"query-input\":\"required name=search_term_string\"}],\"inLanguage\":\"fr-FR\"}]}<\/script>\n<!-- \/ Yoast SEO plugin. -->","yoast_head_json":{"title":"Wholesale Tape in Hair Extensions in 60# Bleached Blonde - RebeHair Extension Factory","description":"Tape in Hair Extensions in 60# Bleached Blonde - RebeHair Extension Factory","robots":{"index":"index","follow":"follow","max-snippet":"max-snippet:-1","max-image-preview":"max-image-preview:large","max-video-preview":"max-video-preview:-1"},"canonical":"https:\/\/www.rebehair.com\/fr\/produit\/tape-in-hair-extensions-in-60-bleached-blonde\/","og_locale":"fr_FR","og_type":"article","og_title":"Wholesale Tape in Hair Extensions in 60# Bleached Blonde - RebeHair Extension Factory","og_description":"Tape in Hair Extensions in 60# Bleached Blonde - RebeHair Extension Factory","og_url":"https:\/\/www.rebehair.com\/fr\/produit\/tape-in-hair-extensions-in-60-bleached-blonde\/","og_site_name":"RebeHair Extension Factory","article_modified_time":"2021-03-13T00:09:47+00:00","og_image":[{"width":1001,"height":1001,"url":"https:\/\/www.rebehair.com\/wp-content\/uploads\/2018\/06\/ss-18-60-02.jpg","type":"image\/jpeg"}],"twitter_card":"summary_large_image","twitter_misc":{"Dur\u00e9e de lecture estim\u00e9e":"3 minutes"},"schema":{"@context":"https:\/\/schema.org","@graph":[{"@type":"WebPage","@id":"https:\/\/www.rebehair.com\/product\/tape-in-hair-extensions-in-60-bleached-blonde\/","url":"https:\/\/www.rebehair.com\/product\/tape-in-hair-extensions-in-60-bleached-blonde\/","name":"Wholesale Tape in Hair Extensions in 60# Bleached Blonde - RebeHair Extension Factory","isPartOf":{"@id":"https:\/\/www.rebehair.com\/#website"},"datePublished":"2018-06-19T08:33:28+00:00","dateModified":"2021-03-13T00:09:47+00:00","description":"Tape in Hair Extensions in 60# Bleached Blonde - RebeHair Extension Factory","breadcrumb":{"@id":"https:\/\/www.rebehair.com\/product\/tape-in-hair-extensions-in-60-bleached-blonde\/#breadcrumb"},"inLanguage":"fr-FR","potentialAction":[{"@type":"ReadAction","target":["https:\/\/www.rebehair.com\/product\/tape-in-hair-extensions-in-60-bleached-blonde\/"]}]},{"@type":"BreadcrumbList","@id":"https:\/\/www.rebehair.com\/product\/tape-in-hair-extensions-in-60-bleached-blonde\/#breadcrumb","itemListElement":[{"@type":"ListItem","position":1,"name":"Home","item":"https:\/\/www.rebehair.com\/"},{"@type":"ListItem","position":2,"name":"Shop","item":"https:\/\/www.rebehair.com\/shop\/"},{"@type":"ListItem","position":3,"name":"Tape in Hair Extensions in 60# Bleached Blonde"}]},{"@type":"WebSite","@id":"https:\/\/www.rebehair.com\/#website","url":"https:\/\/www.rebehair.com\/","name":"RebeHair Extension Factory","description":"","potentialAction":[{"@type":"SearchAction","target":{"@type":"EntryPoint","urlTemplate":"https:\/\/www.rebehair.com\/?s={search_term_string}"},"query-input":"required name=search_term_string"}],"inLanguage":"fr-FR"}]}},"_links":{"self":[{"href":"https:\/\/www.rebehair.com\/fr\/wp-json\/wp\/v2\/product\/10827"}],"collection":[{"href":"https:\/\/www.rebehair.com\/fr\/wp-json\/wp\/v2\/product"}],"about":[{"href":"https:\/\/www.rebehair.com\/fr\/wp-json\/wp\/v2\/types\/product"}],"replies":[{"embeddable":true,"href":"https:\/\/www.rebehair.com\/fr\/wp-json\/wp\/v2\/comments?post=10827"}],"wp:featuredmedia":[{"embeddable":true,"href":"https:\/\/www.rebehair.com\/fr\/wp-json\/wp\/v2\/media\/10835"}],"wp:attachment":[{"href":"https:\/\/www.rebehair.com\/fr\/wp-json\/wp\/v2\/media?parent=10827"}],"wp:term":[{"taxonomy":"product_cat","embeddable":true,"href":"https:\/\/www.rebehair.com\/fr\/wp-json\/wp\/v2\/product_cat?post=10827"},{"taxonomy":"product_tag","embeddable":true,"href":"https:\/\/www.rebehair.com\/fr\/wp-json\/wp\/v2\/product_tag?post=10827"}],"curies":[{"name":"wp","href":"https:\/\/api.w.org\/{rel}","templated":true}]}}