
{"id":10435,"date":"2018-06-15T15:07:23","date_gmt":"2018-06-15T07:07:23","guid":{"rendered":"http:\/\/rebehair.com\/?post_type=product&#038;p=10435"},"modified":"2026-03-25T07:20:52","modified_gmt":"2026-03-24T23:20:52","slug":"tape-in-hair-extensions-balayage-color-18-60","status":"publish","type":"product","link":"https:\/\/www.rebehair.com\/fr\/produit\/tape-in-hair-extensions-balayage-color-18-60\/","title":{"rendered":"Extensions de cheveux \u00e0 ruban adh\u00e9sif Balayage Couleur #18\/60"},"content":{"rendered":"<p><span style=\"background-color: #999999;\"><img decoding=\"async\" loading=\"lazy\" class=\"size-full wp-image-10299 alignleft\" src=\"http:\/\/rebehair.com\/wp-content\/uploads\/2018\/06\/\u8054\u7cfb\u65b9\u5f0f1-wholesale-white-.jpg\" alt=\"\" width=\"750\" height=\"451\" srcset=\"https:\/\/www.rebehair.com\/wp-content\/uploads\/2018\/06\/\u8054\u7cfb\u65b9\u5f0f1-wholesale-white-.jpg 750w, https:\/\/www.rebehair.com\/wp-content\/uploads\/2018\/06\/\u8054\u7cfb\u65b9\u5f0f1-wholesale-white--665x400.jpg 665w, https:\/\/www.rebehair.com\/wp-content\/uploads\/2018\/06\/\u8054\u7cfb\u65b9\u5f0f1-wholesale-white--125x75.jpg 125w, https:\/\/www.rebehair.com\/wp-content\/uploads\/2018\/06\/\u8054\u7cfb\u65b9\u5f0f1-wholesale-white--75x45.jpg 75w, https:\/\/www.rebehair.com\/wp-content\/uploads\/2018\/06\/\u8054\u7cfb\u65b9\u5f0f1-wholesale-white--600x361.jpg 600w\" sizes=\"(max-width: 750px) 100vw, 750px\" \/><\/span><\/p>\n<p>&nbsp;<\/p>\n<p>&nbsp;<\/p>\n<p>&nbsp;<\/p>\n<p>&nbsp;<\/p>\n<p>&nbsp;<\/p>\n<p>&nbsp;<\/p>\n<p>&nbsp;<\/p>\n<p>&nbsp;<\/p>\n<p>&nbsp;<\/p>\n<p>&nbsp;<\/p>\n<p><span style=\"font-size: 140%; background-color: #999999;\"><strong><b><span style=\"background-color: #808080;\"><span style=\"font-size: 160%; background-color: #808080;\"><span style=\"color: #000000;\">Description de la production<\/span> \u00a0 \u00a0 \u00a0 \u00a0 \u00a0 \u00a0 \u00a0 \u00a0 \u00a0\u00a0 <\/span><\/span><br \/>\n<\/b><\/strong><\/span><\/p>\n<p><img decoding=\"async\" loading=\"lazy\" class=\"wp-image-10302 alignleft\" src=\"http:\/\/rebehair.com\/wp-content\/uploads\/2018\/06\/Tape-in-sheet.jpg\" alt=\"\" width=\"755\" height=\"480\" srcset=\"https:\/\/www.rebehair.com\/wp-content\/uploads\/2018\/06\/Tape-in-sheet.jpg 1088w, https:\/\/www.rebehair.com\/wp-content\/uploads\/2018\/06\/Tape-in-sheet-629x400.jpg 629w, https:\/\/www.rebehair.com\/wp-content\/uploads\/2018\/06\/Tape-in-sheet-768x488.jpg 768w, https:\/\/www.rebehair.com\/wp-content\/uploads\/2018\/06\/Tape-in-sheet-125x80.jpg 125w, https:\/\/www.rebehair.com\/wp-content\/uploads\/2018\/06\/Tape-in-sheet-75x48.jpg 75w, https:\/\/www.rebehair.com\/wp-content\/uploads\/2018\/06\/Tape-in-sheet-600x382.jpg 600w\" sizes=\"(max-width: 755px) 100vw, 755px\" \/><\/p>\n<p>&nbsp;<\/p>\n<p>&nbsp;<\/p>\n<p>&nbsp;<\/p>\n<p>&nbsp;<\/p>\n<p>&nbsp;<\/p>\n<p>&nbsp;<\/p>\n<p>&nbsp;<\/p>\n<p>&nbsp;<\/p>\n<p>&nbsp;<\/p>\n<p>&nbsp;<\/p>\n<p>&nbsp;<\/p>\n<p><img decoding=\"async\" loading=\"lazy\" class=\"size-full wp-image-10326 alignleft\" src=\"http:\/\/rebehair.com\/wp-content\/uploads\/2018\/06\/Tape-in-hair11-1.jpg\" alt=\"\" width=\"1200\" height=\"300\" srcset=\"https:\/\/www.rebehair.com\/wp-content\/uploads\/2018\/06\/Tape-in-hair11-1.jpg 1200w, https:\/\/www.rebehair.com\/wp-content\/uploads\/2018\/06\/Tape-in-hair11-1-800x200.jpg 800w, https:\/\/www.rebehair.com\/wp-content\/uploads\/2018\/06\/Tape-in-hair11-1-768x192.jpg 768w, https:\/\/www.rebehair.com\/wp-content\/uploads\/2018\/06\/Tape-in-hair11-1-125x31.jpg 125w, https:\/\/www.rebehair.com\/wp-content\/uploads\/2018\/06\/Tape-in-hair11-1-75x19.jpg 75w, https:\/\/www.rebehair.com\/wp-content\/uploads\/2018\/06\/Tape-in-hair11-1-600x150.jpg 600w\" sizes=\"(max-width: 1200px) 100vw, 1200px\" \/><span style=\"font-size: 140%; background-color: #999999;\"><strong><span style=\"color: #000000;\">Bande de couleur Balayage dans les cheveux\u00a0<\/span>\u00a0\u00a0\u00a0\u00a0\u00a0\u00a0\u00a0\u00a0\u00a0\u00a0\u00a0\u00a0\u00a0\u00a0\u00a0\u00a0\u00a0\u00a0\u00a0\u00a0\u00a0\u00a0\u00a0\u00a0\u00a0\u00a0\u00a0\u00a0\u00a0\u00a0\u00a0\u00a0\u00a0\u00a0\u00a0\u00a0\u00a0\u00a0\u00a0\u00a0\u00a0\u00a0\u00a0\u00a0\u00a0\u00a0\u00a0\u00a0\u00a0\u00a0\u00a0\u00a0\u00a0\u00a0\u00a0\u00a0\u00a0\u00a0\u00a0\u00a0\u00a0\u00a0\u00a0\u00a0\u00a0\u00a0\u00a0\u00a0\u00a0\u00a0\u00a0\u00a0\u00a0\u00a0\u00a0\u00a0\u00a0\u00a0\u00a0 <\/strong><\/span><\/p>\n<p><em><span style=\"font-size: 105%;\"><strong><b>Les cheveux humains de balayage sont tr\u00e8s beaux et les cheveux de balayage sont tr\u00e8s \u00e0 la mode dans les produits capillaires. <\/b><\/strong><\/span><\/em><\/p>\n<p><em><span style=\"font-size: 105%;\"><strong><b>Notre usine fait tr\u00e8s bien les cheveux de balayage, nous faisons des couleurs diff\u00e9rentes pour les clients chaque mois.<\/b><\/strong><\/span><\/em><\/p>\n<p><em><span style=\"font-size: 105%;\"><strong><b>B<\/b><\/strong><strong><b>un<\/b><\/strong><strong><b>Clips de pose dans les cheveux, trame, extension de cheveux halo. plus d&#039;informations sur les cheveux, n&#039;h\u00e9sitez pas \u00e0 me contacter !<\/b><\/strong><\/span><\/em><\/p>\n<p><img decoding=\"async\" loading=\"lazy\" class=\"wp-image-10393 alignleft\" src=\"http:\/\/rebehair.com\/wp-content\/uploads\/2018\/06\/B4-27.jpg\" alt=\"\" width=\"775\" height=\"630\" srcset=\"https:\/\/www.rebehair.com\/wp-content\/uploads\/2018\/06\/B4-27.jpg 3470w, https:\/\/www.rebehair.com\/wp-content\/uploads\/2018\/06\/B4-27-492x400.jpg 492w, https:\/\/www.rebehair.com\/wp-content\/uploads\/2018\/06\/B4-27-768x624.jpg 768w, https:\/\/www.rebehair.com\/wp-content\/uploads\/2018\/06\/B4-27-984x800.jpg 984w, https:\/\/www.rebehair.com\/wp-content\/uploads\/2018\/06\/B4-27-125x102.jpg 125w, https:\/\/www.rebehair.com\/wp-content\/uploads\/2018\/06\/B4-27-75x61.jpg 75w, https:\/\/www.rebehair.com\/wp-content\/uploads\/2018\/06\/B4-27-600x488.jpg 600w\" sizes=\"(max-width: 775px) 100vw, 775px\" \/><\/p>\n<p><img decoding=\"async\" loading=\"lazy\" class=\"size-full wp-image-10300 alignleft\" src=\"http:\/\/rebehair.com\/wp-content\/uploads\/2018\/06\/tape-in.jpg_.webp_.jpg\" alt=\"\" width=\"800\" height=\"900\" srcset=\"https:\/\/www.rebehair.com\/wp-content\/uploads\/2018\/06\/tape-in.jpg_.webp_.jpg 800w, https:\/\/www.rebehair.com\/wp-content\/uploads\/2018\/06\/tape-in.jpg_.webp_-356x400.jpg 356w, https:\/\/www.rebehair.com\/wp-content\/uploads\/2018\/06\/tape-in.jpg_.webp_-768x864.jpg 768w, https:\/\/www.rebehair.com\/wp-content\/uploads\/2018\/06\/tape-in.jpg_.webp_-711x800.jpg 711w, https:\/\/www.rebehair.com\/wp-content\/uploads\/2018\/06\/tape-in.jpg_.webp_-111x125.jpg 111w, https:\/\/www.rebehair.com\/wp-content\/uploads\/2018\/06\/tape-in.jpg_.webp_-67x75.jpg 67w, https:\/\/www.rebehair.com\/wp-content\/uploads\/2018\/06\/tape-in.jpg_.webp_-600x675.jpg 600w\" sizes=\"(max-width: 800px) 100vw, 800px\" \/><\/p>\n<p>&nbsp;<\/p>\n<p>&nbsp;<\/p>\n<p>&nbsp;<\/p>\n<p>&nbsp;<\/p>\n<p>&nbsp;<\/p>\n<p>&nbsp;<\/p>\n<p>&nbsp;<\/p>\n<p>&nbsp;<\/p>\n<p>&nbsp;<\/p>\n<p>&nbsp;<\/p>\n<p>&nbsp;<\/p>\n<p>&nbsp;<\/p>\n<p>&nbsp;<\/p>\n<p>&nbsp;<\/p>\n<p>&nbsp;<\/p>\n<p>&nbsp;<\/p>\n<p>&nbsp;<\/p>\n<p>&nbsp;<\/p>\n<p>&nbsp;<\/p>\n<p>&nbsp;<\/p>\n<p>&nbsp;<\/p>\n<p>&nbsp;<\/p>\n<p>&nbsp;<\/p>\n<p>&nbsp;<\/p>\n<p>&nbsp;<\/p>\n<p>&nbsp;<\/p>\n<p>&nbsp;<\/p>\n<p>&nbsp;<\/p>\n<p>&nbsp;<\/p>\n<p>&nbsp;<\/p>\n<p>&nbsp;<\/p>\n<p>&nbsp;<\/p>\n<p>&nbsp;<\/p>\n<p>&nbsp;<\/p>\n<p>&nbsp;<\/p>\n<p><span style=\"background-color: #999999;\"><strong><span style=\"font-size: 150%; color: #000000; background-color: #999999;\">Toutes les couleurs disponibles\u00a0\u00a0\u00a0\u00a0\u00a0\u00a0\u00a0\u00a0\u00a0\u00a0\u00a0\u00a0\u00a0\u00a0\u00a0\u00a0\u00a0\u00a0\u00a0\u00a0\u00a0\u00a0\u00a0\u00a0\u00a0\u00a0\u00a0\u00a0\u00a0\u00a0\u00a0\u00a0\u00a0\u00a0\u00a0\u00a0\u00a0\u00a0\u00a0\u00a0\u00a0\u00a0\u00a0\u00a0\u00a0\u00a0\u00a0\u00a0\u00a0\u00a0\u00a0\u00a0\u00a0\u00a0\u00a0\u00a0\u00a0\u00a0\u00a0\u00a0\u00a0\u00a0\u00a0\u00a0\u00a0\u00a0\u00a0\u00a0\u00a0\u00a0\u00a0\u00a0\u00a0\u00a0\u00a0\u00a0\u00a0\u00a0\u00a0\u00a0\u00a0\u00a0\u00a0\u00a0\u00a0\u00a0\u00a0\u00a0\u00a0\u00a0 <\/span><\/strong><\/span><\/p>\n<p><img decoding=\"async\" loading=\"lazy\" class=\"size-full wp-image-10690 alignleft\" src=\"http:\/\/rebehair.com\/wp-content\/uploads\/2018\/06\/\u5355\u8272P\u8272.jpg\" alt=\"\" width=\"1001\" height=\"1001\" srcset=\"https:\/\/www.rebehair.com\/wp-content\/uploads\/2018\/06\/\u5355\u8272P\u8272.jpg 1001w, https:\/\/www.rebehair.com\/wp-content\/uploads\/2018\/06\/\u5355\u8272P\u8272-280x280.jpg 280w, https:\/\/www.rebehair.com\/wp-content\/uploads\/2018\/06\/\u5355\u8272P\u8272-400x400.jpg 400w, https:\/\/www.rebehair.com\/wp-content\/uploads\/2018\/06\/\u5355\u8272P\u8272-768x768.jpg 768w, https:\/\/www.rebehair.com\/wp-content\/uploads\/2018\/06\/\u5355\u8272P\u8272-800x800.jpg 800w, https:\/\/www.rebehair.com\/wp-content\/uploads\/2018\/06\/\u5355\u8272P\u8272-125x125.jpg 125w, https:\/\/www.rebehair.com\/wp-content\/uploads\/2018\/06\/\u5355\u8272P\u8272-75x75.jpg 75w, https:\/\/www.rebehair.com\/wp-content\/uploads\/2018\/06\/\u5355\u8272P\u8272-300x300.jpg 300w, https:\/\/www.rebehair.com\/wp-content\/uploads\/2018\/06\/\u5355\u8272P\u8272-600x600.jpg 600w, https:\/\/www.rebehair.com\/wp-content\/uploads\/2018\/06\/\u5355\u8272P\u8272-100x100.jpg 100w\" sizes=\"(max-width: 1001px) 100vw, 1001px\" \/><img decoding=\"async\" loading=\"lazy\" class=\"size-full wp-image-10691 alignleft\" src=\"http:\/\/rebehair.com\/wp-content\/uploads\/2018\/06\/t\u8272r\u8272.jpg\" alt=\"\" width=\"1001\" height=\"744\" srcset=\"https:\/\/www.rebehair.com\/wp-content\/uploads\/2018\/06\/t\u8272r\u8272.jpg 1001w, https:\/\/www.rebehair.com\/wp-content\/uploads\/2018\/06\/t\u8272r\u8272-538x400.jpg 538w, https:\/\/www.rebehair.com\/wp-content\/uploads\/2018\/06\/t\u8272r\u8272-768x571.jpg 768w, https:\/\/www.rebehair.com\/wp-content\/uploads\/2018\/06\/t\u8272r\u8272-125x93.jpg 125w, https:\/\/www.rebehair.com\/wp-content\/uploads\/2018\/06\/t\u8272r\u8272-75x56.jpg 75w, https:\/\/www.rebehair.com\/wp-content\/uploads\/2018\/06\/t\u8272r\u8272-600x446.jpg 600w\" sizes=\"(max-width: 1001px) 100vw, 1001px\" \/><\/p>","protected":false},"excerpt":{"rendered":"<p>Type: Extensions de cheveux \u00e0 bande adh\u00e9sive<\/p>\n<p>Poids : 50g(20PCS) 2.5g\/pc ou personnalis\u00e9<\/p>\n<p>Mat\u00e9riel: 100%Cheveux humains<\/p>\n<p>Texture : Droite et soyeuse<\/p>\n<p>Longueur : 12~30 pouces ou personnalis\u00e9<\/p>","protected":false},"featured_media":10455,"comment_status":"open","ping_status":"closed","template":"","meta":[],"product_cat":[197,208],"product_tag":[240,310,309,274,307,308,311],"yoast_head":"<!-- This site is optimized with the Yoast SEO plugin v20.11 - https:\/\/yoast.com\/wordpress\/plugins\/seo\/ -->\n<title>Wholesale Tape in Hair Extensions Balayage Color #18\/60 - RebeHair Extension Factory<\/title>\n<meta name=\"description\" content=\"Tape in Hair Extensions Balayage Color #18\/60 - RebeHair Extension Factory\" \/>\n<meta name=\"robots\" content=\"index, follow, max-snippet:-1, max-image-preview:large, max-video-preview:-1\" \/>\n<link rel=\"canonical\" href=\"https:\/\/www.rebehair.com\/fr\/produit\/tape-in-hair-extensions-balayage-color-18-60\/\" \/>\n<meta property=\"og:locale\" content=\"fr_FR\" \/>\n<meta property=\"og:type\" content=\"article\" \/>\n<meta property=\"og:title\" content=\"Wholesale Tape in Hair Extensions Balayage Color #18\/60 - RebeHair Extension Factory\" \/>\n<meta property=\"og:description\" content=\"Tape in Hair Extensions Balayage Color #18\/60 - RebeHair Extension Factory\" \/>\n<meta property=\"og:url\" content=\"https:\/\/www.rebehair.com\/fr\/produit\/tape-in-hair-extensions-balayage-color-18-60\/\" \/>\n<meta property=\"og:site_name\" content=\"RebeHair Extension Factory\" \/>\n<meta property=\"article:modified_time\" content=\"2026-03-24T23:20:52+00:00\" \/>\n<meta property=\"og:image\" content=\"https:\/\/www.rebehair.com\/wp-content\/uploads\/2018\/06\/pu-18-60-18-05.jpg\" \/>\n\t<meta property=\"og:image:width\" content=\"1001\" \/>\n\t<meta property=\"og:image:height\" content=\"1001\" \/>\n\t<meta property=\"og:image:type\" content=\"image\/jpeg\" \/>\n<meta name=\"twitter:card\" content=\"summary_large_image\" \/>\n<meta name=\"twitter:label1\" content=\"Dur\u00e9e de lecture estim\u00e9e\" \/>\n\t<meta name=\"twitter:data1\" content=\"1 minute\" \/>\n<script type=\"application\/ld+json\" class=\"yoast-schema-graph\">{\"@context\":\"https:\/\/schema.org\",\"@graph\":[{\"@type\":\"WebPage\",\"@id\":\"https:\/\/www.rebehair.com\/product\/tape-in-hair-extensions-balayage-color-18-60\/\",\"url\":\"https:\/\/www.rebehair.com\/product\/tape-in-hair-extensions-balayage-color-18-60\/\",\"name\":\"Wholesale Tape in Hair Extensions Balayage Color #18\/60 - RebeHair Extension Factory\",\"isPartOf\":{\"@id\":\"https:\/\/www.rebehair.com\/#website\"},\"datePublished\":\"2018-06-15T07:07:23+00:00\",\"dateModified\":\"2026-03-24T23:20:52+00:00\",\"description\":\"Tape in Hair Extensions Balayage Color #18\/60 - RebeHair Extension Factory\",\"breadcrumb\":{\"@id\":\"https:\/\/www.rebehair.com\/product\/tape-in-hair-extensions-balayage-color-18-60\/#breadcrumb\"},\"inLanguage\":\"fr-FR\",\"potentialAction\":[{\"@type\":\"ReadAction\",\"target\":[\"https:\/\/www.rebehair.com\/product\/tape-in-hair-extensions-balayage-color-18-60\/\"]}]},{\"@type\":\"BreadcrumbList\",\"@id\":\"https:\/\/www.rebehair.com\/product\/tape-in-hair-extensions-balayage-color-18-60\/#breadcrumb\",\"itemListElement\":[{\"@type\":\"ListItem\",\"position\":1,\"name\":\"Home\",\"item\":\"https:\/\/www.rebehair.com\/\"},{\"@type\":\"ListItem\",\"position\":2,\"name\":\"Shop\",\"item\":\"https:\/\/www.rebehair.com\/shop\/\"},{\"@type\":\"ListItem\",\"position\":3,\"name\":\"Tape in Hair Extensions Balayage Color #18\/60\"}]},{\"@type\":\"WebSite\",\"@id\":\"https:\/\/www.rebehair.com\/#website\",\"url\":\"https:\/\/www.rebehair.com\/\",\"name\":\"RebeHair Extension Factory\",\"description\":\"\",\"potentialAction\":[{\"@type\":\"SearchAction\",\"target\":{\"@type\":\"EntryPoint\",\"urlTemplate\":\"https:\/\/www.rebehair.com\/?s={search_term_string}\"},\"query-input\":\"required name=search_term_string\"}],\"inLanguage\":\"fr-FR\"}]}<\/script>\n<!-- \/ Yoast SEO plugin. -->","yoast_head_json":{"title":"Wholesale Tape in Hair Extensions Balayage Color #18\/60 - RebeHair Extension Factory","description":"Tape in Hair Extensions Balayage Color #18\/60 - RebeHair Extension Factory","robots":{"index":"index","follow":"follow","max-snippet":"max-snippet:-1","max-image-preview":"max-image-preview:large","max-video-preview":"max-video-preview:-1"},"canonical":"https:\/\/www.rebehair.com\/fr\/produit\/tape-in-hair-extensions-balayage-color-18-60\/","og_locale":"fr_FR","og_type":"article","og_title":"Wholesale Tape in Hair Extensions Balayage Color #18\/60 - RebeHair Extension Factory","og_description":"Tape in Hair Extensions Balayage Color #18\/60 - RebeHair Extension Factory","og_url":"https:\/\/www.rebehair.com\/fr\/produit\/tape-in-hair-extensions-balayage-color-18-60\/","og_site_name":"RebeHair Extension Factory","article_modified_time":"2026-03-24T23:20:52+00:00","og_image":[{"width":1001,"height":1001,"url":"https:\/\/www.rebehair.com\/wp-content\/uploads\/2018\/06\/pu-18-60-18-05.jpg","type":"image\/jpeg"}],"twitter_card":"summary_large_image","twitter_misc":{"Dur\u00e9e de lecture estim\u00e9e":"1 minute"},"schema":{"@context":"https:\/\/schema.org","@graph":[{"@type":"WebPage","@id":"https:\/\/www.rebehair.com\/product\/tape-in-hair-extensions-balayage-color-18-60\/","url":"https:\/\/www.rebehair.com\/product\/tape-in-hair-extensions-balayage-color-18-60\/","name":"Wholesale Tape in Hair Extensions Balayage Color #18\/60 - RebeHair Extension Factory","isPartOf":{"@id":"https:\/\/www.rebehair.com\/#website"},"datePublished":"2018-06-15T07:07:23+00:00","dateModified":"2026-03-24T23:20:52+00:00","description":"Tape in Hair Extensions Balayage Color #18\/60 - RebeHair Extension Factory","breadcrumb":{"@id":"https:\/\/www.rebehair.com\/product\/tape-in-hair-extensions-balayage-color-18-60\/#breadcrumb"},"inLanguage":"fr-FR","potentialAction":[{"@type":"ReadAction","target":["https:\/\/www.rebehair.com\/product\/tape-in-hair-extensions-balayage-color-18-60\/"]}]},{"@type":"BreadcrumbList","@id":"https:\/\/www.rebehair.com\/product\/tape-in-hair-extensions-balayage-color-18-60\/#breadcrumb","itemListElement":[{"@type":"ListItem","position":1,"name":"Home","item":"https:\/\/www.rebehair.com\/"},{"@type":"ListItem","position":2,"name":"Shop","item":"https:\/\/www.rebehair.com\/shop\/"},{"@type":"ListItem","position":3,"name":"Tape in Hair Extensions Balayage Color #18\/60"}]},{"@type":"WebSite","@id":"https:\/\/www.rebehair.com\/#website","url":"https:\/\/www.rebehair.com\/","name":"RebeHair Extension Factory","description":"","potentialAction":[{"@type":"SearchAction","target":{"@type":"EntryPoint","urlTemplate":"https:\/\/www.rebehair.com\/?s={search_term_string}"},"query-input":"required name=search_term_string"}],"inLanguage":"fr-FR"}]}},"_links":{"self":[{"href":"https:\/\/www.rebehair.com\/fr\/wp-json\/wp\/v2\/product\/10435"}],"collection":[{"href":"https:\/\/www.rebehair.com\/fr\/wp-json\/wp\/v2\/product"}],"about":[{"href":"https:\/\/www.rebehair.com\/fr\/wp-json\/wp\/v2\/types\/product"}],"replies":[{"embeddable":true,"href":"https:\/\/www.rebehair.com\/fr\/wp-json\/wp\/v2\/comments?post=10435"}],"wp:featuredmedia":[{"embeddable":true,"href":"https:\/\/www.rebehair.com\/fr\/wp-json\/wp\/v2\/media\/10455"}],"wp:attachment":[{"href":"https:\/\/www.rebehair.com\/fr\/wp-json\/wp\/v2\/media?parent=10435"}],"wp:term":[{"taxonomy":"product_cat","embeddable":true,"href":"https:\/\/www.rebehair.com\/fr\/wp-json\/wp\/v2\/product_cat?post=10435"},{"taxonomy":"product_tag","embeddable":true,"href":"https:\/\/www.rebehair.com\/fr\/wp-json\/wp\/v2\/product_tag?post=10435"}],"curies":[{"name":"wp","href":"https:\/\/api.w.org\/{rel}","templated":true}]}}