
{"id":10416,"date":"2018-06-15T14:58:24","date_gmt":"2018-06-15T06:58:24","guid":{"rendered":"http:\/\/rebehair.com\/?post_type=product&#038;p=10416"},"modified":"2025-07-25T04:16:35","modified_gmt":"2025-07-24T20:16:35","slug":"tape-in-hair-extensions-balayage-color-12-613","status":"publish","type":"product","link":"https:\/\/www.rebehair.com\/fr\/produit\/tape-in-hair-extensions-balayage-color-12-613\/","title":{"rendered":"Extensions de cheveux \u00e0 ruban adh\u00e9sif Balayage Couleur #12\/613"},"content":{"rendered":"<p><span style=\"background-color: #999999;\"><img decoding=\"async\" loading=\"lazy\" class=\"size-full wp-image-10299 alignleft\" src=\"http:\/\/rebehair.com\/wp-content\/uploads\/2018\/06\/\u8054\u7cfb\u65b9\u5f0f1-wholesale-white-.jpg\" alt=\"\" width=\"750\" height=\"451\" srcset=\"https:\/\/www.rebehair.com\/wp-content\/uploads\/2018\/06\/\u8054\u7cfb\u65b9\u5f0f1-wholesale-white-.jpg 750w, https:\/\/www.rebehair.com\/wp-content\/uploads\/2018\/06\/\u8054\u7cfb\u65b9\u5f0f1-wholesale-white--665x400.jpg 665w, https:\/\/www.rebehair.com\/wp-content\/uploads\/2018\/06\/\u8054\u7cfb\u65b9\u5f0f1-wholesale-white--125x75.jpg 125w, https:\/\/www.rebehair.com\/wp-content\/uploads\/2018\/06\/\u8054\u7cfb\u65b9\u5f0f1-wholesale-white--75x45.jpg 75w, https:\/\/www.rebehair.com\/wp-content\/uploads\/2018\/06\/\u8054\u7cfb\u65b9\u5f0f1-wholesale-white--600x361.jpg 600w\" sizes=\"(max-width: 750px) 100vw, 750px\" \/><\/span><\/p>\n<p>&nbsp;<\/p>\n<p>&nbsp;<\/p>\n<p>&nbsp;<\/p>\n<p>&nbsp;<\/p>\n<p>&nbsp;<\/p>\n<p>&nbsp;<\/p>\n<p>&nbsp;<\/p>\n<p>&nbsp;<\/p>\n<p>&nbsp;<\/p>\n<p>&nbsp;<\/p>\n<p><span style=\"font-size: 140%; background-color: #999999;\"><strong><b><span style=\"background-color: #808080;\"><span style=\"font-size: 160%; background-color: #808080;\"><span style=\"color: #000000;\">Description de la production<\/span>\u00a0 \u00a0 \u00a0 \u00a0 \u00a0 \u00a0 \u00a0 \u00a0 \u00a0 \u00a0 \u00a0 \u00a0 \u00a0 \u00a0 \u00a0<\/span><\/span><br \/>\n<\/b><\/strong><\/span><\/p>\n<ul>\n<li><strong>Mat\u00e9riel <\/strong>: 100% cheveux humains remy curticle<\/li>\n<li><strong>longueur :<\/strong> 14 pouces-22 pouces<\/li>\n<li><strong>Couleur :\u00a0<\/strong>\u00a0Balayage #12\/613<strong><br \/>\n<\/strong><\/li>\n<li><strong>Taille du ruban\u00a0: <\/strong>0,8 cm x 4 cm (0,31 pouce x 1,57 pouce)<\/li>\n<li><strong>Style : <\/strong>cheveux raides<\/li>\n<li><strong>Poids :<\/strong> 2,5 grammes\/pi\u00e8ce, 40 pi\u00e8ces\/sac, 1000 grammes\/sac<\/li>\n<li><strong>\u00c0 propos de la quantit\u00e9<\/strong><\/li>\n<li>Si vous avez les cheveux courts, que vous voulez des cheveux longs et un effet volume, achetez 3 ensembles s&#039;il vous pla\u00eet (60 pi\u00e8ces)<\/li>\n<li>Si vous avez les cheveux longs, mais plus fins, et que vous voulez un effet volume, achetez 2 ensembles s&#039;il vous pla\u00eet (40 pi\u00e8ces)<\/li>\n<li>Si vous voulez un effet de surbrillance ou plus d&#039;effet de volume, achetez 1 ensemble s&#039;il vous pla\u00eet (20 pi\u00e8ces)<\/li>\n<\/ul>\n<p><img decoding=\"async\" loading=\"lazy\" class=\"wp-image-10302 alignleft\" src=\"http:\/\/rebehair.com\/wp-content\/uploads\/2018\/06\/Tape-in-sheet.jpg\" alt=\"\" width=\"755\" height=\"480\" srcset=\"https:\/\/www.rebehair.com\/wp-content\/uploads\/2018\/06\/Tape-in-sheet.jpg 1088w, https:\/\/www.rebehair.com\/wp-content\/uploads\/2018\/06\/Tape-in-sheet-629x400.jpg 629w, https:\/\/www.rebehair.com\/wp-content\/uploads\/2018\/06\/Tape-in-sheet-768x488.jpg 768w, https:\/\/www.rebehair.com\/wp-content\/uploads\/2018\/06\/Tape-in-sheet-125x80.jpg 125w, https:\/\/www.rebehair.com\/wp-content\/uploads\/2018\/06\/Tape-in-sheet-75x48.jpg 75w, https:\/\/www.rebehair.com\/wp-content\/uploads\/2018\/06\/Tape-in-sheet-600x382.jpg 600w\" sizes=\"(max-width: 755px) 100vw, 755px\" \/><\/p>\n<p>&nbsp;<\/p>\n<p>&nbsp;<\/p>\n<p>&nbsp;<\/p>\n<p>&nbsp;<\/p>\n<p>&nbsp;<\/p>\n<p>&nbsp;<\/p>\n<p>&nbsp;<\/p>\n<p>&nbsp;<\/p>\n<p>&nbsp;<\/p>\n<p>&nbsp;<\/p>\n<p>&nbsp;<\/p>\n<p><img decoding=\"async\" loading=\"lazy\" class=\"size-full wp-image-10326 alignleft\" src=\"http:\/\/rebehair.com\/wp-content\/uploads\/2018\/06\/Tape-in-hair11-1.jpg\" alt=\"\" width=\"1200\" height=\"300\" srcset=\"https:\/\/www.rebehair.com\/wp-content\/uploads\/2018\/06\/Tape-in-hair11-1.jpg 1200w, https:\/\/www.rebehair.com\/wp-content\/uploads\/2018\/06\/Tape-in-hair11-1-800x200.jpg 800w, https:\/\/www.rebehair.com\/wp-content\/uploads\/2018\/06\/Tape-in-hair11-1-768x192.jpg 768w, https:\/\/www.rebehair.com\/wp-content\/uploads\/2018\/06\/Tape-in-hair11-1-125x31.jpg 125w, https:\/\/www.rebehair.com\/wp-content\/uploads\/2018\/06\/Tape-in-hair11-1-75x19.jpg 75w, https:\/\/www.rebehair.com\/wp-content\/uploads\/2018\/06\/Tape-in-hair11-1-600x150.jpg 600w\" sizes=\"(max-width: 1200px) 100vw, 1200px\" \/><span style=\"font-size: 140%; background-color: #999999;\"><strong><span style=\"color: #000000;\">Bande de couleur Balayage dans les cheveux\u00a0<\/span>\u00a0\u00a0\u00a0\u00a0\u00a0\u00a0\u00a0\u00a0\u00a0\u00a0\u00a0\u00a0\u00a0\u00a0\u00a0\u00a0\u00a0\u00a0\u00a0\u00a0\u00a0\u00a0\u00a0\u00a0\u00a0\u00a0\u00a0\u00a0\u00a0\u00a0\u00a0\u00a0\u00a0\u00a0\u00a0\u00a0\u00a0\u00a0\u00a0\u00a0\u00a0\u00a0\u00a0\u00a0\u00a0\u00a0\u00a0\u00a0\u00a0\u00a0\u00a0\u00a0\u00a0\u00a0\u00a0\u00a0\u00a0\u00a0\u00a0\u00a0\u00a0\u00a0\u00a0\u00a0\u00a0\u00a0\u00a0\u00a0\u00a0\u00a0\u00a0\u00a0\u00a0\u00a0\u00a0\u00a0\u00a0\u00a0\u00a0 <\/strong><\/span><\/p>\n<p><em><span style=\"font-size: 105%;\"><strong><b>Les cheveux humains de balayage sont tr\u00e8s beaux et les cheveux de balayage sont tr\u00e8s \u00e0 la mode dans les produits capillaires. <\/b><\/strong><\/span><\/em><\/p>\n<p><em><span style=\"font-size: 105%;\"><strong><b>Notre usine fait tr\u00e8s bien les cheveux de balayage, nous faisons des couleurs diff\u00e9rentes pour les clients chaque mois.<\/b><\/strong><\/span><\/em><\/p>\n<p><em><span style=\"font-size: 105%;\"><strong><b>B<\/b><\/strong><strong><b>un<\/b><\/strong><strong><b>Clips de pose dans les cheveux, trame, extension de cheveux halo. plus d&#039;informations sur nos cheveux.<\/b><\/strong><\/span><\/em><\/p>\n<p><img decoding=\"async\" loading=\"lazy\" class=\"wp-image-10393 alignleft\" src=\"http:\/\/rebehair.com\/wp-content\/uploads\/2018\/06\/B4-27.jpg\" alt=\"\" width=\"775\" height=\"630\" srcset=\"https:\/\/www.rebehair.com\/wp-content\/uploads\/2018\/06\/B4-27.jpg 3470w, https:\/\/www.rebehair.com\/wp-content\/uploads\/2018\/06\/B4-27-492x400.jpg 492w, https:\/\/www.rebehair.com\/wp-content\/uploads\/2018\/06\/B4-27-768x624.jpg 768w, https:\/\/www.rebehair.com\/wp-content\/uploads\/2018\/06\/B4-27-984x800.jpg 984w, https:\/\/www.rebehair.com\/wp-content\/uploads\/2018\/06\/B4-27-125x102.jpg 125w, https:\/\/www.rebehair.com\/wp-content\/uploads\/2018\/06\/B4-27-75x61.jpg 75w, https:\/\/www.rebehair.com\/wp-content\/uploads\/2018\/06\/B4-27-600x488.jpg 600w\" sizes=\"(max-width: 775px) 100vw, 775px\" \/><\/p>\n<p><img decoding=\"async\" loading=\"lazy\" class=\"size-full wp-image-10300 alignleft\" src=\"http:\/\/rebehair.com\/wp-content\/uploads\/2018\/06\/tape-in.jpg_.webp_.jpg\" alt=\"\" width=\"800\" height=\"900\" srcset=\"https:\/\/www.rebehair.com\/wp-content\/uploads\/2018\/06\/tape-in.jpg_.webp_.jpg 800w, https:\/\/www.rebehair.com\/wp-content\/uploads\/2018\/06\/tape-in.jpg_.webp_-356x400.jpg 356w, https:\/\/www.rebehair.com\/wp-content\/uploads\/2018\/06\/tape-in.jpg_.webp_-768x864.jpg 768w, https:\/\/www.rebehair.com\/wp-content\/uploads\/2018\/06\/tape-in.jpg_.webp_-711x800.jpg 711w, https:\/\/www.rebehair.com\/wp-content\/uploads\/2018\/06\/tape-in.jpg_.webp_-111x125.jpg 111w, https:\/\/www.rebehair.com\/wp-content\/uploads\/2018\/06\/tape-in.jpg_.webp_-67x75.jpg 67w, https:\/\/www.rebehair.com\/wp-content\/uploads\/2018\/06\/tape-in.jpg_.webp_-600x675.jpg 600w\" sizes=\"(max-width: 800px) 100vw, 800px\" \/><\/p>\n<p>&nbsp;<\/p>\n<p>&nbsp;<\/p>\n<p>&nbsp;<\/p>\n<p>&nbsp;<\/p>\n<p>&nbsp;<\/p>\n<p>&nbsp;<\/p>\n<p>&nbsp;<\/p>\n<p>&nbsp;<\/p>\n<p>&nbsp;<\/p>\n<p>&nbsp;<\/p>\n<p>&nbsp;<\/p>\n<p>&nbsp;<\/p>\n<p>&nbsp;<\/p>\n<p>&nbsp;<\/p>\n<p>&nbsp;<\/p>\n<p>&nbsp;<\/p>\n<p>&nbsp;<\/p>\n<p>&nbsp;<\/p>\n<p>&nbsp;<\/p>\n<p>&nbsp;<\/p>\n<p>&nbsp;<\/p>\n<p>&nbsp;<\/p>\n<p>&nbsp;<\/p>\n<p>&nbsp;<\/p>\n<p>&nbsp;<\/p>\n<p>&nbsp;<\/p>\n<p>&nbsp;<\/p>\n<p>&nbsp;<\/p>\n<p>&nbsp;<\/p>\n<p>&nbsp;<\/p>\n<p>&nbsp;<\/p>\n<p>&nbsp;<\/p>\n<p>&nbsp;<\/p>\n<p>&nbsp;<\/p>\n<p>&nbsp;<\/p>\n<p><span style=\"background-color: #999999;\"><strong><span style=\"font-size: 150%; color: #000000; background-color: #999999;\">Bague de couleur\u00a0\u00a0\u00a0\u00a0\u00a0\u00a0\u00a0\u00a0\u00a0\u00a0\u00a0\u00a0\u00a0\u00a0\u00a0\u00a0\u00a0\u00a0\u00a0\u00a0\u00a0\u00a0\u00a0\u00a0\u00a0\u00a0\u00a0\u00a0\u00a0\u00a0\u00a0\u00a0\u00a0\u00a0\u00a0\u00a0\u00a0\u00a0\u00a0\u00a0\u00a0\u00a0\u00a0\u00a0\u00a0\u00a0\u00a0\u00a0\u00a0\u00a0\u00a0\u00a0\u00a0\u00a0\u00a0\u00a0\u00a0\u00a0\u00a0\u00a0\u00a0\u00a0\u00a0\u00a0\u00a0\u00a0\u00a0\u00a0\u00a0\u00a0\u00a0\u00a0\u00a0\u00a0\u00a0\u00a0\u00a0\u00a0\u00a0\u00a0\u00a0\u00a0\u00a0\u00a0\u00a0\u00a0\u00a0\u00a0\u00a0 <\/span><\/strong><\/span><\/p>\n<p><img decoding=\"async\" loading=\"lazy\" class=\"size-full wp-image-10305 alignleft\" src=\"http:\/\/rebehair.com\/wp-content\/uploads\/2018\/06\/\u674e\u8d85\u8272\u677f.jpg\" alt=\"\" width=\"750\" height=\"750\" srcset=\"https:\/\/www.rebehair.com\/wp-content\/uploads\/2018\/06\/\u674e\u8d85\u8272\u677f.jpg 750w, https:\/\/www.rebehair.com\/wp-content\/uploads\/2018\/06\/\u674e\u8d85\u8272\u677f-280x280.jpg 280w, https:\/\/www.rebehair.com\/wp-content\/uploads\/2018\/06\/\u674e\u8d85\u8272\u677f-400x400.jpg 400w, https:\/\/www.rebehair.com\/wp-content\/uploads\/2018\/06\/\u674e\u8d85\u8272\u677f-125x125.jpg 125w, https:\/\/www.rebehair.com\/wp-content\/uploads\/2018\/06\/\u674e\u8d85\u8272\u677f-75x75.jpg 75w, https:\/\/www.rebehair.com\/wp-content\/uploads\/2018\/06\/\u674e\u8d85\u8272\u677f-300x300.jpg 300w, https:\/\/www.rebehair.com\/wp-content\/uploads\/2018\/06\/\u674e\u8d85\u8272\u677f-600x600.jpg 600w, https:\/\/www.rebehair.com\/wp-content\/uploads\/2018\/06\/\u674e\u8d85\u8272\u677f-100x100.jpg 100w\" sizes=\"(max-width: 750px) 100vw, 750px\" \/><\/p>\n<p>&nbsp;<\/p>","protected":false},"excerpt":{"rendered":"<ul>\n<li><strong>Mat\u00e9riel <\/strong>: 100% cheveux humains remy curticle<\/li>\n<li><strong>longueur :<\/strong> 14 pouces-22 pouces<\/li>\n<li><strong>Couleur :\u00a0<\/strong> Balayage #12\/613<strong><br \/>\n<\/strong><\/li>\n<li><strong>Taille du ruban\u00a0: <\/strong>0,8 cm x 4 cm (0,31 pouce x 1,57 pouce)<\/li>\n<li><strong>Style : <\/strong>cheveux raides<\/li>\n<li><strong>Poids :<\/strong> 2,5 grammes\/pi\u00e8ce, 20 pi\u00e8ces\/sac, 50 grammes\/sac<\/li>\n<li><\/li>\n<\/ul>","protected":false},"featured_media":10422,"comment_status":"open","ping_status":"closed","template":"","meta":[],"product_cat":[197,208],"product_tag":[240,310,309,274,307,308,328,311],"yoast_head":"<!-- This site is optimized with the Yoast SEO plugin v20.11 - https:\/\/yoast.com\/wordpress\/plugins\/seo\/ -->\n<title>Wholesale Tape in Hair Extensions Balayage Color #12\/613 - RebeHair Extension Factory<\/title>\n<meta name=\"description\" content=\"Tape in Hair Extensions Balayage Color #12\/613 - RebeHair Extension Factory\" \/>\n<meta name=\"robots\" content=\"index, follow, max-snippet:-1, max-image-preview:large, max-video-preview:-1\" \/>\n<link rel=\"canonical\" href=\"https:\/\/www.rebehair.com\/fr\/produit\/tape-in-hair-extensions-balayage-color-12-613\/\" \/>\n<meta property=\"og:locale\" content=\"fr_FR\" \/>\n<meta property=\"og:type\" content=\"article\" \/>\n<meta property=\"og:title\" content=\"Wholesale Tape in Hair Extensions Balayage Color #12\/613 - RebeHair Extension Factory\" \/>\n<meta property=\"og:description\" content=\"Tape in Hair Extensions Balayage Color #12\/613 - RebeHair Extension Factory\" \/>\n<meta property=\"og:url\" content=\"https:\/\/www.rebehair.com\/fr\/produit\/tape-in-hair-extensions-balayage-color-12-613\/\" \/>\n<meta property=\"og:site_name\" content=\"RebeHair Extension Factory\" \/>\n<meta property=\"article:modified_time\" content=\"2025-07-24T20:16:35+00:00\" \/>\n<meta property=\"og:image\" content=\"https:\/\/www.rebehair.com\/wp-content\/uploads\/2018\/06\/pu-12-613-18-05.jpg\" \/>\n\t<meta property=\"og:image:width\" content=\"1001\" \/>\n\t<meta property=\"og:image:height\" content=\"1001\" \/>\n\t<meta property=\"og:image:type\" content=\"image\/jpeg\" \/>\n<meta name=\"twitter:card\" content=\"summary_large_image\" \/>\n<meta name=\"twitter:label1\" content=\"Dur\u00e9e de lecture estim\u00e9e\" \/>\n\t<meta name=\"twitter:data1\" content=\"1 minute\" \/>\n<script type=\"application\/ld+json\" class=\"yoast-schema-graph\">{\"@context\":\"https:\/\/schema.org\",\"@graph\":[{\"@type\":\"WebPage\",\"@id\":\"https:\/\/www.rebehair.com\/product\/tape-in-hair-extensions-balayage-color-12-613\/\",\"url\":\"https:\/\/www.rebehair.com\/product\/tape-in-hair-extensions-balayage-color-12-613\/\",\"name\":\"Wholesale Tape in Hair Extensions Balayage Color #12\/613 - RebeHair Extension Factory\",\"isPartOf\":{\"@id\":\"https:\/\/www.rebehair.com\/#website\"},\"datePublished\":\"2018-06-15T06:58:24+00:00\",\"dateModified\":\"2025-07-24T20:16:35+00:00\",\"description\":\"Tape in Hair Extensions Balayage Color #12\/613 - RebeHair Extension Factory\",\"breadcrumb\":{\"@id\":\"https:\/\/www.rebehair.com\/product\/tape-in-hair-extensions-balayage-color-12-613\/#breadcrumb\"},\"inLanguage\":\"fr-FR\",\"potentialAction\":[{\"@type\":\"ReadAction\",\"target\":[\"https:\/\/www.rebehair.com\/product\/tape-in-hair-extensions-balayage-color-12-613\/\"]}]},{\"@type\":\"BreadcrumbList\",\"@id\":\"https:\/\/www.rebehair.com\/product\/tape-in-hair-extensions-balayage-color-12-613\/#breadcrumb\",\"itemListElement\":[{\"@type\":\"ListItem\",\"position\":1,\"name\":\"Home\",\"item\":\"https:\/\/www.rebehair.com\/\"},{\"@type\":\"ListItem\",\"position\":2,\"name\":\"Shop\",\"item\":\"https:\/\/www.rebehair.com\/shop\/\"},{\"@type\":\"ListItem\",\"position\":3,\"name\":\"Tape in Hair Extensions Balayage Color #12\/613\"}]},{\"@type\":\"WebSite\",\"@id\":\"https:\/\/www.rebehair.com\/#website\",\"url\":\"https:\/\/www.rebehair.com\/\",\"name\":\"RebeHair Extension Factory\",\"description\":\"\",\"potentialAction\":[{\"@type\":\"SearchAction\",\"target\":{\"@type\":\"EntryPoint\",\"urlTemplate\":\"https:\/\/www.rebehair.com\/?s={search_term_string}\"},\"query-input\":\"required name=search_term_string\"}],\"inLanguage\":\"fr-FR\"}]}<\/script>\n<!-- \/ Yoast SEO plugin. -->","yoast_head_json":{"title":"Wholesale Tape in Hair Extensions Balayage Color #12\/613 - RebeHair Extension Factory","description":"Tape in Hair Extensions Balayage Color #12\/613 - RebeHair Extension Factory","robots":{"index":"index","follow":"follow","max-snippet":"max-snippet:-1","max-image-preview":"max-image-preview:large","max-video-preview":"max-video-preview:-1"},"canonical":"https:\/\/www.rebehair.com\/fr\/produit\/tape-in-hair-extensions-balayage-color-12-613\/","og_locale":"fr_FR","og_type":"article","og_title":"Wholesale Tape in Hair Extensions Balayage Color #12\/613 - RebeHair Extension Factory","og_description":"Tape in Hair Extensions Balayage Color #12\/613 - RebeHair Extension Factory","og_url":"https:\/\/www.rebehair.com\/fr\/produit\/tape-in-hair-extensions-balayage-color-12-613\/","og_site_name":"RebeHair Extension Factory","article_modified_time":"2025-07-24T20:16:35+00:00","og_image":[{"width":1001,"height":1001,"url":"https:\/\/www.rebehair.com\/wp-content\/uploads\/2018\/06\/pu-12-613-18-05.jpg","type":"image\/jpeg"}],"twitter_card":"summary_large_image","twitter_misc":{"Dur\u00e9e de lecture estim\u00e9e":"1 minute"},"schema":{"@context":"https:\/\/schema.org","@graph":[{"@type":"WebPage","@id":"https:\/\/www.rebehair.com\/product\/tape-in-hair-extensions-balayage-color-12-613\/","url":"https:\/\/www.rebehair.com\/product\/tape-in-hair-extensions-balayage-color-12-613\/","name":"Wholesale Tape in Hair Extensions Balayage Color #12\/613 - RebeHair Extension Factory","isPartOf":{"@id":"https:\/\/www.rebehair.com\/#website"},"datePublished":"2018-06-15T06:58:24+00:00","dateModified":"2025-07-24T20:16:35+00:00","description":"Tape in Hair Extensions Balayage Color #12\/613 - RebeHair Extension Factory","breadcrumb":{"@id":"https:\/\/www.rebehair.com\/product\/tape-in-hair-extensions-balayage-color-12-613\/#breadcrumb"},"inLanguage":"fr-FR","potentialAction":[{"@type":"ReadAction","target":["https:\/\/www.rebehair.com\/product\/tape-in-hair-extensions-balayage-color-12-613\/"]}]},{"@type":"BreadcrumbList","@id":"https:\/\/www.rebehair.com\/product\/tape-in-hair-extensions-balayage-color-12-613\/#breadcrumb","itemListElement":[{"@type":"ListItem","position":1,"name":"Home","item":"https:\/\/www.rebehair.com\/"},{"@type":"ListItem","position":2,"name":"Shop","item":"https:\/\/www.rebehair.com\/shop\/"},{"@type":"ListItem","position":3,"name":"Tape in Hair Extensions Balayage Color #12\/613"}]},{"@type":"WebSite","@id":"https:\/\/www.rebehair.com\/#website","url":"https:\/\/www.rebehair.com\/","name":"RebeHair Extension Factory","description":"","potentialAction":[{"@type":"SearchAction","target":{"@type":"EntryPoint","urlTemplate":"https:\/\/www.rebehair.com\/?s={search_term_string}"},"query-input":"required name=search_term_string"}],"inLanguage":"fr-FR"}]}},"_links":{"self":[{"href":"https:\/\/www.rebehair.com\/fr\/wp-json\/wp\/v2\/product\/10416"}],"collection":[{"href":"https:\/\/www.rebehair.com\/fr\/wp-json\/wp\/v2\/product"}],"about":[{"href":"https:\/\/www.rebehair.com\/fr\/wp-json\/wp\/v2\/types\/product"}],"replies":[{"embeddable":true,"href":"https:\/\/www.rebehair.com\/fr\/wp-json\/wp\/v2\/comments?post=10416"}],"wp:featuredmedia":[{"embeddable":true,"href":"https:\/\/www.rebehair.com\/fr\/wp-json\/wp\/v2\/media\/10422"}],"wp:attachment":[{"href":"https:\/\/www.rebehair.com\/fr\/wp-json\/wp\/v2\/media?parent=10416"}],"wp:term":[{"taxonomy":"product_cat","embeddable":true,"href":"https:\/\/www.rebehair.com\/fr\/wp-json\/wp\/v2\/product_cat?post=10416"},{"taxonomy":"product_tag","embeddable":true,"href":"https:\/\/www.rebehair.com\/fr\/wp-json\/wp\/v2\/product_tag?post=10416"}],"curies":[{"name":"wp","href":"https:\/\/api.w.org\/{rel}","templated":true}]}}