
{"id":712,"date":"2013-04-29T14:02:03","date_gmt":"2013-04-29T06:02:03","guid":{"rendered":"http:\/\/rebehair.com\/?page_id=712"},"modified":"2016-04-14T09:23:35","modified_gmt":"2016-04-14T01:23:35","slug":"tape-in-hair-extensions","status":"publish","type":"page","link":"https:\/\/www.rebehair.com\/fr\/tape-in-hair-extensions\/","title":{"rendered":"Extensions de cheveux \u00e0 bande adh\u00e9sive"},"content":{"rendered":"<p><span style=\"color: #000000;\">Nous utilisons UNIQUEMENT des cheveux vierges pour fabriquer des extensions de cheveux \u00e0 ruban adh\u00e9sif. Dans le pass\u00e9, nous utilisions des cheveux remy et non-remy (\u00e9galement appel\u00e9s 5A ou 6A) pour fabriquer des extensions de cheveux \u00e0 ruban adh\u00e9sif. Les cheveux sont trait\u00e9s avec un bain d&#039;acide, qui pourrait d\u00e9truire la cuticule, de sorte que les cheveux ne pourraient pas durer longtemps, nos clients ont re\u00e7u beaucoup de plaintes, et ce n&#039;est pas une strat\u00e9gie commerciale \u00e0 long terme, m\u00eame si le prix est moins cher et les clients pourraient r\u00e9aliser plus de b\u00e9n\u00e9fices.<\/span><\/p>\n<p><span style=\"color: #000000;\">D\u00e9sormais, nous utilisons uniquement des cheveux de la plus haute qualit\u00e9 sur le march\u00e9 qui ne subiront JAMAIS de bain acide ou tout autre processus chimique. La cuticule sera intacte et les cheveux sont doux, naturellement brillants et faciles \u00e0 coiffer.<\/span><\/p>\n<p><span style=\"color: #000000;\">Nos cheveux seront :<\/span><\/p>\n<p><span style=\"color: #000000;\">1. L&#039;extension de cheveux d&#039;apparence naturelle et sans enchev\u00eatrement se marie parfaitement avec vos cheveux d&#039;apparence naturelle.<\/span><br \/>\n<span style=\"color: #000000;\"> 2. Incroyablement doux mais confortable.<\/span><br \/>\n<span style=\"color: #000000;\"> 3. Un ruban adh\u00e9sif minimum \u00e9vite d&#039;endommager vos follicules tout en obtenant un aspect naturel.<\/span><br \/>\n<span style=\"color: #000000;\"> 4. Bande minimale et donc aucun dommage aux vrais cheveux du client.<\/span><br \/>\n<span style=\"color: #000000;\"> 5. Un look long et succulent magnifique et \u00e9l\u00e9gant surpasse le reste du march\u00e9.<\/span><br \/>\n<span style=\"color: #000000;\"> 6. Stylis\u00e9 professionnellement pour \u00e9viter les emm\u00ealements m\u00eame apr\u00e8s un port prolong\u00e9.<\/span><br \/>\n<span style=\"color: #000000;\"> 7. Facile \u00e0 laver. Ils ne laisseront pas de r\u00e9sidus de shampoing, causant des probl\u00e8mes de cuir chevelu.<\/span><br \/>\n<span style=\"color: #000000;\"> 8. Confortable. L&#039;extension est stylis\u00e9e pour \u00e9viter les n\u0153uds pendant que vous dormez.<\/span><\/p>\n<p><span style=\"color: #000000;\">Nous accueillons toutes sortes d&#039;acheteurs en gros comme les propri\u00e9taires de salons, les propri\u00e9taires d&#039;entreprises, les propri\u00e9taires de boutiques en ligne, etc. Nous pouvons envoyer 1 ou 2 \u00e9chantillons gratuits si vous avez besoin de tester la qualit\u00e9 de nos cheveux. Veuillez simplement nous envoyer vos informations commerciales.<\/span><\/p>\n<div id=\"wufoo-m1yzrv5q0dymj16\">\nRemplissez mon <a href=\"https:\/\/rebehair.wufoo.com\/forms\/m1yzrv5q0dymj16\">formulaire en ligne<\/a>.\n<\/div>\n<p><script type=\"text\/javascript\">var m1yzrv5q0dymj16;(function(d, t) {\nvar s = d.createElement(t), options = {\n'userName':'rebehair',\n'formHash':'m1yzrv5q0dymj16',\n'autoResize':true,\n'height':'1010',\n'async':true,\n'host':'wufoo.com',\n'header':'show',\n'ssl':true};\ns.src = ('https:' == d.location.protocol ? 'https:\/\/' : 'http:\/\/') + 'www.wufoo.com\/scripts\/embed\/form.js';\ns.onload = s.onreadystatechange = function() {\nvar rs = this.readyState; if (rs) if (rs != 'complete') if (rs != 'loaded') return;\ntry { m1yzrv5q0dymj16 = new WufooForm();m1yzrv5q0dymj16.initialize(options);m1yzrv5q0dymj16.display(); } catch (e) {}};\nvar scr = d.getElementsByTagName(t)[0], par = scr.parentNode; par.insertBefore(s, scr);\n})(document, 'script');<\/script><\/p>","protected":false},"excerpt":{"rendered":"<p>We ONLY use virgin hair to make tape in hair extensions now,in the past,we used remy and non-remy(also refered to 5A or 6A) hair to make tape in hair extensions,the hair is processed with an acid bath,which could destroy the cuticle,so the hair could not last long,our clients got a lot of\u00a0complaints,and this is not [&#8230;]","protected":false},"author":1,"featured_media":0,"parent":0,"menu_order":0,"comment_status":"open","ping_status":"open","template":"","meta":{"footnotes":""},"yoast_head":"<!-- This site is optimized with the Yoast SEO plugin v20.11 - https:\/\/yoast.com\/wordpress\/plugins\/seo\/ -->\n<title>Tape In Hair Extensions - RebeHair Extension Factory<\/title>\n<meta name=\"description\" content=\"Tape In Hair Extensions - RebeHair Extension Factory\" \/>\n<meta name=\"robots\" content=\"index, follow, max-snippet:-1, max-image-preview:large, max-video-preview:-1\" \/>\n<link rel=\"canonical\" href=\"https:\/\/www.rebehair.com\/fr\/tape-in-hair-extensions\/\" \/>\n<meta property=\"og:locale\" content=\"fr_FR\" \/>\n<meta property=\"og:type\" content=\"article\" \/>\n<meta property=\"og:title\" content=\"Tape In Hair Extensions - RebeHair Extension Factory\" \/>\n<meta property=\"og:description\" content=\"Tape In Hair Extensions - RebeHair Extension Factory\" \/>\n<meta property=\"og:url\" content=\"https:\/\/www.rebehair.com\/fr\/tape-in-hair-extensions\/\" \/>\n<meta property=\"og:site_name\" content=\"RebeHair Extension Factory\" \/>\n<meta property=\"article:modified_time\" content=\"2016-04-14T01:23:35+00:00\" \/>\n<meta name=\"twitter:card\" content=\"summary_large_image\" \/>\n<meta name=\"twitter:label1\" content=\"Dur\u00e9e de lecture estim\u00e9e\" \/>\n\t<meta name=\"twitter:data1\" content=\"1 minute\" \/>\n<script type=\"application\/ld+json\" class=\"yoast-schema-graph\">{\"@context\":\"https:\/\/schema.org\",\"@graph\":[{\"@type\":\"WebPage\",\"@id\":\"https:\/\/www.rebehair.com\/tape-in-hair-extensions\/\",\"url\":\"https:\/\/www.rebehair.com\/tape-in-hair-extensions\/\",\"name\":\"Tape In Hair Extensions - RebeHair Extension Factory\",\"isPartOf\":{\"@id\":\"https:\/\/www.rebehair.com\/#website\"},\"datePublished\":\"2013-04-29T06:02:03+00:00\",\"dateModified\":\"2016-04-14T01:23:35+00:00\",\"description\":\"Tape In Hair Extensions - RebeHair Extension Factory\",\"breadcrumb\":{\"@id\":\"https:\/\/www.rebehair.com\/tape-in-hair-extensions\/#breadcrumb\"},\"inLanguage\":\"fr-FR\",\"potentialAction\":[{\"@type\":\"ReadAction\",\"target\":[\"https:\/\/www.rebehair.com\/tape-in-hair-extensions\/\"]}]},{\"@type\":\"BreadcrumbList\",\"@id\":\"https:\/\/www.rebehair.com\/tape-in-hair-extensions\/#breadcrumb\",\"itemListElement\":[{\"@type\":\"ListItem\",\"position\":1,\"name\":\"Home\",\"item\":\"https:\/\/www.rebehair.com\/\"},{\"@type\":\"ListItem\",\"position\":2,\"name\":\"Tape In Hair Extensions\"}]},{\"@type\":\"WebSite\",\"@id\":\"https:\/\/www.rebehair.com\/#website\",\"url\":\"https:\/\/www.rebehair.com\/\",\"name\":\"RebeHair Extension Factory\",\"description\":\"\",\"potentialAction\":[{\"@type\":\"SearchAction\",\"target\":{\"@type\":\"EntryPoint\",\"urlTemplate\":\"https:\/\/www.rebehair.com\/?s={search_term_string}\"},\"query-input\":\"required name=search_term_string\"}],\"inLanguage\":\"fr-FR\"}]}<\/script>\n<!-- \/ Yoast SEO plugin. -->","yoast_head_json":{"title":"Tape In Hair Extensions - RebeHair Extension Factory","description":"Tape In Hair Extensions - RebeHair Extension Factory","robots":{"index":"index","follow":"follow","max-snippet":"max-snippet:-1","max-image-preview":"max-image-preview:large","max-video-preview":"max-video-preview:-1"},"canonical":"https:\/\/www.rebehair.com\/fr\/tape-in-hair-extensions\/","og_locale":"fr_FR","og_type":"article","og_title":"Tape In Hair Extensions - RebeHair Extension Factory","og_description":"Tape In Hair Extensions - RebeHair Extension Factory","og_url":"https:\/\/www.rebehair.com\/fr\/tape-in-hair-extensions\/","og_site_name":"RebeHair Extension Factory","article_modified_time":"2016-04-14T01:23:35+00:00","twitter_card":"summary_large_image","twitter_misc":{"Dur\u00e9e de lecture estim\u00e9e":"1 minute"},"schema":{"@context":"https:\/\/schema.org","@graph":[{"@type":"WebPage","@id":"https:\/\/www.rebehair.com\/tape-in-hair-extensions\/","url":"https:\/\/www.rebehair.com\/tape-in-hair-extensions\/","name":"Tape In Hair Extensions - RebeHair Extension Factory","isPartOf":{"@id":"https:\/\/www.rebehair.com\/#website"},"datePublished":"2013-04-29T06:02:03+00:00","dateModified":"2016-04-14T01:23:35+00:00","description":"Tape In Hair Extensions - RebeHair Extension Factory","breadcrumb":{"@id":"https:\/\/www.rebehair.com\/tape-in-hair-extensions\/#breadcrumb"},"inLanguage":"fr-FR","potentialAction":[{"@type":"ReadAction","target":["https:\/\/www.rebehair.com\/tape-in-hair-extensions\/"]}]},{"@type":"BreadcrumbList","@id":"https:\/\/www.rebehair.com\/tape-in-hair-extensions\/#breadcrumb","itemListElement":[{"@type":"ListItem","position":1,"name":"Home","item":"https:\/\/www.rebehair.com\/"},{"@type":"ListItem","position":2,"name":"Tape In Hair Extensions"}]},{"@type":"WebSite","@id":"https:\/\/www.rebehair.com\/#website","url":"https:\/\/www.rebehair.com\/","name":"RebeHair Extension Factory","description":"","potentialAction":[{"@type":"SearchAction","target":{"@type":"EntryPoint","urlTemplate":"https:\/\/www.rebehair.com\/?s={search_term_string}"},"query-input":"required name=search_term_string"}],"inLanguage":"fr-FR"}]}},"_links":{"self":[{"href":"https:\/\/www.rebehair.com\/fr\/wp-json\/wp\/v2\/pages\/712"}],"collection":[{"href":"https:\/\/www.rebehair.com\/fr\/wp-json\/wp\/v2\/pages"}],"about":[{"href":"https:\/\/www.rebehair.com\/fr\/wp-json\/wp\/v2\/types\/page"}],"author":[{"embeddable":true,"href":"https:\/\/www.rebehair.com\/fr\/wp-json\/wp\/v2\/users\/1"}],"replies":[{"embeddable":true,"href":"https:\/\/www.rebehair.com\/fr\/wp-json\/wp\/v2\/comments?post=712"}],"version-history":[{"count":0,"href":"https:\/\/www.rebehair.com\/fr\/wp-json\/wp\/v2\/pages\/712\/revisions"}],"wp:attachment":[{"href":"https:\/\/www.rebehair.com\/fr\/wp-json\/wp\/v2\/media?parent=712"}],"curies":[{"name":"wp","href":"https:\/\/api.w.org\/{rel}","templated":true}]}}