
{"id":708,"date":"2013-04-29T13:58:59","date_gmt":"2013-04-29T05:58:59","guid":{"rendered":"http:\/\/rebehair.com\/?page_id=708"},"modified":"2018-05-21T18:04:24","modified_gmt":"2018-05-21T10:04:24","slug":"clip-in-hair-extensions","status":"publish","type":"page","link":"https:\/\/www.rebehair.com\/fr\/clip-in-hair-extensions\/","title":{"rendered":"Extensions de cheveux \u00e0 clipser"},"content":{"rendered":"<p>RebeHair est la manufacture professionnelle d&#039;extensions de cheveux \u00e0 clips. Les extensions de cheveux \u00e0 clips sont des extensions de cheveux temporaires faciles et rapides \u00e0 appliquer. Les extensions de cheveux \u00e0 clips sont vraiment id\u00e9ales pour les occasions sp\u00e9ciales et de plus en plus de femmes les portent pour leur style et leur beaut\u00e9. Contrairement aux tissages qui co\u00fbtent cher et peuvent endommager vos cheveux, les extensions de cheveux \u00e0 clips sont <strong>maniable<\/strong>, <strong>confortable<\/strong>, <strong>facile \u00e0 retirer<\/strong> et <strong>abordable<\/strong>.<\/p>\n<p>Comme les diff\u00e9rents acheteurs\/salons\/distributeurs en gros ont leur propre mod\u00e8le commercial, dans la plupart des cas, les extensions de cheveux \u00e0 clips sont toutes personnalis\u00e9es. Donc, si vous pouviez nous donner autant d&#039;informations que possible, cela nous aidera \u00e0 vous fournir le meilleur. produit au meilleur prix.<\/p>\n<p>En g\u00e9n\u00e9ral, nous avons besoin de 2 facteurs importants\u00a0:<\/p>\n<ul>\n<li>Type de cheveux : R\u00e9my ou Vierge<\/li>\n<li>Qualit\u00e9 des cheveux : simple dessin\u00e9 ou double dessin\u00e9, ou plus sp\u00e9cifique : les poils courts.<\/li>\n<\/ul>\n<div id='wufoo-q14o90bq09fmpoa'>\nRemplissez mon <a href='http:\/\/rebehair.wufoo.com\/forms\/q14o90bq09fmpoa'>formulaire en ligne<\/a>.\n<\/div>\n<script type='text\/javascript'>var q14o90bq09fmpoa;(function(d, t) {\nvar s = d.createElement(t), options = {\n'userName'      : 'rebehair',    \n'formHash'      : 'q14o90bq09fmpoa',    \n'autoResize'    :  true,   \n'height'        : '380px',      \n'async'         :  true,          \n'header'        : 'show',      \n'host'          : 'wufoo.com',    \n'entSource'     : 'wordpress',   \n'defaultValues' : ''     \n,'ssl'          :  true           };\ns.src = ('https:' == d.location.protocol ? 'https:\/\/' : 'http:\/\/') + 'secure.wufoo.com\/scripts\/embed\/form.js';\ns.onload = s.onreadystatechange = function() {\nvar rs = this.readyState; if (rs) if (rs != 'complete') if (rs != 'loaded') return;\ntry { q14o90bq09fmpoa = new WufooForm();q14o90bq09fmpoa.initialize(options);q14o90bq09fmpoa.display(); } catch (e) {}}\nvar scr = d.getElementsByTagName(t)[0], par = scr.parentNode; par.insertBefore(s, scr);\n})(document, 'script');<\/script> <noscript> <iframe height=\"380\" allowtransparency=\"true\" sandbox=\"allow-top-navigation allow-scripts allow-popups allow-forms allow-same-origin\" frameborder=\"0\" scrolling=\"no\" style=\"width:100%;border:none;\"src=\"https:\/\/rebehair.wufoo.com\/embed\/q14o90bq09fmpoa\/def\/entsource=wordpress\"><a href=\"https:\/\/rebehair.wufoo.com\/forms\/q14o90bq09fmpoa\/def\/entsource=wordpress\" rel=\"nofollow\">Remplissez mon formulaire Wufoo\u00a0!<\/a><\/iframe> <\/noscript>","protected":false},"excerpt":{"rendered":"<p>RebeHair is the professional clip in hair extensions manufactory.\u00a0Clip in hair extension is temporary hair extensions that are easy and quick to apply. Clip on hair extensions are really great for special occasions and more women are wearing them for style and beauty. Unlike weaves that are expensive and can damage your hair, clip in [&#8230;]","protected":false},"author":1,"featured_media":0,"parent":0,"menu_order":0,"comment_status":"open","ping_status":"open","template":"","meta":{"footnotes":""},"yoast_head":"<!-- This site is optimized with the Yoast SEO plugin v20.11 - https:\/\/yoast.com\/wordpress\/plugins\/seo\/ -->\n<title>Clip In Hair Extensions - RebeHair Extension Factory<\/title>\n<meta name=\"description\" content=\"Clip In Hair Extensions - RebeHair Extension Factory\" \/>\n<meta name=\"robots\" content=\"index, follow, max-snippet:-1, max-image-preview:large, max-video-preview:-1\" \/>\n<link rel=\"canonical\" href=\"https:\/\/www.rebehair.com\/fr\/clip-in-hair-extensions\/\" \/>\n<meta property=\"og:locale\" content=\"fr_FR\" \/>\n<meta property=\"og:type\" content=\"article\" \/>\n<meta property=\"og:title\" content=\"Clip In Hair Extensions - RebeHair Extension Factory\" \/>\n<meta property=\"og:description\" content=\"Clip In Hair Extensions - RebeHair Extension Factory\" \/>\n<meta property=\"og:url\" content=\"https:\/\/www.rebehair.com\/fr\/clip-in-hair-extensions\/\" \/>\n<meta property=\"og:site_name\" content=\"RebeHair Extension Factory\" \/>\n<meta property=\"article:modified_time\" content=\"2018-05-21T10:04:24+00:00\" \/>\n<meta name=\"twitter:card\" content=\"summary_large_image\" \/>\n<meta name=\"twitter:label1\" content=\"Dur\u00e9e de lecture estim\u00e9e\" \/>\n\t<meta name=\"twitter:data1\" content=\"1 minute\" \/>\n<script type=\"application\/ld+json\" class=\"yoast-schema-graph\">{\"@context\":\"https:\/\/schema.org\",\"@graph\":[{\"@type\":\"WebPage\",\"@id\":\"https:\/\/www.rebehair.com\/clip-in-hair-extensions\/\",\"url\":\"https:\/\/www.rebehair.com\/clip-in-hair-extensions\/\",\"name\":\"Clip In Hair Extensions - RebeHair Extension Factory\",\"isPartOf\":{\"@id\":\"https:\/\/www.rebehair.com\/#website\"},\"datePublished\":\"2013-04-29T05:58:59+00:00\",\"dateModified\":\"2018-05-21T10:04:24+00:00\",\"description\":\"Clip In Hair Extensions - RebeHair Extension Factory\",\"breadcrumb\":{\"@id\":\"https:\/\/www.rebehair.com\/clip-in-hair-extensions\/#breadcrumb\"},\"inLanguage\":\"fr-FR\",\"potentialAction\":[{\"@type\":\"ReadAction\",\"target\":[\"https:\/\/www.rebehair.com\/clip-in-hair-extensions\/\"]}]},{\"@type\":\"BreadcrumbList\",\"@id\":\"https:\/\/www.rebehair.com\/clip-in-hair-extensions\/#breadcrumb\",\"itemListElement\":[{\"@type\":\"ListItem\",\"position\":1,\"name\":\"Home\",\"item\":\"https:\/\/www.rebehair.com\/\"},{\"@type\":\"ListItem\",\"position\":2,\"name\":\"Clip In Hair Extensions\"}]},{\"@type\":\"WebSite\",\"@id\":\"https:\/\/www.rebehair.com\/#website\",\"url\":\"https:\/\/www.rebehair.com\/\",\"name\":\"RebeHair Extension Factory\",\"description\":\"\",\"potentialAction\":[{\"@type\":\"SearchAction\",\"target\":{\"@type\":\"EntryPoint\",\"urlTemplate\":\"https:\/\/www.rebehair.com\/?s={search_term_string}\"},\"query-input\":\"required name=search_term_string\"}],\"inLanguage\":\"fr-FR\"}]}<\/script>\n<!-- \/ Yoast SEO plugin. -->","yoast_head_json":{"title":"Clip In Hair Extensions - RebeHair Extension Factory","description":"Clip In Hair Extensions - RebeHair Extension Factory","robots":{"index":"index","follow":"follow","max-snippet":"max-snippet:-1","max-image-preview":"max-image-preview:large","max-video-preview":"max-video-preview:-1"},"canonical":"https:\/\/www.rebehair.com\/fr\/clip-in-hair-extensions\/","og_locale":"fr_FR","og_type":"article","og_title":"Clip In Hair Extensions - RebeHair Extension Factory","og_description":"Clip In Hair Extensions - RebeHair Extension Factory","og_url":"https:\/\/www.rebehair.com\/fr\/clip-in-hair-extensions\/","og_site_name":"RebeHair Extension Factory","article_modified_time":"2018-05-21T10:04:24+00:00","twitter_card":"summary_large_image","twitter_misc":{"Dur\u00e9e de lecture estim\u00e9e":"1 minute"},"schema":{"@context":"https:\/\/schema.org","@graph":[{"@type":"WebPage","@id":"https:\/\/www.rebehair.com\/clip-in-hair-extensions\/","url":"https:\/\/www.rebehair.com\/clip-in-hair-extensions\/","name":"Clip In Hair Extensions - RebeHair Extension Factory","isPartOf":{"@id":"https:\/\/www.rebehair.com\/#website"},"datePublished":"2013-04-29T05:58:59+00:00","dateModified":"2018-05-21T10:04:24+00:00","description":"Clip In Hair Extensions - RebeHair Extension Factory","breadcrumb":{"@id":"https:\/\/www.rebehair.com\/clip-in-hair-extensions\/#breadcrumb"},"inLanguage":"fr-FR","potentialAction":[{"@type":"ReadAction","target":["https:\/\/www.rebehair.com\/clip-in-hair-extensions\/"]}]},{"@type":"BreadcrumbList","@id":"https:\/\/www.rebehair.com\/clip-in-hair-extensions\/#breadcrumb","itemListElement":[{"@type":"ListItem","position":1,"name":"Home","item":"https:\/\/www.rebehair.com\/"},{"@type":"ListItem","position":2,"name":"Clip In Hair Extensions"}]},{"@type":"WebSite","@id":"https:\/\/www.rebehair.com\/#website","url":"https:\/\/www.rebehair.com\/","name":"RebeHair Extension Factory","description":"","potentialAction":[{"@type":"SearchAction","target":{"@type":"EntryPoint","urlTemplate":"https:\/\/www.rebehair.com\/?s={search_term_string}"},"query-input":"required name=search_term_string"}],"inLanguage":"fr-FR"}]}},"_links":{"self":[{"href":"https:\/\/www.rebehair.com\/fr\/wp-json\/wp\/v2\/pages\/708"}],"collection":[{"href":"https:\/\/www.rebehair.com\/fr\/wp-json\/wp\/v2\/pages"}],"about":[{"href":"https:\/\/www.rebehair.com\/fr\/wp-json\/wp\/v2\/types\/page"}],"author":[{"embeddable":true,"href":"https:\/\/www.rebehair.com\/fr\/wp-json\/wp\/v2\/users\/1"}],"replies":[{"embeddable":true,"href":"https:\/\/www.rebehair.com\/fr\/wp-json\/wp\/v2\/comments?post=708"}],"version-history":[{"count":0,"href":"https:\/\/www.rebehair.com\/fr\/wp-json\/wp\/v2\/pages\/708\/revisions"}],"wp:attachment":[{"href":"https:\/\/www.rebehair.com\/fr\/wp-json\/wp\/v2\/media?parent=708"}],"curies":[{"name":"wp","href":"https:\/\/api.w.org\/{rel}","templated":true}]}}