
{"id":706,"date":"2013-04-29T13:57:29","date_gmt":"2013-04-29T05:57:29","guid":{"rendered":"http:\/\/rebehair.com\/?page_id=706"},"modified":"2014-12-29T14:23:39","modified_gmt":"2014-12-29T06:23:39","slug":"remy-hair-weave","status":"publish","type":"page","link":"https:\/\/www.rebehair.com\/fr\/remy-hair-weave\/","title":{"rendered":"Tissage de cheveux Remy"},"content":{"rendered":"<p>Les produits RebeHair sont un fournisseur professionnel pour <strong>tissage de cheveux remy<\/strong>. Les cheveux Remy sont consid\u00e9r\u00e9s comme les cheveux humains de la plus haute qualit\u00e9 pour les tissages ou les perruques en dentelle, produisant les meilleurs r\u00e9sultats et les plus naturels.<\/p>\n<p>Les cheveux Remy signifient que les cuticules des cheveux sont intactes et dans la m\u00eame direction, comme c&#039;est le cas pour de nombreux autres types d&#039;extensions. Au lieu de cela, les cuticules des cheveux sont intactes dans leur \u00e9tat naturel, align\u00e9es dans une direction. Cela produit les extensions les plus brillantes, les plus soyeuses et les plus sans enchev\u00eatrement disponibles, et ces qualit\u00e9s peuvent aider les extensions de cheveux \u00e0 durer tr\u00e8s longtemps.<\/p>\n<p>Nous proposons une grande vari\u00e9t\u00e9 de textures de tissages, notamment droits, ondul\u00e9s, boucl\u00e9s ou cr\u00e9pus, dans de nombreuses couleurs diff\u00e9rentes pour correspondre \u00e0 vos propres cheveux.<\/p>\n<h3>Tissage de cheveux Remy vs cheveux synth\u00e9tiques<\/h3>\n<p>Parce que les cheveux Remy sont des cheveux humains naturels 100%, ils pr\u00e9sentent bien plus d&#039;avantages que les extensions synth\u00e9tiques. Les cheveux Remy peuvent \u00eatre boucl\u00e9s, teints, lav\u00e9s et coiff\u00e9s comme vos propres cheveux. Les extensions synth\u00e9tiques, en revanche, ne se marient pas aussi bien avec vos propres cheveux et ne semblent pas naturelles.<\/p>\n<h3>Pourquoi se procurer des extensions de cheveux ?<\/h3>\n<p>Les extensions de cheveux fonctionnent bien pour les femmes qui souhaitent avoir des cheveux plus longs plus rapidement que ne le permet la croissance de leurs cheveux. Les extensions de cheveux sont id\u00e9ales pour les mariages ou d&#039;autres occasions, pour changer de look pour une saison ou pour corriger ces malheureux incidents de coiffure et de coupe qui vous laissent insatisfait de votre apparence. Les extensions offrent \u00e9galement la possibilit\u00e9 d\u2019exp\u00e9rimenter diff\u00e9rentes coiffures\u00a0; tissez des reflets sans teindre vos propres cheveux, ou utilisez des extensions pour prolonger la frange que vous regrettez bien avant que vos propres cheveux ne poussent.<\/p>\n<p>Une autre excellente application des extensions de cheveux concerne les femmes qui ont subi une perte de cheveux due \u00e0 la chimioth\u00e9rapie ou \u00e0 l&#039;alop\u00e9cie (chute de cheveux due \u00e0 un probl\u00e8me de sant\u00e9 ou \u00e0 une tension physique sur les cheveux au fil du temps). Une fois que vous avez atteint environ quatre pouces de croissance de cheveux, les extensions peuvent cr\u00e9er une coiffure d\u2019apparence naturelle sans l\u2019inconfort du port de perruques.<\/p>\n<h3>Vente au d\u00e9tail et en gros<\/h3>\n<p>Puisque nous sommes une usine de produits capillaires, nous faisons du commerce de gros de tissage de cheveux remy depuis 2005 et jusqu&#039;\u00e0 pr\u00e9sent, de nombreux acheteurs en gros du monde entier ach\u00e8tent chez nous chaque mois.<\/p>\n<p>Mais de plus en plus de personnes commandent des extensions de cheveux directement \u00e0 l&#039;\u00e9tranger. Avec l&#039;aide d&#039;Internet, nous fournissons d\u00e9sormais un service de vente au d\u00e9tail et acceptons les petites commandes. Notre objectif est de fournir des cheveux de la meilleure qualit\u00e9 au prix le moins cher que vous puissiez vous permettre.<\/p>\n<div id='wufoo-q1qjfjwd1dlf10t'>\nRemplissez mon <a href='http:\/\/rebehair.wufoo.com\/forms\/q1qjfjwd1dlf10t'>formulaire en ligne<\/a>.\n<\/div>\n<script type='text\/javascript'>var q1qjfjwd1dlf10t;(function(d, t) {\nvar s = d.createElement(t), options = {\n'userName'      : 'rebehair',    \n'formHash'      : 'q1qjfjwd1dlf10t',    \n'autoResize'    :  true,   \n'height'        : '580',      \n'async'         :  true,          \n'header'        : 'show',      \n'host'          : 'wufoo.com',    \n'entSource'     : 'wordpress',   \n'defaultValues' : ''     \n,'ssl'          :  true           };\ns.src = ('https:' == d.location.protocol ? 'https:\/\/' : 'http:\/\/') + 'secure.wufoo.com\/scripts\/embed\/form.js';\ns.onload = s.onreadystatechange = function() {\nvar rs = this.readyState; if (rs) if (rs != 'complete') if (rs != 'loaded') return;\ntry { q1qjfjwd1dlf10t = new WufooForm();q1qjfjwd1dlf10t.initialize(options);q1qjfjwd1dlf10t.display(); } catch (e) {}}\nvar scr = d.getElementsByTagName(t)[0], par = scr.parentNode; par.insertBefore(s, scr);\n})(document, 'script');<\/script> <noscript> <iframe height=\"580\" allowtransparency=\"true\" sandbox=\"allow-top-navigation allow-scripts allow-popups allow-forms allow-same-origin\" frameborder=\"0\" scrolling=\"no\" style=\"width:100%;border:none;\"src=\"https:\/\/rebehair.wufoo.com\/embed\/q1qjfjwd1dlf10t\/def\/entsource=wordpress\"><a href=\"https:\/\/rebehair.wufoo.com\/forms\/q1qjfjwd1dlf10t\/def\/entsource=wordpress\" rel=\"nofollow\">Remplissez mon formulaire Wufoo\u00a0!<\/a><\/iframe> <\/noscript>","protected":false},"excerpt":{"rendered":"<p>RebeHair products is a professional supplier for remy hair weave. Remy hair is considered to be the highest-quality human hair for weaves or lace wigs, producing the best and most natural-looking results. Remy hair means that the hair\u2019s cuticles are intact and in the same direction,as is the case with many other types of extensions. [&#8230;]","protected":false},"author":1,"featured_media":0,"parent":0,"menu_order":0,"comment_status":"open","ping_status":"open","template":"","meta":{"footnotes":""},"yoast_head":"<!-- This site is optimized with the Yoast SEO plugin v20.11 - https:\/\/yoast.com\/wordpress\/plugins\/seo\/ -->\n<title>Remy Hair Weave - RebeHair Extension Factory<\/title>\n<meta name=\"description\" content=\"Remy Hair Weave - RebeHair Extension Factory\" \/>\n<meta name=\"robots\" content=\"index, follow, max-snippet:-1, max-image-preview:large, max-video-preview:-1\" \/>\n<link rel=\"canonical\" href=\"https:\/\/www.rebehair.com\/fr\/remy-hair-weave\/\" \/>\n<meta property=\"og:locale\" content=\"fr_FR\" \/>\n<meta property=\"og:type\" content=\"article\" \/>\n<meta property=\"og:title\" content=\"Remy Hair Weave - RebeHair Extension Factory\" \/>\n<meta property=\"og:description\" content=\"Remy Hair Weave - RebeHair Extension Factory\" \/>\n<meta property=\"og:url\" content=\"https:\/\/www.rebehair.com\/fr\/remy-hair-weave\/\" \/>\n<meta property=\"og:site_name\" content=\"RebeHair Extension Factory\" \/>\n<meta property=\"article:modified_time\" content=\"2014-12-29T06:23:39+00:00\" \/>\n<meta name=\"twitter:card\" content=\"summary_large_image\" \/>\n<meta name=\"twitter:label1\" content=\"Dur\u00e9e de lecture estim\u00e9e\" \/>\n\t<meta name=\"twitter:data1\" content=\"2 minutes\" \/>\n<script type=\"application\/ld+json\" class=\"yoast-schema-graph\">{\"@context\":\"https:\/\/schema.org\",\"@graph\":[{\"@type\":\"WebPage\",\"@id\":\"https:\/\/www.rebehair.com\/remy-hair-weave\/\",\"url\":\"https:\/\/www.rebehair.com\/remy-hair-weave\/\",\"name\":\"Remy Hair Weave - RebeHair Extension Factory\",\"isPartOf\":{\"@id\":\"https:\/\/www.rebehair.com\/#website\"},\"datePublished\":\"2013-04-29T05:57:29+00:00\",\"dateModified\":\"2014-12-29T06:23:39+00:00\",\"description\":\"Remy Hair Weave - RebeHair Extension Factory\",\"breadcrumb\":{\"@id\":\"https:\/\/www.rebehair.com\/remy-hair-weave\/#breadcrumb\"},\"inLanguage\":\"fr-FR\",\"potentialAction\":[{\"@type\":\"ReadAction\",\"target\":[\"https:\/\/www.rebehair.com\/remy-hair-weave\/\"]}]},{\"@type\":\"BreadcrumbList\",\"@id\":\"https:\/\/www.rebehair.com\/remy-hair-weave\/#breadcrumb\",\"itemListElement\":[{\"@type\":\"ListItem\",\"position\":1,\"name\":\"Home\",\"item\":\"https:\/\/www.rebehair.com\/\"},{\"@type\":\"ListItem\",\"position\":2,\"name\":\"Remy Hair Weave\"}]},{\"@type\":\"WebSite\",\"@id\":\"https:\/\/www.rebehair.com\/#website\",\"url\":\"https:\/\/www.rebehair.com\/\",\"name\":\"RebeHair Extension Factory\",\"description\":\"\",\"potentialAction\":[{\"@type\":\"SearchAction\",\"target\":{\"@type\":\"EntryPoint\",\"urlTemplate\":\"https:\/\/www.rebehair.com\/?s={search_term_string}\"},\"query-input\":\"required name=search_term_string\"}],\"inLanguage\":\"fr-FR\"}]}<\/script>\n<!-- \/ Yoast SEO plugin. -->","yoast_head_json":{"title":"Remy Hair Weave - RebeHair Extension Factory","description":"Remy Hair Weave - RebeHair Extension Factory","robots":{"index":"index","follow":"follow","max-snippet":"max-snippet:-1","max-image-preview":"max-image-preview:large","max-video-preview":"max-video-preview:-1"},"canonical":"https:\/\/www.rebehair.com\/fr\/remy-hair-weave\/","og_locale":"fr_FR","og_type":"article","og_title":"Remy Hair Weave - RebeHair Extension Factory","og_description":"Remy Hair Weave - RebeHair Extension Factory","og_url":"https:\/\/www.rebehair.com\/fr\/remy-hair-weave\/","og_site_name":"RebeHair Extension Factory","article_modified_time":"2014-12-29T06:23:39+00:00","twitter_card":"summary_large_image","twitter_misc":{"Dur\u00e9e de lecture estim\u00e9e":"2 minutes"},"schema":{"@context":"https:\/\/schema.org","@graph":[{"@type":"WebPage","@id":"https:\/\/www.rebehair.com\/remy-hair-weave\/","url":"https:\/\/www.rebehair.com\/remy-hair-weave\/","name":"Remy Hair Weave - RebeHair Extension Factory","isPartOf":{"@id":"https:\/\/www.rebehair.com\/#website"},"datePublished":"2013-04-29T05:57:29+00:00","dateModified":"2014-12-29T06:23:39+00:00","description":"Remy Hair Weave - RebeHair Extension Factory","breadcrumb":{"@id":"https:\/\/www.rebehair.com\/remy-hair-weave\/#breadcrumb"},"inLanguage":"fr-FR","potentialAction":[{"@type":"ReadAction","target":["https:\/\/www.rebehair.com\/remy-hair-weave\/"]}]},{"@type":"BreadcrumbList","@id":"https:\/\/www.rebehair.com\/remy-hair-weave\/#breadcrumb","itemListElement":[{"@type":"ListItem","position":1,"name":"Home","item":"https:\/\/www.rebehair.com\/"},{"@type":"ListItem","position":2,"name":"Remy Hair Weave"}]},{"@type":"WebSite","@id":"https:\/\/www.rebehair.com\/#website","url":"https:\/\/www.rebehair.com\/","name":"RebeHair Extension Factory","description":"","potentialAction":[{"@type":"SearchAction","target":{"@type":"EntryPoint","urlTemplate":"https:\/\/www.rebehair.com\/?s={search_term_string}"},"query-input":"required name=search_term_string"}],"inLanguage":"fr-FR"}]}},"_links":{"self":[{"href":"https:\/\/www.rebehair.com\/fr\/wp-json\/wp\/v2\/pages\/706"}],"collection":[{"href":"https:\/\/www.rebehair.com\/fr\/wp-json\/wp\/v2\/pages"}],"about":[{"href":"https:\/\/www.rebehair.com\/fr\/wp-json\/wp\/v2\/types\/page"}],"author":[{"embeddable":true,"href":"https:\/\/www.rebehair.com\/fr\/wp-json\/wp\/v2\/users\/1"}],"replies":[{"embeddable":true,"href":"https:\/\/www.rebehair.com\/fr\/wp-json\/wp\/v2\/comments?post=706"}],"version-history":[{"count":0,"href":"https:\/\/www.rebehair.com\/fr\/wp-json\/wp\/v2\/pages\/706\/revisions"}],"wp:attachment":[{"href":"https:\/\/www.rebehair.com\/fr\/wp-json\/wp\/v2\/media?parent=706"}],"curies":[{"name":"wp","href":"https:\/\/api.w.org\/{rel}","templated":true}]}}