
{"id":704,"date":"2013-04-29T13:57:10","date_gmt":"2013-04-29T05:57:10","guid":{"rendered":"http:\/\/rebehair.com\/?page_id=704"},"modified":"2014-12-29T14:25:43","modified_gmt":"2014-12-29T06:25:43","slug":"wholesale-brazilian-hair","status":"publish","type":"page","link":"https:\/\/www.rebehair.com\/fr\/wholesale-brazilian-hair\/","title":{"rendered":"Wholesale Brazilian Hair"},"content":{"rendered":"<p>Rebe Hair est l&#039;un des principaux fournisseurs de produits en gros\u00a0<strong>Extensions de cheveux br\u00e9siliens.<\/strong> Les cheveux vierges br\u00e9siliens poss\u00e8dent de nombreuses propri\u00e9t\u00e9s uniques qui les rendent id\u00e9aux pour le tissage. Nous proposons une vari\u00e9t\u00e9 de longueurs et de textures de cheveux humains 100%, y compris des cheveux vierges pour des tissages de cheveux de la plus haute qualit\u00e9.<\/p>\n<h3><strong>Pourquoi choisir les cheveux vierges br\u00e9siliens ?<\/strong><\/h3>\n<p>Il est appr\u00e9ci\u00e9 pour sa texture exceptionnellement luxueuse ; il est soyeux et l\u00e9ger, ce qui en fait le choix le plus populaire pour les tissages de cheveux humains. Cette texture l\u00e9g\u00e8re rend les cheveux br\u00e9siliens faciles \u00e0 entretenir, avec un minimum de n\u0153uds ou d&#039;emm\u00ealements. Au Br\u00e9sil, les femmes prennent g\u00e9n\u00e9ralement soin de leurs cheveux, car ils sont pris\u00e9s comme ornement. Pour cette raison, les cheveux br\u00e9siliens sont rarement trait\u00e9s ou teints, fournissant ainsi une quantit\u00e9 suffisante de beaux cheveux vierges pour nos extensions de cheveux br\u00e9siliens.<\/p>\n<p>Les cheveux br\u00e9siliens vierges peuvent durer jusqu&#039;\u00e0 un an si vous les prenez avec soin. M\u00eame si seul un styliste doit appliquer des gels, des mousses ou d&#039;autres produits coiffants, ces cheveux naturels peuvent \u00eatre coiff\u00e9s comme vous le feriez pour vos cheveux naturels\u00a0; il peut \u00eatre boucl\u00e9, repass\u00e9 \u00e0 plat ou m\u00eame color\u00e9.<\/p>\n<p>Les extensions de cheveux sont id\u00e9ales pour une femme qui souhaite changer d\u2019apparence plus rapidement que ne le permet la croissance des cheveux ; vous pouvez obtenir un tissage pour une occasion sp\u00e9ciale, pour une saison enti\u00e8re ou pour corriger des erreurs de coiffure. Les extensions peuvent offrir l\u2019opportunit\u00e9 d\u2019essayer diff\u00e9rents looks, y compris l\u2019int\u00e9gration de \u00ab points forts \u00bb pour voir s\u2019ils fonctionnent pour votre look. Une autre excellente utilisation des extensions est de \u00ab faire pousser \u00bb rapidement une frange, \u00e9vitant ainsi le besoin infini de couper ou de retirer des parties de vos cheveux \u00e0 mesure que la frange repousse.<\/p>\n<p>Les cheveux vierges br\u00e9siliens sont \u00e9galement une excellente option pour les femmes qui font repousser leurs cheveux apr\u00e8s une chimioth\u00e9rapie ou d&#039;autres traitements induisant la chute des cheveux ; avec environ quatre pouces de nouvelle croissance, un tissage peut fournir les belles m\u00e8ches fluides que vous souhaitez sans attendre.<\/p>\n<p>Les tissages de cheveux br\u00e9siliens sont disponibles sous forme de cheveux individuels ou sous forme de trame. Avec les tissages individuels, un styliste peut incorporer une vingtaine de m\u00e8ches diff\u00e9rentes dans vos propres cheveux, en les fixant avec du fil fin. D\u2019un autre c\u00f4t\u00e9, une trame est une m\u00e8che de cheveux attach\u00e9e \u00e0 une bande attach\u00e9e \u00e0 vos cheveux existants. Alors que les tissages individuels offrent un excellent mouvement et un aspect tr\u00e8s naturel, une trame peut optimiser le corps et la hauteur de vos cheveux tout en augmentant \u00e9galement leur longueur.<\/p>\n<p>Si vous souhaitez commencer \u00e0 vendre des cheveux br\u00e9siliens et trouver un fournisseur de cheveux br\u00e9siliens en gros ? Rebe hair est votre meilleur choix.<\/p>\n<p>&nbsp;<br \/>\n<div id='wufoo-ry80com0lngb0j'>\nRemplissez mon <a href='http:\/\/rebehair.wufoo.com\/forms\/ry80com0lngb0j'>formulaire en ligne<\/a>.\n<\/div>\n<script type='text\/javascript'>var ry80com0lngb0j;(function(d, t) {\nvar s = d.createElement(t), options = {\n'userName'      : 'rebehair',    \n'formHash'      : 'ry80com0lngb0j',    \n'autoResize'    :  true,   \n'height'        : '580',      \n'async'         :  true,          \n'header'        : 'show',      \n'host'          : 'wufoo.com',    \n'entSource'     : 'wordpress',   \n'defaultValues' : ''     \n,'ssl'          :  true           };\ns.src = ('https:' == d.location.protocol ? 'https:\/\/' : 'http:\/\/') + 'secure.wufoo.com\/scripts\/embed\/form.js';\ns.onload = s.onreadystatechange = function() {\nvar rs = this.readyState; if (rs) if (rs != 'complete') if (rs != 'loaded') return;\ntry { ry80com0lngb0j = new WufooForm();ry80com0lngb0j.initialize(options);ry80com0lngb0j.display(); } catch (e) {}}\nvar scr = d.getElementsByTagName(t)[0], par = scr.parentNode; par.insertBefore(s, scr);\n})(document, 'script');<\/script> <noscript> <iframe height=\"580\" allowtransparency=\"true\" sandbox=\"allow-top-navigation allow-scripts allow-popups allow-forms allow-same-origin\" frameborder=\"0\" scrolling=\"no\" style=\"width:100%;border:none;\"src=\"https:\/\/rebehair.wufoo.com\/embed\/ry80com0lngb0j\/def\/entsource=wordpress\"><a href=\"https:\/\/rebehair.wufoo.com\/forms\/ry80com0lngb0j\/def\/entsource=wordpress\" rel=\"nofollow\">Remplissez mon formulaire Wufoo\u00a0!<\/a><\/iframe> <\/noscript>","protected":false},"excerpt":{"rendered":"<p>Rebe Hair is a leading supplier of wholesale\u00a0Brazilian hair extensions. Brazilian virgin hair has many unique properties which make it ideal for weaves. We offer a variety of lengths and textures of 100% human hair, including virgin hair for the highest quality hair weaves. Why choose Brazilian virgin hair? It is prized for its exceptionally [&#8230;]","protected":false},"author":1,"featured_media":0,"parent":0,"menu_order":0,"comment_status":"open","ping_status":"open","template":"","meta":{"footnotes":""},"yoast_head":"<!-- This site is optimized with the Yoast SEO plugin v20.11 - https:\/\/yoast.com\/wordpress\/plugins\/seo\/ -->\n<title>Wholesale Brazilian Hair - RebeHair Extension Factory<\/title>\n<meta name=\"description\" content=\"Wholesale Brazilian Hair - RebeHair Extension Factory\" \/>\n<meta name=\"robots\" content=\"index, follow, max-snippet:-1, max-image-preview:large, max-video-preview:-1\" \/>\n<link rel=\"canonical\" href=\"https:\/\/www.rebehair.com\/fr\/wholesale-brazilian-hair\/\" \/>\n<meta property=\"og:locale\" content=\"fr_FR\" \/>\n<meta property=\"og:type\" content=\"article\" \/>\n<meta property=\"og:title\" content=\"Wholesale Brazilian Hair - RebeHair Extension Factory\" \/>\n<meta property=\"og:description\" content=\"Wholesale Brazilian Hair - RebeHair Extension Factory\" \/>\n<meta property=\"og:url\" content=\"https:\/\/www.rebehair.com\/fr\/wholesale-brazilian-hair\/\" \/>\n<meta property=\"og:site_name\" content=\"RebeHair Extension Factory\" \/>\n<meta property=\"article:modified_time\" content=\"2014-12-29T06:25:43+00:00\" \/>\n<meta name=\"twitter:card\" content=\"summary_large_image\" \/>\n<meta name=\"twitter:label1\" content=\"Dur\u00e9e de lecture estim\u00e9e\" \/>\n\t<meta name=\"twitter:data1\" content=\"2 minutes\" \/>\n<script type=\"application\/ld+json\" class=\"yoast-schema-graph\">{\"@context\":\"https:\/\/schema.org\",\"@graph\":[{\"@type\":\"WebPage\",\"@id\":\"https:\/\/www.rebehair.com\/wholesale-brazilian-hair\/\",\"url\":\"https:\/\/www.rebehair.com\/wholesale-brazilian-hair\/\",\"name\":\"Wholesale Brazilian Hair - RebeHair Extension Factory\",\"isPartOf\":{\"@id\":\"https:\/\/www.rebehair.com\/#website\"},\"datePublished\":\"2013-04-29T05:57:10+00:00\",\"dateModified\":\"2014-12-29T06:25:43+00:00\",\"description\":\"Wholesale Brazilian Hair - RebeHair Extension Factory\",\"breadcrumb\":{\"@id\":\"https:\/\/www.rebehair.com\/wholesale-brazilian-hair\/#breadcrumb\"},\"inLanguage\":\"fr-FR\",\"potentialAction\":[{\"@type\":\"ReadAction\",\"target\":[\"https:\/\/www.rebehair.com\/wholesale-brazilian-hair\/\"]}]},{\"@type\":\"BreadcrumbList\",\"@id\":\"https:\/\/www.rebehair.com\/wholesale-brazilian-hair\/#breadcrumb\",\"itemListElement\":[{\"@type\":\"ListItem\",\"position\":1,\"name\":\"Home\",\"item\":\"https:\/\/www.rebehair.com\/\"},{\"@type\":\"ListItem\",\"position\":2,\"name\":\"Wholesale Brazilian Hair\"}]},{\"@type\":\"WebSite\",\"@id\":\"https:\/\/www.rebehair.com\/#website\",\"url\":\"https:\/\/www.rebehair.com\/\",\"name\":\"RebeHair Extension Factory\",\"description\":\"\",\"potentialAction\":[{\"@type\":\"SearchAction\",\"target\":{\"@type\":\"EntryPoint\",\"urlTemplate\":\"https:\/\/www.rebehair.com\/?s={search_term_string}\"},\"query-input\":\"required name=search_term_string\"}],\"inLanguage\":\"fr-FR\"}]}<\/script>\n<!-- \/ Yoast SEO plugin. -->","yoast_head_json":{"title":"Wholesale Brazilian Hair - RebeHair Extension Factory","description":"Wholesale Brazilian Hair - RebeHair Extension Factory","robots":{"index":"index","follow":"follow","max-snippet":"max-snippet:-1","max-image-preview":"max-image-preview:large","max-video-preview":"max-video-preview:-1"},"canonical":"https:\/\/www.rebehair.com\/fr\/wholesale-brazilian-hair\/","og_locale":"fr_FR","og_type":"article","og_title":"Wholesale Brazilian Hair - RebeHair Extension Factory","og_description":"Wholesale Brazilian Hair - RebeHair Extension Factory","og_url":"https:\/\/www.rebehair.com\/fr\/wholesale-brazilian-hair\/","og_site_name":"RebeHair Extension Factory","article_modified_time":"2014-12-29T06:25:43+00:00","twitter_card":"summary_large_image","twitter_misc":{"Dur\u00e9e de lecture estim\u00e9e":"2 minutes"},"schema":{"@context":"https:\/\/schema.org","@graph":[{"@type":"WebPage","@id":"https:\/\/www.rebehair.com\/wholesale-brazilian-hair\/","url":"https:\/\/www.rebehair.com\/wholesale-brazilian-hair\/","name":"Wholesale Brazilian Hair - RebeHair Extension Factory","isPartOf":{"@id":"https:\/\/www.rebehair.com\/#website"},"datePublished":"2013-04-29T05:57:10+00:00","dateModified":"2014-12-29T06:25:43+00:00","description":"Wholesale Brazilian Hair - RebeHair Extension Factory","breadcrumb":{"@id":"https:\/\/www.rebehair.com\/wholesale-brazilian-hair\/#breadcrumb"},"inLanguage":"fr-FR","potentialAction":[{"@type":"ReadAction","target":["https:\/\/www.rebehair.com\/wholesale-brazilian-hair\/"]}]},{"@type":"BreadcrumbList","@id":"https:\/\/www.rebehair.com\/wholesale-brazilian-hair\/#breadcrumb","itemListElement":[{"@type":"ListItem","position":1,"name":"Home","item":"https:\/\/www.rebehair.com\/"},{"@type":"ListItem","position":2,"name":"Wholesale Brazilian Hair"}]},{"@type":"WebSite","@id":"https:\/\/www.rebehair.com\/#website","url":"https:\/\/www.rebehair.com\/","name":"RebeHair Extension Factory","description":"","potentialAction":[{"@type":"SearchAction","target":{"@type":"EntryPoint","urlTemplate":"https:\/\/www.rebehair.com\/?s={search_term_string}"},"query-input":"required name=search_term_string"}],"inLanguage":"fr-FR"}]}},"_links":{"self":[{"href":"https:\/\/www.rebehair.com\/fr\/wp-json\/wp\/v2\/pages\/704"}],"collection":[{"href":"https:\/\/www.rebehair.com\/fr\/wp-json\/wp\/v2\/pages"}],"about":[{"href":"https:\/\/www.rebehair.com\/fr\/wp-json\/wp\/v2\/types\/page"}],"author":[{"embeddable":true,"href":"https:\/\/www.rebehair.com\/fr\/wp-json\/wp\/v2\/users\/1"}],"replies":[{"embeddable":true,"href":"https:\/\/www.rebehair.com\/fr\/wp-json\/wp\/v2\/comments?post=704"}],"version-history":[{"count":0,"href":"https:\/\/www.rebehair.com\/fr\/wp-json\/wp\/v2\/pages\/704\/revisions"}],"wp:attachment":[{"href":"https:\/\/www.rebehair.com\/fr\/wp-json\/wp\/v2\/media?parent=704"}],"curies":[{"name":"wp","href":"https:\/\/api.w.org\/{rel}","templated":true}]}}