
{"id":5262,"date":"2016-04-26T21:21:51","date_gmt":"2016-04-26T13:21:51","guid":{"rendered":"http:\/\/rebehair.com\/?page_id=5262"},"modified":"2016-04-26T21:28:08","modified_gmt":"2016-04-26T13:28:08","slug":"free-sample-program","status":"publish","type":"page","link":"https:\/\/www.rebehair.com\/fr\/free-sample-program\/","title":{"rendered":"Programme d&#039;\u00e9chantillon gratuit"},"content":{"rendered":"<p>Nous voulons permettre \u00e0 davantage de propri\u00e9taires de salons ou d&#039;acheteurs en gros d&#039;essayer nos produits, afin que nous puissions vendre des cheveux de bonne qualit\u00e9 aux clients et b\u00e2tir une entreprise durable. Et je sais qu&#039;il est difficile de faire confiance \u00e0 un fournisseur en ligne, nous pourrions vous envoyer 1 ou 2 \u00e9chantillons pour vous, afin que vous puissiez tester la qualit\u00e9 de nos cheveux. Mais nous avons besoin que vous soyez l&#039;un des moins\u00a0:<\/p>\n<ul>\n<li>propri\u00e9taires de magasins<\/li>\n<li>cosm\u00e9tologues agr\u00e9\u00e9s<\/li>\n<li>D\u00e9taillant en ligne<\/li>\n<li>Magasin de produits de beaut\u00e9<\/li>\n<\/ul>\n<p>Les demandes sont examin\u00e9es dans un d\u00e9lai de deux jours ouvrables. Il vous sera demand\u00e9 de fournir une copie de votre licence commerciale ou d&#039;autres informations pour qualifier votre demande. Apr\u00e8s approbation, nous vous enverrons un \u00e9chantillon gratuit et une liste de prix.<\/p>\n<div id='wufoo-q1ldbksn09fx8hi'>\nRemplissez mon <a href='http:\/\/rebehair.wufoo.com\/forms\/q1ldbksn09fx8hi'>formulaire en ligne<\/a>.\n<\/div>\n<script type='text\/javascript'>var q1ldbksn09fx8hi;(function(d, t) {\nvar s = d.createElement(t), options = {\n'userName'      : 'rebehair',    \n'formHash'      : 'q1ldbksn09fx8hi',    \n'autoResize'    :  true,   \n'height'        : '1010',      \n'async'         :  true,          \n'header'        : 'show',      \n'host'          : 'wufoo.com',    \n'entSource'     : 'wordpress',   \n'defaultValues' : ''     \n,'ssl'          :  true           };\ns.src = ('https:' == d.location.protocol ? 'https:\/\/' : 'http:\/\/') + 'secure.wufoo.com\/scripts\/embed\/form.js';\ns.onload = s.onreadystatechange = function() {\nvar rs = this.readyState; if (rs) if (rs != 'complete') if (rs != 'loaded') return;\ntry { q1ldbksn09fx8hi = new WufooForm();q1ldbksn09fx8hi.initialize(options);q1ldbksn09fx8hi.display(); } catch (e) {}}\nvar scr = d.getElementsByTagName(t)[0], par = scr.parentNode; par.insertBefore(s, scr);\n})(document, 'script');<\/script> <noscript> <iframe height=\"1010\" allowtransparency=\"true\" sandbox=\"allow-top-navigation allow-scripts allow-popups allow-forms allow-same-origin\" frameborder=\"0\" scrolling=\"no\" style=\"width:100%;border:none;\"src=\"https:\/\/rebehair.wufoo.com\/embed\/q1ldbksn09fx8hi\/def\/entsource=wordpress\"><a href=\"https:\/\/rebehair.wufoo.com\/forms\/q1ldbksn09fx8hi\/def\/entsource=wordpress\" rel=\"nofollow\">Remplissez mon formulaire Wufoo\u00a0!<\/a><\/iframe> <\/noscript>","protected":false},"excerpt":{"rendered":"<p>We want to let more salon owners or wholesale buyers to try our products,so we could sell the good quality hair to customers and build a long-lasting business.And I know it is hard to trust any vendor online,we could send you 1 or 2 samples to you,so you could test our hair quality.But we need [&#8230;]","protected":false},"author":1,"featured_media":0,"parent":0,"menu_order":0,"comment_status":"closed","ping_status":"closed","template":"","meta":{"footnotes":""},"yoast_head":"<!-- This site is optimized with the Yoast SEO plugin v20.11 - https:\/\/yoast.com\/wordpress\/plugins\/seo\/ -->\n<title>Free Sample Program - RebeHair Extension Factory<\/title>\n<meta name=\"description\" content=\"Free Sample Program - RebeHair Extension Factory\" \/>\n<meta name=\"robots\" content=\"index, follow, max-snippet:-1, max-image-preview:large, max-video-preview:-1\" \/>\n<link rel=\"canonical\" href=\"https:\/\/www.rebehair.com\/fr\/free-sample-program\/\" \/>\n<meta property=\"og:locale\" content=\"fr_FR\" \/>\n<meta property=\"og:type\" content=\"article\" \/>\n<meta property=\"og:title\" content=\"Free Sample Program - RebeHair Extension Factory\" \/>\n<meta property=\"og:description\" content=\"Free Sample Program - RebeHair Extension Factory\" \/>\n<meta property=\"og:url\" content=\"https:\/\/www.rebehair.com\/fr\/free-sample-program\/\" \/>\n<meta property=\"og:site_name\" content=\"RebeHair Extension Factory\" \/>\n<meta property=\"article:modified_time\" content=\"2016-04-26T13:28:08+00:00\" \/>\n<meta name=\"twitter:card\" content=\"summary_large_image\" \/>\n<meta name=\"twitter:label1\" content=\"Dur\u00e9e de lecture estim\u00e9e\" \/>\n\t<meta name=\"twitter:data1\" content=\"1 minute\" \/>\n<script type=\"application\/ld+json\" class=\"yoast-schema-graph\">{\"@context\":\"https:\/\/schema.org\",\"@graph\":[{\"@type\":\"WebPage\",\"@id\":\"https:\/\/www.rebehair.com\/free-sample-program\/\",\"url\":\"https:\/\/www.rebehair.com\/free-sample-program\/\",\"name\":\"Free Sample Program - RebeHair Extension Factory\",\"isPartOf\":{\"@id\":\"https:\/\/www.rebehair.com\/#website\"},\"datePublished\":\"2016-04-26T13:21:51+00:00\",\"dateModified\":\"2016-04-26T13:28:08+00:00\",\"description\":\"Free Sample Program - RebeHair Extension Factory\",\"breadcrumb\":{\"@id\":\"https:\/\/www.rebehair.com\/free-sample-program\/#breadcrumb\"},\"inLanguage\":\"fr-FR\",\"potentialAction\":[{\"@type\":\"ReadAction\",\"target\":[\"https:\/\/www.rebehair.com\/free-sample-program\/\"]}]},{\"@type\":\"BreadcrumbList\",\"@id\":\"https:\/\/www.rebehair.com\/free-sample-program\/#breadcrumb\",\"itemListElement\":[{\"@type\":\"ListItem\",\"position\":1,\"name\":\"Home\",\"item\":\"https:\/\/www.rebehair.com\/\"},{\"@type\":\"ListItem\",\"position\":2,\"name\":\"Free Sample Program\"}]},{\"@type\":\"WebSite\",\"@id\":\"https:\/\/www.rebehair.com\/#website\",\"url\":\"https:\/\/www.rebehair.com\/\",\"name\":\"RebeHair Extension Factory\",\"description\":\"\",\"potentialAction\":[{\"@type\":\"SearchAction\",\"target\":{\"@type\":\"EntryPoint\",\"urlTemplate\":\"https:\/\/www.rebehair.com\/?s={search_term_string}\"},\"query-input\":\"required name=search_term_string\"}],\"inLanguage\":\"fr-FR\"}]}<\/script>\n<!-- \/ Yoast SEO plugin. -->","yoast_head_json":{"title":"Free Sample Program - RebeHair Extension Factory","description":"Free Sample Program - RebeHair Extension Factory","robots":{"index":"index","follow":"follow","max-snippet":"max-snippet:-1","max-image-preview":"max-image-preview:large","max-video-preview":"max-video-preview:-1"},"canonical":"https:\/\/www.rebehair.com\/fr\/free-sample-program\/","og_locale":"fr_FR","og_type":"article","og_title":"Free Sample Program - RebeHair Extension Factory","og_description":"Free Sample Program - RebeHair Extension Factory","og_url":"https:\/\/www.rebehair.com\/fr\/free-sample-program\/","og_site_name":"RebeHair Extension Factory","article_modified_time":"2016-04-26T13:28:08+00:00","twitter_card":"summary_large_image","twitter_misc":{"Dur\u00e9e de lecture estim\u00e9e":"1 minute"},"schema":{"@context":"https:\/\/schema.org","@graph":[{"@type":"WebPage","@id":"https:\/\/www.rebehair.com\/free-sample-program\/","url":"https:\/\/www.rebehair.com\/free-sample-program\/","name":"Free Sample Program - RebeHair Extension Factory","isPartOf":{"@id":"https:\/\/www.rebehair.com\/#website"},"datePublished":"2016-04-26T13:21:51+00:00","dateModified":"2016-04-26T13:28:08+00:00","description":"Free Sample Program - RebeHair Extension Factory","breadcrumb":{"@id":"https:\/\/www.rebehair.com\/free-sample-program\/#breadcrumb"},"inLanguage":"fr-FR","potentialAction":[{"@type":"ReadAction","target":["https:\/\/www.rebehair.com\/free-sample-program\/"]}]},{"@type":"BreadcrumbList","@id":"https:\/\/www.rebehair.com\/free-sample-program\/#breadcrumb","itemListElement":[{"@type":"ListItem","position":1,"name":"Home","item":"https:\/\/www.rebehair.com\/"},{"@type":"ListItem","position":2,"name":"Free Sample Program"}]},{"@type":"WebSite","@id":"https:\/\/www.rebehair.com\/#website","url":"https:\/\/www.rebehair.com\/","name":"RebeHair Extension Factory","description":"","potentialAction":[{"@type":"SearchAction","target":{"@type":"EntryPoint","urlTemplate":"https:\/\/www.rebehair.com\/?s={search_term_string}"},"query-input":"required name=search_term_string"}],"inLanguage":"fr-FR"}]}},"_links":{"self":[{"href":"https:\/\/www.rebehair.com\/fr\/wp-json\/wp\/v2\/pages\/5262"}],"collection":[{"href":"https:\/\/www.rebehair.com\/fr\/wp-json\/wp\/v2\/pages"}],"about":[{"href":"https:\/\/www.rebehair.com\/fr\/wp-json\/wp\/v2\/types\/page"}],"author":[{"embeddable":true,"href":"https:\/\/www.rebehair.com\/fr\/wp-json\/wp\/v2\/users\/1"}],"replies":[{"embeddable":true,"href":"https:\/\/www.rebehair.com\/fr\/wp-json\/wp\/v2\/comments?post=5262"}],"version-history":[{"count":0,"href":"https:\/\/www.rebehair.com\/fr\/wp-json\/wp\/v2\/pages\/5262\/revisions"}],"wp:attachment":[{"href":"https:\/\/www.rebehair.com\/fr\/wp-json\/wp\/v2\/media?parent=5262"}],"curies":[{"name":"wp","href":"https:\/\/api.w.org\/{rel}","templated":true}]}}