
{"id":5020,"date":"2016-04-14T09:02:31","date_gmt":"2016-04-14T01:02:31","guid":{"rendered":"http:\/\/rebehair.com\/?page_id=5020"},"modified":"2018-05-21T18:11:06","modified_gmt":"2018-05-21T10:11:06","slug":"wholesale-micro-loop-ring-hair-extensions","status":"publish","type":"page","link":"https:\/\/www.rebehair.com\/fr\/wholesale-micro-loop-ring-hair-extensions\/","title":{"rendered":"Extensions de cheveux \u00e0 micro-anneaux"},"content":{"rendered":"<p>Nous utilisons uniquement des cheveux vierges pour fabriquer des extensions de cheveux \u00e0 micro-anneaux, et la qualit\u00e9 des cheveux est la meilleure du march\u00e9, notre prix de gros est donc plus \u00e9lev\u00e9 que celui des autres vendeurs chinois. Si vous voulez des cheveux non-remy de mauvaise qualit\u00e9, veuillez opter pour d&#039;autres produits bon march\u00e9. Vendeurs. Veuillez v\u00e9rifier les images suivantes pour voir la qualit\u00e9 et la fabrication de nos cheveux.<\/p>\n<p>1.Nous utilisons des cheveux vierges pour fabriquer nos extensions de cheveux.<br \/>\n2. Notre faisceau de cheveux n&#039;est pas fin, il y a moins de cheveux courts dans le faisceau. (double tirage)<br \/>\n3. Nos cheveux peuvent durer au moins 1 an.<\/p>\n<div id=\"wufoo-m9kfkpa0fpgjpa\">Remplissez mon <a href=\"https:\/\/rebehair.wufoo.com\/forms\/m9kfkpa0fpgjpa\">formulaire en ligne<\/a>.<\/div>\n<p><script type=\"text\/javascript\">\/\/ <![CDATA[\nvar m9kfkpa0fpgjpa;(function(d, t) { var s = d.createElement(t), options = { 'userName':'rebehair', 'formHash':'m9kfkpa0fpgjpa', 'autoResize':true, 'height':'952', 'async':true, 'host':'wufoo.com', 'header':'show', 'ssl':true}; s.src = ('https:' == d.location.protocol ? 'https:\/\/' : 'http:\/\/') + 'www.wufoo.com\/scripts\/embed\/form.js'; s.onload = s.onreadystatechange = function() { var rs = this.readyState; if (rs) if (rs != 'complete') if (rs != 'loaded') return; try { m9kfkpa0fpgjpa = new WufooForm();m9kfkpa0fpgjpa.initialize(options);m9kfkpa0fpgjpa.display(); } catch (e) {}}; var scr = d.getElementsByTagName(t)[0], par = scr.parentNode; par.insertBefore(s, scr); })(document, 'script');\n\/\/ ]]><\/script><\/p>","protected":false},"excerpt":{"rendered":"<p>We only use virgin hair to make micro ring hair extensions,and the hair quality is the best on the market,so our wholesale price is higher than other vendors from China.If you want non-remy low quality hair,please go for other cheap vendors.Please check the following pictures to see our hair quality and workmanship. 1.We use virgin [&#8230;]","protected":false},"author":1,"featured_media":0,"parent":0,"menu_order":0,"comment_status":"closed","ping_status":"closed","template":"","meta":{"footnotes":""},"yoast_head":"<!-- This site is optimized with the Yoast SEO plugin v20.11 - https:\/\/yoast.com\/wordpress\/plugins\/seo\/ -->\n<title>Micro Ring Hair Extensions - RebeHair Extension Factory<\/title>\n<meta name=\"description\" content=\"Micro Ring Hair Extensions - RebeHair Extension Factory\" \/>\n<meta name=\"robots\" content=\"index, follow, max-snippet:-1, max-image-preview:large, max-video-preview:-1\" \/>\n<link rel=\"canonical\" href=\"https:\/\/www.rebehair.com\/fr\/wholesale-micro-loop-ring-hair-extensions\/\" \/>\n<meta property=\"og:locale\" content=\"fr_FR\" \/>\n<meta property=\"og:type\" content=\"article\" \/>\n<meta property=\"og:title\" content=\"Micro Ring Hair Extensions - RebeHair Extension Factory\" \/>\n<meta property=\"og:description\" content=\"Micro Ring Hair Extensions - RebeHair Extension Factory\" \/>\n<meta property=\"og:url\" content=\"https:\/\/www.rebehair.com\/fr\/wholesale-micro-loop-ring-hair-extensions\/\" \/>\n<meta property=\"og:site_name\" content=\"RebeHair Extension Factory\" \/>\n<meta property=\"article:modified_time\" content=\"2018-05-21T10:11:06+00:00\" \/>\n<meta name=\"twitter:card\" content=\"summary_large_image\" \/>\n<script type=\"application\/ld+json\" class=\"yoast-schema-graph\">{\"@context\":\"https:\/\/schema.org\",\"@graph\":[{\"@type\":\"WebPage\",\"@id\":\"https:\/\/www.rebehair.com\/wholesale-micro-loop-ring-hair-extensions\/\",\"url\":\"https:\/\/www.rebehair.com\/wholesale-micro-loop-ring-hair-extensions\/\",\"name\":\"Micro Ring Hair Extensions - RebeHair Extension Factory\",\"isPartOf\":{\"@id\":\"https:\/\/www.rebehair.com\/#website\"},\"datePublished\":\"2016-04-14T01:02:31+00:00\",\"dateModified\":\"2018-05-21T10:11:06+00:00\",\"description\":\"Micro Ring Hair Extensions - RebeHair Extension Factory\",\"breadcrumb\":{\"@id\":\"https:\/\/www.rebehair.com\/wholesale-micro-loop-ring-hair-extensions\/#breadcrumb\"},\"inLanguage\":\"fr-FR\",\"potentialAction\":[{\"@type\":\"ReadAction\",\"target\":[\"https:\/\/www.rebehair.com\/wholesale-micro-loop-ring-hair-extensions\/\"]}]},{\"@type\":\"BreadcrumbList\",\"@id\":\"https:\/\/www.rebehair.com\/wholesale-micro-loop-ring-hair-extensions\/#breadcrumb\",\"itemListElement\":[{\"@type\":\"ListItem\",\"position\":1,\"name\":\"Home\",\"item\":\"https:\/\/www.rebehair.com\/\"},{\"@type\":\"ListItem\",\"position\":2,\"name\":\"Micro Ring Hair Extensions\"}]},{\"@type\":\"WebSite\",\"@id\":\"https:\/\/www.rebehair.com\/#website\",\"url\":\"https:\/\/www.rebehair.com\/\",\"name\":\"RebeHair Extension Factory\",\"description\":\"\",\"potentialAction\":[{\"@type\":\"SearchAction\",\"target\":{\"@type\":\"EntryPoint\",\"urlTemplate\":\"https:\/\/www.rebehair.com\/?s={search_term_string}\"},\"query-input\":\"required name=search_term_string\"}],\"inLanguage\":\"fr-FR\"}]}<\/script>\n<!-- \/ Yoast SEO plugin. -->","yoast_head_json":{"title":"Micro Ring Hair Extensions - RebeHair Extension Factory","description":"Micro Ring Hair Extensions - RebeHair Extension Factory","robots":{"index":"index","follow":"follow","max-snippet":"max-snippet:-1","max-image-preview":"max-image-preview:large","max-video-preview":"max-video-preview:-1"},"canonical":"https:\/\/www.rebehair.com\/fr\/wholesale-micro-loop-ring-hair-extensions\/","og_locale":"fr_FR","og_type":"article","og_title":"Micro Ring Hair Extensions - RebeHair Extension Factory","og_description":"Micro Ring Hair Extensions - RebeHair Extension Factory","og_url":"https:\/\/www.rebehair.com\/fr\/wholesale-micro-loop-ring-hair-extensions\/","og_site_name":"RebeHair Extension Factory","article_modified_time":"2018-05-21T10:11:06+00:00","twitter_card":"summary_large_image","schema":{"@context":"https:\/\/schema.org","@graph":[{"@type":"WebPage","@id":"https:\/\/www.rebehair.com\/wholesale-micro-loop-ring-hair-extensions\/","url":"https:\/\/www.rebehair.com\/wholesale-micro-loop-ring-hair-extensions\/","name":"Micro Ring Hair Extensions - RebeHair Extension Factory","isPartOf":{"@id":"https:\/\/www.rebehair.com\/#website"},"datePublished":"2016-04-14T01:02:31+00:00","dateModified":"2018-05-21T10:11:06+00:00","description":"Micro Ring Hair Extensions - RebeHair Extension Factory","breadcrumb":{"@id":"https:\/\/www.rebehair.com\/wholesale-micro-loop-ring-hair-extensions\/#breadcrumb"},"inLanguage":"fr-FR","potentialAction":[{"@type":"ReadAction","target":["https:\/\/www.rebehair.com\/wholesale-micro-loop-ring-hair-extensions\/"]}]},{"@type":"BreadcrumbList","@id":"https:\/\/www.rebehair.com\/wholesale-micro-loop-ring-hair-extensions\/#breadcrumb","itemListElement":[{"@type":"ListItem","position":1,"name":"Home","item":"https:\/\/www.rebehair.com\/"},{"@type":"ListItem","position":2,"name":"Micro Ring Hair Extensions"}]},{"@type":"WebSite","@id":"https:\/\/www.rebehair.com\/#website","url":"https:\/\/www.rebehair.com\/","name":"RebeHair Extension Factory","description":"","potentialAction":[{"@type":"SearchAction","target":{"@type":"EntryPoint","urlTemplate":"https:\/\/www.rebehair.com\/?s={search_term_string}"},"query-input":"required name=search_term_string"}],"inLanguage":"fr-FR"}]}},"_links":{"self":[{"href":"https:\/\/www.rebehair.com\/fr\/wp-json\/wp\/v2\/pages\/5020"}],"collection":[{"href":"https:\/\/www.rebehair.com\/fr\/wp-json\/wp\/v2\/pages"}],"about":[{"href":"https:\/\/www.rebehair.com\/fr\/wp-json\/wp\/v2\/types\/page"}],"author":[{"embeddable":true,"href":"https:\/\/www.rebehair.com\/fr\/wp-json\/wp\/v2\/users\/1"}],"replies":[{"embeddable":true,"href":"https:\/\/www.rebehair.com\/fr\/wp-json\/wp\/v2\/comments?post=5020"}],"version-history":[{"count":0,"href":"https:\/\/www.rebehair.com\/fr\/wp-json\/wp\/v2\/pages\/5020\/revisions"}],"wp:attachment":[{"href":"https:\/\/www.rebehair.com\/fr\/wp-json\/wp\/v2\/media?parent=5020"}],"curies":[{"name":"wp","href":"https:\/\/api.w.org\/{rel}","templated":true}]}}