
{"id":2706,"date":"2014-02-13T15:52:26","date_gmt":"2014-02-13T07:52:26","guid":{"rendered":"http:\/\/rebehair.com\/?page_id=2706"},"modified":"2018-06-11T14:59:24","modified_gmt":"2018-06-11T06:59:24","slug":"custom-packaging","status":"publish","type":"page","link":"https:\/\/www.rebehair.com\/fr\/custom-packaging\/","title":{"rendered":"Emballage personnalis\u00e9"},"content":{"rendered":"<p>De nombreux clients envoient des demandes concernant les emballages personnalis\u00e9s pour les tissages\/extensions de cheveux. Nous pourrions fournir ce service. Mais vous devez savoir comment vous souhaitez le faire. <strong>conception<\/strong> votre emballage et <span style=\"text-decoration: underline;\">Ton budget<\/span> pour par pi\u00e8ce.<\/p>\n<p>Pour un emballage personnalis\u00e9, le minimum de commande est de <strong>2000<\/strong> pi\u00e8ces, le prix varie de <strong><span style=\"color: #ff0000;\">$0.5-$2<\/span><\/strong> par pi\u00e8ce en fonction de vos exigences concernant le design et le mat\u00e9riau que vous souhaitez utiliser sur l&#039;emballage.<\/p>\n<p>Nous vous recommandons d&#039;utiliser un sac en PVC \u00e0 l&#039;ext\u00e9rieur et un carton avec votre propre logo et design. Nous vous d\u00e9conseillons d&#039;utiliser une bo\u00eete car elle est trop lourde (les frais d&#039;exp\u00e9dition seront \u00e9lev\u00e9s) et ch\u00e8re.<\/p>\n<div id='wufoo-zxzc6o71dx0lhq'>\nRemplissez mon <a href='http:\/\/rebehair.wufoo.com\/forms\/zxzc6o71dx0lhq'>formulaire en ligne<\/a>.\n<\/div>\n<script type='text\/javascript'>var zxzc6o71dx0lhq;(function(d, t) {\nvar s = d.createElement(t), options = {\n'userName'      : 'rebehair',    \n'formHash'      : 'zxzc6o71dx0lhq',    \n'autoResize'    :  true,   \n'height'        : '580',      \n'async'         :  true,          \n'header'        : 'show',      \n'host'          : 'wufoo.com',    \n'entSource'     : 'wordpress',   \n'defaultValues' : ''     \n,'ssl'          :  true           };\ns.src = ('https:' == d.location.protocol ? 'https:\/\/' : 'http:\/\/') + 'secure.wufoo.com\/scripts\/embed\/form.js';\ns.onload = s.onreadystatechange = function() {\nvar rs = this.readyState; if (rs) if (rs != 'complete') if (rs != 'loaded') return;\ntry { zxzc6o71dx0lhq = new WufooForm();zxzc6o71dx0lhq.initialize(options);zxzc6o71dx0lhq.display(); } catch (e) {}}\nvar scr = d.getElementsByTagName(t)[0], par = scr.parentNode; par.insertBefore(s, scr);\n})(document, 'script');<\/script> <noscript> <iframe height=\"580\" allowtransparency=\"true\" sandbox=\"allow-top-navigation allow-scripts allow-popups allow-forms allow-same-origin\" frameborder=\"0\" scrolling=\"no\" style=\"width:100%;border:none;\"src=\"https:\/\/rebehair.wufoo.com\/embed\/zxzc6o71dx0lhq\/def\/entsource=wordpress\"><a href=\"https:\/\/rebehair.wufoo.com\/forms\/zxzc6o71dx0lhq\/def\/entsource=wordpress\" rel=\"nofollow\">Remplissez mon formulaire Wufoo\u00a0!<\/a><\/iframe> <\/noscript>\n<p>Voici quelques mod\u00e8les pour votre r\u00e9f\u00e9rence, nous fournissons <strong>Service de CONCEPTION GRATUIT<\/strong>:<\/p>\n<div id=\"su_slider_69d4d9eb0c952\" class=\"su-slider su-slider-centered su-slider-pages-yes su-slider-responsive-yes\" style=\"width:100%\" data-autoplay=\"3000\" data-speed=\"600\" data-mousewheel=\"true\"><div class=\"su-slider-slides\"><div class=\"su-slider-slide\"><a><img src=\"https:\/\/www.rebehair.com\/wp-content\/uploads\/2014\/02\/hair_extensions_packing4-980x660.jpg\" alt=\"hair_extensions_packing4\" \/><span class=\"su-slider-slide-title\">hair_extensions_packing4<\/span><\/a><\/div><div class=\"su-slider-slide\"><a><img src=\"https:\/\/www.rebehair.com\/wp-content\/uploads\/2014\/02\/hair_extensions_packing3-980x660.jpg\" alt=\"hair_extensions_packing3\" \/><span class=\"su-slider-slide-title\">hair_extensions_packing3<\/span><\/a><\/div><div class=\"su-slider-slide\"><a><img src=\"https:\/\/www.rebehair.com\/wp-content\/uploads\/2014\/02\/hair_extensions_packing2-980x660.jpg\" alt=\"hair_extensions_packing2\" \/><span class=\"su-slider-slide-title\">hair_extensions_packing2<\/span><\/a><\/div><div class=\"su-slider-slide\"><a><img src=\"https:\/\/www.rebehair.com\/wp-content\/uploads\/2014\/02\/hair_extensions_packing1-980x660.jpg\" alt=\"Hair Extensions Packaging\" \/><span class=\"su-slider-slide-title\">Emballage d&#039;extensions de cheveux<\/span><\/a><\/div><div class=\"su-slider-slide\"><a><img src=\"https:\/\/www.rebehair.com\/wp-content\/uploads\/2014\/02\/P1000897-980x660.jpg\" alt=\"P1000897\" \/><span class=\"su-slider-slide-title\">P1000897<\/span><\/a><\/div><div class=\"su-slider-slide\"><a><img src=\"https:\/\/www.rebehair.com\/wp-content\/uploads\/2014\/02\/IMG-20131023-00061-980x660.jpg\" alt=\"IMG-20131023-00061\" \/><span class=\"su-slider-slide-title\">IMG-20131023-00061<\/span><\/a><\/div><div class=\"su-slider-slide\"><a><img src=\"https:\/\/www.rebehair.com\/wp-content\/uploads\/2014\/02\/IMG-20131023-00059-980x660.jpg\" alt=\"IMG-20131023-00059\" \/><span class=\"su-slider-slide-title\">IMG-20131023-00059<\/span><\/a><\/div><div class=\"su-slider-slide\"><a><img src=\"https:\/\/www.rebehair.com\/wp-content\/uploads\/2014\/02\/IMG_20131021_160157-980x660.jpg\" alt=\"IMG_20131021_160157\" \/><span class=\"su-slider-slide-title\">IMG_20131021_160157<\/span><\/a><\/div><div class=\"su-slider-slide\"><a><img src=\"https:\/\/www.rebehair.com\/wp-content\/uploads\/2014\/02\/psb-8-980x660.jpg\" alt=\"psb (8)\" \/><span class=\"su-slider-slide-title\">psb (8)<\/span><\/a><\/div><div class=\"su-slider-slide\"><a><img src=\"https:\/\/www.rebehair.com\/wp-content\/uploads\/2014\/02\/psb-6-980x660.jpg\" alt=\"psb (6)\" \/><span class=\"su-slider-slide-title\">psb (6)<\/span><\/a><\/div><\/div><div class=\"su-slider-nav\"><div class=\"su-slider-direction\"><span class=\"su-slider-prev\"><\/span><span class=\"su-slider-next\"><\/span><\/div><div class=\"su-slider-pagination\"><\/div><\/div><\/div>\n<p style=\"text-align: center;\">","protected":false},"excerpt":{"rendered":"<p>A lot of customers send inquiries about custom packaging for hair weave\/extensions,we could supply this service.But you need to know how you want to design your packaging and your budget for per piece. For custom packaging,the minimum order is 2000 pieces,the price is ranges from $0.5-$2 per piece according to your requirements about the design [&#8230;]","protected":false},"author":1,"featured_media":0,"parent":0,"menu_order":0,"comment_status":"open","ping_status":"open","template":"","meta":{"footnotes":""},"yoast_head":"<!-- This site is optimized with the Yoast SEO plugin v20.11 - https:\/\/yoast.com\/wordpress\/plugins\/seo\/ -->\n<title>Custom Packaging - RebeHair Extension Factory<\/title>\n<meta name=\"description\" content=\"Custom Packaging - RebeHair Extension Factory\" \/>\n<meta name=\"robots\" content=\"index, follow, max-snippet:-1, max-image-preview:large, max-video-preview:-1\" \/>\n<link rel=\"canonical\" href=\"https:\/\/www.rebehair.com\/fr\/custom-packaging\/\" \/>\n<meta property=\"og:locale\" content=\"fr_FR\" \/>\n<meta property=\"og:type\" content=\"article\" \/>\n<meta property=\"og:title\" content=\"Custom Packaging - RebeHair Extension Factory\" \/>\n<meta property=\"og:description\" content=\"Custom Packaging - RebeHair Extension Factory\" \/>\n<meta property=\"og:url\" content=\"https:\/\/www.rebehair.com\/fr\/custom-packaging\/\" \/>\n<meta property=\"og:site_name\" content=\"RebeHair Extension Factory\" \/>\n<meta property=\"article:modified_time\" content=\"2018-06-11T06:59:24+00:00\" \/>\n<meta name=\"twitter:card\" content=\"summary_large_image\" \/>\n<meta name=\"twitter:label1\" content=\"Dur\u00e9e de lecture estim\u00e9e\" \/>\n\t<meta name=\"twitter:data1\" content=\"1 minute\" \/>\n<script type=\"application\/ld+json\" class=\"yoast-schema-graph\">{\"@context\":\"https:\/\/schema.org\",\"@graph\":[{\"@type\":\"WebPage\",\"@id\":\"https:\/\/www.rebehair.com\/custom-packaging\/\",\"url\":\"https:\/\/www.rebehair.com\/custom-packaging\/\",\"name\":\"Custom Packaging - RebeHair Extension Factory\",\"isPartOf\":{\"@id\":\"https:\/\/www.rebehair.com\/#website\"},\"datePublished\":\"2014-02-13T07:52:26+00:00\",\"dateModified\":\"2018-06-11T06:59:24+00:00\",\"description\":\"Custom Packaging - RebeHair Extension Factory\",\"breadcrumb\":{\"@id\":\"https:\/\/www.rebehair.com\/custom-packaging\/#breadcrumb\"},\"inLanguage\":\"fr-FR\",\"potentialAction\":[{\"@type\":\"ReadAction\",\"target\":[\"https:\/\/www.rebehair.com\/custom-packaging\/\"]}]},{\"@type\":\"BreadcrumbList\",\"@id\":\"https:\/\/www.rebehair.com\/custom-packaging\/#breadcrumb\",\"itemListElement\":[{\"@type\":\"ListItem\",\"position\":1,\"name\":\"Home\",\"item\":\"https:\/\/www.rebehair.com\/\"},{\"@type\":\"ListItem\",\"position\":2,\"name\":\"Custom Packaging\"}]},{\"@type\":\"WebSite\",\"@id\":\"https:\/\/www.rebehair.com\/#website\",\"url\":\"https:\/\/www.rebehair.com\/\",\"name\":\"RebeHair Extension Factory\",\"description\":\"\",\"potentialAction\":[{\"@type\":\"SearchAction\",\"target\":{\"@type\":\"EntryPoint\",\"urlTemplate\":\"https:\/\/www.rebehair.com\/?s={search_term_string}\"},\"query-input\":\"required name=search_term_string\"}],\"inLanguage\":\"fr-FR\"}]}<\/script>\n<!-- \/ Yoast SEO plugin. -->","yoast_head_json":{"title":"Custom Packaging - RebeHair Extension Factory","description":"Custom Packaging - RebeHair Extension Factory","robots":{"index":"index","follow":"follow","max-snippet":"max-snippet:-1","max-image-preview":"max-image-preview:large","max-video-preview":"max-video-preview:-1"},"canonical":"https:\/\/www.rebehair.com\/fr\/custom-packaging\/","og_locale":"fr_FR","og_type":"article","og_title":"Custom Packaging - RebeHair Extension Factory","og_description":"Custom Packaging - RebeHair Extension Factory","og_url":"https:\/\/www.rebehair.com\/fr\/custom-packaging\/","og_site_name":"RebeHair Extension Factory","article_modified_time":"2018-06-11T06:59:24+00:00","twitter_card":"summary_large_image","twitter_misc":{"Dur\u00e9e de lecture estim\u00e9e":"1 minute"},"schema":{"@context":"https:\/\/schema.org","@graph":[{"@type":"WebPage","@id":"https:\/\/www.rebehair.com\/custom-packaging\/","url":"https:\/\/www.rebehair.com\/custom-packaging\/","name":"Custom Packaging - RebeHair Extension Factory","isPartOf":{"@id":"https:\/\/www.rebehair.com\/#website"},"datePublished":"2014-02-13T07:52:26+00:00","dateModified":"2018-06-11T06:59:24+00:00","description":"Custom Packaging - RebeHair Extension Factory","breadcrumb":{"@id":"https:\/\/www.rebehair.com\/custom-packaging\/#breadcrumb"},"inLanguage":"fr-FR","potentialAction":[{"@type":"ReadAction","target":["https:\/\/www.rebehair.com\/custom-packaging\/"]}]},{"@type":"BreadcrumbList","@id":"https:\/\/www.rebehair.com\/custom-packaging\/#breadcrumb","itemListElement":[{"@type":"ListItem","position":1,"name":"Home","item":"https:\/\/www.rebehair.com\/"},{"@type":"ListItem","position":2,"name":"Custom Packaging"}]},{"@type":"WebSite","@id":"https:\/\/www.rebehair.com\/#website","url":"https:\/\/www.rebehair.com\/","name":"RebeHair Extension Factory","description":"","potentialAction":[{"@type":"SearchAction","target":{"@type":"EntryPoint","urlTemplate":"https:\/\/www.rebehair.com\/?s={search_term_string}"},"query-input":"required name=search_term_string"}],"inLanguage":"fr-FR"}]}},"_links":{"self":[{"href":"https:\/\/www.rebehair.com\/fr\/wp-json\/wp\/v2\/pages\/2706"}],"collection":[{"href":"https:\/\/www.rebehair.com\/fr\/wp-json\/wp\/v2\/pages"}],"about":[{"href":"https:\/\/www.rebehair.com\/fr\/wp-json\/wp\/v2\/types\/page"}],"author":[{"embeddable":true,"href":"https:\/\/www.rebehair.com\/fr\/wp-json\/wp\/v2\/users\/1"}],"replies":[{"embeddable":true,"href":"https:\/\/www.rebehair.com\/fr\/wp-json\/wp\/v2\/comments?post=2706"}],"version-history":[{"count":0,"href":"https:\/\/www.rebehair.com\/fr\/wp-json\/wp\/v2\/pages\/2706\/revisions"}],"wp:attachment":[{"href":"https:\/\/www.rebehair.com\/fr\/wp-json\/wp\/v2\/media?parent=2706"}],"curies":[{"name":"wp","href":"https:\/\/api.w.org\/{rel}","templated":true}]}}