
{"id":1816,"date":"2013-08-26T21:24:41","date_gmt":"2013-08-26T13:24:41","guid":{"rendered":"http:\/\/rebehair.com\/?page_id=1816"},"modified":"2018-06-11T14:48:51","modified_gmt":"2018-06-11T06:48:51","slug":"rebe-hair-products-catalog","status":"publish","type":"page","link":"https:\/\/www.rebehair.com\/fr\/rebe-hair-products-catalog\/","title":{"rendered":"Catalogue de produits capillaires Rebe"},"content":{"rendered":"<h2 style=\"text-align: center;\">Produits capillaires Rebe Co., Ltd<\/h2>\n<p style=\"text-align: center;\">\u00a0 \u00a0 \u00a0 \u00a0 \u00a0 \u00a0 \u00a0 \u00a0 \u00a0 \u00a0 \u00a0 \u00a0 \u00a0 \u00a0 \u00a0 \u00a0 \u00a0 \u00a0 \u00a0 \u00a0 \u00a0 \u00a0 \u00a0 \u00a0 \u00a0 \u00a0 \u00a0 \u00a0 \u00a0 <em>\u00a0 \u00a0Juancheng, Chine<\/em><\/p>\n<p style=\"text-align: center;\"><iframe loading=\"lazy\" src=\"https:\/\/www.youtube.com\/embed\/tJEAxmDyhjo\" width=\"560\" height=\"315\" frameborder=\"0\" allowfullscreen=\"allowfullscreen\"><\/iframe><\/p>\n<h3 style=\"text-align: center;\">Directeur des ventes : Jack Wang<\/h3>\n<h3 style=\"text-align: center;\">T\u00e9l:0086-15615706500<\/h3>\n<h3 style=\"text-align: center;\">Adresse : Parc industriel, ville de JuanCheng, Heze, Chine<\/h3>\n<h3 style=\"text-align: center;\">Skype\u00a0:\u00a0fournisseur de cheveux<\/h3>\n<h3 style=\"text-align: center;\">Courriel\u00a0:\u00a0Sale@rebehair.com<\/h3>\n<p><strong>Pr\u00e9sentation De L&#039;Entreprise<\/strong> Nous avons \u00e9t\u00e9 fond\u00e9s en 2002. Nous sommes partis d\u2019une petite usine de fabrication. Nous disposons d\u00e9sormais d&#039;ateliers ind\u00e9pendants, d&#039;\u00e9quipements professionnels et d&#039;une \u00e9quipe de travail professionnelle. Rebe Hair fournit la plus large gamme de produits capillaires et propose plus de 180 options de couleurs dans <strong>Extensions de cheveux humains<\/strong>, <strong>Extensions de cheveux \u00e0 clipser<\/strong>, <strong>Demi-perruques<\/strong>, <strong>Perruques avant en dentelle<\/strong>, Queues de cheval \u00e0 cordon en cheveux humains 100% (indien, russe, europ\u00e9en, chinois). Avec passion et d\u00e9sir d\u00e9di\u00e9s \u00e0 nos clients, Sensual cherche activement \u00e0 se connecter avec des clients potentiels du monde entier et est convaincu que vous serez satisfait en tant que partenaire commercial.<\/p>\n<p style=\"text-align: center;\"><div id=\"su_slider_69d34667d079a\" class=\"su-slider su-slider-centered su-slider-pages-yes su-slider-responsive-yes\" style=\"width:100%\" data-autoplay=\"3000\" data-speed=\"600\" data-mousewheel=\"true\"><div class=\"su-slider-slides\"><div class=\"su-slider-slide\"><a><img src=\"https:\/\/www.rebehair.com\/wp-content\/uploads\/2018\/06\/rebe_hair_factory-1-980x660.jpg\" alt=\"Rebe Hair Factory Workshop 1\" \/><span class=\"su-slider-slide-title\">Atelier 1 de l&#039;usine de cheveux Rebe<\/span><\/a><\/div><div class=\"su-slider-slide\"><a><img src=\"https:\/\/www.rebehair.com\/wp-content\/uploads\/2018\/06\/rebe_hair_factory-2-980x660.jpg\" alt=\"Rebe Hair Factory Workshop 2\" \/><span class=\"su-slider-slide-title\">Atelier 2 de l&#039;usine de cheveux Rebe<\/span><\/a><\/div><div class=\"su-slider-slide\"><a><img src=\"https:\/\/www.rebehair.com\/wp-content\/uploads\/2018\/06\/rebe_hair_factory-3-980x660.jpg\" alt=\"Rebe Hair Factory Workshop 4\" \/><span class=\"su-slider-slide-title\">Atelier 4 de l&#039;usine de cheveux Rebe<\/span><\/a><\/div><div class=\"su-slider-slide\"><a><img src=\"https:\/\/www.rebehair.com\/wp-content\/uploads\/2018\/06\/rebe_hair_factory-4-980x660.jpg\" alt=\"Rebe Hair Factory Workshop 3\" \/><span class=\"su-slider-slide-title\">Atelier 3 de l&#039;usine de cheveux Rebe<\/span><\/a><\/div><div class=\"su-slider-slide\"><a><img src=\"https:\/\/www.rebehair.com\/wp-content\/uploads\/2018\/06\/rebe_hair_factory-5-980x660.jpg\" alt=\"RebeHair Extensions Factory Tape In High Quality\" \/><span class=\"su-slider-slide-title\">Ruban d&#039;usine d&#039;extensions RebeHair de haute qualit\u00e9<\/span><\/a><\/div><div class=\"su-slider-slide\"><a><img src=\"https:\/\/www.rebehair.com\/wp-content\/uploads\/2018\/06\/rebe_hair_factory-6-980x660.jpg\" alt=\"RebeHair Extensions Factory Product Show\" \/><span class=\"su-slider-slide-title\">Exposition de produits de l&#039;usine d&#039;extensions RebeHair<\/span><\/a><\/div><\/div><div class=\"su-slider-nav\"><div class=\"su-slider-direction\"><span class=\"su-slider-prev\"><\/span><span class=\"su-slider-next\"><\/span><\/div><div class=\"su-slider-pagination\"><\/div><\/div><\/div>\n<div>\n<div align=\"center\">\n<table border=\"1\" width=\"818\">\n<tbody>\n<tr>\n<td width=\"119\">\n<div class=\"STYLE3\" align=\"center\"><span class=\"STYLE1\">Nom de l&#039;entreprise<\/span><\/div>\n<\/td>\n<td width=\"683\">\n<div class=\"STYLE3\" align=\"center\"><span class=\"STYLE1\">\u00a0Rebe Hair Products Co., Ltd (JuanCheng, Chine)<\/span><\/div>\n<\/td>\n<\/tr>\n<tr>\n<td>\n<div class=\"STYLE3\" align=\"center\"><span class=\"STYLE1\">\u00a0MOQ<\/span><\/div>\n<\/td>\n<td>\n<div class=\"STYLE3\" align=\"center\"><span class=\"STYLE1\">\u00a010 pi\u00e8ces par style et chaque couleur<\/span><\/div>\n<\/td>\n<\/tr>\n<tr>\n<td>\n<div class=\"STYLE3\" align=\"center\"><span class=\"STYLE1\">Temps de production<\/span><\/div>\n<\/td>\n<td>\n<div class=\"STYLE3\" align=\"center\"><span class=\"STYLE1\">5-7 jours<\/span><\/div>\n<\/td>\n<\/tr>\n<tr>\n<td>\n<div class=\"STYLE3\" align=\"center\"><span class=\"STYLE1\">\u00a0Modalit\u00e9s de paiement<\/span><\/div>\n<\/td>\n<td>\n<div class=\"STYLE3\" align=\"center\"><span class=\"STYLE1\">\u00a0Western Union, Paiement de Petit Montant, Paypal, Virement Bancaire<\/span><\/div>\n<\/td>\n<\/tr>\n<tr>\n<td>\n<div class=\"STYLE3\" align=\"center\"><span class=\"STYLE1\">Longueur<\/span><\/div>\n<\/td>\n<td>\n<div class=\"STYLE3\" align=\"center\"><span class=\"STYLE1\">\u00a008-32 pouces<\/span><\/div>\n<\/td>\n<\/tr>\n<tr>\n<td>\n<div class=\"STYLE3\" align=\"center\"><span class=\"STYLE1\">Couleur<\/span><\/div>\n<\/td>\n<td>\n<div class=\"STYLE3\" align=\"center\"><span class=\"STYLE1\">Cheveux vierges : ch\u00e2tains naturels et noirs<\/span> <span class=\"STYLE1\">Autres cheveux mat\u00e9riels\u00a0: 1b, 1#, 2#, 4#, 6#, 8#, 27#, 30#, 33#, etc. en tant que client\u00a0<\/span>exigence<\/div>\n<\/td>\n<\/tr>\n<tr>\n<td>\n<div class=\"STYLE3\" align=\"center\"><span class=\"STYLE1\">Texture<\/span><\/div>\n<\/td>\n<td>\n<div class=\"STYLE3\" align=\"center\"><span class=\"STYLE1\">Droite, vague naturelle, vague de corps, vague profonde, boucl\u00e9e, comme personnalis\u00e9<\/span><\/div>\n<\/td>\n<\/tr>\n<tr>\n<td>\n<div class=\"STYLE3\" align=\"center\"><span class=\"STYLE1\">Poids<\/span><\/div>\n<\/td>\n<td>\n<div class=\"STYLE3\" align=\"center\"><span class=\"STYLE1\">100 grammes par pi\u00e8ce habituellement<\/span><\/div>\n<\/td>\n<\/tr>\n<tr>\n<td>\n<div class=\"STYLE3\" align=\"center\"><span class=\"STYLE1\">Emballer<\/span><\/div>\n<\/td>\n<td>\n<div class=\"STYLE3\" align=\"center\"><span class=\"STYLE1\">1. Emballage simple\/emballage d&#039;usine<\/span> <span class=\"STYLE1\">2. Sac en PVC<\/span> 3. Selon vos besoins sp\u00e9cifiques<\/div>\n<\/td>\n<\/tr>\n<tr>\n<td>\n<div class=\"STYLE3\" align=\"center\"><span class=\"STYLE1\">Prix<\/span><\/div>\n<\/td>\n<td>\n<div class=\"STYLE3\" align=\"center\"><span class=\"STYLE1\">Prix d&#039;usine comp\u00e9titif de haute qualit\u00e9. remise pour les grosses commandes<\/span><\/div>\n<\/td>\n<\/tr>\n<tr>\n<td>\n<div class=\"STYLE3\" align=\"center\"><span class=\"STYLE1\">D\u00e9lai de livraison<\/span><\/div>\n<\/td>\n<td>\n<div class=\"STYLE3\" align=\"center\"><span class=\"STYLE1\">Normalement 7-25 jours ou stock sous 24 heures<\/span><\/div>\n<\/td>\n<\/tr>\n<tr>\n<td>\n<div class=\"STYLE3\" align=\"center\"><span class=\"STYLE1\">Exp\u00e9dition<\/span><\/div>\n<\/td>\n<td>\n<div class=\"STYLE3\" align=\"center\"><span class=\"STYLE1\">La commande personnalis\u00e9e est effectu\u00e9e 3 \u00e0 10 jours apr\u00e8s r\u00e9ception du paiement par DHL, UPS, FedEx, EMS, etc.<\/span><\/div>\n<\/td>\n<\/tr>\n<tr>\n<td style=\"text-align: center;\">\n<div class=\"STYLE3\" align=\"center\"><span class=\"STYLE1\">Capacit\u00e9 d&#039;approvisionnement<\/span><\/div>\n<\/td>\n<td style=\"text-align: center;\">\n<div class=\"STYLE3\" align=\"center\"><span class=\"STYLE1\">100 000 unit\u00e9s\/mois<\/span><\/div>\n<\/td>\n<\/tr>\n<\/tbody>\n<\/table>\n<\/div>\n<\/div>\n<h2>Cheveux vierges<\/h2>\n<p>1. Cheveux humains vierges 100% non transform\u00e9s, sains et propres. 2. Fabricant et grossiste. 3. Noir naturel et marron naturel. 4. Pas de charges, pas de cheveux courts ou de d\u00e9chets, pas de cheveux synth\u00e9tiques, pas de cheveux lav\u00e9s \u00e0 l&#039;acide, pas de lentes. Pas de poils gris ou blancs. 5. Cuticule des cheveux align\u00e9e dans la m\u00eame direction, douce au toucher et sans enchev\u00eatrement, et elle peut \u00eatre utilis\u00e9e pendant tr\u00e8s longtemps.<\/p>\n<p style=\"text-align: center;\"><img decoding=\"async\" loading=\"lazy\" class=\"aligncenter size-full wp-image-1826\" src=\"http:\/\/rebehair.com\/wp-content\/uploads\/2013\/08\/virgin_hair.jpg\" alt=\"virgin_hair\" width=\"450\" height=\"617\" srcset=\"https:\/\/www.rebehair.com\/wp-content\/uploads\/2013\/08\/virgin_hair.jpg 450w, https:\/\/www.rebehair.com\/wp-content\/uploads\/2013\/08\/virgin_hair-218x300.jpg 218w\" sizes=\"(max-width: 450px) 100vw, 450px\" \/><\/p>\n<p style=\"text-align: center;\"><img decoding=\"async\" loading=\"lazy\" class=\"aligncenter wp-image-1827\" src=\"http:\/\/rebehair.com\/wp-content\/uploads\/2013\/08\/virgin_hair2.jpg\" alt=\"virgin_hair2\" width=\"450\" height=\"600\" \/><\/p>\n<p>&nbsp;<\/p>\n<h2>Cheveux R\u00e9my<\/h2>\n<p>Cheveux humains 1.100%, sains et propres. 2. Fabricant et vente en gros. 3.1b, 1#, 2#, 4#, 6#, 8#, 27#, 30#, 33# selon les exigences du client 4. Peut offrir des lignes droites ou ondul\u00e9es, etc. comme vous le souhaitez. 5. Pas de charges, pas de cheveux courts ou de d\u00e9chets, pas de cheveux synth\u00e9tiques, pas de cheveux lav\u00e9s \u00e0 l&#039;acide, pas de lentes. Pas de poils gris ou blancs. 6. Cuticule des cheveux align\u00e9e dans la m\u00eame direction, douce au toucher et sans enchev\u00eatrement, et elle peut \u00eatre utilis\u00e9e pendant tr\u00e8s longtemps.<\/p>\n<p style=\"text-align: center;\"><img decoding=\"async\" loading=\"lazy\" class=\"aligncenter wp-image-1828\" src=\"http:\/\/rebehair.com\/wp-content\/uploads\/2013\/08\/remy_hair.jpg\" alt=\"remy_hair\" width=\"450\" height=\"450\" srcset=\"https:\/\/www.rebehair.com\/wp-content\/uploads\/2013\/08\/remy_hair.jpg 600w, https:\/\/www.rebehair.com\/wp-content\/uploads\/2013\/08\/remy_hair-300x300.jpg 300w, https:\/\/www.rebehair.com\/wp-content\/uploads\/2013\/08\/remy_hair-100x100.jpg 100w, https:\/\/www.rebehair.com\/wp-content\/uploads\/2013\/08\/remy_hair-80x80.jpg 80w, https:\/\/www.rebehair.com\/wp-content\/uploads\/2013\/08\/remy_hair-36x36.jpg 36w\" sizes=\"(max-width: 450px) 100vw, 450px\" \/><\/p>\n<p>&nbsp;<\/p>\n<h2><del>Cheveux non-remy<\/del><\/h2>\n<p><del>Cheveux humains 1.100%, sains et propres. (Pas de m\u00e9lange de poils d&#039;animaux ou synth\u00e9tiques) 2. Fabricant et grossiste. 3.1b, 1#, 2#, 4#, 6#, 8#, 27#, 30#, 33# comme exigence du client. 4.Peut offrir des lignes droites ou ondul\u00e9es, etc. comme vous le souhaitez. 5. Doux, lisse. Pas d&#039;enchev\u00eatrement et pas de perte, et il peut \u00eatre utilis\u00e9 pendant longtemps.<\/del><\/p>\n<p style=\"text-align: center;\"><img decoding=\"async\" loading=\"lazy\" class=\"aligncenter wp-image-1829\" src=\"http:\/\/rebehair.com\/wp-content\/uploads\/2013\/08\/non-remy_hair.jpg\" alt=\"non-remy_hair\" width=\"450\" height=\"450\" srcset=\"https:\/\/www.rebehair.com\/wp-content\/uploads\/2013\/08\/non-remy_hair.jpg 600w, https:\/\/www.rebehair.com\/wp-content\/uploads\/2013\/08\/non-remy_hair-300x300.jpg 300w, https:\/\/www.rebehair.com\/wp-content\/uploads\/2013\/08\/non-remy_hair-100x100.jpg 100w, https:\/\/www.rebehair.com\/wp-content\/uploads\/2013\/08\/non-remy_hair-80x80.jpg 80w, https:\/\/www.rebehair.com\/wp-content\/uploads\/2013\/08\/non-remy_hair-36x36.jpg 36w\" sizes=\"(max-width: 450px) 100vw, 450px\" \/><\/p>\n<h2>Cheveux pr\u00e9-li\u00e9s<\/h2>\n<p>Extension de cheveux V-tip\/ongles, extension de cheveux U-tip, extension de cheveux I-tip\/stick, extension de cheveux plats, extension de cheveux X-ring\/micro boucle. 1. Mat\u00e9riau : cheveux humains, cheveux synth\u00e9tiques. 2. Fabricant et grossiste. 3. 1b, 1#, 2#, 4#, 6#, 8#, 27#, 30#, 33# comme exigence du client. 4. Peut offrir des lignes droites ou ondul\u00e9es, etc. comme vous le souhaitez. 5. 1 g\/pi\u00e8ce, MOQ : 500 pi\u00e8ces. 6. Doux, lisse. Pas d&#039;enchev\u00eatrement et pas de perte, et il peut \u00eatre utilis\u00e9 pendant longtemps.<\/p>\n<p style=\"text-align: center;\"><img decoding=\"async\" loading=\"lazy\" class=\"aligncenter wp-image-1831\" src=\"http:\/\/rebehair.com\/wp-content\/uploads\/2013\/08\/pre-bond_hair.jpg\" alt=\"pre-bond_hair\" width=\"450\" height=\"450\" srcset=\"https:\/\/www.rebehair.com\/wp-content\/uploads\/2013\/08\/pre-bond_hair.jpg 600w, https:\/\/www.rebehair.com\/wp-content\/uploads\/2013\/08\/pre-bond_hair-300x300.jpg 300w, https:\/\/www.rebehair.com\/wp-content\/uploads\/2013\/08\/pre-bond_hair-100x100.jpg 100w, https:\/\/www.rebehair.com\/wp-content\/uploads\/2013\/08\/pre-bond_hair-80x80.jpg 80w, https:\/\/www.rebehair.com\/wp-content\/uploads\/2013\/08\/pre-bond_hair-36x36.jpg 36w\" sizes=\"(max-width: 450px) 100vw, 450px\" \/><\/p>\n<p>&nbsp;<\/p>\n<h2>Clip dans les cheveux<\/h2>\n<p>1. Mat\u00e9riau : cheveux humains, cheveux synth\u00e9tiques. 2. Fabricant et grossiste. 3. 1b, 1#, 2#, 4#, 6#, 8#, 27#, 30#, 33# comme exigence du client. 4. Peut offrir des lignes droites ou ondul\u00e9es, etc. comme vous le souhaitez. 5.120-160 g\/pi\u00e8ce. 6. Doux, lisse. Pas d&#039;enchev\u00eatrement et pas de perte, et il peut \u00eatre utilis\u00e9 pendant longtemps.<\/p>\n<p style=\"text-align: center;\"><img decoding=\"async\" loading=\"lazy\" class=\"aligncenter wp-image-1832\" src=\"http:\/\/rebehair.com\/wp-content\/uploads\/2013\/08\/clip-in_hair.jpg\" alt=\"clip-in_hair\" width=\"450\" height=\"450\" srcset=\"https:\/\/www.rebehair.com\/wp-content\/uploads\/2013\/08\/clip-in_hair.jpg 600w, https:\/\/www.rebehair.com\/wp-content\/uploads\/2013\/08\/clip-in_hair-300x300.jpg 300w, https:\/\/www.rebehair.com\/wp-content\/uploads\/2013\/08\/clip-in_hair-100x100.jpg 100w, https:\/\/www.rebehair.com\/wp-content\/uploads\/2013\/08\/clip-in_hair-80x80.jpg 80w, https:\/\/www.rebehair.com\/wp-content\/uploads\/2013\/08\/clip-in_hair-36x36.jpg 36w\" sizes=\"(max-width: 450px) 100vw, 450px\" \/><\/p>\n<h2 style=\"text-align: left;\">Perruques en dentelle<\/h2>\n<p>1.100% cheveux humains 2. 3. 1b, 1#, 2#, 4#, 6#, 8#, 27#, 30#, 33# selon les exigences du client. 3. Sans enchev\u00eatrement, sans perte. <a href=\"http:\/\/rebehair.com\/wp-content\/uploads\/2013\/08\/lacewig.jpg\"><img decoding=\"async\" loading=\"lazy\" class=\"aligncenter size-full wp-image-2032\" src=\"http:\/\/rebehair.com\/wp-content\/uploads\/2013\/08\/lacewig.jpg\" alt=\"lacewig\" width=\"497\" height=\"497\" srcset=\"https:\/\/www.rebehair.com\/wp-content\/uploads\/2013\/08\/lacewig.jpg 497w, https:\/\/www.rebehair.com\/wp-content\/uploads\/2013\/08\/lacewig-300x300.jpg 300w, https:\/\/www.rebehair.com\/wp-content\/uploads\/2013\/08\/lacewig-100x100.jpg 100w, https:\/\/www.rebehair.com\/wp-content\/uploads\/2013\/08\/lacewig-80x80.jpg 80w, https:\/\/www.rebehair.com\/wp-content\/uploads\/2013\/08\/lacewig-36x36.jpg 36w\" sizes=\"(max-width: 497px) 100vw, 497px\" \/><\/a><\/p>\n<h2>Emballage<\/h2>\n<p>1. Emballage simple\/emballage d&#039;usine <img decoding=\"async\" loading=\"lazy\" class=\"aligncenter size-full wp-image-2386\" src=\"http:\/\/rebehair.com\/wp-content\/uploads\/2013\/08\/factory_packing.jpg\" alt=\"factory_packing\" width=\"600\" height=\"446\" srcset=\"https:\/\/www.rebehair.com\/wp-content\/uploads\/2013\/08\/factory_packing.jpg 600w, https:\/\/www.rebehair.com\/wp-content\/uploads\/2013\/08\/factory_packing-300x223.jpg 300w, https:\/\/www.rebehair.com\/wp-content\/uploads\/2013\/08\/factory_packing-241x179.jpg 241w\" sizes=\"(max-width: 600px) 100vw, 600px\" \/> 2. Sac en PVC 3. Selon les exigences sp\u00e9cifiques de votre.<\/p>\n<p style=\"text-align: center;\"><img decoding=\"async\" loading=\"lazy\" class=\"aligncenter size-full wp-image-2030\" src=\"http:\/\/rebehair.com\/wp-content\/uploads\/2013\/08\/packing3.jpg\" alt=\"packing\" width=\"600\" height=\"800\" srcset=\"https:\/\/www.rebehair.com\/wp-content\/uploads\/2013\/08\/packing3.jpg 600w, https:\/\/www.rebehair.com\/wp-content\/uploads\/2013\/08\/packing3-225x300.jpg 225w\" sizes=\"(max-width: 600px) 100vw, 600px\" \/><\/p>\n<p style=\"text-align: center;\">Merci d&#039;avoir lu le catalogue de produits de notre entreprise, si vous avez des questions, n&#039;h\u00e9sitez pas \u00e0 nous contacter.<\/p>","protected":false},"excerpt":{"rendered":"<p>Rebe Hair Products Co., Ltd Juancheng, Chine Directeur des ventes : Jack Wang T\u00e9l : 0086-15615706500 Adresse : Parc industriel, ville de JuanCheng, Heze, Chine Skype : fournisseur de cheveux Email : Sale@rebehair.com Pr\u00e9sentation de la soci\u00e9t\u00e9 Nous avons \u00e9t\u00e9 fond\u00e9s en 2002. Nous a commenc\u00e9 \u00e0 partir d\u2019une petite usine de fabrication. Nous disposons d\u00e9sormais d&#039;ateliers ind\u00e9pendants, d&#039;\u00e9quipements professionnels et d&#039;une \u00e9quipe de travail professionnelle. Rebe Hair fournit la plus large gamme de produits capillaires et propose plus de 180 [\u2026]","protected":false},"author":1,"featured_media":0,"parent":0,"menu_order":0,"comment_status":"open","ping_status":"open","template":"","meta":{"footnotes":""},"yoast_head":"<!-- This site is optimized with the Yoast SEO plugin v20.11 - https:\/\/yoast.com\/wordpress\/plugins\/seo\/ -->\n<title>Rebe Hair Products Catalog - RebeHair Extension Factory<\/title>\n<meta name=\"description\" content=\"Rebe Hair Products Catalog - RebeHair Extension Factory\" \/>\n<meta name=\"robots\" content=\"index, follow, max-snippet:-1, max-image-preview:large, max-video-preview:-1\" \/>\n<link rel=\"canonical\" href=\"https:\/\/www.rebehair.com\/fr\/rebe-hair-products-catalog\/\" \/>\n<meta property=\"og:locale\" content=\"fr_FR\" \/>\n<meta property=\"og:type\" content=\"article\" \/>\n<meta property=\"og:title\" content=\"Rebe Hair Products Catalog - RebeHair Extension Factory\" \/>\n<meta property=\"og:description\" content=\"Rebe Hair Products Catalog - RebeHair Extension Factory\" \/>\n<meta property=\"og:url\" content=\"https:\/\/www.rebehair.com\/fr\/rebe-hair-products-catalog\/\" \/>\n<meta property=\"og:site_name\" content=\"RebeHair Extension Factory\" \/>\n<meta property=\"article:modified_time\" content=\"2018-06-11T06:48:51+00:00\" \/>\n<meta property=\"og:image\" content=\"http:\/\/rebehair.com\/wp-content\/uploads\/2013\/08\/virgin_hair.jpg\" \/>\n<meta name=\"twitter:card\" content=\"summary_large_image\" \/>\n<meta name=\"twitter:label1\" content=\"Dur\u00e9e de lecture estim\u00e9e\" \/>\n\t<meta name=\"twitter:data1\" content=\"3 minutes\" \/>\n<script type=\"application\/ld+json\" class=\"yoast-schema-graph\">{\"@context\":\"https:\/\/schema.org\",\"@graph\":[{\"@type\":\"WebPage\",\"@id\":\"https:\/\/www.rebehair.com\/rebe-hair-products-catalog\/\",\"url\":\"https:\/\/www.rebehair.com\/rebe-hair-products-catalog\/\",\"name\":\"Rebe Hair Products Catalog - RebeHair Extension Factory\",\"isPartOf\":{\"@id\":\"https:\/\/www.rebehair.com\/#website\"},\"datePublished\":\"2013-08-26T13:24:41+00:00\",\"dateModified\":\"2018-06-11T06:48:51+00:00\",\"description\":\"Rebe Hair Products Catalog - RebeHair Extension Factory\",\"breadcrumb\":{\"@id\":\"https:\/\/www.rebehair.com\/rebe-hair-products-catalog\/#breadcrumb\"},\"inLanguage\":\"fr-FR\",\"potentialAction\":[{\"@type\":\"ReadAction\",\"target\":[\"https:\/\/www.rebehair.com\/rebe-hair-products-catalog\/\"]}]},{\"@type\":\"BreadcrumbList\",\"@id\":\"https:\/\/www.rebehair.com\/rebe-hair-products-catalog\/#breadcrumb\",\"itemListElement\":[{\"@type\":\"ListItem\",\"position\":1,\"name\":\"Home\",\"item\":\"https:\/\/www.rebehair.com\/\"},{\"@type\":\"ListItem\",\"position\":2,\"name\":\"Rebe Hair Products Catalog\"}]},{\"@type\":\"WebSite\",\"@id\":\"https:\/\/www.rebehair.com\/#website\",\"url\":\"https:\/\/www.rebehair.com\/\",\"name\":\"RebeHair Extension Factory\",\"description\":\"\",\"potentialAction\":[{\"@type\":\"SearchAction\",\"target\":{\"@type\":\"EntryPoint\",\"urlTemplate\":\"https:\/\/www.rebehair.com\/?s={search_term_string}\"},\"query-input\":\"required name=search_term_string\"}],\"inLanguage\":\"fr-FR\"}]}<\/script>\n<!-- \/ Yoast SEO plugin. -->","yoast_head_json":{"title":"Rebe Hair Products Catalog - RebeHair Extension Factory","description":"Rebe Hair Products Catalog - RebeHair Extension Factory","robots":{"index":"index","follow":"follow","max-snippet":"max-snippet:-1","max-image-preview":"max-image-preview:large","max-video-preview":"max-video-preview:-1"},"canonical":"https:\/\/www.rebehair.com\/fr\/rebe-hair-products-catalog\/","og_locale":"fr_FR","og_type":"article","og_title":"Rebe Hair Products Catalog - RebeHair Extension Factory","og_description":"Rebe Hair Products Catalog - RebeHair Extension Factory","og_url":"https:\/\/www.rebehair.com\/fr\/rebe-hair-products-catalog\/","og_site_name":"RebeHair Extension Factory","article_modified_time":"2018-06-11T06:48:51+00:00","og_image":[{"url":"http:\/\/rebehair.com\/wp-content\/uploads\/2013\/08\/virgin_hair.jpg"}],"twitter_card":"summary_large_image","twitter_misc":{"Dur\u00e9e de lecture estim\u00e9e":"3 minutes"},"schema":{"@context":"https:\/\/schema.org","@graph":[{"@type":"WebPage","@id":"https:\/\/www.rebehair.com\/rebe-hair-products-catalog\/","url":"https:\/\/www.rebehair.com\/rebe-hair-products-catalog\/","name":"Rebe Hair Products Catalog - RebeHair Extension Factory","isPartOf":{"@id":"https:\/\/www.rebehair.com\/#website"},"datePublished":"2013-08-26T13:24:41+00:00","dateModified":"2018-06-11T06:48:51+00:00","description":"Rebe Hair Products Catalog - RebeHair Extension Factory","breadcrumb":{"@id":"https:\/\/www.rebehair.com\/rebe-hair-products-catalog\/#breadcrumb"},"inLanguage":"fr-FR","potentialAction":[{"@type":"ReadAction","target":["https:\/\/www.rebehair.com\/rebe-hair-products-catalog\/"]}]},{"@type":"BreadcrumbList","@id":"https:\/\/www.rebehair.com\/rebe-hair-products-catalog\/#breadcrumb","itemListElement":[{"@type":"ListItem","position":1,"name":"Home","item":"https:\/\/www.rebehair.com\/"},{"@type":"ListItem","position":2,"name":"Rebe Hair Products Catalog"}]},{"@type":"WebSite","@id":"https:\/\/www.rebehair.com\/#website","url":"https:\/\/www.rebehair.com\/","name":"RebeHair Extension Factory","description":"","potentialAction":[{"@type":"SearchAction","target":{"@type":"EntryPoint","urlTemplate":"https:\/\/www.rebehair.com\/?s={search_term_string}"},"query-input":"required name=search_term_string"}],"inLanguage":"fr-FR"}]}},"_links":{"self":[{"href":"https:\/\/www.rebehair.com\/fr\/wp-json\/wp\/v2\/pages\/1816"}],"collection":[{"href":"https:\/\/www.rebehair.com\/fr\/wp-json\/wp\/v2\/pages"}],"about":[{"href":"https:\/\/www.rebehair.com\/fr\/wp-json\/wp\/v2\/types\/page"}],"author":[{"embeddable":true,"href":"https:\/\/www.rebehair.com\/fr\/wp-json\/wp\/v2\/users\/1"}],"replies":[{"embeddable":true,"href":"https:\/\/www.rebehair.com\/fr\/wp-json\/wp\/v2\/comments?post=1816"}],"version-history":[{"count":0,"href":"https:\/\/www.rebehair.com\/fr\/wp-json\/wp\/v2\/pages\/1816\/revisions"}],"wp:attachment":[{"href":"https:\/\/www.rebehair.com\/fr\/wp-json\/wp\/v2\/media?parent=1816"}],"curies":[{"name":"wp","href":"https:\/\/api.w.org\/{rel}","templated":true}]}}