
{"id":14506,"date":"2023-09-22T14:41:19","date_gmt":"2023-09-22T06:41:19","guid":{"rendered":"https:\/\/www.rebehair.com\/?page_id=14506"},"modified":"2025-05-15T09:45:32","modified_gmt":"2025-05-15T01:45:32","slug":"about-us","status":"publish","type":"page","link":"https:\/\/www.rebehair.com\/fr\/about-us\/","title":{"rendered":"\u00e0 propos de nous"},"content":{"rendered":"<div class=\"slider-wrapper relative\" id=\"slider-310419550\" >\n    <div class=\"slider slider-nav-circle slider-nav-large slider-nav-light slider-style-normal\"\n        data-flickity-options='{            \"cellAlign\": \"center\",            \"imagesLoaded\": true,            \"lazyLoad\": 1,            \"freeScroll\": false,            \"wrapAround\": true,            \"autoPlay\": 6000,            \"pauseAutoPlayOnHover\" : true,            \"prevNextButtons\": true,            \"contain\" : true,            \"adaptiveHeight\" : true,            \"dragThreshold\" : 10,            \"percentPosition\": true,            \"pageDots\": true,            \"rightToLeft\": false,            \"draggable\": true,            \"selectedAttraction\": 0.1,            \"parallax\" : 0,            \"friction\": 0.6        }'\n        >\n        \n\n  <div class=\"banner has-hover\" id=\"banner-507695901\">\n          <div class=\"banner-inner fill\">\n        <div class=\"banner-bg fill\" >\n            <div class=\"bg fill bg-fill\"><\/div>\n                                    \n                    <\/div><!-- bg-layers -->\n        <div class=\"banner-layers container\">\n            <div class=\"fill banner-link\"><\/div>            \n   <div id=\"text-box-1522915806\" class=\"text-box banner-layer x50 md-x50 lg-x50 y50 md-y50 lg-y50 res-text\">\n                                <div class=\"text dark\">\n              \n              <div class=\"text-inner text-center\">\n                  \n<h3 class=\"uppercase\"><strong>Usine de cheveux Rebe<\/strong><\/h3>\n              <\/div>\n           <\/div><!-- text-box-inner -->\n                            \n<style scope=\"scope\">\n\n#text-box-1522915806 {\n  width: 60%;\n}\n#text-box-1522915806 .text {\n  font-size: 100%;\n}\n<\/style>\n    <\/div><!-- text-box -->\n \n        <\/div><!-- .banner-layers -->\n      <\/div><!-- .banner-inner -->\n\n            \n<style scope=\"scope\">\n\n#banner-507695901 {\n  padding-top: 500px;\n}\n#banner-507695901 .bg.bg-loaded {\n  background-image: url(https:\/\/www.rebehair.com\/wp-content\/uploads\/2023\/09\/rebehair-banner-factory-1400x509.jpg);\n}\n<\/style>\n  <\/div><!-- .banner -->\n\n\n     <\/div>\n\n     <div class=\"loading-spin dark large centered\"><\/div>\n\n     <style scope=\"scope\">\n             <\/style>\n<\/div><!-- .ux-slider-wrapper -->\n\n\n\t<section class=\"section\" id=\"section_961051617\">\n\t\t<div class=\"bg section-bg fill bg-fill  bg-loaded\" >\n\n\t\t\t\n\t\t\t\n\t\t\t\n\n\t\t<\/div><!-- .section-bg -->\n\n\t\t<div class=\"section-content relative\">\n\t\t\t\n<div class=\"row align-center\"  id=\"row-1850525618\">\n<div class=\"col medium-10 small-12 large-10\"  ><div class=\"col-inner text-center\"  >\n<h2 class=\"uppercase\">Entrez dans notre usine<\/h2>\n<p>Alors plus de secrets sur la fa\u00e7on dont les cheveux sont fabriqu\u00e9s, v\u00e9rifiez quelques \u00e9tapes ci-dessous pour en savoir bri\u00e8vement sur la fabrication des extensions de cheveux. Nous mettrons en ligne d&#039;autres vid\u00e9os \u00e0 l&#039;avenir.<\/p>\n<\/div><\/div>\n\n<style scope=\"scope\">\n\n<\/style>\n<\/div>\n<div class=\"row\"  id=\"row-1526414290\">\n<div class=\"col medium-6 small-12 large-6\"  ><div class=\"col-inner\"  >\n\t<div class=\"img has-hover x md-x lg-x y md-y lg-y\" id=\"image_1093237788\">\n\t\t\t\t\t\t\t\t<div class=\"img-inner dark\" >\n\t\t\t<img width=\"800\" height=\"800\" src=\"https:\/\/www.rebehair.com\/wp-content\/uploads\/2016\/10\/factory1-1024x1024.jpg\" class=\"attachment-large size-large\" alt=\"\" decoding=\"async\" loading=\"lazy\" srcset=\"https:\/\/www.rebehair.com\/wp-content\/uploads\/2016\/10\/factory1-1024x1024.jpg 1024w, https:\/\/www.rebehair.com\/wp-content\/uploads\/2016\/10\/factory1-300x300.jpg 300w, https:\/\/www.rebehair.com\/wp-content\/uploads\/2016\/10\/factory1-100x100.jpg 100w, https:\/\/www.rebehair.com\/wp-content\/uploads\/2016\/10\/factory1-600x600.jpg 600w, https:\/\/www.rebehair.com\/wp-content\/uploads\/2016\/10\/factory1-80x80.jpg 80w, https:\/\/www.rebehair.com\/wp-content\/uploads\/2016\/10\/factory1-768x768.jpg 768w, https:\/\/www.rebehair.com\/wp-content\/uploads\/2016\/10\/factory1-125x125.jpg 125w, https:\/\/www.rebehair.com\/wp-content\/uploads\/2016\/10\/factory1-75x75.jpg 75w, https:\/\/www.rebehair.com\/wp-content\/uploads\/2016\/10\/factory1-36x36.jpg 36w, https:\/\/www.rebehair.com\/wp-content\/uploads\/2016\/10\/factory1-930x930.jpg 930w, https:\/\/www.rebehair.com\/wp-content\/uploads\/2016\/10\/factory1.jpg 1500w\" sizes=\"(max-width: 800px) 100vw, 800px\" \/>\t\t\t\t\t\t\n\t\t\t\t\t<\/div>\n\t\t\t\t\t\t\t\t\n<style scope=\"scope\">\n\n#image_1093237788 {\n  width: 100%;\n}\n<\/style>\n\t<\/div>\n\t\n<\/div><\/div>\n<div class=\"col medium-6 small-12 large-6\"  ><div class=\"col-inner\"  >\n\t<div class=\"img has-hover x md-x lg-x y md-y lg-y\" id=\"image_1943935711\">\n\t\t\t\t\t\t\t\t<div class=\"img-inner dark\" >\n\t\t\t<img width=\"800\" height=\"800\" src=\"https:\/\/www.rebehair.com\/wp-content\/uploads\/2016\/10\/factory2.jpg\" class=\"attachment-large size-large\" alt=\"\" decoding=\"async\" loading=\"lazy\" srcset=\"https:\/\/www.rebehair.com\/wp-content\/uploads\/2016\/10\/factory2.jpg 800w, https:\/\/www.rebehair.com\/wp-content\/uploads\/2016\/10\/factory2-300x300.jpg 300w, https:\/\/www.rebehair.com\/wp-content\/uploads\/2016\/10\/factory2-100x100.jpg 100w, https:\/\/www.rebehair.com\/wp-content\/uploads\/2016\/10\/factory2-600x600.jpg 600w, https:\/\/www.rebehair.com\/wp-content\/uploads\/2016\/10\/factory2-80x80.jpg 80w, https:\/\/www.rebehair.com\/wp-content\/uploads\/2016\/10\/factory2-768x768.jpg 768w, https:\/\/www.rebehair.com\/wp-content\/uploads\/2016\/10\/factory2-125x125.jpg 125w, https:\/\/www.rebehair.com\/wp-content\/uploads\/2016\/10\/factory2-75x75.jpg 75w, https:\/\/www.rebehair.com\/wp-content\/uploads\/2016\/10\/factory2-36x36.jpg 36w\" sizes=\"(max-width: 800px) 100vw, 800px\" \/>\t\t\t\t\t\t\n\t\t\t\t\t<\/div>\n\t\t\t\t\t\t\t\t\n<style scope=\"scope\">\n\n#image_1943935711 {\n  width: 100%;\n}\n<\/style>\n\t<\/div>\n\t\n<\/div><\/div>\n<\/div>\n\t\t<\/div><!-- .section-content -->\n\n\t\t\n<style scope=\"scope\">\n\n#section_961051617 {\n  padding-top: 60px;\n  padding-bottom: 60px;\n  min-height: 300px;\n  background-color: rgb(245, 245, 245);\n}\n<\/style>\n\t<\/section>\n\t\n<div class=\"row\"  id=\"row-649954301\">\n<div class=\"col small-12 large-12\"  ><div class=\"col-inner\"  >\n<h2 class=\"uppercase\" style=\"text-align: center;\">nos cheveux<\/h2>\n<p>\u00c9tant dans cette industrie depuis de nombreuses ann\u00e9es, nous avons malheureusement vu tant de fournisseurs malhonn\u00eates vendre des produits capillaires avec des cheveux synth\u00e9tiques comme les cheveux humains 100% et comment ces fournisseurs ont augment\u00e9 et chut\u00e9. Nous fabriquons des cheveux humains 100% depuis le d\u00e9but et n&#039;avons pas chang\u00e9 quelle que soit l&#039;intensit\u00e9 de la concurrence. Tous nos produits sont fabriqu\u00e9s \u00e0 partir de cheveux humains 100%, c&#039;est la promesse faite \u00e0 vous et \u00e0 nous-m\u00eames.<\/p>\n<\/div><\/div>\n<div class=\"col medium-6 small-12 large-6\"  ><div class=\"col-inner\"  >\n<h3>Nos tarifs<\/h3>\n<p><span style=\"font-size: 105%;\">Nous sommes l&#039;une des usines leaders du secteur avec 10 ans d&#039;exp\u00e9rience, ce qui nous permet de fournir le prix le plus bas et la meilleure qualit\u00e9. Notre objectif est de garantir \u00e0 nos clients le prix le plus raisonnable pour r\u00e9aliser des b\u00e9n\u00e9fices.<\/span><\/p>\n<\/div><\/div>\n<div class=\"col medium-6 small-12 large-6\"  ><div class=\"col-inner\"  >\n<h1 class=\"font-size--up-7 margin-bottom--up-2 line-height--none\">\u00c0 propos de l&#039;emballage<\/h1>\n<p>Notre propre \u00e9quipe de conception aidera les clients \u00e0 personnaliser leurs forfaits gratuitement\u00a0! Notre \u00e9quipe de production d\u2019emballages peut fabriquer votre emballage rapidement et avec pr\u00e9cision.<\/p>\n<\/div><\/div>\n<div class=\"col small-12 large-12\"  ><div class=\"col-inner\"  >\n\n  <div class=\"banner has-hover\" id=\"banner-809874114\">\n          <div class=\"banner-inner fill\">\n        <div class=\"banner-bg fill\" >\n            <div class=\"bg fill bg-fill\"><\/div>\n                                    \n                    <\/div><!-- bg-layers -->\n        <div class=\"banner-layers container\">\n            <div class=\"fill banner-link\"><\/div>            \n   <div id=\"text-box-64490081\" class=\"text-box banner-layer x50 md-x50 lg-x50 y50 md-y50 lg-y50 res-text\">\n                                <div class=\"text dark\">\n              \n              <div class=\"text-inner text-center\">\n                  \n              <\/div>\n           <\/div><!-- text-box-inner -->\n                            \n<style scope=\"scope\">\n\n#text-box-64490081 {\n  width: 60%;\n}\n#text-box-64490081 .text {\n  font-size: 100%;\n}\n<\/style>\n    <\/div><!-- text-box -->\n \n        <\/div><!-- .banner-layers -->\n      <\/div><!-- .banner-inner -->\n\n            \n<style scope=\"scope\">\n\n#banner-809874114 {\n  padding-top: 500px;\n}\n#banner-809874114 .bg.bg-loaded {\n  background-image: url(https:\/\/www.rebehair.com\/wp-content\/uploads\/2016\/10\/img_3549_\u526f\u672c-1024x360.jpg);\n}\n<\/style>\n  <\/div><!-- .banner -->\n\n\n<\/div><\/div>\n<div class=\"col small-12 large-12\"  ><div class=\"col-inner\"  >\n<div class=\"row\"  id=\"row-264709301\">\n<div class=\"col medium-6 small-12 large-6\"  ><div class=\"col-inner\"  >\n\t<div class=\"img has-hover x md-x lg-x y md-y lg-y\" id=\"image_104855998\">\n\t\t\t\t\t\t\t\t<div class=\"img-inner dark\" >\n\t\t\t<img width=\"420\" height=\"238\" src=\"https:\/\/www.rebehair.com\/wp-content\/uploads\/2016\/10\/factory-location.png\" class=\"attachment-large size-large\" alt=\"\" decoding=\"async\" loading=\"lazy\" srcset=\"https:\/\/www.rebehair.com\/wp-content\/uploads\/2016\/10\/factory-location.png 420w, https:\/\/www.rebehair.com\/wp-content\/uploads\/2016\/10\/factory-location-300x170.png 300w, https:\/\/www.rebehair.com\/wp-content\/uploads\/2016\/10\/factory-location-125x71.png 125w, https:\/\/www.rebehair.com\/wp-content\/uploads\/2016\/10\/factory-location-75x43.png 75w\" sizes=\"(max-width: 420px) 100vw, 420px\" \/>\t\t\t\t\t\t\n\t\t\t\t\t<\/div>\n\t\t\t\t\t\t\t\t\n<style scope=\"scope\">\n\n#image_104855998 {\n  width: 100%;\n}\n<\/style>\n\t<\/div>\n\t\n<\/div><\/div>\n<div class=\"col medium-6 small-12 large-6\"  ><div class=\"col-inner\"  >\n<p class=\"lead\">Notre usine situ\u00e9e \u00e0 Juancheng, ShangDong, Chine. Juancheng est le plus grand centre de collecte et de distribution de mati\u00e8res premi\u00e8res pour cheveux humains. Notre centre de recherche et d\u00e9veloppement orient\u00e9 march\u00e9 dispose de la meilleure \u00e9quipe de recherche qui garantit la meilleure qualit\u00e9, la r\u00e9ponse la plus rapide, le prix le plus bas et la position de leader dans l&#039;industrie. Nous avons construit un partenariat \u00e0 long terme avec de nombreuses entreprises des \u00c9tats et d&#039;Europe. Vous \u00eates invit\u00e9s \u00e0 visiter notre usine pour une visite de l\u2019usine.<\/p>\n<\/div><\/div>\n<\/div>\n<\/div><\/div>\n<\/div>\n<div class=\"row\"  id=\"row-1791270010\">\n<div class=\"col medium-6 small-12 large-6\"  ><div class=\"col-inner\"  >\n\t<div class=\"box has-hover   has-hover box-text-bottom\" >\n\n\t\t<div class=\"box-image\" >\n\t\t\t\t\t\t<div class=\"\" >\n\t\t\t\t<img width=\"647\" height=\"533\" src=\"https:\/\/www.rebehair.com\/wp-content\/uploads\/2016\/10\/tapeinhair.jpg\" class=\"attachment- size-\" alt=\"tape-in-hair\" decoding=\"async\" loading=\"lazy\" srcset=\"https:\/\/www.rebehair.com\/wp-content\/uploads\/2016\/10\/tapeinhair.jpg 647w, https:\/\/www.rebehair.com\/wp-content\/uploads\/2016\/10\/tapeinhair-600x494.jpg 600w, https:\/\/www.rebehair.com\/wp-content\/uploads\/2016\/10\/tapeinhair-300x247.jpg 300w, https:\/\/www.rebehair.com\/wp-content\/uploads\/2016\/10\/tapeinhair-125x103.jpg 125w, https:\/\/www.rebehair.com\/wp-content\/uploads\/2016\/10\/tapeinhair-75x62.jpg 75w\" sizes=\"(max-width: 647px) 100vw, 647px\" \/>\t\t\t\t\t\t\t\t\t\t\t<\/div>\n\t\t\t\t\t<\/div><!-- box-image -->\n\n\t\t<div class=\"box-text text-center\" >\n\t\t\t<div class=\"box-text-inner\">\n\t\t\t\t\n<p>&nbsp;<\/p>\n<h4>Pourquoi nous choisir<\/h4>\n<p>Plus de 10 ans d&#039;exp\u00e9rience dans la production d&#039;extensions de cheveux<\/p>\n<p>\u00c9quipe commerciale professionnelle et r\u00e9active<\/p>\n\t\t\t<\/div><!-- box-text-inner -->\n\t\t<\/div><!-- box-text -->\n\t<\/div><!-- .box  -->\n\t\n<\/div><\/div>\n<div class=\"col medium-6 small-12 large-6\"  ><div class=\"col-inner\"  >\n\t<div class=\"box has-hover   has-hover box-text-bottom\" >\n\n\t\t<div class=\"box-image\" >\n\t\t\t\t\t\t<div class=\"\" >\n\t\t\t\t<img width=\"647\" height=\"533\" src=\"https:\/\/www.rebehair.com\/wp-content\/uploads\/2016\/10\/virginhair.jpg\" class=\"attachment- size-\" alt=\"virgin hair\" decoding=\"async\" loading=\"lazy\" srcset=\"https:\/\/www.rebehair.com\/wp-content\/uploads\/2016\/10\/virginhair.jpg 647w, https:\/\/www.rebehair.com\/wp-content\/uploads\/2016\/10\/virginhair-600x494.jpg 600w, https:\/\/www.rebehair.com\/wp-content\/uploads\/2016\/10\/virginhair-300x247.jpg 300w, https:\/\/www.rebehair.com\/wp-content\/uploads\/2016\/10\/virginhair-125x103.jpg 125w, https:\/\/www.rebehair.com\/wp-content\/uploads\/2016\/10\/virginhair-75x62.jpg 75w\" sizes=\"(max-width: 647px) 100vw, 647px\" \/>\t\t\t\t\t\t\t\t\t\t\t<\/div>\n\t\t\t\t\t<\/div><!-- box-image -->\n\n\t\t<div class=\"box-text text-center\" >\n\t\t\t<div class=\"box-text-inner\">\n\t\t\t\t\n<p>&nbsp;<\/p>\n<h4>LE MAT\u00c9RIEL<\/h4>\n<p>Our purchase team only collect the best raw hair material from Europe, India, China and so on, to ensure the stability of the product quality.<\/p>\n\t\t\t<\/div><!-- box-text-inner -->\n\t\t<\/div><!-- box-text -->\n\t<\/div><!-- .box  -->\n\t\n<\/div><\/div>\n<\/div>\n\t<section class=\"section\" id=\"section_1230594036\">\n\t\t<div class=\"bg section-bg fill bg-fill\" >\n\n\t\t\t\n\t\t\t<div class=\"section-bg-overlay absolute fill\"><\/div>\n\t\t\t\n\n\t\t<\/div><!-- .section-bg -->\n\n\t\t<div class=\"section-content relative\">\n\t\t\t\n<div class=\"row row-large align-center\"  id=\"row-945060414\">\n<div class=\"col large-12\"  ><div class=\"col-inner\"  >\n\t<div class=\"img has-hover x md-x lg-x y md-y lg-y\" id=\"image_2146347771\">\n\t\t\t\t\t\t\t\t<div class=\"img-inner dark\" >\n\t\t\t<img width=\"1020\" height=\"570\" src=\"https:\/\/www.rebehair.com\/wp-content\/uploads\/2016\/10\/warehouse-1024x572.jpg\" class=\"attachment-large size-large\" alt=\"rebehair ware house\" decoding=\"async\" loading=\"lazy\" srcset=\"https:\/\/www.rebehair.com\/wp-content\/uploads\/2016\/10\/warehouse-1024x572.jpg 1024w, https:\/\/www.rebehair.com\/wp-content\/uploads\/2016\/10\/warehouse-600x335.jpg 600w, https:\/\/www.rebehair.com\/wp-content\/uploads\/2016\/10\/warehouse-300x168.jpg 300w, https:\/\/www.rebehair.com\/wp-content\/uploads\/2016\/10\/warehouse-768x429.jpg 768w, https:\/\/www.rebehair.com\/wp-content\/uploads\/2016\/10\/warehouse-125x70.jpg 125w, https:\/\/www.rebehair.com\/wp-content\/uploads\/2016\/10\/warehouse-75x42.jpg 75w, https:\/\/www.rebehair.com\/wp-content\/uploads\/2016\/10\/warehouse-930x520.jpg 930w, https:\/\/www.rebehair.com\/wp-content\/uploads\/2016\/10\/warehouse.jpg 1616w\" sizes=\"(max-width: 1020px) 100vw, 1020px\" \/>\t\t\t\t\t\t\n\t\t\t\t\t<\/div>\n\t\t\t\t\t\t\t\t\n<style scope=\"scope\">\n\n#image_2146347771 {\n  width: 100%;\n}\n<\/style>\n\t<\/div>\n\t\n<\/div><\/div>\n<div class=\"col small-12 large-12\"  ><div class=\"col-inner text-center\"  >\n<h1 class=\"title-secondary-bold title-wider line-height--none margin-bottom--up-2 medium-down--font-size--up-2\">\u00c0 PROPOS DU PROPRI\u00c9TAIRE<\/h1>\n<p>Mr. Wang, the owner with more than 30 years experiences in the hair business, has built his factory from a family workshop to a big factory with 100 staff. Mr. Zhang never low down the production standard, he still work as a production supervisor to ensure the product quality.<\/p>\n<h3>100+ employ\u00e9s<\/h3>\n<h3>20<br \/>DES ANN\u00c9ES D&#039;EXP\u00c9RIENCE<\/h3>\n<\/div><\/div>\n\n<style scope=\"scope\">\n\n<\/style>\n<\/div>\n\t\t<\/div><!-- .section-content -->\n\n\t\t\n<style scope=\"scope\">\n\n#section_1230594036 {\n  padding-top: 0px;\n  padding-bottom: 0px;\n  background-color: rgb(193, 193, 193);\n}\n#section_1230594036 .section-bg-overlay {\n  background-color: rgba(255, 255, 255, 0.85);\n}\n#section_1230594036 .section-bg.bg-loaded {\n  background-image: url(https:\/\/www.rebehair.com\/wp-content\/uploads\/2016\/10\/warehouse.jpg);\n}\n<\/style>\n\t<\/section>","protected":false},"excerpt":{"rendered":"","protected":false},"author":1,"featured_media":0,"parent":0,"menu_order":0,"comment_status":"closed","ping_status":"closed","template":"","meta":{"footnotes":""},"yoast_head":"<!-- This site is optimized with the Yoast SEO plugin v20.11 - https:\/\/yoast.com\/wordpress\/plugins\/seo\/ -->\n<title>About Us | Rebehair | Best Hair Weave Distributor<\/title>\n<meta name=\"description\" content=\"RebeHair is a leading hair products factory founded in 2002.Our factory is located in JuanCheng City,China.\" \/>\n<meta name=\"robots\" content=\"index, follow, max-snippet:-1, max-image-preview:large, max-video-preview:-1\" \/>\n<link rel=\"canonical\" href=\"https:\/\/www.rebehair.com\/fr\/about-us\/\" \/>\n<meta property=\"og:locale\" content=\"fr_FR\" \/>\n<meta property=\"og:type\" content=\"article\" \/>\n<meta property=\"og:title\" content=\"About Us | Rebehair | Best Hair Weave Distributor\" \/>\n<meta property=\"og:description\" content=\"RebeHair is a leading hair products factory founded in 2002.Our factory is located in JuanCheng City,China.\" \/>\n<meta property=\"og:url\" content=\"https:\/\/www.rebehair.com\/fr\/about-us\/\" \/>\n<meta property=\"og:site_name\" content=\"RebeHair Extension Factory\" \/>\n<meta property=\"article:modified_time\" content=\"2025-05-15T01:45:32+00:00\" \/>\n<meta name=\"twitter:card\" content=\"summary_large_image\" \/>\n<meta name=\"twitter:label1\" content=\"Dur\u00e9e de lecture estim\u00e9e\" \/>\n\t<meta name=\"twitter:data1\" content=\"3 minutes\" \/>\n<script type=\"application\/ld+json\" class=\"yoast-schema-graph\">{\"@context\":\"https:\/\/schema.org\",\"@graph\":[{\"@type\":\"WebPage\",\"@id\":\"https:\/\/www.rebehair.com\/about-us\/\",\"url\":\"https:\/\/www.rebehair.com\/about-us\/\",\"name\":\"About Us | Rebehair | Best Hair Weave Distributor\",\"isPartOf\":{\"@id\":\"https:\/\/www.rebehair.com\/#website\"},\"datePublished\":\"2023-09-22T06:41:19+00:00\",\"dateModified\":\"2025-05-15T01:45:32+00:00\",\"description\":\"RebeHair is a leading hair products factory founded in 2002.Our factory is located in JuanCheng City,China.\",\"breadcrumb\":{\"@id\":\"https:\/\/www.rebehair.com\/about-us\/#breadcrumb\"},\"inLanguage\":\"fr-FR\",\"potentialAction\":[{\"@type\":\"ReadAction\",\"target\":[\"https:\/\/www.rebehair.com\/about-us\/\"]}]},{\"@type\":\"BreadcrumbList\",\"@id\":\"https:\/\/www.rebehair.com\/about-us\/#breadcrumb\",\"itemListElement\":[{\"@type\":\"ListItem\",\"position\":1,\"name\":\"Home\",\"item\":\"https:\/\/www.rebehair.com\/\"},{\"@type\":\"ListItem\",\"position\":2,\"name\":\"about us\"}]},{\"@type\":\"WebSite\",\"@id\":\"https:\/\/www.rebehair.com\/#website\",\"url\":\"https:\/\/www.rebehair.com\/\",\"name\":\"RebeHair Extension Factory\",\"description\":\"\",\"potentialAction\":[{\"@type\":\"SearchAction\",\"target\":{\"@type\":\"EntryPoint\",\"urlTemplate\":\"https:\/\/www.rebehair.com\/?s={search_term_string}\"},\"query-input\":\"required name=search_term_string\"}],\"inLanguage\":\"fr-FR\"}]}<\/script>\n<!-- \/ Yoast SEO plugin. -->","yoast_head_json":{"title":"About Us | Rebehair | Best Hair Weave Distributor","description":"RebeHair is a leading hair products factory founded in 2002.Our factory is located in JuanCheng City,China.","robots":{"index":"index","follow":"follow","max-snippet":"max-snippet:-1","max-image-preview":"max-image-preview:large","max-video-preview":"max-video-preview:-1"},"canonical":"https:\/\/www.rebehair.com\/fr\/about-us\/","og_locale":"fr_FR","og_type":"article","og_title":"About Us | Rebehair | Best Hair Weave Distributor","og_description":"RebeHair is a leading hair products factory founded in 2002.Our factory is located in JuanCheng City,China.","og_url":"https:\/\/www.rebehair.com\/fr\/about-us\/","og_site_name":"RebeHair Extension Factory","article_modified_time":"2025-05-15T01:45:32+00:00","twitter_card":"summary_large_image","twitter_misc":{"Dur\u00e9e de lecture estim\u00e9e":"3 minutes"},"schema":{"@context":"https:\/\/schema.org","@graph":[{"@type":"WebPage","@id":"https:\/\/www.rebehair.com\/about-us\/","url":"https:\/\/www.rebehair.com\/about-us\/","name":"About Us | Rebehair | Best Hair Weave Distributor","isPartOf":{"@id":"https:\/\/www.rebehair.com\/#website"},"datePublished":"2023-09-22T06:41:19+00:00","dateModified":"2025-05-15T01:45:32+00:00","description":"RebeHair is a leading hair products factory founded in 2002.Our factory is located in JuanCheng City,China.","breadcrumb":{"@id":"https:\/\/www.rebehair.com\/about-us\/#breadcrumb"},"inLanguage":"fr-FR","potentialAction":[{"@type":"ReadAction","target":["https:\/\/www.rebehair.com\/about-us\/"]}]},{"@type":"BreadcrumbList","@id":"https:\/\/www.rebehair.com\/about-us\/#breadcrumb","itemListElement":[{"@type":"ListItem","position":1,"name":"Home","item":"https:\/\/www.rebehair.com\/"},{"@type":"ListItem","position":2,"name":"about us"}]},{"@type":"WebSite","@id":"https:\/\/www.rebehair.com\/#website","url":"https:\/\/www.rebehair.com\/","name":"RebeHair Extension Factory","description":"","potentialAction":[{"@type":"SearchAction","target":{"@type":"EntryPoint","urlTemplate":"https:\/\/www.rebehair.com\/?s={search_term_string}"},"query-input":"required name=search_term_string"}],"inLanguage":"fr-FR"}]}},"_links":{"self":[{"href":"https:\/\/www.rebehair.com\/fr\/wp-json\/wp\/v2\/pages\/14506"}],"collection":[{"href":"https:\/\/www.rebehair.com\/fr\/wp-json\/wp\/v2\/pages"}],"about":[{"href":"https:\/\/www.rebehair.com\/fr\/wp-json\/wp\/v2\/types\/page"}],"author":[{"embeddable":true,"href":"https:\/\/www.rebehair.com\/fr\/wp-json\/wp\/v2\/users\/1"}],"replies":[{"embeddable":true,"href":"https:\/\/www.rebehair.com\/fr\/wp-json\/wp\/v2\/comments?post=14506"}],"version-history":[{"count":9,"href":"https:\/\/www.rebehair.com\/fr\/wp-json\/wp\/v2\/pages\/14506\/revisions"}],"predecessor-version":[{"id":15199,"href":"https:\/\/www.rebehair.com\/fr\/wp-json\/wp\/v2\/pages\/14506\/revisions\/15199"}],"wp:attachment":[{"href":"https:\/\/www.rebehair.com\/fr\/wp-json\/wp\/v2\/media?parent=14506"}],"curies":[{"name":"wp","href":"https:\/\/api.w.org\/{rel}","templated":true}]}}