
{"id":14400,"date":"2023-09-21T17:48:45","date_gmt":"2023-09-21T09:48:45","guid":{"rendered":"https:\/\/www.rebehair.com\/?page_id=14400"},"modified":"2023-09-21T17:51:12","modified_gmt":"2023-09-21T09:51:12","slug":"lace-wigs-100-human-hair","status":"publish","type":"page","link":"https:\/\/www.rebehair.com\/fr\/lace-wigs-100-human-hair\/","title":{"rendered":"Perruques en dentelle humaine"},"content":{"rendered":"<h1 style=\"text-align: center;\"><strong>Perruques en dentelle de cheveux humains 100%<\/strong><\/h1>\n<p>Les perruques offrent une solution pratique pour la perte de cheveux, la mode ou le cosplay. Ils viennent dans diff\u00e9rents styles, longueurs et couleurs. Ils sont disponibles dans diff\u00e9rentes constructions de casquettes, telles que Lace Front ou Full Lace, qui affectent le confort et la respirabilit\u00e9. Les perruques en cheveux humains offrent une apparence et une sensation plus naturelles, permettant une polyvalence et une durabilit\u00e9 en mati\u00e8re de style. De plus, ils peuvent simuler diverses textures, notamment des cheveux grossiers, soyeux ou textur\u00e9s.\u00a0<\/p>\n<h2>Information produit<\/h2>\n<h2>Texture populaire<\/h2>\n<div class=\"row row-dashed\"  id=\"row-1779374939\">\n<div class=\"col medium-4 small-12 large-4\"  ><div class=\"col-inner\"  >\n\t<div class=\"img has-hover x md-x lg-x y md-y lg-y\" id=\"image_1231798966\">\n\t\t\t\t\t\t\t\t<div class=\"img-inner dark\" >\n\t\t\t<img width=\"300\" height=\"225\" src=\"https:\/\/www.rebehair.com\/wp-content\/uploads\/2023\/09\/straight1.jpg\" class=\"attachment-large size-large\" alt=\"\" decoding=\"async\" loading=\"lazy\" srcset=\"https:\/\/www.rebehair.com\/wp-content\/uploads\/2023\/09\/straight1.jpg 300w, https:\/\/www.rebehair.com\/wp-content\/uploads\/2023\/09\/straight1-125x94.jpg 125w, https:\/\/www.rebehair.com\/wp-content\/uploads\/2023\/09\/straight1-75x56.jpg 75w, https:\/\/www.rebehair.com\/wp-content\/uploads\/2023\/09\/straight1-16x12.jpg 16w\" sizes=\"(max-width: 300px) 100vw, 300px\" \/>\t\t\t\t\t\t\n\t\t\t\t\t<\/div>\n\t\t\t\t\t\t\t\t\n<style scope=\"scope\">\n\n#image_1231798966 {\n  width: 100%;\n}\n<\/style>\n\t<\/div>\n\t\n<\/div><\/div>\n<div class=\"col medium-4 small-12 large-4\"  ><div class=\"col-inner\"  >\n\t<div class=\"img has-hover x md-x lg-x y md-y lg-y\" id=\"image_30111154\">\n\t\t\t\t\t\t\t\t<div class=\"img-inner dark\" >\n\t\t\t<img width=\"300\" height=\"225\" src=\"https:\/\/www.rebehair.com\/wp-content\/uploads\/2023\/09\/body.jpg\" class=\"attachment-large size-large\" alt=\"\" decoding=\"async\" loading=\"lazy\" srcset=\"https:\/\/www.rebehair.com\/wp-content\/uploads\/2023\/09\/body.jpg 300w, https:\/\/www.rebehair.com\/wp-content\/uploads\/2023\/09\/body-125x94.jpg 125w, https:\/\/www.rebehair.com\/wp-content\/uploads\/2023\/09\/body-75x56.jpg 75w, https:\/\/www.rebehair.com\/wp-content\/uploads\/2023\/09\/body-16x12.jpg 16w\" sizes=\"(max-width: 300px) 100vw, 300px\" \/>\t\t\t\t\t\t\n\t\t\t\t\t<\/div>\n\t\t\t\t\t\t\t\t\n<style scope=\"scope\">\n\n#image_30111154 {\n  width: 100%;\n}\n<\/style>\n\t<\/div>\n\t\n<\/div><\/div>\n<div class=\"col medium-4 small-12 large-4\"  ><div class=\"col-inner\"  >\n\t<div class=\"img has-hover x md-x lg-x y md-y lg-y\" id=\"image_207938481\">\n\t\t\t\t\t\t\t\t<div class=\"img-inner dark\" >\n\t\t\t<img width=\"300\" height=\"225\" src=\"https:\/\/www.rebehair.com\/wp-content\/uploads\/2023\/09\/img_v2_9e63c8f8-2077-46d6-97a0-5af441c8164g.jpg\" class=\"attachment-large size-large\" alt=\"\" decoding=\"async\" loading=\"lazy\" srcset=\"https:\/\/www.rebehair.com\/wp-content\/uploads\/2023\/09\/img_v2_9e63c8f8-2077-46d6-97a0-5af441c8164g.jpg 300w, https:\/\/www.rebehair.com\/wp-content\/uploads\/2023\/09\/img_v2_9e63c8f8-2077-46d6-97a0-5af441c8164g-125x94.jpg 125w, https:\/\/www.rebehair.com\/wp-content\/uploads\/2023\/09\/img_v2_9e63c8f8-2077-46d6-97a0-5af441c8164g-75x56.jpg 75w, https:\/\/www.rebehair.com\/wp-content\/uploads\/2023\/09\/img_v2_9e63c8f8-2077-46d6-97a0-5af441c8164g-16x12.jpg 16w\" sizes=\"(max-width: 300px) 100vw, 300px\" \/>\t\t\t\t\t\t\n\t\t\t\t\t<\/div>\n\t\t\t\t\t\t\t\t\n<style scope=\"scope\">\n\n#image_207938481 {\n  width: 100%;\n}\n<\/style>\n\t<\/div>\n\t\n<\/div><\/div>\n<div class=\"col medium-4 small-12 large-4\"  ><div class=\"col-inner\"  >\n\t<div class=\"img has-hover x md-x lg-x y md-y lg-y\" id=\"image_1771269582\">\n\t\t\t\t\t\t\t\t<div class=\"img-inner dark\" >\n\t\t\t<img width=\"300\" height=\"225\" src=\"https:\/\/www.rebehair.com\/wp-content\/uploads\/2023\/09\/curly.jpg\" class=\"attachment-large size-large\" alt=\"\" decoding=\"async\" loading=\"lazy\" srcset=\"https:\/\/www.rebehair.com\/wp-content\/uploads\/2023\/09\/curly.jpg 300w, https:\/\/www.rebehair.com\/wp-content\/uploads\/2023\/09\/curly-125x94.jpg 125w, https:\/\/www.rebehair.com\/wp-content\/uploads\/2023\/09\/curly-75x56.jpg 75w, https:\/\/www.rebehair.com\/wp-content\/uploads\/2023\/09\/curly-16x12.jpg 16w\" sizes=\"(max-width: 300px) 100vw, 300px\" \/>\t\t\t\t\t\t\n\t\t\t\t\t<\/div>\n\t\t\t\t\t\t\t\t\n<style scope=\"scope\">\n\n#image_1771269582 {\n  width: 100%;\n}\n<\/style>\n\t<\/div>\n\t\n<\/div><\/div>\n<div class=\"col medium-4 small-12 large-4\"  ><div class=\"col-inner\"  >\n\t<div class=\"img has-hover x md-x lg-x y md-y lg-y\" id=\"image_46171744\">\n\t\t\t\t\t\t\t\t<div class=\"img-inner dark\" >\n\t\t\t<img width=\"300\" height=\"225\" src=\"https:\/\/www.rebehair.com\/wp-content\/uploads\/2023\/09\/kinky-curly.jpg\" class=\"attachment-large size-large\" alt=\"\" decoding=\"async\" loading=\"lazy\" srcset=\"https:\/\/www.rebehair.com\/wp-content\/uploads\/2023\/09\/kinky-curly.jpg 300w, https:\/\/www.rebehair.com\/wp-content\/uploads\/2023\/09\/kinky-curly-125x94.jpg 125w, https:\/\/www.rebehair.com\/wp-content\/uploads\/2023\/09\/kinky-curly-75x56.jpg 75w, https:\/\/www.rebehair.com\/wp-content\/uploads\/2023\/09\/kinky-curly-16x12.jpg 16w\" sizes=\"(max-width: 300px) 100vw, 300px\" \/>\t\t\t\t\t\t\n\t\t\t\t\t<\/div>\n\t\t\t\t\t\t\t\t\n<style scope=\"scope\">\n\n#image_46171744 {\n  width: 100%;\n}\n<\/style>\n\t<\/div>\n\t\n<\/div><\/div>\n<div class=\"col medium-4 small-12 large-4\"  ><div class=\"col-inner\"  >\n\t<div class=\"img has-hover x md-x lg-x y md-y lg-y\" id=\"image_1850567032\">\n\t\t\t\t\t\t\t\t<div class=\"img-inner dark\" >\n\t\t\t<img width=\"300\" height=\"225\" src=\"https:\/\/www.rebehair.com\/wp-content\/uploads\/2023\/09\/kinky.jpg\" class=\"attachment-large size-large\" alt=\"\" decoding=\"async\" loading=\"lazy\" srcset=\"https:\/\/www.rebehair.com\/wp-content\/uploads\/2023\/09\/kinky.jpg 300w, https:\/\/www.rebehair.com\/wp-content\/uploads\/2023\/09\/kinky-125x94.jpg 125w, https:\/\/www.rebehair.com\/wp-content\/uploads\/2023\/09\/kinky-75x56.jpg 75w, https:\/\/www.rebehair.com\/wp-content\/uploads\/2023\/09\/kinky-16x12.jpg 16w\" sizes=\"(max-width: 300px) 100vw, 300px\" \/>\t\t\t\t\t\t\n\t\t\t\t\t<\/div>\n\t\t\t\t\t\t\t\t\n<style scope=\"scope\">\n\n#image_1850567032 {\n  width: 100%;\n}\n<\/style>\n\t<\/div>\n\t\n<\/div><\/div>\n\n<style scope=\"scope\">\n\n<\/style>\n<\/div>\n<h2>Enqu\u00eatte sur la vente en gros<\/h2>\n\n<div class=\"wpcf7 no-js\" id=\"wpcf7-f8878-o1\" lang=\"en-US\" dir=\"ltr\">\n<div class=\"screen-reader-response\"><p role=\"status\" aria-live=\"polite\" aria-atomic=\"true\"><\/p> <ul><\/ul><\/div>\n<form action=\"\/fr\/wp-json\/wp\/v2\/pages\/14400#wpcf7-f8878-o1\" method=\"post\" class=\"wpcf7-form init\" aria-label=\"Contact form\" novalidate=\"novalidate\" data-status=\"init\" data-trp-original-action=\"\/fr\/wp-json\/wp\/v2\/pages\/14400#wpcf7-f8878-o1\">\n<div style=\"display: none;\">\n<input type=\"hidden\" name=\"_wpcf7\" value=\"8878\" \/>\n<input type=\"hidden\" name=\"_wpcf7_version\" value=\"5.7.7\" \/>\n<input type=\"hidden\" name=\"_wpcf7_locale\" value=\"en_US\" \/>\n<input type=\"hidden\" name=\"_wpcf7_unit_tag\" value=\"wpcf7-f8878-o1\" \/>\n<input type=\"hidden\" name=\"_wpcf7_container_post\" value=\"0\" \/>\n<input type=\"hidden\" name=\"_wpcf7_posted_data_hash\" value=\"\" \/>\n<\/div>\n<p><label>Votre Nom (requis)<\/label><br \/>\n<span class=\"wpcf7-form-control-wrap\" data-name=\"your-name\"><input size=\"40\" class=\"wpcf7-form-control wpcf7-text wpcf7-validates-as-required\" aria-required=\"true\" aria-invalid=\"false\" value=\"\" type=\"text\" name=\"your-name\" \/><\/span>\n<\/p>\n<p><label>Votre Email (requis)<\/label><br \/>\n<span class=\"wpcf7-form-control-wrap\" data-name=\"your-email\"><input size=\"40\" class=\"wpcf7-form-control wpcf7-text wpcf7-email wpcf7-validates-as-required wpcf7-validates-as-email\" aria-required=\"true\" aria-invalid=\"false\" value=\"\" type=\"email\" name=\"your-email\" \/><\/span>\n<\/p>\n<p><label>Votre message (obligatoire)<\/label><br \/>\n<span class=\"wpcf7-form-control-wrap\" data-name=\"your-message\"><textarea cols=\"40\" rows=\"10\" class=\"wpcf7-form-control wpcf7-textarea\" aria-invalid=\"false\" name=\"your-message\"><\/textarea><\/span>\n<\/p>\n<p><input class=\"wpcf7-form-control has-spinner wpcf7-submit button\" type=\"submit\" value=\"Soumettre\" \/>\n<\/p><p style=\"display: none !important;\"><label>&#916;<textarea name=\"_wpcf7_ak_hp_textarea\" cols=\"45\" rows=\"8\" maxlength=\"100\"><\/textarea><\/label><input type=\"hidden\" id=\"ak_js_1\" name=\"_wpcf7_ak_js\" value=\"171\"\/><script>document.getElementById( \"ak_js_1\" ).setAttribute( \"value\", ( new Date() ).getTime() );<\/script><\/p><div class=\"wpcf7-response-output\" aria-hidden=\"true\"><\/div>\n<input type=\"hidden\" name=\"trp-form-language\" value=\"fr\"\/><\/form>\n<\/div>\n\n<h2>FAQ<\/h2>\n<div class=\"accordion\" rel=\"\">\n<div class=\"accordion-item\"><a href=\"#\" class=\"accordion-title plain\"><button class=\"toggle\"><i class=\"icon-angle-down\"><\/i><\/button><span>Comment nettoyer mes perruques et postiches en cheveux humains ?<\/span><\/a><div class=\"accordion-inner\">\n<p>D\u00e9m\u00ealez d\u00e9licatement \u00e0 l&#039;aide d&#039;un peigne \u00e0 dents larges ou d&#039;une brosse \u00e0 perruque.<br \/>Remplissez une bassine d&#039;eau ti\u00e8de et ajoutez une petite quantit\u00e9 de shampoing sans sulfate.<br \/>Plongez la perruque et faites-la tourner, en \u00e9vitant de la frotter ou de la tordre.<br \/>Laissez tremper quelques minutes, puis rincez \u00e0 l&#039;eau froide jusqu&#039;\u00e0 ce que l&#039;eau soit claire.<br \/>Appliquer l&#039;apr\u00e8s-shampooing sur les mi-longueurs et pointes en \u00e9vitant les racines et laisser agir quelques minutes.<br \/>Rincer abondamment \u00e0 l&#039;eau froide.<br \/>\u00c9pongez d\u00e9licatement l&#039;exc\u00e8s d&#039;eau avec une serviette, en \u00e9vitant de frotter ou d&#039;essorer.<br \/>S\u00e9cher \u00e0 l&#039;air libre sur un support de perruque ou une t\u00eate de mannequin, en \u00e9vitant les sources de chaleur.<br \/>Coiffez comme vous le souhaitez en utilisant des produits de protection contre la chaleur avant d&#039;utiliser des outils de coiffage thermique.<br \/>Laver tous les 7 \u00e0 10 usages ou au besoin, en fonction de l&#039;accumulation de produit, de la transpiration et de l&#039;exposition environnementale.<br \/>N&#039;oubliez pas d&#039;utiliser des produits sp\u00e9cialement con\u00e7us pour les perruques et postiches en cheveux humains afin de conserver leur qualit\u00e9 et leur apparence.<\/p>\n<\/div><\/div>\n<div class=\"accordion-item\"><a href=\"#\" class=\"accordion-title plain\"><button class=\"toggle\"><i class=\"icon-angle-down\"><\/i><\/button><span>Puis-je utiliser de la laque sur ma perruque ou mon postiche ?<\/span><\/a><div class=\"accordion-inner\">\n<p>Il n\u2019est g\u00e9n\u00e9ralement pas recommand\u00e9 d\u2019utiliser de la laque directement sur les perruques ou les postiches. Pour les perruques en cheveux humains, une laque l\u00e9g\u00e8re et non collante peut \u00eatre utilis\u00e9e avec parcimonie sur les cheveux coiff\u00e9s, en \u00e9vitant la base ou les racines. Cependant, une utilisation excessive peut entra\u00eener une accumulation de produit et affecter l\u2019apparence. R\u00e9f\u00e9rez-vous toujours aux directives du fabricant et consultez un professionnel pour obtenir des conseils personnalis\u00e9s sur l&#039;entretien et le coiffage de la perruque.<\/p>\n<\/div><\/div>\n<div class=\"accordion-item\"><a href=\"#\" class=\"accordion-title plain\"><button class=\"toggle\"><i class=\"icon-angle-down\"><\/i><\/button><span>Qu&#039;en est-il de la coupe, de la remise en place et de la coloration de ma perruque ou de mon postiche\u00a0?<\/span><\/a><div class=\"accordion-inner\">\n<p>Coupe\u00a0: Il est pr\u00e9f\u00e9rable de confier la coupe \u00e0 un styliste professionnel exp\u00e9riment\u00e9 dans le travail des perruques afin de maintenir l&#039;int\u00e9grit\u00e9 de la perruque et d&#039;obtenir le style souhait\u00e9.<br \/>R\u00e9initialisation\u00a0: des outils de coiffage thermiques peuvent \u00eatre utilis\u00e9s pour relooker la perruque, mais il est important d&#039;utiliser des r\u00e9glages de chaleur faibles et des produits protecteurs. Il est recommand\u00e9 de demander l\u2019aide d\u2019un professionnel.<br \/>Coloration : Les perruques en cheveux humains peuvent \u00eatre color\u00e9es, mais il est conseill\u00e9 de consulter un coloriste professionnel sp\u00e9cialis\u00e9 dans les perruques pour s&#039;assurer que les bonnes techniques et les bons produits sont utilis\u00e9s.<\/p>\n<\/div><\/div>\n<\/div>\n<div class=\"accordion\" rel=\"\">\n<div class=\"accordion-item\"><a href=\"#\" class=\"accordion-title plain\"><button class=\"toggle\"><i class=\"icon-angle-down\"><\/i><\/button><span>Comment mettre et porter ma perruque ?<\/span><\/a><div class=\"accordion-inner\">\n<p>Pr\u00e9parez vos cheveux en les tressant ou en utilisant des \u00e9pingles \u00e0 cheveux pour les aplatir.<br \/>Mettez un bonnet de perruque pour cr\u00e9er une surface lisse.<br \/>Ajustez la taille de la perruque \u00e0 l&#039;aide des sangles ou des crochets situ\u00e9s au niveau de la nuque.<br \/>Secouez doucement la perruque pour d\u00e9tacher les fibres.<br \/>Alignez le devant de la perruque avec la racine naturelle de vos cheveux et positionnez-la sur votre t\u00eate.<br \/>Repoussez doucement la perruque et ajustez son positionnement.<br \/>Facultatif\u00a0: utilisez des \u00e9pingles \u00e0 cheveux ou des pinces \u00e0 perruque pour plus de s\u00e9curit\u00e9.<br \/>Coiffez la perruque \u00e0 l&#039;aide d&#039;un peigne, d&#039;une brosse ou de vos doigts.<br \/>Effectuez les derniers ajustements pour garantir un aspect naturel.<\/p>\n<\/div><\/div>\n<div class=\"accordion-item\"><a href=\"#\" class=\"accordion-title plain\"><button class=\"toggle\"><i class=\"icon-angle-down\"><\/i><\/button><span>Quels sont les avantages et les inconv\u00e9nients des perruques en cheveux humains ?<\/span><\/a><div class=\"accordion-inner\">\n<p>Avantages des perruques en cheveux humains : aspect naturel, polyvalence de style, durabilit\u00e9, options de couleurs r\u00e9alistes.<br \/>Inconv\u00e9nients des perruques en cheveux humains : n\u00e9cessitent plus de soins, r\u00e9tention de style limit\u00e9e.<\/p>\n<\/div><\/div>\n<div class=\"accordion-item\"><a href=\"#\" class=\"accordion-title plain\"><button class=\"toggle\"><i class=\"icon-angle-down\"><\/i><\/button><span>Comment entretenir mes perruques ?<\/span><\/a><div class=\"accordion-inner\">\n<p>Brossez ou peignez doucement pour d\u00e9m\u00ealer.<br \/>Laver avec du shampoing pour perruque et conditionner.<br \/>S\u00e9cher \u00e0 l&#039;air libre sur un support pour perruque.<br \/>Utilisez les outils de coiffage thermique avec prudence.<br \/>Conserver dans un sac respirant ou sur un support de perruque.<br \/>\u00c9vitez les frottements et les enchev\u00eatrements.<\/p>\n<\/div><\/div>\n<div class=\"accordion-item\"><a href=\"#\" class=\"accordion-title plain\"><button class=\"toggle\"><i class=\"icon-angle-down\"><\/i><\/button><span>Combien de temps durent les perruques en cheveux humains ?<\/span><\/a><div class=\"accordion-inner\">\n<p>La dur\u00e9e de vie des perruques en cheveux humains, qu&#039;elles soient Remy ou Virgin, peut varier en fonction de plusieurs facteurs, notamment la qualit\u00e9 des cheveux, la m\u00e9thode d&#039;installation, leur entretien et les pratiques d&#039;entretien individuelles. Avec des soins appropri\u00e9s, les perruques en cheveux humains Remy durent plus de 6 mois, les perruques en cheveux humains Virgin durent plus de 12 mois.<\/p>\n<\/div><\/div>\n<\/div>\n\t<div class=\"img has-hover x md-x lg-x y md-y lg-y\" id=\"image_886318299\">\n\t\t\t\t\t\t\t\t<div class=\"img-inner dark\" >\n\t\t\t<img width=\"1020\" height=\"557\" src=\"https:\/\/www.rebehair.com\/wp-content\/uploads\/2023\/09\/why-choose-us-Rebehair-wholesale-1400x765.jpg\" class=\"attachment-large size-large\" alt=\"\" decoding=\"async\" loading=\"lazy\" srcset=\"https:\/\/www.rebehair.com\/wp-content\/uploads\/2023\/09\/why-choose-us-Rebehair-wholesale-1400x765.jpg 1400w, https:\/\/www.rebehair.com\/wp-content\/uploads\/2023\/09\/why-choose-us-Rebehair-wholesale-732x400.jpg 732w, https:\/\/www.rebehair.com\/wp-content\/uploads\/2023\/09\/why-choose-us-Rebehair-wholesale-768x420.jpg 768w, https:\/\/www.rebehair.com\/wp-content\/uploads\/2023\/09\/why-choose-us-Rebehair-wholesale-125x68.jpg 125w, https:\/\/www.rebehair.com\/wp-content\/uploads\/2023\/09\/why-choose-us-Rebehair-wholesale-75x41.jpg 75w, https:\/\/www.rebehair.com\/wp-content\/uploads\/2023\/09\/why-choose-us-Rebehair-wholesale-18x10.jpg 18w, https:\/\/www.rebehair.com\/wp-content\/uploads\/2023\/09\/why-choose-us-Rebehair-wholesale-600x328.jpg 600w, https:\/\/www.rebehair.com\/wp-content\/uploads\/2023\/09\/why-choose-us-Rebehair-wholesale.jpg 1464w\" sizes=\"(max-width: 1020px) 100vw, 1020px\" \/>\t\t\t\t\t\t\n\t\t\t\t\t<\/div>\n\t\t\t\t\t\t\t\t\n<style scope=\"scope\">\n\n#image_886318299 {\n  width: 100%;\n}\n<\/style>\n\t<\/div>\n\t\n<div class=\"is-divider divider clearfix\" style=\"max-width:0px;height:0px;\"><\/div><!-- .divider -->\n<div class=\"row\"  id=\"row-2060371875\">\n<div class=\"col medium-6 small-12 large-6\"  ><div class=\"col-inner text-center\"  >\n<h1>Contactez-nous<\/h1>\n<p>Si vous avez des questions ou une demande concernant le secteur de la coiffure, n&#039;h\u00e9sitez pas \u00e0 nous contacter par e-mail \u00e0 Manager@rebehair.com. Ou envoyez-nous un message WhatsApp. Notre \u00e9quipe de service client vous r\u00e9pondra dans les 24 heures.<\/p>\n<a rel=\"noopener noreferrer\" href=\"mailto:manager@rebehair.com\" target=\"_blank\" class=\"button secondary is-shade is-larger box-shadow-4 box-shadow-5-hover\"  style=\"border-radius:20px;\">\n  <i class=\"icon-envelop\" ><\/i>  <span>Envoyez-nous un courriel maintenant<\/span>\n  <\/a>\n\n<\/div><\/div>\n<div class=\"col medium-6 small-12 large-6\"  ><div class=\"col-inner text-center\"  >\n\t<div class=\"img has-hover x md-x lg-x y md-y lg-y\" id=\"image_43989166\">\n\t\t\t\t\t\t\t\t<div class=\"img-inner dark\" >\n\t\t\t<img width=\"270\" height=\"272\" src=\"https:\/\/www.rebehair.com\/wp-content\/uploads\/2023\/09\/whatsapp.png\" class=\"attachment-large size-large\" alt=\"\" decoding=\"async\" loading=\"lazy\" srcset=\"https:\/\/www.rebehair.com\/wp-content\/uploads\/2023\/09\/whatsapp.png 270w, https:\/\/www.rebehair.com\/wp-content\/uploads\/2023\/09\/whatsapp-125x125.png 125w, https:\/\/www.rebehair.com\/wp-content\/uploads\/2023\/09\/whatsapp-75x75.png 75w, https:\/\/www.rebehair.com\/wp-content\/uploads\/2023\/09\/whatsapp-12x12.png 12w, https:\/\/www.rebehair.com\/wp-content\/uploads\/2023\/09\/whatsapp-100x100.png 100w\" sizes=\"(max-width: 270px) 100vw, 270px\" \/>\t\t\t\t\t\t\n\t\t\t\t\t<\/div>\n\t\t\t\t\t\t\t\t\n<style scope=\"scope\">\n\n#image_43989166 {\n  width: 26%;\n}\n<\/style>\n\t<\/div>\n\t\n<a rel=\"noopener noreferrer\" href=\"https:\/\/api.whatsapp.com\/send?phone=8617615525010\" target=\"_blank\" class=\"button success is-shade is-larger box-shadow-4 box-shadow-5-hover\"  style=\"border-radius:20px;\">\n  <i class=\"icon-phone\" ><\/i>  <span>WhatsApp nous<\/span>\n  <\/a>\n\n<\/div><\/div>\n<\/div>","protected":false},"excerpt":{"rendered":"<p>100% Human Hair Lace Wigs Wigs provide a convenient solution for hair loss, fashion, or cosplay purposes. They come in various styles, lengths, and colors. They are available in different cap constructions, such as lace front or full lace, which affect comfort and breathability. Human hair wigs offer a more natural look and feel, allowing [&#8230;]","protected":false},"author":1,"featured_media":0,"parent":0,"menu_order":0,"comment_status":"closed","ping_status":"closed","template":"","meta":{"footnotes":""},"yoast_head":"<!-- This site is optimized with the Yoast SEO plugin v20.11 - https:\/\/yoast.com\/wordpress\/plugins\/seo\/ -->\n<title>Human Lace Wigs - RebeHair Extension Factory<\/title>\n<meta name=\"description\" content=\"Human Lace Wigs - RebeHair Extension Factory\" \/>\n<meta name=\"robots\" content=\"index, follow, max-snippet:-1, max-image-preview:large, max-video-preview:-1\" \/>\n<link rel=\"canonical\" href=\"https:\/\/www.rebehair.com\/fr\/lace-wigs-100-human-hair\/\" \/>\n<meta property=\"og:locale\" content=\"fr_FR\" \/>\n<meta property=\"og:type\" content=\"article\" \/>\n<meta property=\"og:title\" content=\"Human Lace Wigs - RebeHair Extension Factory\" \/>\n<meta property=\"og:description\" content=\"Human Lace Wigs - RebeHair Extension Factory\" \/>\n<meta property=\"og:url\" content=\"https:\/\/www.rebehair.com\/fr\/lace-wigs-100-human-hair\/\" \/>\n<meta property=\"og:site_name\" content=\"RebeHair Extension Factory\" \/>\n<meta property=\"article:modified_time\" content=\"2023-09-21T09:51:12+00:00\" \/>\n<meta name=\"twitter:card\" content=\"summary_large_image\" \/>\n<meta name=\"twitter:label1\" content=\"Dur\u00e9e de lecture estim\u00e9e\" \/>\n\t<meta name=\"twitter:data1\" content=\"4 minutes\" \/>\n<script type=\"application\/ld+json\" class=\"yoast-schema-graph\">{\"@context\":\"https:\/\/schema.org\",\"@graph\":[{\"@type\":\"WebPage\",\"@id\":\"https:\/\/www.rebehair.com\/lace-wigs-100-human-hair\/\",\"url\":\"https:\/\/www.rebehair.com\/lace-wigs-100-human-hair\/\",\"name\":\"Human Lace Wigs - RebeHair Extension Factory\",\"isPartOf\":{\"@id\":\"https:\/\/www.rebehair.com\/#website\"},\"datePublished\":\"2023-09-21T09:48:45+00:00\",\"dateModified\":\"2023-09-21T09:51:12+00:00\",\"description\":\"Human Lace Wigs - RebeHair Extension Factory\",\"breadcrumb\":{\"@id\":\"https:\/\/www.rebehair.com\/lace-wigs-100-human-hair\/#breadcrumb\"},\"inLanguage\":\"fr-FR\",\"potentialAction\":[{\"@type\":\"ReadAction\",\"target\":[\"https:\/\/www.rebehair.com\/lace-wigs-100-human-hair\/\"]}]},{\"@type\":\"BreadcrumbList\",\"@id\":\"https:\/\/www.rebehair.com\/lace-wigs-100-human-hair\/#breadcrumb\",\"itemListElement\":[{\"@type\":\"ListItem\",\"position\":1,\"name\":\"Home\",\"item\":\"https:\/\/www.rebehair.com\/\"},{\"@type\":\"ListItem\",\"position\":2,\"name\":\"Human Lace Wigs\"}]},{\"@type\":\"WebSite\",\"@id\":\"https:\/\/www.rebehair.com\/#website\",\"url\":\"https:\/\/www.rebehair.com\/\",\"name\":\"RebeHair Extension Factory\",\"description\":\"\",\"potentialAction\":[{\"@type\":\"SearchAction\",\"target\":{\"@type\":\"EntryPoint\",\"urlTemplate\":\"https:\/\/www.rebehair.com\/?s={search_term_string}\"},\"query-input\":\"required name=search_term_string\"}],\"inLanguage\":\"fr-FR\"}]}<\/script>\n<!-- \/ Yoast SEO plugin. -->","yoast_head_json":{"title":"Human Lace Wigs - RebeHair Extension Factory","description":"Human Lace Wigs - RebeHair Extension Factory","robots":{"index":"index","follow":"follow","max-snippet":"max-snippet:-1","max-image-preview":"max-image-preview:large","max-video-preview":"max-video-preview:-1"},"canonical":"https:\/\/www.rebehair.com\/fr\/lace-wigs-100-human-hair\/","og_locale":"fr_FR","og_type":"article","og_title":"Human Lace Wigs - RebeHair Extension Factory","og_description":"Human Lace Wigs - RebeHair Extension Factory","og_url":"https:\/\/www.rebehair.com\/fr\/lace-wigs-100-human-hair\/","og_site_name":"RebeHair Extension Factory","article_modified_time":"2023-09-21T09:51:12+00:00","twitter_card":"summary_large_image","twitter_misc":{"Dur\u00e9e de lecture estim\u00e9e":"4 minutes"},"schema":{"@context":"https:\/\/schema.org","@graph":[{"@type":"WebPage","@id":"https:\/\/www.rebehair.com\/lace-wigs-100-human-hair\/","url":"https:\/\/www.rebehair.com\/lace-wigs-100-human-hair\/","name":"Human Lace Wigs - RebeHair Extension Factory","isPartOf":{"@id":"https:\/\/www.rebehair.com\/#website"},"datePublished":"2023-09-21T09:48:45+00:00","dateModified":"2023-09-21T09:51:12+00:00","description":"Human Lace Wigs - RebeHair Extension Factory","breadcrumb":{"@id":"https:\/\/www.rebehair.com\/lace-wigs-100-human-hair\/#breadcrumb"},"inLanguage":"fr-FR","potentialAction":[{"@type":"ReadAction","target":["https:\/\/www.rebehair.com\/lace-wigs-100-human-hair\/"]}]},{"@type":"BreadcrumbList","@id":"https:\/\/www.rebehair.com\/lace-wigs-100-human-hair\/#breadcrumb","itemListElement":[{"@type":"ListItem","position":1,"name":"Home","item":"https:\/\/www.rebehair.com\/"},{"@type":"ListItem","position":2,"name":"Human Lace Wigs"}]},{"@type":"WebSite","@id":"https:\/\/www.rebehair.com\/#website","url":"https:\/\/www.rebehair.com\/","name":"RebeHair Extension Factory","description":"","potentialAction":[{"@type":"SearchAction","target":{"@type":"EntryPoint","urlTemplate":"https:\/\/www.rebehair.com\/?s={search_term_string}"},"query-input":"required name=search_term_string"}],"inLanguage":"fr-FR"}]}},"_links":{"self":[{"href":"https:\/\/www.rebehair.com\/fr\/wp-json\/wp\/v2\/pages\/14400"}],"collection":[{"href":"https:\/\/www.rebehair.com\/fr\/wp-json\/wp\/v2\/pages"}],"about":[{"href":"https:\/\/www.rebehair.com\/fr\/wp-json\/wp\/v2\/types\/page"}],"author":[{"embeddable":true,"href":"https:\/\/www.rebehair.com\/fr\/wp-json\/wp\/v2\/users\/1"}],"replies":[{"embeddable":true,"href":"https:\/\/www.rebehair.com\/fr\/wp-json\/wp\/v2\/comments?post=14400"}],"version-history":[{"count":9,"href":"https:\/\/www.rebehair.com\/fr\/wp-json\/wp\/v2\/pages\/14400\/revisions"}],"predecessor-version":[{"id":14501,"href":"https:\/\/www.rebehair.com\/fr\/wp-json\/wp\/v2\/pages\/14400\/revisions\/14501"}],"wp:attachment":[{"href":"https:\/\/www.rebehair.com\/fr\/wp-json\/wp\/v2\/media?parent=14400"}],"curies":[{"name":"wp","href":"https:\/\/api.w.org\/{rel}","templated":true}]}}