
{"id":11579,"date":"2018-07-23T15:18:24","date_gmt":"2018-07-23T07:18:24","guid":{"rendered":"http:\/\/rebehair.com\/?page_id=11579"},"modified":"2018-08-09T10:41:41","modified_gmt":"2018-08-09T02:41:41","slug":"wholesale-hair-vendor","status":"publish","type":"page","link":"https:\/\/www.rebehair.com\/fr\/wholesale-hair-vendor\/","title":{"rendered":"Vendeur de cheveux en gros"},"content":{"rendered":"<p class=\"lead\" style=\"text-align: center;\">Vendeur de cheveux en gros<\/p>\n<h2>Vous recherchez un vendeur de cheveux en gros ?<\/h2>\n<p>Situ\u00e9e \u00e0 JuanCheng, Shandong, en Chine, notre usine poss\u00e8de tous les bons attributs\u00a0: nous achetons les cheveux de la meilleure qualit\u00e9 sur le march\u00e9, nous mettons peu de processus sur les cheveux, la plupart de nos travailleurs sont issus des communaut\u00e9s locales, tous les travailleurs ont une bonne exp\u00e9rience en mati\u00e8re de cheveux. processus.<\/p>\n<p>Le commerce des cheveux est toujours en vogue en ce moment, mais il n&#039;est pas facile de trouver un vendeur de cheveux en gros fiable, surtout \u00e0 l&#039;\u00e9tranger.<\/p>\n<p>Notre usine fonctionne depuis plus de 10 ans et notre \u00e9quipe commerciale a \u00e9galement beaucoup appris au cours de ces ann\u00e9es. Avec tant d&#039;ann\u00e9es d&#039;exp\u00e9rience, je pense que notre \u00e9quipe pourrait vous offrir la meilleure sauvegarde pour votre entreprise de coiffure.<\/p>\n<div class=\"su-list\" style=\"margin-left:0px\">\n<ul>\n<li><i class=\"sui sui-star\" style=\"color:#00bf08\"><\/i> Passer une commande d&#039;\u00e9chantillon Aucune quantit\u00e9 minimale requise.<\/li>\n<li><i class=\"sui sui-star\" style=\"color:#00bf08\"><\/i> Nous envoyons des \u00e9chantillons de cheveux gratuits (licence commerciale requise)<\/li>\n<li><i class=\"sui sui-star\" style=\"color:#00bf08\"><\/i> Nous concevons un logo et un emballage GRATUITS.<\/li>\n<li><i class=\"sui sui-star\" style=\"color:#00bf08\"><\/i> Si vous venez des \u00c9tats-Unis, du Royaume-Uni, nous pourrions vous rencontrer et vous montrer nos \u00e9chantillons de cheveux.<\/li>\n<\/ul>\n<\/div>\n\t<section class=\"section dark has-parallax\" id=\"section_1308164760\">\n\t\t<div class=\"bg section-bg fill bg-fill\" data-parallax-container=\".section\" data-parallax-background data-parallax=\"-4\">\n\n\t\t\t\n\t\t\t<div class=\"section-bg-overlay absolute fill\"><\/div>\n\t\t\t\n\t<div class=\"is-border\"\n\t\tstyle=\"border-color:rgb(235, 235, 235);border-width:1px 0px 0px 0px;\">\n\t<\/div>\n\n\t\t<\/div><!-- .section-bg -->\n\n\t\t<div class=\"section-content relative\">\n\t\t\t\n<div class=\"row row-large align-middle align-center\"  id=\"row-1032333113\">\n<div class=\"col medium-6 small-12 large-6\"  ><div class=\"col-inner text-center dark\"  >\n<p>&nbsp;<\/p>\n<h2>O\u00f9 obtenons-nous les cheveux ?<\/h2>\n<p>JuanCheng poss\u00e8de le plus ancien march\u00e9 de commerce de cheveux en Chine, des milliers de personnes vont partout pour acheter les cheveux et les vendre sur le march\u00e9. JuanCheng a plus de 50 ans d&#039;histoire dans le commerce des cheveux.<\/p>\n<\/div><\/div>\n<div class=\"col medium-6 small-12 large-6\"  data-animate=\"flipInY\"><div class=\"col-inner text-left box-shadow-2 box-shadow-5-hover\" style=\"background-color:rgb(255, 255, 255);padding:15px 15px 15px 15px;\" >\n<div class=\"video video-fit mb\" style=\"padding-top:56.25%;\"><p><iframe loading=\"lazy\" title=\"March\u00e9 du commerce des cheveux \u00e0 JuanCheng, Chine\" width=\"1020\" height=\"574\" src=\"https:\/\/www.youtube.com\/embed\/qvkJYKDTwMs?feature=oembed\" frameborder=\"0\" allow=\"accelerometer; autoplay; clipboard-write; encrypted-media; gyroscope; picture-in-picture; web-share\" allowfullscreen><\/iframe><\/p>\n<\/div>\n<\/div><\/div>\n\n<style scope=\"scope\">\n\n<\/style>\n<\/div>\n\t\t<\/div><!-- .section-content -->\n\n\t\t\n<style scope=\"scope\">\n\n#section_1308164760 {\n  padding-top: 59px;\n  padding-bottom: 59px;\n  min-height: 300px;\n  background-color: rgba(108, 80, 39, 0.78);\n}\n#section_1308164760 .section-bg-overlay {\n  background-color: rgba(0, 0, 0, 0.64);\n}\n#section_1308164760 .section-bg.bg-loaded {\n  background-image: url(https:\/\/www.rebehair.com\/wp-content\/uploads\/2018\/07\/la-fi-natural-hair-industry-20170809.jpg);\n}\n<\/style>\n\t<\/section>\n\t\n\t<section class=\"section\" id=\"section_142756685\">\n\t\t<div class=\"bg section-bg fill bg-fill  bg-loaded\" >\n\n\t\t\t\n\t\t\t\n\t\t\t\n\n\t\t<\/div><!-- .section-bg -->\n\n\t\t<div class=\"section-content relative\">\n\t\t\t\n<h1 class=\"font-size--up-7 margin-bottom--up-3 line-height--none text-center\">Entrez dans notre usine<\/h1>\n\t\t<\/div><!-- .section-content -->\n\n\t\t\n<style scope=\"scope\">\n\n#section_142756685 {\n  padding-top: 30px;\n  padding-bottom: 30px;\n}\n<\/style>\n\t<\/section>\n\t\n<div class=\"row\"  id=\"row-770905161\">\n<div class=\"col medium-6 small-12 large-6\"  ><div class=\"col-inner\"  >\n\t<div class=\"img has-hover x md-x lg-x y md-y lg-y\" id=\"image_1421052287\">\n\t\t\t\t\t\t\t\t<div class=\"img-inner dark\" >\n\t\t\t<img width=\"600\" height=\"399\" src=\"https:\/\/www.rebehair.com\/wp-content\/uploads\/2018\/07\/IMG_0713_\u526f\u672c.jpg\" class=\"attachment-large size-large\" alt=\"\" decoding=\"async\" loading=\"lazy\" srcset=\"https:\/\/www.rebehair.com\/wp-content\/uploads\/2018\/07\/IMG_0713_\u526f\u672c.jpg 600w, https:\/\/www.rebehair.com\/wp-content\/uploads\/2018\/07\/IMG_0713_\u526f\u672c-125x83.jpg 125w, https:\/\/www.rebehair.com\/wp-content\/uploads\/2018\/07\/IMG_0713_\u526f\u672c-75x50.jpg 75w\" sizes=\"(max-width: 600px) 100vw, 600px\" \/>\t\t\t\t\t\t\n\t\t\t\t\t<\/div>\n\t\t\t\t\t\t\t\t\n<style scope=\"scope\">\n\n#image_1421052287 {\n  width: 100%;\n}\n<\/style>\n\t<\/div>\n\t\n<\/div><\/div>\n<div class=\"col medium-6 small-12 large-6\"  ><div class=\"col-inner\"  >\n\t<div class=\"img has-hover x md-x lg-x y md-y lg-y\" id=\"image_1409364398\">\n\t\t\t\t\t\t\t\t<div class=\"img-inner dark\" >\n\t\t\t<img width=\"600\" height=\"400\" src=\"https:\/\/www.rebehair.com\/wp-content\/uploads\/2018\/07\/tape_in_factory.jpg\" class=\"attachment-large size-large\" alt=\"\" decoding=\"async\" loading=\"lazy\" srcset=\"https:\/\/www.rebehair.com\/wp-content\/uploads\/2018\/07\/tape_in_factory.jpg 600w, https:\/\/www.rebehair.com\/wp-content\/uploads\/2018\/07\/tape_in_factory-125x83.jpg 125w, https:\/\/www.rebehair.com\/wp-content\/uploads\/2018\/07\/tape_in_factory-75x50.jpg 75w\" sizes=\"(max-width: 600px) 100vw, 600px\" \/>\t\t\t\t\t\t\n\t\t\t\t\t<\/div>\n\t\t\t\t\t\t\t\t\n<style scope=\"scope\">\n\n#image_1409364398 {\n  width: 100%;\n}\n<\/style>\n\t<\/div>\n\t\n<\/div><\/div>\n<\/div>\n\t<section class=\"section\" id=\"section_663494578\">\n\t\t<div class=\"bg section-bg fill bg-fill  bg-loaded\" >\n\n\t\t\t\n\t\t\t\n\t\t\t\n\n\t\t<\/div><!-- .section-bg -->\n\n\t\t<div class=\"section-content relative\">\n\t\t\t\n<div class=\"row\"  id=\"row-1473588613\">\n<div class=\"col small-12 large-12\"  ><div class=\"col-inner\"  >\n<h2 style=\"text-align: center;\">Notre produit<\/h2>\n<p><img decoding=\"async\" loading=\"lazy\" class=\"aligncenter wp-image-11593 size-full\" src=\"http:\/\/rebehair.com\/wp-content\/uploads\/2018\/07\/remy1-2.png\" alt=\"Remy Hair\" width=\"255\" height=\"255\" srcset=\"https:\/\/www.rebehair.com\/wp-content\/uploads\/2018\/07\/remy1-2.png 255w, https:\/\/www.rebehair.com\/wp-content\/uploads\/2018\/07\/remy1-2-125x125.png 125w, https:\/\/www.rebehair.com\/wp-content\/uploads\/2018\/07\/remy1-2-75x75.png 75w, https:\/\/www.rebehair.com\/wp-content\/uploads\/2018\/07\/remy1-2-100x100.png 100w\" sizes=\"(max-width: 255px) 100vw, 255px\" \/><\/p>\n<p>Notre responsable des achats n&#039;ach\u00e8te que les cheveux de la meilleure qualit\u00e9 sur le march\u00e9 capillaire, nous avons \u00e9galement de nombreux partenaires fiables qui nous fournissent des cheveux de qualit\u00e9. \u00c0 l&#039;heure actuelle, nous utilisons uniquement les cheveux REMY pour fabriquer des produits capillaires, les cheveux Remy sont plus durables, le prix est abordable, bien meilleur. qualit\u00e9 que les cheveux non remy. Les cuticules des cheveux sont pr\u00e9serv\u00e9es dans la m\u00eame direction, ce qui peut emp\u00eacher les cheveux de s&#039;emm\u00ealer et prolonger la dur\u00e9e de vie des cheveux.<\/p>\n<\/div><\/div>\n<\/div>\n<div class=\"row\"  id=\"row-245573628\">\n<div class=\"col medium-6 small-12 large-6\"  ><div class=\"col-inner\"  >\n<h1 style=\"text-align: center;\">Notre prix<\/h1>\n<p>Parmi tant de vendeurs de cheveux en gros, notre prix n&#039;est pas le moins cher, certaines usines de produits capillaires peuvent offrir un prix tr\u00e8s bon march\u00e9, mais vous savez que vous en avez pour votre argent, nous mettons toujours la qualit\u00e9 des cheveux au premier rang de notre entreprise. Nous n&#039;obtiendrons jamais de client en baissant la qualit\u00e9 des cheveux ainsi que le prix.<\/p>\n<p>Nous pensons que vous seul gardez la qualit\u00e9 de vos extensions de cheveux au plus haut niveau, vous garderez votre entreprise longtemps.<\/p>\n<\/div><\/div>\n<div class=\"col medium-6 small-12 large-6\"  ><div class=\"col-inner\"  >\n<h2 class=\"font-size--up-7 margin-bottom--up-2 line-height--none\" style=\"text-align: center;\">Notre emballage<\/h2>\n<p>Nous pouvons offrir un service de conception de logo gratuit et cr\u00e9er des emballages personnalis\u00e9s pour votre marque. Vous pouvez obtenir les emballages les plus bas du march\u00e9 car nous en fabriquons beaucoup avec notre usine d&#039;emballage partenaire.<\/p>\n<p>Nous sommes le premier vendeur de cheveux en gros \u00e0 pouvoir fournir un service de conception gratuit \ud83d\ude42 N&#039;h\u00e9sitez pas \u00e0 nous contacter si vous souhaitez d\u00e9marrer votre entreprise de coiffure.<\/p>\n<\/div><\/div>\n<\/div>\n\t\t<\/div><!-- .section-content -->\n\n\t\t\n<style scope=\"scope\">\n\n#section_663494578 {\n  padding-top: 30px;\n  padding-bottom: 30px;\n}\n<\/style>\n\t<\/section>\n\t\n<div class=\"row\"  id=\"row-122186000\">\n<div class=\"col small-12 large-12\"  ><div class=\"col-inner\"  >\n\n  <div class=\"banner has-hover\" id=\"banner-1733436360\">\n          <div class=\"banner-inner fill\">\n        <div class=\"banner-bg fill\" >\n            <div class=\"bg fill bg-fill\"><\/div>\n                        <div class=\"overlay\"><\/div>            \n                    <\/div><!-- bg-layers -->\n        <div class=\"banner-layers container\">\n            <div class=\"fill banner-link\"><\/div>            \n   <div id=\"text-box-960091737\" class=\"text-box banner-layer x50 md-x50 lg-x50 y50 md-y50 lg-y50 res-text\">\n                                <div class=\"text dark\">\n              \n              <div class=\"text-inner text-center\">\n                  \n<h4 class=\"uppercase\">Garantissant la qualit\u00e9 des cheveux, les clients resteront.<\/h4>\n              <\/div>\n           <\/div><!-- text-box-inner -->\n                            \n<style scope=\"scope\">\n\n#text-box-960091737 {\n  width: 60%;\n}\n#text-box-960091737 .text {\n  font-size: 100%;\n}\n<\/style>\n    <\/div><!-- text-box -->\n \n        <\/div><!-- .banner-layers -->\n      <\/div><!-- .banner-inner -->\n\n            \n<style scope=\"scope\">\n\n#banner-1733436360 {\n  padding-top: 500px;\n}\n#banner-1733436360 .bg.bg-loaded {\n  background-image: url(https:\/\/www.rebehair.com\/wp-content\/uploads\/2018\/07\/wholeasle_hair_vendor-1200x800.jpg);\n}\n#banner-1733436360 .overlay {\n  background-color: rgba(0, 0, 0, 0.17);\n}\n<\/style>\n  <\/div><!-- .banner -->\n\n\n<\/div><\/div>\n<\/div>\n<h2 style=\"text-align: center;\">Utilisez notre stock pour \u00e9conomiser votre argent<\/h2>\n<p style=\"text-align: left;\">Peu importe que vous souhaitiez d\u00e9marrer un <a href=\"https:\/\/www.rebehair.com\/fr\/how-to-sell-57895-hair-extensions-online-in-1-month\/\">boutique en ligne d&#039;extensions de cheveux<\/a>, ou vous souhaitez ouvrir un salon de coiffure local, vous n&#039;avez pas besoin de stocker beaucoup de cheveux, car nous avons tout ce dont vous avez besoin en stock en ce moment.<\/p>\n<p style=\"text-align: left;\">Il faut beaucoup d&#039;argent pour d\u00e9marrer une entreprise de coiffure, vous devez cr\u00e9er un site Web, faire de la publicit\u00e9, acheter des \u00e9chantillons, etc. Pour aider nos clients \u00e0 d\u00e9velopper leur entreprise plus rapidement, nous r\u00e9alisons beaucoup de stock pour vous, notamment\u00a0:<\/p>\n<div class=\"su-list\" style=\"margin-left:0px\">\n<ul>\n<li><i class=\"sui sui-star\" style=\"color:#00bf08\"><\/i> Faisceaux de cheveux<\/li>\n<li><i class=\"sui sui-star\" style=\"color:#00bf08\"><\/i> Fermetures et frontaux<\/li>\n<li><i class=\"sui sui-star\" style=\"color:#00bf08\"><\/i> Extensions de cheveux \u00e0 clipser<\/li>\n<li><i class=\"sui sui-star\" style=\"color:#00bf08\"><\/i> Extensions de cheveux \u00e0 bande adh\u00e9sive<\/li>\n<\/ul>\n<\/div>\n<p style=\"text-align: left;\">Si notre stock ne peut pas r\u00e9pondre \u00e0 vos besoins, nous pouvons \u00e9galement cr\u00e9er un stock personnalis\u00e9 pour vous. Par exemple, si vous avez votre propre nuancier, nous pouvons faire du stock en fonction de votre nuancier.<br \/>\nNous sommes heureux d\u2019aider nos clients \u00e0 se d\u00e9velopper.<\/p>\n<div class=\"video video-fit mb\" style=\"padding-top:56.25%;\"><p>https:\/\/www.youtube.com\/watch?v=X3n_9jeZtaM<\/p>\n<\/div>\n<h3 style=\"text-align: center;\">Commencez votre parcours de dropshipping<\/h3>\n<p>Nous faisons du dropshipping avec beaucoup de nos clients depuis des ann\u00e9es. Lorsqu&#039;ils re\u00e7oivent des commandes de leur boutique en ligne, de leurs amis, de leurs camarades de classe, ils nous donnent les informations de commande et envoient le paiement, nous exp\u00e9dierons la commande directement \u00e0 leurs clients.<\/p>\n<p>Vous pouvez lancer un <a href=\"https:\/\/www.amazingbeautyhair.com\/\">boutique en ligne d&#039;extensions de cheveux<\/a>.Lorsque quelqu&#039;un passe une commande, vous nous donnez les informations de commande, nous exp\u00e9dierons la commande.<\/p>\n\t<div class=\"img has-hover x md-x lg-x y md-y lg-y\" id=\"image_1379979840\">\n\t\t\t\t\t\t\t\t<div class=\"img-inner dark\" >\n\t\t\t<img width=\"800\" height=\"649\" src=\"https:\/\/www.rebehair.com\/wp-content\/uploads\/2018\/07\/dropshipping-hair.png\" class=\"attachment-large size-large\" alt=\"\" decoding=\"async\" loading=\"lazy\" srcset=\"https:\/\/www.rebehair.com\/wp-content\/uploads\/2018\/07\/dropshipping-hair.png 800w, https:\/\/www.rebehair.com\/wp-content\/uploads\/2018\/07\/dropshipping-hair-493x400.png 493w, https:\/\/www.rebehair.com\/wp-content\/uploads\/2018\/07\/dropshipping-hair-768x623.png 768w, https:\/\/www.rebehair.com\/wp-content\/uploads\/2018\/07\/dropshipping-hair-125x101.png 125w, https:\/\/www.rebehair.com\/wp-content\/uploads\/2018\/07\/dropshipping-hair-75x61.png 75w, https:\/\/www.rebehair.com\/wp-content\/uploads\/2018\/07\/dropshipping-hair-600x487.png 600w\" sizes=\"(max-width: 800px) 100vw, 800px\" \/>\t\t\t\t\t\t\n\t\t\t\t\t<\/div>\n\t\t\t\t\t\t\t\t\n<style scope=\"scope\">\n\n#image_1379979840 {\n  width: 100%;\n}\n<\/style>\n\t<\/div>\n\t\n<h2 style=\"text-align: center;\">Image de marque des extensions de cheveux<\/h2>\n<p>Il n&#039;est jamais facile de cr\u00e9er votre propre marque d&#039;extensions de cheveux. Cela demande aussi de l&#039;argent. Mais apr\u00e8s avoir aid\u00e9 beaucoup de nos clients \u00e0 cr\u00e9er leur marque, nous savons maintenant comment cela fonctionne.<\/p>\n<ul>\n<li>Vous voudrez seulement obtenir des extensions de cheveux de la meilleure qualit\u00e9 aupr\u00e8s d&#039;un <a href=\"https:\/\/www.rebehair.com\/fr\/\">vendeur de cheveux en gros fiable<\/a>Parce que seulement avec des produits de bonne qualit\u00e9, les clients ach\u00e8teront encore et encore et parleront de vos cheveux \u00e0 leurs amis.<\/li>\n<li>Coop\u00e9rez avec des influenceurs YouTube, il y a tellement d&#039;influenceurs sur YouTube qui font d\u00e9sormais la promotion de diff\u00e9rentes marques d&#039;extensions de cheveux. C&#039;est l&#039;un des moyens les plus rapides de faire conna\u00eetre au monde votre marque de cheveux.<\/li>\n<li>Cr\u00e9ez votre propre boutique en ligne d&#039;extensions de cheveux et faites de la publicit\u00e9. Avec plus de visibilit\u00e9 sur Internet, les clients potentiels conna\u00eetront votre marque et essaieront vos cheveux.<\/li>\n<\/ul>","protected":false},"excerpt":{"rendered":"<p>Wholesale Hair Vendor Looking for a wholesale hair vendor? Located in JuanCheng, Shandong, China, our factory has all the right attributes: We buy the best quality hair on the market,we put little process on the hair,most of our workers are from local communities,all workers have good experience on hair process. Hair business is still hot [&#8230;]","protected":false},"author":1,"featured_media":0,"parent":0,"menu_order":0,"comment_status":"closed","ping_status":"closed","template":"","meta":{"footnotes":""},"yoast_head":"<!-- This site is optimized with the Yoast SEO plugin v20.11 - https:\/\/yoast.com\/wordpress\/plugins\/seo\/ -->\n<title>Wholesale Hair Vendor From China,Wholesale Factory Price<\/title>\n<meta name=\"description\" content=\"Looking for a wholesale hair vendor?We are the 1# China wholesale hair distributor,we sell all kinds of hair bundles,hair extensions,lace wigs.Wholesale\" \/>\n<meta name=\"robots\" content=\"index, follow, max-snippet:-1, max-image-preview:large, max-video-preview:-1\" \/>\n<link rel=\"canonical\" href=\"https:\/\/www.rebehair.com\/fr\/wholesale-hair-vendor\/\" \/>\n<meta property=\"og:locale\" content=\"fr_FR\" \/>\n<meta property=\"og:type\" content=\"article\" \/>\n<meta property=\"og:title\" content=\"Wholesale Hair Vendor From China,Wholesale Factory Price\" \/>\n<meta property=\"og:description\" content=\"Looking for a wholesale hair vendor?We are the 1# China wholesale hair distributor,we sell all kinds of hair bundles,hair extensions,lace wigs.Wholesale\" \/>\n<meta property=\"og:url\" content=\"https:\/\/www.rebehair.com\/fr\/wholesale-hair-vendor\/\" \/>\n<meta property=\"og:site_name\" content=\"RebeHair Extension Factory\" \/>\n<meta property=\"article:modified_time\" content=\"2018-08-09T02:41:41+00:00\" \/>\n<meta property=\"og:image\" content=\"http:\/\/rebehair.com\/wp-content\/uploads\/2018\/07\/remy1-2.png\" \/>\n<meta name=\"twitter:card\" content=\"summary_large_image\" \/>\n<meta name=\"twitter:label1\" content=\"Dur\u00e9e de lecture estim\u00e9e\" \/>\n\t<meta name=\"twitter:data1\" content=\"5 minutes\" \/>\n<script type=\"application\/ld+json\" class=\"yoast-schema-graph\">{\"@context\":\"https:\/\/schema.org\",\"@graph\":[{\"@type\":\"WebPage\",\"@id\":\"https:\/\/www.rebehair.com\/wholesale-hair-vendor\/\",\"url\":\"https:\/\/www.rebehair.com\/wholesale-hair-vendor\/\",\"name\":\"Wholesale Hair Vendor From China,Wholesale Factory Price\",\"isPartOf\":{\"@id\":\"https:\/\/www.rebehair.com\/#website\"},\"datePublished\":\"2018-07-23T07:18:24+00:00\",\"dateModified\":\"2018-08-09T02:41:41+00:00\",\"description\":\"Looking for a wholesale hair vendor?We are the 1# China wholesale hair distributor,we sell all kinds of hair bundles,hair extensions,lace wigs.Wholesale\",\"breadcrumb\":{\"@id\":\"https:\/\/www.rebehair.com\/wholesale-hair-vendor\/#breadcrumb\"},\"inLanguage\":\"fr-FR\",\"potentialAction\":[{\"@type\":\"ReadAction\",\"target\":[\"https:\/\/www.rebehair.com\/wholesale-hair-vendor\/\"]}]},{\"@type\":\"BreadcrumbList\",\"@id\":\"https:\/\/www.rebehair.com\/wholesale-hair-vendor\/#breadcrumb\",\"itemListElement\":[{\"@type\":\"ListItem\",\"position\":1,\"name\":\"Home\",\"item\":\"https:\/\/www.rebehair.com\/\"},{\"@type\":\"ListItem\",\"position\":2,\"name\":\"Wholesale Hair Vendor\"}]},{\"@type\":\"WebSite\",\"@id\":\"https:\/\/www.rebehair.com\/#website\",\"url\":\"https:\/\/www.rebehair.com\/\",\"name\":\"RebeHair Extension Factory\",\"description\":\"\",\"potentialAction\":[{\"@type\":\"SearchAction\",\"target\":{\"@type\":\"EntryPoint\",\"urlTemplate\":\"https:\/\/www.rebehair.com\/?s={search_term_string}\"},\"query-input\":\"required name=search_term_string\"}],\"inLanguage\":\"fr-FR\"}]}<\/script>\n<!-- \/ Yoast SEO plugin. -->","yoast_head_json":{"title":"Wholesale Hair Vendor From China,Wholesale Factory Price","description":"Looking for a wholesale hair vendor?We are the 1# China wholesale hair distributor,we sell all kinds of hair bundles,hair extensions,lace wigs.Wholesale","robots":{"index":"index","follow":"follow","max-snippet":"max-snippet:-1","max-image-preview":"max-image-preview:large","max-video-preview":"max-video-preview:-1"},"canonical":"https:\/\/www.rebehair.com\/fr\/wholesale-hair-vendor\/","og_locale":"fr_FR","og_type":"article","og_title":"Wholesale Hair Vendor From China,Wholesale Factory Price","og_description":"Looking for a wholesale hair vendor?We are the 1# China wholesale hair distributor,we sell all kinds of hair bundles,hair extensions,lace wigs.Wholesale","og_url":"https:\/\/www.rebehair.com\/fr\/wholesale-hair-vendor\/","og_site_name":"RebeHair Extension Factory","article_modified_time":"2018-08-09T02:41:41+00:00","og_image":[{"url":"http:\/\/rebehair.com\/wp-content\/uploads\/2018\/07\/remy1-2.png"}],"twitter_card":"summary_large_image","twitter_misc":{"Dur\u00e9e de lecture estim\u00e9e":"5 minutes"},"schema":{"@context":"https:\/\/schema.org","@graph":[{"@type":"WebPage","@id":"https:\/\/www.rebehair.com\/wholesale-hair-vendor\/","url":"https:\/\/www.rebehair.com\/wholesale-hair-vendor\/","name":"Wholesale Hair Vendor From China,Wholesale Factory Price","isPartOf":{"@id":"https:\/\/www.rebehair.com\/#website"},"datePublished":"2018-07-23T07:18:24+00:00","dateModified":"2018-08-09T02:41:41+00:00","description":"Looking for a wholesale hair vendor?We are the 1# China wholesale hair distributor,we sell all kinds of hair bundles,hair extensions,lace wigs.Wholesale","breadcrumb":{"@id":"https:\/\/www.rebehair.com\/wholesale-hair-vendor\/#breadcrumb"},"inLanguage":"fr-FR","potentialAction":[{"@type":"ReadAction","target":["https:\/\/www.rebehair.com\/wholesale-hair-vendor\/"]}]},{"@type":"BreadcrumbList","@id":"https:\/\/www.rebehair.com\/wholesale-hair-vendor\/#breadcrumb","itemListElement":[{"@type":"ListItem","position":1,"name":"Home","item":"https:\/\/www.rebehair.com\/"},{"@type":"ListItem","position":2,"name":"Wholesale Hair Vendor"}]},{"@type":"WebSite","@id":"https:\/\/www.rebehair.com\/#website","url":"https:\/\/www.rebehair.com\/","name":"RebeHair Extension Factory","description":"","potentialAction":[{"@type":"SearchAction","target":{"@type":"EntryPoint","urlTemplate":"https:\/\/www.rebehair.com\/?s={search_term_string}"},"query-input":"required name=search_term_string"}],"inLanguage":"fr-FR"}]}},"_links":{"self":[{"href":"https:\/\/www.rebehair.com\/fr\/wp-json\/wp\/v2\/pages\/11579"}],"collection":[{"href":"https:\/\/www.rebehair.com\/fr\/wp-json\/wp\/v2\/pages"}],"about":[{"href":"https:\/\/www.rebehair.com\/fr\/wp-json\/wp\/v2\/types\/page"}],"author":[{"embeddable":true,"href":"https:\/\/www.rebehair.com\/fr\/wp-json\/wp\/v2\/users\/1"}],"replies":[{"embeddable":true,"href":"https:\/\/www.rebehair.com\/fr\/wp-json\/wp\/v2\/comments?post=11579"}],"version-history":[{"count":22,"href":"https:\/\/www.rebehair.com\/fr\/wp-json\/wp\/v2\/pages\/11579\/revisions"}],"predecessor-version":[{"id":11605,"href":"https:\/\/www.rebehair.com\/fr\/wp-json\/wp\/v2\/pages\/11579\/revisions\/11605"}],"wp:attachment":[{"href":"https:\/\/www.rebehair.com\/fr\/wp-json\/wp\/v2\/media?parent=11579"}],"curies":[{"name":"wp","href":"https:\/\/api.w.org\/{rel}","templated":true}]}}